{"id":9085,"date":"2020-08-02T12:52:06","date_gmt":"2020-08-02T10:52:06","guid":{"rendered":"https:\/\/acmconcerts.com\/?page_id=9085"},"modified":"2026-02-06T12:33:09","modified_gmt":"2026-02-06T10:33:09","slug":"delyana-lazarova","status":"publish","type":"page","link":"https:\/\/acmconcerts.com\/en\/artists\/conductors\/delyana-lazarova\/","title":{"rendered":"Delyana Lazarova"},"content":{"rendered":"<p>[et_pb_section fb_built=&#8221;1&#8243; fullwidth=&#8221;on&#8221; admin_label=&#8221;Secci\u00f3n&#8221; _builder_version=&#8221;4.16&#8243; global_colors_info=&#8221;{}&#8221;][et_pb_fullwidth_image src=&#8221;https:\/\/acmconcerts.com\/wp-content\/uploads\/2024\/02\/Delyana_Lazarova.jpg&#8221; title_text=&#8221;Delyana_Lazarova&#8221; admin_label=&#8221;Imagen de anchura completa&#8221; _builder_version=&#8221;4.24.1&#8243; animation_style=&#8221;fade&#8221; animation_duration=&#8221;500ms&#8221; animation=&#8221;fade_in&#8221; use_border_color=&#8221;off&#8221; border_color=&#8221;#ffffff&#8221; border_style=&#8221;solid&#8221; global_colors_info=&#8221;{}&#8221;] [\/et_pb_fullwidth_image][\/et_pb_section][et_pb_section fb_built=&#8221;1&#8243; admin_label=&#8221;Secci\u00f3n&#8221; _builder_version=&#8221;4.16&#8243; global_colors_info=&#8221;{}&#8221;][et_pb_row column_structure=&#8221;2_3,1_3&#8243; admin_label=&#8221;Fila&#8221; _builder_version=&#8221;4.16&#8243; background_size=&#8221;initial&#8221; background_position=&#8221;top_left&#8221; background_repeat=&#8221;repeat&#8221; global_colors_info=&#8221;{}&#8221;][et_pb_column type=&#8221;2_3&#8243; _builder_version=&#8221;4.16&#8243; custom_padding=&#8221;|||&#8221; global_colors_info=&#8221;{}&#8221; custom_padding__hover=&#8221;|||&#8221;][et_pb_text admin_label=&#8221;Texto&#8221; _builder_version=&#8221;4.27.5&#8243; background_size=&#8221;initial&#8221; background_position=&#8221;top_left&#8221; background_repeat=&#8221;repeat&#8221; hover_enabled=&#8221;0&#8243; use_border_color=&#8221;off&#8221; border_color=&#8221;#ffffff&#8221; border_style=&#8221;solid&#8221; global_colors_info=&#8221;{}&#8221; sticky_enabled=&#8221;0&#8243;]<\/p>\n<h3>Delyana Lazarova, conductor<\/h3>\n<p><strong><span style=\"color: #000000;\">Principal Guest Conductor of the Utah Symphony Orchestra<\/span><\/strong><br \/><strong><span style=\"color: #000000;\">Principal Guest Conductor of the BBC Scottish Symphony Orchestra<\/span><\/strong><\/p>\n<p class=\"p1\" style=\"text-align: justify;\"><span style=\"color: #000000;\">As a conductor, Delyana Lazarova thinks of herself as a musician among musicians. Collaboration, openness, and sensitivity to the specific sound and character of every orchestra are the foundation of her work; all in service to the music. Orchestras worldwide appreciate her ability to communicate sound and create an environment in which music can simply unfold.<\/span><\/p>\n<p class=\"p1\" style=\"text-align: justify;\"><span style=\"color: #000000;\"><span class=\"s1\">This season, <\/span>Lazarova<span class=\"s1\"> commences her position as Principal Guest Conductor of both Utah Symphony and BBC Scottish Symphony Orchestra, the latter with whom this summer she made her BBC Proms Debut. Further debuts in the 2025\/26 season include with Yomiuri Nippon Symphony Orchestra, Japan Century Symphony Orchestra, Colorado Symphony, Orquesta Sinf\u00f3nica y Coro de RTVE, Hungarian Radio Symphony Orchestra, Orquesta Sinf\u00f3nica de Galicia and Orchestre Symphonique de Quebec. Following their successful first collaborations she will also return to the Minnesota Orchestra, Munich Chamber Orchestra, Orchestre Philharmonique de Strasbourg, Oregon Symphony Orchestra, Sinf\u00f3nica de Tenerife, Sinf\u00f3nica de Navarra and embarks on a European tour with Kammerorchester Basel.<\/span><\/span><\/p>\n<p class=\"p2\" style=\"text-align: justify;\"><span style=\"color: #000000;\">Delyana Lazarova\u2019s wide-ranging repertoire has been influenced by her international musical education. Born in Bulgaria, she has a natural affinity to Eastern European and Russian repertoire (Dvo\u0159\u00e1k, Stravinsky, Tchaikovsky, Bart\u00f3k) but feels equally at home in the Viennese Classical period, influenced by her studies in Switzerland. She is also passionate about music from the 20 th and 21 st centuries leading to, in the 2024\/25 season beginning her role as Artistic Partner of ROCO in Houston, a chamber orchestra specialising in contemporary music. Further complimenting her rapport with contemporary music, Delyana Lazarova\u2019s first CD, recorded with the Hall\u00e9, was released in October 2023 and includes works by Bulgarian composer, Dobrinka Tabakova.<span class=\"s1\"><\/span><\/span><\/p>\n<p class=\"p1\" style=\"text-align: justify;\"><span style=\"color: #000000;\">In recent seasons, Delyana Lazarova has worked with orchestras such as the Philharmonia Orchestra, BBC Symphony Orchestra, BBC Philharmonic and BBC Scottish Symphony Orchestra, City of Birmingham Symphony Orchestra, Royal Philharmonic Orchestra, Deutsches Symphonie-Orchester Berlin, NDR Radiophilharmonie, Netherlands Philharmonic, M\u00fcnchener Kammerorchester, Orchestre National de Bordeaux, Orchestre National de France, G\u00f6teborgs Symfoniker, Orquesta Sinf\u00f3nica de Navarra, Sinfonieorchester Basel , Klangforum Wien, Musikkollegium Winterthur, Estonian Festival Orchestra, Aspen Conducting Academy Orchestra, and many more.<\/span><\/p>\n<p class=\"p1\" style=\"text-align: justify;\"><span style=\"color: #000000;\">After winning the inaugural Siemens Hall\u00e9 International Conductors Competition, Lazarova served as Assistant Conductor to Sir Mark Elder at the Hall\u00e9 Orchestra and Music Director of the Hall\u00e9 Youth Orchestra from 2020-2023. She also assisted Cristian M\u0103celaru at the WDR Sinfonieorchester K\u00f6ln and the Orchestre National de France. In 2020, she won the James Conlon Conductor Prize at the prestigious Aspen Music Festival. Earlier successes include the NRTA Conducting Competition in 2019, and the Bruno Walter Conducting Scholarship at the Cabrillo Festival of Contemporary Music in California in 2017 and 2018.<span class=\"s1\">\u00a0<\/span><\/span><\/p>\n<p class=\"p1\" style=\"text-align: justify;\"><span style=\"color: #000000;\">Lazarova studied conducting at the Z\u00fcrcher Hochschule der K\u00fcnste (ZHdK) with Professor Johannes Schlaefli. She has attended numerous master classes with Bernard Haitink, Paavo J\u00e4rvi, Leonard Slatkin, Mark Stringer, Robert Spano, and Matthias Pintscher among others. In addition to her master&#8217;s degree in conducting, she is an accomplished violinist with a master&#8217;s degree and performance diploma from the Jacobs School of Music in Indiana, where she studied under Mauricio Fuks and received a scholarship for artistic excellence.<\/span><\/p>\n<p>[\/et_pb_text][et_pb_text admin_label=&#8221;Texto&#8221; _builder_version=&#8221;4.16&#8243; background_size=&#8221;initial&#8221; background_position=&#8221;top_left&#8221; background_repeat=&#8221;repeat&#8221; use_border_color=&#8221;off&#8221; border_color=&#8221;#ffffff&#8221; border_style=&#8221;solid&#8221; global_colors_info=&#8221;{}&#8221;]<\/p>\n<a href=\"https:\/\/acmconcerts.com\/en\/?ddownload=9092\" title=\"Descargar BIO en PDF\" rel=\"nofollow\" class=\"ddownload-button button-grey id-9092 ext-pdf\">Descargar BIO en PDF<\/a>\n<p>[\/et_pb_text][et_pb_text admin_label=&#8221;Texto&#8221; _builder_version=&#8221;4.16&#8243; background_size=&#8221;initial&#8221; background_position=&#8221;top_left&#8221; background_repeat=&#8221;repeat&#8221; use_border_color=&#8221;off&#8221; border_color=&#8221;#ffffff&#8221; border_style=&#8221;solid&#8221; global_colors_info=&#8221;{}&#8221;]<\/p>\n<a href=\"https:\/\/acmconcerts.com\/en\/?ddownload=9094\" title=\"Download BIO PDF\" rel=\"nofollow\" class=\"ddownload-button button-grey id-9094 ext-pdf\">Download BIO PDF<\/a>\n<p>[\/et_pb_text][\/et_pb_column][et_pb_column type=&#8221;1_3&#8243; _builder_version=&#8221;4.16&#8243; custom_padding=&#8221;|||&#8221; global_colors_info=&#8221;{}&#8221; custom_padding__hover=&#8221;|||&#8221;][et_pb_social_media_follow admin_label=&#8221;Seguir en medios sociales&#8221; _builder_version=&#8221;4.16&#8243; link_shape=&#8221;rounded_rectangle&#8221; global_colors_info=&#8221;{}&#8221;][et_pb_social_media_follow_network social_network=&#8221;facebook&#8221; url=&#8221;https:\/\/www.facebook.com\/delyana.lazarova&#8221; _builder_version=&#8221;4.16&#8243; background_color=&#8221;#3b5998&#8243; bg_color=&#8221;#3b5998&#8243; global_colors_info=&#8221;{}&#8221; follow_button=&#8221;off&#8221; url_new_window=&#8221;on&#8221;] Facebook [\/et_pb_social_media_follow_network][et_pb_social_media_follow_network social_network=&#8221;twitter&#8221; url=&#8221;https:\/\/twitter.com\/lazarovadelyana?lang=en&#8221; _builder_version=&#8221;4.22.2&#8243; _module_preset=&#8221;default&#8221; background_color=&#8221;#000000&#8243; global_colors_info=&#8221;{}&#8221; follow_button=&#8221;off&#8221; url_new_window=&#8221;on&#8221;]twitter[\/et_pb_social_media_follow_network][et_pb_social_media_follow_network social_network=&#8221;instagram&#8221; url=&#8221;https:\/\/www.instagram.com\/delyana.lazarova\/?hl=en&#8221; _builder_version=&#8221;4.16&#8243; _module_preset=&#8221;default&#8221; background_color=&#8221;#ea2c59&#8243; global_colors_info=&#8221;{}&#8221; follow_button=&#8221;off&#8221; url_new_window=&#8221;on&#8221;]instagram[\/et_pb_social_media_follow_network][\/et_pb_social_media_follow][et_pb_text admin_label=&#8221;Texto&#8221; _builder_version=&#8221;4.16&#8243; background_size=&#8221;initial&#8221; background_position=&#8221;top_left&#8221; background_repeat=&#8221;repeat&#8221; use_border_color=&#8221;off&#8221; border_color=&#8221;#ffffff&#8221; border_style=&#8221;solid&#8221; global_colors_info=&#8221;{}&#8221;]<\/p>\n<p>Website: <a href=\"https:\/\/www.delyanalazarova.com\/\" target=\"_blank\" rel=\"noopener noreferrer\">https:\/\/www.delyanalazarova.com\/<\/a><\/p>\n<p>[\/et_pb_text][et_pb_code admin_label=&#8221;C\u00f3digo&#8221; _builder_version=&#8221;4.16&#8243; global_colors_info=&#8221;{}&#8221;]<pee><iframe src=\"https:\/\/www.youtube-nocookie.com\/embed\/videoseries?list=PL6Y2Eo22D_lXeevQzWqtG21OlaM3XxyYQ\" width=\"650\" height=\"450\" frameborder=\"0\" allowfullscreen=\"allowfullscreen\"><\/iframe><\/pee>[\/et_pb_code][\/et_pb_column][\/et_pb_row][\/et_pb_section]<\/p>\n","protected":false},"excerpt":{"rendered":"<p>Delyana Lazarova, conductor Principal Guest Conductor of the Utah Symphony OrchestraPrincipal Guest Conductor of the BBC Scottish Symphony Orchestra As a conductor, Delyana Lazarova thinks of herself as a musician among musicians. Collaboration, openness, and sensitivity to the specific sound and character of every orchestra are the foundation of her work; all in service to [&hellip;]<\/p>\n","protected":false},"author":2,"featured_media":9063,"parent":746,"menu_order":0,"comment_status":"closed","ping_status":"closed","template":"","meta":{"_et_pb_use_builder":"on","_et_pb_old_content":"","_et_gb_content_width":"","_monsterinsights_skip_tracking":false,"_monsterinsights_sitenote_active":false,"_monsterinsights_sitenote_note":"","_monsterinsights_sitenote_category":0,"_ayudawp_aiss_exclude":false,"footnotes":""},"class_list":["post-9085","page","type-page","status-publish","has-post-thumbnail","hentry"],"yoast_head":"<!-- This site is optimized with the Yoast SEO Premium plugin v27.2 (Yoast SEO v27.2) - https:\/\/yoast.com\/product\/yoast-seo-premium-wordpress\/ -->\n<title>Delyana Lazarova - ACM Concerts<\/title>\n<meta name=\"description\" content=\"Delyana Lazarova is one of the most promising conductors of her generation, praised for her passionate performances and dynamic presence. As ...\" \/>\n<meta name=\"robots\" content=\"index, follow, max-snippet:-1, max-image-preview:large, max-video-preview:-1\" \/>\n<link rel=\"canonical\" href=\"https:\/\/acmconcerts.com\/en\/artists\/conductors\/delyana-lazarova\/\" \/>\n<meta property=\"og:locale\" content=\"en_US\" \/>\n<meta property=\"og:type\" content=\"article\" \/>\n<meta property=\"og:title\" content=\"Delyana Lazarova\" \/>\n<meta property=\"og:url\" content=\"https:\/\/acmconcerts.com\/en\/artists\/conductors\/delyana-lazarova\/\" \/>\n<meta property=\"og:site_name\" content=\"ACM Concerts\" \/>\n<meta property=\"article:publisher\" content=\"https:\/\/www.facebook.com\/ACM-Concerts-819784831388420\/\" \/>\n<meta property=\"article:modified_time\" content=\"2026-02-06T10:33:09+00:00\" \/>\n<meta property=\"og:image\" content=\"https:\/\/acmconcerts.com\/wp-content\/uploads\/2020\/08\/delyana_lazarova_conductor_acm_concerts-e1596304624673.jpg\" \/>\n\t<meta property=\"og:image:width\" content=\"1920\" \/>\n\t<meta property=\"og:image:height\" content=\"1217\" \/>\n\t<meta property=\"og:image:type\" content=\"image\/jpeg\" \/>\n<meta name=\"twitter:card\" content=\"summary_large_image\" \/>\n<meta name=\"twitter:site\" content=\"@acmconcerts\" \/>\n<script type=\"application\/ld+json\" class=\"yoast-schema-graph\">{\"@context\":\"https:\/\/schema.org\",\"@graph\":[{\"@type\":\"WebPage\",\"@id\":\"https:\/\/acmconcerts.com\/en\/artists\/conductors\/delyana-lazarova\/\",\"url\":\"https:\/\/acmconcerts.com\/en\/artists\/conductors\/delyana-lazarova\/\",\"name\":\"Delyana Lazarova - ACM Concerts\",\"isPartOf\":{\"@id\":\"https:\/\/acmconcerts.com\/#website\"},\"primaryImageOfPage\":{\"@id\":\"https:\/\/acmconcerts.com\/en\/artists\/conductors\/delyana-lazarova\/#primaryimage\"},\"image\":{\"@id\":\"https:\/\/acmconcerts.com\/en\/artists\/conductors\/delyana-lazarova\/#primaryimage\"},\"thumbnailUrl\":\"https:\/\/acmconcerts.com\/wp-content\/uploads\/2020\/08\/delyana_lazarova_conductor_acm_concerts-e1596304624673.jpg\",\"datePublished\":\"2020-08-02T10:52:06+00:00\",\"dateModified\":\"2026-02-06T10:33:09+00:00\",\"description\":\"Delyana Lazarova is one of the most promising conductors of her generation, praised for her passionate performances and dynamic presence. As ...\",\"breadcrumb\":{\"@id\":\"https:\/\/acmconcerts.com\/en\/artists\/conductors\/delyana-lazarova\/#breadcrumb\"},\"inLanguage\":\"en-US\",\"potentialAction\":[{\"@type\":\"ReadAction\",\"target\":[\"https:\/\/acmconcerts.com\/en\/artists\/conductors\/delyana-lazarova\/\"]}]},{\"@type\":\"ImageObject\",\"inLanguage\":\"en-US\",\"@id\":\"https:\/\/acmconcerts.com\/en\/artists\/conductors\/delyana-lazarova\/#primaryimage\",\"url\":\"https:\/\/acmconcerts.com\/wp-content\/uploads\/2020\/08\/delyana_lazarova_conductor_acm_concerts-e1596304624673.jpg\",\"contentUrl\":\"https:\/\/acmconcerts.com\/wp-content\/uploads\/2020\/08\/delyana_lazarova_conductor_acm_concerts-e1596304624673.jpg\",\"width\":1920,\"height\":1217,\"caption\":\"Delyana Lazarova, Conductor, Acm Concerts, Hall\u00e9 Orchestra, Siemens-Hall\u00e9 Conducting Competition\"},{\"@type\":\"BreadcrumbList\",\"@id\":\"https:\/\/acmconcerts.com\/en\/artists\/conductors\/delyana-lazarova\/#breadcrumb\",\"itemListElement\":[{\"@type\":\"ListItem\",\"position\":1,\"name\":\"Portada\",\"item\":\"https:\/\/acmconcerts.com\/en\/\"},{\"@type\":\"ListItem\",\"position\":2,\"name\":\"Artists\",\"item\":\"https:\/\/acmconcerts.com\/en\/artists\/\"},{\"@type\":\"ListItem\",\"position\":3,\"name\":\"Conductors\",\"item\":\"https:\/\/acmconcerts.com\/en\/artists\/conductors\/\"},{\"@type\":\"ListItem\",\"position\":4,\"name\":\"Delyana Lazarova\"}]},{\"@type\":\"WebSite\",\"@id\":\"https:\/\/acmconcerts.com\/#website\",\"url\":\"https:\/\/acmconcerts.com\/\",\"name\":\"ACM Concerts\",\"description\":\"Agencia art\u00edstica\",\"publisher\":{\"@id\":\"https:\/\/acmconcerts.com\/#organization\"},\"potentialAction\":[{\"@type\":\"SearchAction\",\"target\":{\"@type\":\"EntryPoint\",\"urlTemplate\":\"https:\/\/acmconcerts.com\/?s={search_term_string}\"},\"query-input\":{\"@type\":\"PropertyValueSpecification\",\"valueRequired\":true,\"valueName\":\"search_term_string\"}}],\"inLanguage\":\"en-US\"},{\"@type\":\"Organization\",\"@id\":\"https:\/\/acmconcerts.com\/#organization\",\"name\":\"ACM Concerts\",\"url\":\"https:\/\/acmconcerts.com\/\",\"logo\":{\"@type\":\"ImageObject\",\"inLanguage\":\"en-US\",\"@id\":\"https:\/\/acmconcerts.com\/#\/schema\/logo\/image\/\",\"url\":\"https:\/\/acmconcerts.com\/wp-content\/uploads\/2015\/11\/logo-ACM-grande-e1447756158188.jpg\",\"contentUrl\":\"https:\/\/acmconcerts.com\/wp-content\/uploads\/2015\/11\/logo-ACM-grande-e1447756158188.jpg\",\"width\":600,\"height\":146,\"caption\":\"ACM Concerts\"},\"image\":{\"@id\":\"https:\/\/acmconcerts.com\/#\/schema\/logo\/image\/\"},\"sameAs\":[\"https:\/\/www.facebook.com\/ACM-Concerts-819784831388420\/\",\"https:\/\/x.com\/acmconcerts\",\"https:\/\/www.youtube.com\/user\/acmconcerts\"]}]}<\/script>\n<!-- \/ Yoast SEO Premium plugin. -->","yoast_head_json":{"title":"Delyana Lazarova - ACM Concerts","description":"Delyana Lazarova is one of the most promising conductors of her generation, praised for her passionate performances and dynamic presence. As ...","robots":{"index":"index","follow":"follow","max-snippet":"max-snippet:-1","max-image-preview":"max-image-preview:large","max-video-preview":"max-video-preview:-1"},"canonical":"https:\/\/acmconcerts.com\/en\/artists\/conductors\/delyana-lazarova\/","og_locale":"en_US","og_type":"article","og_title":"Delyana Lazarova","og_url":"https:\/\/acmconcerts.com\/en\/artists\/conductors\/delyana-lazarova\/","og_site_name":"ACM Concerts","article_publisher":"https:\/\/www.facebook.com\/ACM-Concerts-819784831388420\/","article_modified_time":"2026-02-06T10:33:09+00:00","og_image":[{"width":1920,"height":1217,"url":"https:\/\/acmconcerts.com\/wp-content\/uploads\/2020\/08\/delyana_lazarova_conductor_acm_concerts-e1596304624673.jpg","type":"image\/jpeg"}],"twitter_card":"summary_large_image","twitter_site":"@acmconcerts","schema":{"@context":"https:\/\/schema.org","@graph":[{"@type":"WebPage","@id":"https:\/\/acmconcerts.com\/en\/artists\/conductors\/delyana-lazarova\/","url":"https:\/\/acmconcerts.com\/en\/artists\/conductors\/delyana-lazarova\/","name":"Delyana Lazarova - ACM Concerts","isPartOf":{"@id":"https:\/\/acmconcerts.com\/#website"},"primaryImageOfPage":{"@id":"https:\/\/acmconcerts.com\/en\/artists\/conductors\/delyana-lazarova\/#primaryimage"},"image":{"@id":"https:\/\/acmconcerts.com\/en\/artists\/conductors\/delyana-lazarova\/#primaryimage"},"thumbnailUrl":"https:\/\/acmconcerts.com\/wp-content\/uploads\/2020\/08\/delyana_lazarova_conductor_acm_concerts-e1596304624673.jpg","datePublished":"2020-08-02T10:52:06+00:00","dateModified":"2026-02-06T10:33:09+00:00","description":"Delyana Lazarova is one of the most promising conductors of her generation, praised for her passionate performances and dynamic presence. As ...","breadcrumb":{"@id":"https:\/\/acmconcerts.com\/en\/artists\/conductors\/delyana-lazarova\/#breadcrumb"},"inLanguage":"en-US","potentialAction":[{"@type":"ReadAction","target":["https:\/\/acmconcerts.com\/en\/artists\/conductors\/delyana-lazarova\/"]}]},{"@type":"ImageObject","inLanguage":"en-US","@id":"https:\/\/acmconcerts.com\/en\/artists\/conductors\/delyana-lazarova\/#primaryimage","url":"https:\/\/acmconcerts.com\/wp-content\/uploads\/2020\/08\/delyana_lazarova_conductor_acm_concerts-e1596304624673.jpg","contentUrl":"https:\/\/acmconcerts.com\/wp-content\/uploads\/2020\/08\/delyana_lazarova_conductor_acm_concerts-e1596304624673.jpg","width":1920,"height":1217,"caption":"Delyana Lazarova, Conductor, Acm Concerts, Hall\u00e9 Orchestra, Siemens-Hall\u00e9 Conducting Competition"},{"@type":"BreadcrumbList","@id":"https:\/\/acmconcerts.com\/en\/artists\/conductors\/delyana-lazarova\/#breadcrumb","itemListElement":[{"@type":"ListItem","position":1,"name":"Portada","item":"https:\/\/acmconcerts.com\/en\/"},{"@type":"ListItem","position":2,"name":"Artists","item":"https:\/\/acmconcerts.com\/en\/artists\/"},{"@type":"ListItem","position":3,"name":"Conductors","item":"https:\/\/acmconcerts.com\/en\/artists\/conductors\/"},{"@type":"ListItem","position":4,"name":"Delyana Lazarova"}]},{"@type":"WebSite","@id":"https:\/\/acmconcerts.com\/#website","url":"https:\/\/acmconcerts.com\/","name":"ACM Concerts","description":"Agencia art\u00edstica","publisher":{"@id":"https:\/\/acmconcerts.com\/#organization"},"potentialAction":[{"@type":"SearchAction","target":{"@type":"EntryPoint","urlTemplate":"https:\/\/acmconcerts.com\/?s={search_term_string}"},"query-input":{"@type":"PropertyValueSpecification","valueRequired":true,"valueName":"search_term_string"}}],"inLanguage":"en-US"},{"@type":"Organization","@id":"https:\/\/acmconcerts.com\/#organization","name":"ACM Concerts","url":"https:\/\/acmconcerts.com\/","logo":{"@type":"ImageObject","inLanguage":"en-US","@id":"https:\/\/acmconcerts.com\/#\/schema\/logo\/image\/","url":"https:\/\/acmconcerts.com\/wp-content\/uploads\/2015\/11\/logo-ACM-grande-e1447756158188.jpg","contentUrl":"https:\/\/acmconcerts.com\/wp-content\/uploads\/2015\/11\/logo-ACM-grande-e1447756158188.jpg","width":600,"height":146,"caption":"ACM Concerts"},"image":{"@id":"https:\/\/acmconcerts.com\/#\/schema\/logo\/image\/"},"sameAs":["https:\/\/www.facebook.com\/ACM-Concerts-819784831388420\/","https:\/\/x.com\/acmconcerts","https:\/\/www.youtube.com\/user\/acmconcerts"]}]}},"_links":{"self":[{"href":"https:\/\/acmconcerts.com\/en\/wp-json\/wp\/v2\/pages\/9085","targetHints":{"allow":["GET"]}}],"collection":[{"href":"https:\/\/acmconcerts.com\/en\/wp-json\/wp\/v2\/pages"}],"about":[{"href":"https:\/\/acmconcerts.com\/en\/wp-json\/wp\/v2\/types\/page"}],"author":[{"embeddable":true,"href":"https:\/\/acmconcerts.com\/en\/wp-json\/wp\/v2\/users\/2"}],"replies":[{"embeddable":true,"href":"https:\/\/acmconcerts.com\/en\/wp-json\/wp\/v2\/comments?post=9085"}],"version-history":[{"count":1,"href":"https:\/\/acmconcerts.com\/en\/wp-json\/wp\/v2\/pages\/9085\/revisions"}],"predecessor-version":[{"id":39522,"href":"https:\/\/acmconcerts.com\/en\/wp-json\/wp\/v2\/pages\/9085\/revisions\/39522"}],"up":[{"embeddable":true,"href":"https:\/\/acmconcerts.com\/en\/wp-json\/wp\/v2\/pages\/746"}],"wp:featuredmedia":[{"embeddable":true,"href":"https:\/\/acmconcerts.com\/en\/wp-json\/wp\/v2\/media\/9063"}],"wp:attachment":[{"href":"https:\/\/acmconcerts.com\/en\/wp-json\/wp\/v2\/media?parent=9085"}],"curies":[{"name":"wp","href":"https:\/\/api.w.org\/{rel}","templated":true}]}}