{"id":8972,"date":"2020-07-27T13:26:34","date_gmt":"2020-07-27T11:26:34","guid":{"rendered":"https:\/\/acmconcerts.com\/?page_id=8972"},"modified":"2020-07-27T13:39:07","modified_gmt":"2020-07-27T11:39:07","slug":"marina-heredia","status":"publish","type":"page","link":"https:\/\/acmconcerts.com\/en\/artists\/singers\/flamenco-singer\/marina-heredia\/","title":{"rendered":"Marina Heredia"},"content":{"rendered":"<p>[et_pb_section fb_built=&#8221;1&#8243; fullwidth=&#8221;on&#8221; admin_label=&#8221;Secci\u00f3n&#8221; _builder_version=&#8221;3.22&#8243;][et_pb_fullwidth_image src=&#8221;https:\/\/acmconcerts.com\/wp-content\/uploads\/2020\/07\/marina_heredia.jpg&#8221; title_text=&#8221;marina_heredia&#8221; admin_label=&#8221;Imagen de anchura completa&#8221; _builder_version=&#8221;4.5.1&#8243; animation_style=&#8221;fade&#8221; animation_duration=&#8221;500ms&#8221; animation=&#8221;fade_in&#8221; use_border_color=&#8221;off&#8221; border_color=&#8221;#ffffff&#8221; border_style=&#8221;solid&#8221;] [\/et_pb_fullwidth_image][\/et_pb_section][et_pb_section fb_built=&#8221;1&#8243; admin_label=&#8221;Secci\u00f3n&#8221; _builder_version=&#8221;3.22&#8243;][et_pb_row column_structure=&#8221;2_3,1_3&#8243; admin_label=&#8221;Fila&#8221; _builder_version=&#8221;3.25&#8243; background_size=&#8221;initial&#8221; background_position=&#8221;top_left&#8221; background_repeat=&#8221;repeat&#8221;][et_pb_column type=&#8221;2_3&#8243; _builder_version=&#8221;3.25&#8243; custom_padding=&#8221;|||&#8221; custom_padding__hover=&#8221;|||&#8221;][et_pb_text admin_label=&#8221;Texto&#8221; _builder_version=&#8221;4.5.1&#8243; background_size=&#8221;initial&#8221; background_position=&#8221;top_left&#8221; background_repeat=&#8221;repeat&#8221; use_border_color=&#8221;off&#8221; border_color=&#8221;#ffffff&#8221; border_style=&#8221;solid&#8221;]<\/p>\n<h3>Marina Heredia, flamenco singer<\/h3>\n<p>&nbsp;<\/p>\n<p style=\"text-align: justify;\"><span style=\"color: #000000;\">Born in Granada, Marina Heredia has been singing since childhood. At thirteen years old she had her first recording experience with <em>Malgre\u0301 la nuit, <\/em>a flamenco album for children. She could then be heard singing in Granada <em>tablaos<\/em> accompanying dancers and guitarists, until she replaced Carmen Linares in a Mari\u0301a Page\u0301s show at the Granada Festival.<\/span><\/p>\n<p style=\"text-align: justify;\"><span style=\"color: #000000;\">Marina Heredia collaborates with renowned flamenco artists such as Arca\u0301ngel and Eva Yerbabuena, as well as on other artistic projects, such as the opera <em>De amore<\/em> by Mauricio Sotelo, which premiered in the prestigious Carl Orff auditorium in Munich and Madrid&#8217;s Teatro de la Zarzuela. Since then, her ascending career has taken her to some of the most important music halls worldwide such as Teatro de la Maestranza in Seville, Teatro Albe\u0301niz and Auditorio Nacional in Madrid, Gran Teatro in Co\u0301rdoba, Palau de la Mu\u0301sica in Valencia, Carnegie Hall in New York, Palais de la Musique in Strasbourg, or Crystal Palace in Porto.<\/span><\/p>\n<p style=\"text-align: justify;\"><span style=\"color: #000000;\">Marina Heredia is one of the most internationally requested artists to perform <em>El Amor Brujo<\/em> by Manuel de Falla. She has worked, among others, with the San Francisco and Chicago Symphony Orchestras, both under Spanish conductor Pablo Heras-Casado, who was also on the podium on her appearance with St. Luke&#8217;s Orchestra in the Carnegie Hall of New York, where she got long standing ovation; the Orchestre National de Lille with Josep Vicent; Orquesta Ciudad de Granada under Domingo Hindoyan, the same orchestra at the Musika-M\u00fasica Festival in Bilbao under Antoni Ros Marb\u00e0, who also conducted her with the Orquesta Sinf\u00f3nica de Castilla y Le\u00f3n, etc. Marina premiered the new staging of <em>El Amor Brujo<\/em> by La Fura dels Baus at the closing concert of the 64th Granada Festival, under Manuel Hern\u00e1ndez-Silva.<\/span><\/p>\n<p style=\"text-align: justify;\"><span style=\"color: #000000;\">She has performed in the most prestigious festivals of Spain, including Festival Grec in Barcelona, Bienal de Flamenco in Seville, Festival del Cante de las Minas, Festival de Oto\u00f1o in Madrid, as well as Jerez, Ronda and Granada Festivals, among others, but also in international stages such as De Singel in Antwerp or Festival Flamenco N\u00eemes. She has traveled from Beijing to Uruguay, Paris, Portugal, Munich, London, Morocco, New York, and Washington.<\/span><\/p>\n<p style=\"text-align: justify;\"><span style=\"color: #000000;\">In 2004 she was awarded the prize Andaluc\u00eda Joven a las Artes (Andalusia Youth for the Arts) for her contribution to the spreading of Andalusian flamenco throughout the world. With two published works (<em>Me duele, me duele<\/em> in 2001 and <em>La voz del agua<\/em> in 2007), she released <em>Marina <\/em>in 2010, a flamenco album with new classic songs, which received in 2011 the award of Best Album of Cante Flamenco. In September 2012 she premiered <em>A mi Tempo<\/em> at the Teatro de la Maestranza during the XVII Bienal de Flamenco de Sevilla.<\/span><\/p>\n<p style=\"text-align: justify;\"><span style=\"color: #000000;\">Marina Heredia has obtained great success and critical acclaim with many of her shows, such as <em>Contra las cuerdas<\/em> or <em>Tempo de Luz<\/em> with Carmen Linares and Arca\u0301ngel, which was toured in Europe and the United States.<\/span><\/p>\n<p>[\/et_pb_text][et_pb_text admin_label=&#8221;Texto&#8221; _builder_version=&#8221;4.5.1&#8243; background_size=&#8221;initial&#8221; background_position=&#8221;top_left&#8221; background_repeat=&#8221;repeat&#8221; use_border_color=&#8221;off&#8221; border_color=&#8221;#ffffff&#8221; border_style=&#8221;solid&#8221;]<\/p>\n<a href=\"https:\/\/acmconcerts.com\/en\/?ddownload=8986\" title=\"Descargar BIO en PDF\" rel=\"nofollow\" class=\"ddownload-button button-grey id-8986 ext-pdf\">Descargar BIO en PDF<\/a>\n<p>[\/et_pb_text][et_pb_text admin_label=&#8221;Texto&#8221; _builder_version=&#8221;4.5.1&#8243; background_size=&#8221;initial&#8221; background_position=&#8221;top_left&#8221; background_repeat=&#8221;repeat&#8221; use_border_color=&#8221;off&#8221; border_color=&#8221;#ffffff&#8221; border_style=&#8221;solid&#8221;]<\/p>\n<a href=\"https:\/\/acmconcerts.com\/en\/?ddownload=8988\" title=\"Download BIO PDF\" rel=\"nofollow\" class=\"ddownload-button button-grey id-8988 ext-pdf\">Download BIO PDF<\/a>\n<p>[\/et_pb_text][\/et_pb_column][et_pb_column type=&#8221;1_3&#8243; _builder_version=&#8221;3.25&#8243; custom_padding=&#8221;|||&#8221; custom_padding__hover=&#8221;|||&#8221;][et_pb_social_media_follow admin_label=&#8221;Seguir en medios sociales&#8221; _builder_version=&#8221;4.5.1&#8243; link_shape=&#8221;rounded_rectangle&#8221;][et_pb_social_media_follow_network social_network=&#8221;facebook&#8221; url=&#8221;https:\/\/www.facebook.com\/marinaherediaoficial&#8221; _builder_version=&#8221;4.5.1&#8243; background_color=&#8221;#3b5998&#8243; bg_color=&#8221;#3b5998&#8243; link_shape=&#8221;rounded_rectangle&#8221; follow_button=&#8221;off&#8221; url_new_window=&#8221;on&#8221;] Facebook [\/et_pb_social_media_follow_network][et_pb_social_media_follow_network social_network=&#8221;twitter&#8221; url=&#8221;https:\/\/twitter.com\/marina_heredia&#8221; _builder_version=&#8221;4.5.1&#8243; _module_preset=&#8221;default&#8221; background_color=&#8221;#00aced&#8221; link_shape=&#8221;rounded_rectangle&#8221; follow_button=&#8221;off&#8221; url_new_window=&#8221;on&#8221;]twitter[\/et_pb_social_media_follow_network][et_pb_social_media_follow_network social_network=&#8221;dbdb-itunes&#8221; url=&#8221;https:\/\/itunes.apple.com\/es\/artist\/marina-heredia\/id26231587&#8243; _builder_version=&#8221;4.5.1&#8243; _module_preset=&#8221;default&#8221; background_color=&#8221;#ff5e51&#8243; link_shape=&#8221;rounded_rectangle&#8221; follow_button=&#8221;off&#8221; url_new_window=&#8221;on&#8221;]dbdb-itunes[\/et_pb_social_media_follow_network][et_pb_social_media_follow_network social_network=&#8221;dbdb-spotify&#8221; url=&#8221;https:\/\/open.spotify.com\/artist\/4MTfo7MJtNHy0zSBjYFDmL&#8221; _builder_version=&#8221;4.5.1&#8243; _module_preset=&#8221;default&#8221; background_color=&#8221;#7bb342&#8243; link_shape=&#8221;rounded_rectangle&#8221; follow_button=&#8221;off&#8221; url_new_window=&#8221;on&#8221;]dbdb-spotify[\/et_pb_social_media_follow_network][\/et_pb_social_media_follow][et_pb_text admin_label=&#8221;Texto&#8221; _builder_version=&#8221;4.5.1&#8243; background_size=&#8221;initial&#8221; background_position=&#8221;top_left&#8221; background_repeat=&#8221;repeat&#8221; use_border_color=&#8221;off&#8221; border_color=&#8221;#ffffff&#8221; border_style=&#8221;solid&#8221;]<\/p>\n<p>Website: <a href=\"http:\/\/www.marinaheredia.com\/\" target=\"_blank\" rel=\"noopener noreferrer\">http:\/\/www.marinaheredia.com\/<\/a><\/p>\n<p>[\/et_pb_text][et_pb_code admin_label=&#8221;C\u00f3digo&#8221; _builder_version=&#8221;4.5.1&#8243;]<pee><iframe src=\"https:\/\/www.youtube-nocookie.com\/embed\/videoseries?list=PL6Y2Eo22D_lXlAXUn3AC8Jx2b6BWWx8NG\" width=\"650\" height=\"450\" frameborder=\"0\" allowfullscreen=\"allowfullscreen\"><\/iframe><\/pee>[\/et_pb_code][\/et_pb_column][\/et_pb_row][\/et_pb_section]<\/p>\n","protected":false},"excerpt":{"rendered":"<p>Marina Heredia, flamenco singer &nbsp; Born in Granada, Marina Heredia has been singing since childhood. At thirteen years old she had her first recording experience with Malgre\u0301 la nuit, a flamenco album for children. She could then be heard singing in Granada tablaos accompanying dancers and guitarists, until she replaced Carmen Linares in a Mari\u0301a [&hellip;]<\/p>\n","protected":false},"author":2,"featured_media":8990,"parent":8975,"menu_order":0,"comment_status":"closed","ping_status":"closed","template":"","meta":{"_et_pb_use_builder":"on","_et_pb_old_content":"","_et_gb_content_width":"","_monsterinsights_skip_tracking":false,"_monsterinsights_sitenote_active":false,"_monsterinsights_sitenote_note":"","_monsterinsights_sitenote_category":0,"_ayudawp_aiss_exclude":false,"footnotes":""},"class_list":["post-8972","page","type-page","status-publish","has-post-thumbnail","hentry"],"yoast_head":"<!-- This site is optimized with the Yoast SEO Premium plugin v27.2 (Yoast SEO v27.2) - https:\/\/yoast.com\/product\/yoast-seo-premium-wordpress\/ -->\n<title>Marina Heredia - ACM Concerts<\/title>\n<meta name=\"description\" content=\"Born in Granada, Marina Heredia has been singing since childhood. At thirteen years old she had her first recording experience with Malgre\u0301 la nuit, ...\" \/>\n<meta name=\"robots\" content=\"index, follow, max-snippet:-1, max-image-preview:large, max-video-preview:-1\" \/>\n<link rel=\"canonical\" href=\"https:\/\/acmconcerts.com\/en\/artists\/singers\/flamenco-singer\/marina-heredia\/\" \/>\n<meta property=\"og:locale\" content=\"en_US\" \/>\n<meta property=\"og:type\" content=\"article\" \/>\n<meta property=\"og:title\" content=\"Marina Heredia\" \/>\n<meta property=\"og:url\" content=\"https:\/\/acmconcerts.com\/en\/artists\/singers\/flamenco-singer\/marina-heredia\/\" \/>\n<meta property=\"og:site_name\" content=\"ACM Concerts\" \/>\n<meta property=\"article:publisher\" content=\"https:\/\/www.facebook.com\/ACM-Concerts-819784831388420\/\" \/>\n<meta property=\"article:modified_time\" content=\"2020-07-27T11:39:07+00:00\" \/>\n<meta property=\"og:image\" content=\"https:\/\/acmconcerts.com\/wp-content\/uploads\/2020\/07\/011.jpg\" \/>\n\t<meta property=\"og:image:width\" content=\"787\" \/>\n\t<meta property=\"og:image:height\" content=\"1180\" \/>\n\t<meta property=\"og:image:type\" content=\"image\/jpeg\" \/>\n<meta name=\"twitter:card\" content=\"summary_large_image\" \/>\n<meta name=\"twitter:site\" content=\"@acmconcerts\" \/>\n<script type=\"application\/ld+json\" class=\"yoast-schema-graph\">{\"@context\":\"https:\/\/schema.org\",\"@graph\":[{\"@type\":\"WebPage\",\"@id\":\"https:\/\/acmconcerts.com\/en\/artists\/singers\/flamenco-singer\/marina-heredia\/\",\"url\":\"https:\/\/acmconcerts.com\/en\/artists\/singers\/flamenco-singer\/marina-heredia\/\",\"name\":\"Marina Heredia - ACM Concerts\",\"isPartOf\":{\"@id\":\"https:\/\/acmconcerts.com\/#website\"},\"primaryImageOfPage\":{\"@id\":\"https:\/\/acmconcerts.com\/en\/artists\/singers\/flamenco-singer\/marina-heredia\/#primaryimage\"},\"image\":{\"@id\":\"https:\/\/acmconcerts.com\/en\/artists\/singers\/flamenco-singer\/marina-heredia\/#primaryimage\"},\"thumbnailUrl\":\"https:\/\/acmconcerts.com\/wp-content\/uploads\/2020\/07\/011.jpg\",\"datePublished\":\"2020-07-27T11:26:34+00:00\",\"dateModified\":\"2020-07-27T11:39:07+00:00\",\"description\":\"Born in Granada, Marina Heredia has been singing since childhood. At thirteen years old she had her first recording experience with Malgre\u0301 la nuit, ...\",\"breadcrumb\":{\"@id\":\"https:\/\/acmconcerts.com\/en\/artists\/singers\/flamenco-singer\/marina-heredia\/#breadcrumb\"},\"inLanguage\":\"en-US\",\"potentialAction\":[{\"@type\":\"ReadAction\",\"target\":[\"https:\/\/acmconcerts.com\/en\/artists\/singers\/flamenco-singer\/marina-heredia\/\"]}]},{\"@type\":\"ImageObject\",\"inLanguage\":\"en-US\",\"@id\":\"https:\/\/acmconcerts.com\/en\/artists\/singers\/flamenco-singer\/marina-heredia\/#primaryimage\",\"url\":\"https:\/\/acmconcerts.com\/wp-content\/uploads\/2020\/07\/011.jpg\",\"contentUrl\":\"https:\/\/acmconcerts.com\/wp-content\/uploads\/2020\/07\/011.jpg\",\"width\":787,\"height\":1180,\"caption\":\"Marina Heredia, El Amor Brujo\"},{\"@type\":\"BreadcrumbList\",\"@id\":\"https:\/\/acmconcerts.com\/en\/artists\/singers\/flamenco-singer\/marina-heredia\/#breadcrumb\",\"itemListElement\":[{\"@type\":\"ListItem\",\"position\":1,\"name\":\"Portada\",\"item\":\"https:\/\/acmconcerts.com\/en\/\"},{\"@type\":\"ListItem\",\"position\":2,\"name\":\"Artists\",\"item\":\"https:\/\/acmconcerts.com\/en\/artists\/\"},{\"@type\":\"ListItem\",\"position\":3,\"name\":\"Singers\",\"item\":\"https:\/\/acmconcerts.com\/en\/artists\/singers\/\"},{\"@type\":\"ListItem\",\"position\":4,\"name\":\"Flamenco singer\",\"item\":\"https:\/\/acmconcerts.com\/en\/artists\/singers\/flamenco-singer\/\"},{\"@type\":\"ListItem\",\"position\":5,\"name\":\"Marina Heredia\"}]},{\"@type\":\"WebSite\",\"@id\":\"https:\/\/acmconcerts.com\/#website\",\"url\":\"https:\/\/acmconcerts.com\/\",\"name\":\"ACM Concerts\",\"description\":\"Agencia art\u00edstica\",\"publisher\":{\"@id\":\"https:\/\/acmconcerts.com\/#organization\"},\"potentialAction\":[{\"@type\":\"SearchAction\",\"target\":{\"@type\":\"EntryPoint\",\"urlTemplate\":\"https:\/\/acmconcerts.com\/?s={search_term_string}\"},\"query-input\":{\"@type\":\"PropertyValueSpecification\",\"valueRequired\":true,\"valueName\":\"search_term_string\"}}],\"inLanguage\":\"en-US\"},{\"@type\":\"Organization\",\"@id\":\"https:\/\/acmconcerts.com\/#organization\",\"name\":\"ACM Concerts\",\"url\":\"https:\/\/acmconcerts.com\/\",\"logo\":{\"@type\":\"ImageObject\",\"inLanguage\":\"en-US\",\"@id\":\"https:\/\/acmconcerts.com\/#\/schema\/logo\/image\/\",\"url\":\"https:\/\/acmconcerts.com\/wp-content\/uploads\/2015\/11\/logo-ACM-grande-e1447756158188.jpg\",\"contentUrl\":\"https:\/\/acmconcerts.com\/wp-content\/uploads\/2015\/11\/logo-ACM-grande-e1447756158188.jpg\",\"width\":600,\"height\":146,\"caption\":\"ACM Concerts\"},\"image\":{\"@id\":\"https:\/\/acmconcerts.com\/#\/schema\/logo\/image\/\"},\"sameAs\":[\"https:\/\/www.facebook.com\/ACM-Concerts-819784831388420\/\",\"https:\/\/x.com\/acmconcerts\",\"https:\/\/www.youtube.com\/user\/acmconcerts\"]}]}<\/script>\n<!-- \/ Yoast SEO Premium plugin. -->","yoast_head_json":{"title":"Marina Heredia - ACM Concerts","description":"Born in Granada, Marina Heredia has been singing since childhood. At thirteen years old she had her first recording experience with Malgre\u0301 la nuit, ...","robots":{"index":"index","follow":"follow","max-snippet":"max-snippet:-1","max-image-preview":"max-image-preview:large","max-video-preview":"max-video-preview:-1"},"canonical":"https:\/\/acmconcerts.com\/en\/artists\/singers\/flamenco-singer\/marina-heredia\/","og_locale":"en_US","og_type":"article","og_title":"Marina Heredia","og_url":"https:\/\/acmconcerts.com\/en\/artists\/singers\/flamenco-singer\/marina-heredia\/","og_site_name":"ACM Concerts","article_publisher":"https:\/\/www.facebook.com\/ACM-Concerts-819784831388420\/","article_modified_time":"2020-07-27T11:39:07+00:00","og_image":[{"width":787,"height":1180,"url":"https:\/\/acmconcerts.com\/wp-content\/uploads\/2020\/07\/011.jpg","type":"image\/jpeg"}],"twitter_card":"summary_large_image","twitter_site":"@acmconcerts","schema":{"@context":"https:\/\/schema.org","@graph":[{"@type":"WebPage","@id":"https:\/\/acmconcerts.com\/en\/artists\/singers\/flamenco-singer\/marina-heredia\/","url":"https:\/\/acmconcerts.com\/en\/artists\/singers\/flamenco-singer\/marina-heredia\/","name":"Marina Heredia - ACM Concerts","isPartOf":{"@id":"https:\/\/acmconcerts.com\/#website"},"primaryImageOfPage":{"@id":"https:\/\/acmconcerts.com\/en\/artists\/singers\/flamenco-singer\/marina-heredia\/#primaryimage"},"image":{"@id":"https:\/\/acmconcerts.com\/en\/artists\/singers\/flamenco-singer\/marina-heredia\/#primaryimage"},"thumbnailUrl":"https:\/\/acmconcerts.com\/wp-content\/uploads\/2020\/07\/011.jpg","datePublished":"2020-07-27T11:26:34+00:00","dateModified":"2020-07-27T11:39:07+00:00","description":"Born in Granada, Marina Heredia has been singing since childhood. At thirteen years old she had her first recording experience with Malgre\u0301 la nuit, ...","breadcrumb":{"@id":"https:\/\/acmconcerts.com\/en\/artists\/singers\/flamenco-singer\/marina-heredia\/#breadcrumb"},"inLanguage":"en-US","potentialAction":[{"@type":"ReadAction","target":["https:\/\/acmconcerts.com\/en\/artists\/singers\/flamenco-singer\/marina-heredia\/"]}]},{"@type":"ImageObject","inLanguage":"en-US","@id":"https:\/\/acmconcerts.com\/en\/artists\/singers\/flamenco-singer\/marina-heredia\/#primaryimage","url":"https:\/\/acmconcerts.com\/wp-content\/uploads\/2020\/07\/011.jpg","contentUrl":"https:\/\/acmconcerts.com\/wp-content\/uploads\/2020\/07\/011.jpg","width":787,"height":1180,"caption":"Marina Heredia, El Amor Brujo"},{"@type":"BreadcrumbList","@id":"https:\/\/acmconcerts.com\/en\/artists\/singers\/flamenco-singer\/marina-heredia\/#breadcrumb","itemListElement":[{"@type":"ListItem","position":1,"name":"Portada","item":"https:\/\/acmconcerts.com\/en\/"},{"@type":"ListItem","position":2,"name":"Artists","item":"https:\/\/acmconcerts.com\/en\/artists\/"},{"@type":"ListItem","position":3,"name":"Singers","item":"https:\/\/acmconcerts.com\/en\/artists\/singers\/"},{"@type":"ListItem","position":4,"name":"Flamenco singer","item":"https:\/\/acmconcerts.com\/en\/artists\/singers\/flamenco-singer\/"},{"@type":"ListItem","position":5,"name":"Marina Heredia"}]},{"@type":"WebSite","@id":"https:\/\/acmconcerts.com\/#website","url":"https:\/\/acmconcerts.com\/","name":"ACM Concerts","description":"Agencia art\u00edstica","publisher":{"@id":"https:\/\/acmconcerts.com\/#organization"},"potentialAction":[{"@type":"SearchAction","target":{"@type":"EntryPoint","urlTemplate":"https:\/\/acmconcerts.com\/?s={search_term_string}"},"query-input":{"@type":"PropertyValueSpecification","valueRequired":true,"valueName":"search_term_string"}}],"inLanguage":"en-US"},{"@type":"Organization","@id":"https:\/\/acmconcerts.com\/#organization","name":"ACM Concerts","url":"https:\/\/acmconcerts.com\/","logo":{"@type":"ImageObject","inLanguage":"en-US","@id":"https:\/\/acmconcerts.com\/#\/schema\/logo\/image\/","url":"https:\/\/acmconcerts.com\/wp-content\/uploads\/2015\/11\/logo-ACM-grande-e1447756158188.jpg","contentUrl":"https:\/\/acmconcerts.com\/wp-content\/uploads\/2015\/11\/logo-ACM-grande-e1447756158188.jpg","width":600,"height":146,"caption":"ACM Concerts"},"image":{"@id":"https:\/\/acmconcerts.com\/#\/schema\/logo\/image\/"},"sameAs":["https:\/\/www.facebook.com\/ACM-Concerts-819784831388420\/","https:\/\/x.com\/acmconcerts","https:\/\/www.youtube.com\/user\/acmconcerts"]}]}},"_links":{"self":[{"href":"https:\/\/acmconcerts.com\/en\/wp-json\/wp\/v2\/pages\/8972","targetHints":{"allow":["GET"]}}],"collection":[{"href":"https:\/\/acmconcerts.com\/en\/wp-json\/wp\/v2\/pages"}],"about":[{"href":"https:\/\/acmconcerts.com\/en\/wp-json\/wp\/v2\/types\/page"}],"author":[{"embeddable":true,"href":"https:\/\/acmconcerts.com\/en\/wp-json\/wp\/v2\/users\/2"}],"replies":[{"embeddable":true,"href":"https:\/\/acmconcerts.com\/en\/wp-json\/wp\/v2\/comments?post=8972"}],"version-history":[{"count":0,"href":"https:\/\/acmconcerts.com\/en\/wp-json\/wp\/v2\/pages\/8972\/revisions"}],"up":[{"embeddable":true,"href":"https:\/\/acmconcerts.com\/en\/wp-json\/wp\/v2\/pages\/8975"}],"wp:featuredmedia":[{"embeddable":true,"href":"https:\/\/acmconcerts.com\/en\/wp-json\/wp\/v2\/media\/8990"}],"wp:attachment":[{"href":"https:\/\/acmconcerts.com\/en\/wp-json\/wp\/v2\/media?parent=8972"}],"curies":[{"name":"wp","href":"https:\/\/api.w.org\/{rel}","templated":true}]}}