{"id":887,"date":"2016-01-27T19:18:48","date_gmt":"2016-01-27T18:18:48","guid":{"rendered":"http:\/\/acmconcerts.com\/en\/artists\/piano\/ludmil-angelov\/"},"modified":"2020-06-05T12:38:53","modified_gmt":"2020-06-05T10:38:53","slug":"ludmil-angelov","status":"publish","type":"page","link":"https:\/\/acmconcerts.com\/en\/artists\/piano\/ludmil-angelov\/","title":{"rendered":"Ludmil Angelov"},"content":{"rendered":"<p>[et_pb_section fb_built=&#8221;1&#8243; fullwidth=&#8221;on&#8221; admin_label=&#8221;Secci\u00f3n&#8221; _builder_version=&#8221;3.22&#8243;][et_pb_fullwidth_image src=&#8221;https:\/\/acmconcerts.com\/wp-content\/uploads\/2016\/01\/ludmil_angelov_op.jpg&#8221; admin_label=&#8221;Imagen de anchura completa&#8221; _builder_version=&#8221;3.0.87&#8243; animation_style=&#8221;fade&#8221; animation_duration=&#8221;500ms&#8221; use_border_color=&#8221;off&#8221; border_color=&#8221;#ffffff&#8221; border_style=&#8221;solid&#8221; animation=&#8221;fade_in&#8221;][\/et_pb_fullwidth_image][\/et_pb_section][et_pb_section fb_built=&#8221;1&#8243; admin_label=&#8221;Secci\u00f3n&#8221; _builder_version=&#8221;3.22&#8243;][et_pb_row column_structure=&#8221;2_3,1_3&#8243; admin_label=&#8221;Fila&#8221; _builder_version=&#8221;3.25&#8243; background_size=&#8221;initial&#8221; background_position=&#8221;top_left&#8221; background_repeat=&#8221;repeat&#8221;][et_pb_column type=&#8221;2_3&#8243; _builder_version=&#8221;3.25&#8243; custom_padding=&#8221;|||&#8221; custom_padding__hover=&#8221;|||&#8221;][et_pb_text admin_label=&#8221;Texto&#8221; _builder_version=&#8221;3.27.4&#8243; background_size=&#8221;initial&#8221; background_position=&#8221;top_left&#8221; background_repeat=&#8221;repeat&#8221; use_border_color=&#8221;off&#8221; border_color=&#8221;#ffffff&#8221; border_style=&#8221;solid&#8221;]<\/p>\n<h2 style=\"text-align: left;\"><span style=\"color: #000000;\">Ludmil Angelov, pianist<\/span><\/h2>\n<p><\/p>\n<p style=\"text-align: justify;\"><span style=\"color: #000000;\">Ludmil Angelov has won prizes and distinctions at many international competitions, as S. Obretenov (Bulgaria, 1972), Virtuosi di Musica per Pianoforte (Czechoslovakia, 1973), Senigallia (Italy, 1976), F.Chopin (Poland, 1985), Palm Beach (USA,1990), World Piano Masters (Monte-Carlo, 1994), and Piano Masters Tour (France and Monte-Carlo, 1997).<\/span><\/p>\n<p style=\"text-align: justify;\"><span style=\"color: #000000;\">Having embarked upon an international career, he has been to all European countries, USA, South America, Hong Kong, Korea and Taiwan, appearing in recitals, chamber music concerts and as a soloist with many major orchestras, including the Covent Garden Orchestra, Monte-Carlo Philharmonic Orchestra, Berliner Sinfonieorchester, Schleswig-Holstein Sinfonieorchester, Russian State Symphony Orchestra, Russian Radio Symphony Orchestra, Moscow Symphony Orchestra, Flemish Radio Orchestra, European Masters Orchestra, Orchestre Philharmonique de Montpellier, Orchestre Philharmonique de Marseille, Orchestre Lamoureux, Orquesta Nacional de Espa\u00f1a, Orquesta Sinf\u00f3nica de Madrid, Orquesta Sinf\u00f3nica de RTV Espa\u00f1ola, Orquesta Ciudad de Granada, Lithuanian State Symphony Orchestra, Athens State Orchestra, Sofia Philharmonic, Bulgarian Radio Symphony Orchestra, etc. conducted by R. Milanov, L. Foster, J. DePreist, J.-B. Pommier, G. Pehlivanian, M. Andreae, F. Glushchenko, J. Pons, G. Schneider, Y. Sado, etc.<\/span><\/p>\n<p style=\"text-align: justify;\"><span style=\"color: #000000;\">Ludmil Angelov has recorded for RCA, Pentatone Classics, Gega New, France Classique, Subi Classics or Toccata. His CD recording of Chopin\u2019s Complete Rondos &amp; Variations has been awarded with Grand Prix du Disque Chopin by the International Chopin Institute of Warsaw.<\/span><\/p>\n<p>[\/et_pb_text][et_pb_text admin_label=&#8221;Texto&#8221; _builder_version=&#8221;3.27.4&#8243; background_size=&#8221;initial&#8221; background_position=&#8221;top_left&#8221; background_repeat=&#8221;repeat&#8221; use_border_color=&#8221;off&#8221; border_color=&#8221;#ffffff&#8221; border_style=&#8221;solid&#8221;]<a href=\"https:\/\/acmconcerts.com\/en\/?ddownload=500\" title=\"Descargar BIO (PDF)\" rel=\"nofollow\" class=\"ddownload-button button-grey id-500 ext-pdf\">Descargar BIO (PDF)<\/a><br \/>\n[\/et_pb_text][et_pb_text admin_label=&#8221;Texto&#8221; _builder_version=&#8221;3.27.4&#8243; background_size=&#8221;initial&#8221; background_position=&#8221;top_left&#8221; background_repeat=&#8221;repeat&#8221; use_border_color=&#8221;off&#8221; border_color=&#8221;#ffffff&#8221; border_style=&#8221;solid&#8221;]<a href=\"https:\/\/acmconcerts.com\/en\/?ddownload=501\" title=\"Download BIO (PDF)\" rel=\"nofollow\" class=\"ddownload-button button-grey id-501 ext-pdf\">Download BIO (PDF)<\/a><br \/>\n[\/et_pb_text][\/et_pb_column][et_pb_column type=&#8221;1_3&#8243; _builder_version=&#8221;3.25&#8243; custom_padding=&#8221;|||&#8221; custom_padding__hover=&#8221;|||&#8221;][et_pb_social_media_follow url_new_window=&#8221;off&#8221; admin_label=&#8221;Seguir en medios sociales&#8221; _builder_version=&#8221;3.0.87&#8243; link_shape=&#8221;rounded_rectangle&#8221;][et_pb_social_media_follow_network social_network=&#8221;facebook&#8221; url=&#8221;https:\/\/www.facebook.com\/Pavaroti27?fref=ts&#8221; _builder_version=&#8221;3.0.74&#8243; background_color=&#8221;#3b5998&#8243; bg_color=&#8221;#3b5998&#8243; link_shape=&#8221;rounded_rectangle&#8221; follow_button=&#8221;off&#8221; url_new_window=&#8221;off&#8221;] Facebook [\/et_pb_social_media_follow_network][et_pb_social_media_follow_network social_network=&#8221;twitter&#8221; url=&#8221;https:\/\/twitter.com\/alegitor&#8221; _builder_version=&#8221;3.0.74&#8243; background_color=&#8221;#00aced&#8221; bg_color=&#8221;#00aced&#8221; link_shape=&#8221;rounded_rectangle&#8221; follow_button=&#8221;off&#8221; url_new_window=&#8221;off&#8221;] Twitter [\/et_pb_social_media_follow_network][\/et_pb_social_media_follow][et_pb_text admin_label=&#8221;Texto&#8221; _builder_version=&#8221;3.27.4&#8243; background_size=&#8221;initial&#8221; background_position=&#8221;top_left&#8221; background_repeat=&#8221;repeat&#8221; use_border_color=&#8221;off&#8221; border_color=&#8221;#ffffff&#8221; border_style=&#8221;solid&#8221;]Web:\u00a0<a href=\"http:\/\/www.ludmilangelov.com\/\" target=\"_blank\" rel=\"noopener noreferrer\">http:\/\/www.ludmilangelov.com<\/a><br \/>\n[\/et_pb_text][et_pb_code admin_label=&#8221;C\u00f3digo&#8221; _builder_version=&#8221;4.4.8&#8243; hover_enabled=&#8221;0&#8243;]<iframe width=\"650\" height=\"450\" src=\"https:\/\/www.youtube-nocookie.com\/embed\/videoseries?list=PL6Y2Eo22D_lXG4Uz-rSYmUaiCyoFwndPw\" frameborder=\"0\" allow=\"accelerometer; autoplay; encrypted-media; gyroscope; picture-in-picture\" allowfullscreen><\/iframe>[\/et_pb_code][\/et_pb_column][\/et_pb_row][\/et_pb_section]<\/p>\n","protected":false},"excerpt":{"rendered":"<p>Ludmil Angelov, pianist Ludmil Angelov has won prizes and distinctions at many international competitions, as S. Obretenov (Bulgaria, 1972), Virtuosi di Musica per Pianoforte (Czechoslovakia, 1973), Senigallia (Italy, 1976), F.Chopin (Poland, 1985), Palm Beach (USA,1990), World Piano Masters (Monte-Carlo, 1994), and Piano Masters Tour (France and Monte-Carlo, 1997). Having embarked upon an international career, he [&hellip;]<\/p>\n","protected":false},"author":2,"featured_media":884,"parent":786,"menu_order":0,"comment_status":"closed","ping_status":"closed","template":"","meta":{"_et_pb_use_builder":"on","_et_pb_old_content":"","_et_gb_content_width":"","_monsterinsights_skip_tracking":false,"_monsterinsights_sitenote_active":false,"_monsterinsights_sitenote_note":"","_monsterinsights_sitenote_category":0,"_ayudawp_aiss_exclude":false,"footnotes":""},"class_list":["post-887","page","type-page","status-publish","has-post-thumbnail","hentry"],"yoast_head":"<!-- This site is optimized with the Yoast SEO Premium plugin v27.2 (Yoast SEO v27.2) - https:\/\/yoast.com\/product\/yoast-seo-premium-wordpress\/ -->\n<title>Ludmil Angelov - ACM Concerts<\/title>\n<meta name=\"description\" content=\"Ludmil Angelov has won prizes and distinctions at many international competitions, as S. Obretenov (Bulgaria, 1972), Virtuosi di Musica per Pianoforte ...\" \/>\n<meta name=\"robots\" content=\"index, follow, max-snippet:-1, max-image-preview:large, max-video-preview:-1\" \/>\n<link rel=\"canonical\" href=\"https:\/\/acmconcerts.com\/en\/artists\/piano\/ludmil-angelov\/\" \/>\n<meta property=\"og:locale\" content=\"en_US\" \/>\n<meta property=\"og:type\" content=\"article\" \/>\n<meta property=\"og:title\" content=\"Ludmil Angelov\" \/>\n<meta property=\"og:url\" content=\"https:\/\/acmconcerts.com\/en\/artists\/piano\/ludmil-angelov\/\" \/>\n<meta property=\"og:site_name\" content=\"ACM Concerts\" \/>\n<meta property=\"article:publisher\" content=\"https:\/\/www.facebook.com\/ACM-Concerts-819784831388420\/\" \/>\n<meta property=\"article:modified_time\" content=\"2020-06-05T10:38:53+00:00\" \/>\n<meta property=\"og:image\" content=\"https:\/\/acmconcerts.com\/wp-content\/uploads\/2016\/01\/Ludmil-Angelov2_op.jpg\" \/>\n\t<meta property=\"og:image:width\" content=\"600\" \/>\n\t<meta property=\"og:image:height\" content=\"399\" \/>\n\t<meta property=\"og:image:type\" content=\"image\/jpeg\" \/>\n<meta name=\"twitter:card\" content=\"summary_large_image\" \/>\n<meta name=\"twitter:site\" content=\"@acmconcerts\" \/>\n<script type=\"application\/ld+json\" class=\"yoast-schema-graph\">{\"@context\":\"https:\/\/schema.org\",\"@graph\":[{\"@type\":\"WebPage\",\"@id\":\"https:\/\/acmconcerts.com\/en\/artists\/piano\/ludmil-angelov\/\",\"url\":\"https:\/\/acmconcerts.com\/en\/artists\/piano\/ludmil-angelov\/\",\"name\":\"Ludmil Angelov - ACM Concerts\",\"isPartOf\":{\"@id\":\"https:\/\/acmconcerts.com\/#website\"},\"primaryImageOfPage\":{\"@id\":\"https:\/\/acmconcerts.com\/en\/artists\/piano\/ludmil-angelov\/#primaryimage\"},\"image\":{\"@id\":\"https:\/\/acmconcerts.com\/en\/artists\/piano\/ludmil-angelov\/#primaryimage\"},\"thumbnailUrl\":\"https:\/\/acmconcerts.com\/wp-content\/uploads\/2016\/01\/Ludmil-Angelov2_op.jpg\",\"datePublished\":\"2016-01-27T18:18:48+00:00\",\"dateModified\":\"2020-06-05T10:38:53+00:00\",\"description\":\"Ludmil Angelov has won prizes and distinctions at many international competitions, as S. Obretenov (Bulgaria, 1972), Virtuosi di Musica per Pianoforte ...\",\"breadcrumb\":{\"@id\":\"https:\/\/acmconcerts.com\/en\/artists\/piano\/ludmil-angelov\/#breadcrumb\"},\"inLanguage\":\"en-US\",\"potentialAction\":[{\"@type\":\"ReadAction\",\"target\":[\"https:\/\/acmconcerts.com\/en\/artists\/piano\/ludmil-angelov\/\"]}]},{\"@type\":\"ImageObject\",\"inLanguage\":\"en-US\",\"@id\":\"https:\/\/acmconcerts.com\/en\/artists\/piano\/ludmil-angelov\/#primaryimage\",\"url\":\"https:\/\/acmconcerts.com\/wp-content\/uploads\/2016\/01\/Ludmil-Angelov2_op.jpg\",\"contentUrl\":\"https:\/\/acmconcerts.com\/wp-content\/uploads\/2016\/01\/Ludmil-Angelov2_op.jpg\",\"width\":600,\"height\":399},{\"@type\":\"BreadcrumbList\",\"@id\":\"https:\/\/acmconcerts.com\/en\/artists\/piano\/ludmil-angelov\/#breadcrumb\",\"itemListElement\":[{\"@type\":\"ListItem\",\"position\":1,\"name\":\"Portada\",\"item\":\"https:\/\/acmconcerts.com\/en\/\"},{\"@type\":\"ListItem\",\"position\":2,\"name\":\"Artists\",\"item\":\"https:\/\/acmconcerts.com\/en\/artists\/\"},{\"@type\":\"ListItem\",\"position\":3,\"name\":\"Piano\",\"item\":\"https:\/\/acmconcerts.com\/en\/artists\/piano\/\"},{\"@type\":\"ListItem\",\"position\":4,\"name\":\"Ludmil Angelov\"}]},{\"@type\":\"WebSite\",\"@id\":\"https:\/\/acmconcerts.com\/#website\",\"url\":\"https:\/\/acmconcerts.com\/\",\"name\":\"ACM Concerts\",\"description\":\"Agencia art\u00edstica\",\"publisher\":{\"@id\":\"https:\/\/acmconcerts.com\/#organization\"},\"potentialAction\":[{\"@type\":\"SearchAction\",\"target\":{\"@type\":\"EntryPoint\",\"urlTemplate\":\"https:\/\/acmconcerts.com\/?s={search_term_string}\"},\"query-input\":{\"@type\":\"PropertyValueSpecification\",\"valueRequired\":true,\"valueName\":\"search_term_string\"}}],\"inLanguage\":\"en-US\"},{\"@type\":\"Organization\",\"@id\":\"https:\/\/acmconcerts.com\/#organization\",\"name\":\"ACM Concerts\",\"url\":\"https:\/\/acmconcerts.com\/\",\"logo\":{\"@type\":\"ImageObject\",\"inLanguage\":\"en-US\",\"@id\":\"https:\/\/acmconcerts.com\/#\/schema\/logo\/image\/\",\"url\":\"https:\/\/acmconcerts.com\/wp-content\/uploads\/2015\/11\/logo-ACM-grande-e1447756158188.jpg\",\"contentUrl\":\"https:\/\/acmconcerts.com\/wp-content\/uploads\/2015\/11\/logo-ACM-grande-e1447756158188.jpg\",\"width\":600,\"height\":146,\"caption\":\"ACM Concerts\"},\"image\":{\"@id\":\"https:\/\/acmconcerts.com\/#\/schema\/logo\/image\/\"},\"sameAs\":[\"https:\/\/www.facebook.com\/ACM-Concerts-819784831388420\/\",\"https:\/\/x.com\/acmconcerts\",\"https:\/\/www.youtube.com\/user\/acmconcerts\"]}]}<\/script>\n<!-- \/ Yoast SEO Premium plugin. -->","yoast_head_json":{"title":"Ludmil Angelov - ACM Concerts","description":"Ludmil Angelov has won prizes and distinctions at many international competitions, as S. Obretenov (Bulgaria, 1972), Virtuosi di Musica per Pianoforte ...","robots":{"index":"index","follow":"follow","max-snippet":"max-snippet:-1","max-image-preview":"max-image-preview:large","max-video-preview":"max-video-preview:-1"},"canonical":"https:\/\/acmconcerts.com\/en\/artists\/piano\/ludmil-angelov\/","og_locale":"en_US","og_type":"article","og_title":"Ludmil Angelov","og_url":"https:\/\/acmconcerts.com\/en\/artists\/piano\/ludmil-angelov\/","og_site_name":"ACM Concerts","article_publisher":"https:\/\/www.facebook.com\/ACM-Concerts-819784831388420\/","article_modified_time":"2020-06-05T10:38:53+00:00","og_image":[{"width":600,"height":399,"url":"https:\/\/acmconcerts.com\/wp-content\/uploads\/2016\/01\/Ludmil-Angelov2_op.jpg","type":"image\/jpeg"}],"twitter_card":"summary_large_image","twitter_site":"@acmconcerts","schema":{"@context":"https:\/\/schema.org","@graph":[{"@type":"WebPage","@id":"https:\/\/acmconcerts.com\/en\/artists\/piano\/ludmil-angelov\/","url":"https:\/\/acmconcerts.com\/en\/artists\/piano\/ludmil-angelov\/","name":"Ludmil Angelov - ACM Concerts","isPartOf":{"@id":"https:\/\/acmconcerts.com\/#website"},"primaryImageOfPage":{"@id":"https:\/\/acmconcerts.com\/en\/artists\/piano\/ludmil-angelov\/#primaryimage"},"image":{"@id":"https:\/\/acmconcerts.com\/en\/artists\/piano\/ludmil-angelov\/#primaryimage"},"thumbnailUrl":"https:\/\/acmconcerts.com\/wp-content\/uploads\/2016\/01\/Ludmil-Angelov2_op.jpg","datePublished":"2016-01-27T18:18:48+00:00","dateModified":"2020-06-05T10:38:53+00:00","description":"Ludmil Angelov has won prizes and distinctions at many international competitions, as S. Obretenov (Bulgaria, 1972), Virtuosi di Musica per Pianoforte ...","breadcrumb":{"@id":"https:\/\/acmconcerts.com\/en\/artists\/piano\/ludmil-angelov\/#breadcrumb"},"inLanguage":"en-US","potentialAction":[{"@type":"ReadAction","target":["https:\/\/acmconcerts.com\/en\/artists\/piano\/ludmil-angelov\/"]}]},{"@type":"ImageObject","inLanguage":"en-US","@id":"https:\/\/acmconcerts.com\/en\/artists\/piano\/ludmil-angelov\/#primaryimage","url":"https:\/\/acmconcerts.com\/wp-content\/uploads\/2016\/01\/Ludmil-Angelov2_op.jpg","contentUrl":"https:\/\/acmconcerts.com\/wp-content\/uploads\/2016\/01\/Ludmil-Angelov2_op.jpg","width":600,"height":399},{"@type":"BreadcrumbList","@id":"https:\/\/acmconcerts.com\/en\/artists\/piano\/ludmil-angelov\/#breadcrumb","itemListElement":[{"@type":"ListItem","position":1,"name":"Portada","item":"https:\/\/acmconcerts.com\/en\/"},{"@type":"ListItem","position":2,"name":"Artists","item":"https:\/\/acmconcerts.com\/en\/artists\/"},{"@type":"ListItem","position":3,"name":"Piano","item":"https:\/\/acmconcerts.com\/en\/artists\/piano\/"},{"@type":"ListItem","position":4,"name":"Ludmil Angelov"}]},{"@type":"WebSite","@id":"https:\/\/acmconcerts.com\/#website","url":"https:\/\/acmconcerts.com\/","name":"ACM Concerts","description":"Agencia art\u00edstica","publisher":{"@id":"https:\/\/acmconcerts.com\/#organization"},"potentialAction":[{"@type":"SearchAction","target":{"@type":"EntryPoint","urlTemplate":"https:\/\/acmconcerts.com\/?s={search_term_string}"},"query-input":{"@type":"PropertyValueSpecification","valueRequired":true,"valueName":"search_term_string"}}],"inLanguage":"en-US"},{"@type":"Organization","@id":"https:\/\/acmconcerts.com\/#organization","name":"ACM Concerts","url":"https:\/\/acmconcerts.com\/","logo":{"@type":"ImageObject","inLanguage":"en-US","@id":"https:\/\/acmconcerts.com\/#\/schema\/logo\/image\/","url":"https:\/\/acmconcerts.com\/wp-content\/uploads\/2015\/11\/logo-ACM-grande-e1447756158188.jpg","contentUrl":"https:\/\/acmconcerts.com\/wp-content\/uploads\/2015\/11\/logo-ACM-grande-e1447756158188.jpg","width":600,"height":146,"caption":"ACM Concerts"},"image":{"@id":"https:\/\/acmconcerts.com\/#\/schema\/logo\/image\/"},"sameAs":["https:\/\/www.facebook.com\/ACM-Concerts-819784831388420\/","https:\/\/x.com\/acmconcerts","https:\/\/www.youtube.com\/user\/acmconcerts"]}]}},"_links":{"self":[{"href":"https:\/\/acmconcerts.com\/en\/wp-json\/wp\/v2\/pages\/887","targetHints":{"allow":["GET"]}}],"collection":[{"href":"https:\/\/acmconcerts.com\/en\/wp-json\/wp\/v2\/pages"}],"about":[{"href":"https:\/\/acmconcerts.com\/en\/wp-json\/wp\/v2\/types\/page"}],"author":[{"embeddable":true,"href":"https:\/\/acmconcerts.com\/en\/wp-json\/wp\/v2\/users\/2"}],"replies":[{"embeddable":true,"href":"https:\/\/acmconcerts.com\/en\/wp-json\/wp\/v2\/comments?post=887"}],"version-history":[{"count":0,"href":"https:\/\/acmconcerts.com\/en\/wp-json\/wp\/v2\/pages\/887\/revisions"}],"up":[{"embeddable":true,"href":"https:\/\/acmconcerts.com\/en\/wp-json\/wp\/v2\/pages\/786"}],"wp:featuredmedia":[{"embeddable":true,"href":"https:\/\/acmconcerts.com\/en\/wp-json\/wp\/v2\/media\/884"}],"wp:attachment":[{"href":"https:\/\/acmconcerts.com\/en\/wp-json\/wp\/v2\/media?parent=887"}],"curies":[{"name":"wp","href":"https:\/\/api.w.org\/{rel}","templated":true}]}}