{"id":838,"date":"2016-01-27T13:27:28","date_gmt":"2016-01-27T12:27:28","guid":{"rendered":"http:\/\/acmconcerts.com\/en\/artists\/conductors\/enrico-onofri\/"},"modified":"2022-06-30T10:28:00","modified_gmt":"2022-06-30T08:28:00","slug":"enrico-onofri","status":"publish","type":"page","link":"https:\/\/acmconcerts.com\/en\/artists\/conductors\/enrico-onofri\/","title":{"rendered":"Enrico Onofri"},"content":{"rendered":"<p>[et_pb_section fb_built=&#8221;1&#8243; fullwidth=&#8221;on&#8221; admin_label=&#8221;Secci\u00f3n&#8221; _builder_version=&#8221;4.16&#8243; global_colors_info=&#8221;{}&#8221;][et_pb_fullwidth_image src=&#8221;https:\/\/acmconcerts.com\/wp-content\/uploads\/2016\/01\/enrico_onofri.jpg&#8221; admin_label=&#8221;Imagen de anchura completa&#8221; _builder_version=&#8221;4.16&#8243; animation_style=&#8221;fade&#8221; animation_duration=&#8221;500ms&#8221; animation=&#8221;fade_in&#8221; use_border_color=&#8221;off&#8221; border_color=&#8221;#ffffff&#8221; border_style=&#8221;solid&#8221; global_colors_info=&#8221;{}&#8221;][\/et_pb_fullwidth_image][\/et_pb_section][et_pb_section fb_built=&#8221;1&#8243; admin_label=&#8221;Secci\u00f3n&#8221; _builder_version=&#8221;4.16&#8243; global_colors_info=&#8221;{}&#8221;][et_pb_row column_structure=&#8221;2_3,1_3&#8243; admin_label=&#8221;Fila&#8221; _builder_version=&#8221;4.16&#8243; background_size=&#8221;initial&#8221; background_position=&#8221;top_left&#8221; background_repeat=&#8221;repeat&#8221; global_colors_info=&#8221;{}&#8221;][et_pb_column type=&#8221;2_3&#8243; _builder_version=&#8221;4.16&#8243; custom_padding=&#8221;|||&#8221; global_colors_info=&#8221;{}&#8221; custom_padding__hover=&#8221;|||&#8221;][et_pb_text admin_label=&#8221;Texto&#8221; _builder_version=&#8221;4.17.4&#8243; background_size=&#8221;initial&#8221; background_position=&#8221;top_left&#8221; background_repeat=&#8221;repeat&#8221; hover_enabled=&#8221;0&#8243; use_border_color=&#8221;off&#8221; border_color=&#8221;#ffffff&#8221; border_style=&#8221;solid&#8221; global_colors_info=&#8221;{}&#8221; sticky_enabled=&#8221;0&#8243;]<\/p>\n<h2 style=\"text-align: left;\"><span style=\"color: #000000;\">Enrico Onofri, conductor and violinist<\/span><\/h2>\n<p><strong><span style=\"color: #000000;\"> Principal Conductor of the Filarmonica Toscanini<br \/>Principal Guest Conductor of the Haydn Philharmonie<br \/>Associated Conductor of the Orchestre National d\u2019Auvergne<br \/>Associated Conductor of the M\u00fcnchener Kammerorchester<br \/>Music Director and Conductor of the Academia Montis Regalis<br \/>Founder and Music Director of the Imaginarium Ensemble<br \/>Music Director and Conductor of the Real C\u00e2mara<br \/>Historical performance professor in the Conservatorio Rossini di Pesaro<br \/><\/span><\/strong><br \/><span style=\"color: #000000;\"><em>A fascinating performance made of flexibility, precision, sound and fantasy (\u2026) Onofri (\u2026) gave us more than an interpretation, he played a music game, experimenting at every time, being amazing at every bar. &#8211; Diario de Sevilla<\/em><\/span><\/p>\n<p><span style=\"color: #000000;\"><em>Enrico Onofri\u2019s vivid, refined and stylistically irreproachable direction at the head of the Lyon Opera Orchestra, celebrated in the pit the sacred union of music and drama. &#8211; Le Monde<\/em><\/span><\/p>\n<p class=\"p1\" style=\"text-align: justify;\"><span style=\"color: #000000;\">Principal conductor of the Filarmonica Toscanini in Parma, principal guest conductor of the Haydn Philharmonie in Eisenstadt, associated conductor of the Orchestre National d\u2019Auvergne, music director and conductor of the Academia Montis Regalis orchestra, Enrico grown up in the antique atelier of his parents in Ravenna (Italy), surrounded by the beauty of the past since the beginning of his music studies, developing hence a passion for the historical performances. As a conductor and soloist, he was so led to explore the repertoire from the 17th to the 20th century creating his personal language through the knowledge of the historical praxes, intended as extraordinary sources of inspiration for new ideas and panoramas in interpretation.<\/span><\/p>\n<p class=\"p1\" style=\"text-align: justify;\"><span style=\"color: #000000;\">His career began with an invitation from Jordi Savall to be the concertmaster of La Capella Real when he was still a student. Very soon he found himself working with groups such as the Concentus Musicus Wien, Ensemble Mosaiques, and Il Giardino Armonico, the ensemble he led as concertmaster and soloist from 1987 to 2010. In 2002 he entered upon a conductor&#8217;s career, which has brought him great acclaim and numerous invitations from orchestras, opera houses and festivals all over Europe, Japan and Canada. Since 2006 he&#8217;s guest conductor with the Orquesta Barroca de Sevilla.<\/span><\/p>\n<p class=\"p1\" style=\"text-align: justify;\"><span style=\"color: #000000;\">Invitations as conductor or as conductor in residence include orchestras such as the Akademie f\u00fcr Akademie f\u00fcr Alte Musik, Camerata Bern, Bochumer Symphoniker, Wiener Kammerorchester, Festival Strings Lucerne, Kammerorchester Basel, Tafelmusik Toronto, Orchestra Ensemble Kanazawa, Orchestra del Maggio Musicale Fiorentino, Real Orquesta Sinfonica de Sevilla, Orquesta de l&#8217;Op\u00e9ra de Lyon, Orquesta Sinfonica de Galicia, Orchestra Metropolitana Lisbon, Real Filharmonia de Galicia, Riga Sinfonietta and more.<\/span><\/p>\n<p class=\"p1\" style=\"text-align: justify;\"><span style=\"color: #000000;\">In the opera field, he conducted opera productions at the Lyon Op\u00e9ra, Teatro de la Maestranza of Sevilla, Torino Teatro Regio, Halle Staatstheater, among others, working with stage directors such as Alessio Pizzech, Mariame Cl\u00e9ment, David Marton, Stephen Lawless.<\/span><\/p>\n<p class=\"p1\" style=\"text-align: justify;\"><span style=\"color: #000000;\">He founded the chamber group Imaginarium Ensemble to perform the great Italian solo violin repertoire from the early Baroque until the Age of the Enlightenments. Imaginarium Ensemble&#8217;s CDs have been awarded many prizes. Among them, the prestigious French Diapason d&#8217;or de l&#8217;ann\u00e9e 2020 for \u201cInto Nature, Vivaldi&#8217;s Seasons and other sounds from Mother Earth\u201d<\/span><\/p>\n<p class=\"p1\" style=\"text-align: justify;\"><span style=\"color: #000000;\">Enrico has performed in the world&#8217;s most famous concert halls, including the Musikverein and Konzerthaus in Vienna, Mozarteum in Salzburg, Philarmonie and Unter den Linden Opera in Berlin, Alte Oper in Frankfurt, Concertgebouw in Amsterdam, Teatro San Carlo in Naples, Carnegie Hall and Lincoln Center in New York, the Wigmore Hall and Barbican in London, Tonhalle in Zurich, Th\u00e9\u00e2tre des Champs-Elys\u00e9es and Th\u00e9\u00e2tre du Ch\u00e2telet in Paris, Auditorio Nacional in Madrid, Oji Hall in Tokyo, Osaka Symphony Hall, Teatro Colon in Buenos Aires, alongside artists like Nikolaus Harnoncourt, Gustav Leonhardt, Christophe Coin, Cecilia Bartoli, Katia and Marielle Lab\u00e8que and more. Many of Enrico&#8217;s recordings with Teldec, Decca, Astr\u00e9e, Naive, Deutsche Harmonia Mundi \/ Sony, Passacaille, Nichion, Pentatone, Winter &amp; Winter, Opus111, Virgin, Zig Zag Territoires etc., have been awarded prestigious international prizes, such as the Gramophone Award, Grand Prix des Discophiles, Echo-Deutsche Schallplattenpreis, Premio Caecilia, Premio Fondazione Cini of Venice, La Nouvelle Academie du Disque and numerous Diapason d\u2019Or, Choc de la Musique, 10 de R\u00e9pertoire des disques compacts.<\/span><\/p>\n<p class=\"p1\" style=\"text-align: justify;\"><span style=\"color: #000000;\">Enrico has been professor of baroque violin and interpretation of baroque music at conservatoire A. Scarlatti in Palermo since 1999, currently at conservatoire G.Rossini in Pesaro. He has been invited to give master classes throughout Europe, Canada, USA (Juilliard School, New York) and Japan. He\u2019s been tutor and conductor with the EUBO (European Union Baroque Orchestra). In 2019 he&#8217;s been awarded the F. Abbiati prize as best soloist of the year.<\/span><\/p>\n<p>[\/et_pb_text][et_pb_text admin_label=&#8221;Texto&#8221; _builder_version=&#8221;4.16&#8243; background_size=&#8221;initial&#8221; background_position=&#8221;top_left&#8221; background_repeat=&#8221;repeat&#8221; use_border_color=&#8221;off&#8221; border_color=&#8221;#ffffff&#8221; border_style=&#8221;solid&#8221; global_colors_info=&#8221;{}&#8221;]<a href=\"https:\/\/acmconcerts.com\/en\/?ddownload=412\" title=\"Descargar BIO (PDF)\" rel=\"nofollow\" class=\"ddownload-button button-grey id-412 ext-pdf\">Descargar BIO (PDF)<\/a><br \/>\n[\/et_pb_text][et_pb_text admin_label=&#8221;Texto&#8221; _builder_version=&#8221;4.16&#8243; background_size=&#8221;initial&#8221; background_position=&#8221;top_left&#8221; background_repeat=&#8221;repeat&#8221; use_border_color=&#8221;off&#8221; border_color=&#8221;#ffffff&#8221; border_style=&#8221;solid&#8221; global_colors_info=&#8221;{}&#8221;]<a href=\"https:\/\/acmconcerts.com\/en\/?ddownload=413\" title=\"Download BIO (PDF)\" rel=\"nofollow\" class=\"ddownload-button button-grey id-413 ext-pdf\">Download BIO (PDF)<\/a><br \/>\n[\/et_pb_text][\/et_pb_column][et_pb_column type=&#8221;1_3&#8243; _builder_version=&#8221;4.16&#8243; custom_padding=&#8221;|||&#8221; global_colors_info=&#8221;{}&#8221; custom_padding__hover=&#8221;|||&#8221;][et_pb_social_media_follow url_new_window=&#8221;off&#8221; admin_label=&#8221;Seguir en medios sociales&#8221; _builder_version=&#8221;4.16&#8243; link_shape=&#8221;rounded_rectangle&#8221; global_colors_info=&#8221;{}&#8221;][et_pb_social_media_follow_network social_network=&#8221;facebook&#8221; url=&#8221;https:\/\/www.facebook.com\/onofri.enrico&#8221; _builder_version=&#8221;4.16&#8243; background_color=&#8221;#3b5998&#8243; global_colors_info=&#8221;{}&#8221; follow_button=&#8221;off&#8221; url_new_window=&#8221;off&#8221;]facebook[\/et_pb_social_media_follow_network][et_pb_social_media_follow_network social_network=&#8221;twitter&#8221; url=&#8221;https:\/\/twitter.com\/enrico_onofri&#8221; _builder_version=&#8221;4.16&#8243; background_color=&#8221;#00aced&#8221; bg_color=&#8221;#00aced&#8221; global_colors_info=&#8221;{}&#8221; follow_button=&#8221;off&#8221; url_new_window=&#8221;off&#8221;] Twitter [\/et_pb_social_media_follow_network][\/et_pb_social_media_follow][et_pb_text admin_label=&#8221;Texto&#8221; _builder_version=&#8221;4.16&#8243; background_size=&#8221;initial&#8221; background_position=&#8221;top_left&#8221; background_repeat=&#8221;repeat&#8221; use_border_color=&#8221;off&#8221; border_color=&#8221;#ffffff&#8221; border_style=&#8221;solid&#8221; global_colors_info=&#8221;{}&#8221;]<\/p>\n<p style=\"margin: 0cm; margin-bottom: .0001pt; background: white;\"><span style=\"font-size: 11.0pt; font-family: Calibri; color: #222222;\">Web:<span class=\"apple-converted-space\">\u00a0<\/span><\/span><span style=\"font-size: 11pt; font-family: Calibri; color: #000000;\"><a href=\"http:\/\/www.enricoonofri.com\/\" target=\"_blank\" rel=\"noopener noreferrer\">http:\/\/www.enricoonofri.com\/<\/a><\/span><\/p>\n<p>[\/et_pb_text][et_pb_code admin_label=&#8221;C\u00f3digo&#8221; _builder_version=&#8221;4.16&#8243; global_colors_info=&#8221;{}&#8221;]<iframe width=\"650\" height=\"450\" src=\"https:\/\/www.youtube-nocookie.com\/embed\/videoseries?list=PL6Y2Eo22D_lWCaGxwPFfFPtioncAxP6CY\" frameborder=\"0\" allow=\"accelerometer; autoplay; encrypted-media; gyroscope; picture-in-picture\" allowfullscreen><\/iframe>[\/et_pb_code][\/et_pb_column][\/et_pb_row][\/et_pb_section]<\/p>\n","protected":false},"excerpt":{"rendered":"<p>Enrico Onofri, conductor and violinist Principal Conductor of the Filarmonica ToscaniniPrincipal Guest Conductor of the Haydn PhilharmonieAssociated Conductor of the Orchestre National d\u2019AuvergneAssociated Conductor of the M\u00fcnchener KammerorchesterMusic Director and Conductor of the Academia Montis RegalisFounder and Music Director of the Imaginarium EnsembleMusic Director and Conductor of the Real C\u00e2maraHistorical performance professor in the Conservatorio [&hellip;]<\/p>\n","protected":false},"author":2,"featured_media":4485,"parent":746,"menu_order":0,"comment_status":"closed","ping_status":"closed","template":"","meta":{"_et_pb_use_builder":"on","_et_pb_old_content":"","_et_gb_content_width":"","_monsterinsights_skip_tracking":false,"_monsterinsights_sitenote_active":false,"_monsterinsights_sitenote_note":"","_monsterinsights_sitenote_category":0,"_ayudawp_aiss_exclude":false,"footnotes":""},"class_list":["post-838","page","type-page","status-publish","has-post-thumbnail","hentry"],"yoast_head":"<!-- This site is optimized with the Yoast SEO Premium plugin v27.2 (Yoast SEO v27.2) - https:\/\/yoast.com\/product\/yoast-seo-premium-wordpress\/ -->\n<title>Enrico Onofri - ACM Concerts<\/title>\n<meta name=\"description\" content=\"Enrico Onofri was born in Ravenna, Italy. His career begins with an invitation from Jordi Savall to be concertmaster of La Capella Real. Then, he works...\" \/>\n<meta name=\"robots\" content=\"index, follow, max-snippet:-1, max-image-preview:large, max-video-preview:-1\" \/>\n<link rel=\"canonical\" href=\"https:\/\/acmconcerts.com\/en\/artists\/conductors\/enrico-onofri\/\" \/>\n<meta property=\"og:locale\" content=\"en_US\" \/>\n<meta property=\"og:type\" content=\"article\" \/>\n<meta property=\"og:title\" content=\"Enrico Onofri\" \/>\n<meta property=\"og:url\" content=\"https:\/\/acmconcerts.com\/en\/artists\/conductors\/enrico-onofri\/\" \/>\n<meta property=\"og:site_name\" content=\"ACM Concerts\" \/>\n<meta property=\"article:publisher\" content=\"https:\/\/www.facebook.com\/ACM-Concerts-819784831388420\/\" \/>\n<meta property=\"article:modified_time\" content=\"2022-06-30T08:28:00+00:00\" \/>\n<meta property=\"og:image\" content=\"https:\/\/acmconcerts.com\/wp-content\/uploads\/2016\/01\/enrico_onofri02_op.jpg\" \/>\n\t<meta property=\"og:image:width\" content=\"1024\" \/>\n\t<meta property=\"og:image:height\" content=\"682\" \/>\n\t<meta property=\"og:image:type\" content=\"image\/jpeg\" \/>\n<meta name=\"twitter:card\" content=\"summary_large_image\" \/>\n<meta name=\"twitter:site\" content=\"@acmconcerts\" \/>\n<script type=\"application\/ld+json\" class=\"yoast-schema-graph\">{\"@context\":\"https:\/\/schema.org\",\"@graph\":[{\"@type\":\"WebPage\",\"@id\":\"https:\/\/acmconcerts.com\/en\/artists\/conductors\/enrico-onofri\/\",\"url\":\"https:\/\/acmconcerts.com\/en\/artists\/conductors\/enrico-onofri\/\",\"name\":\"Enrico Onofri - ACM Concerts\",\"isPartOf\":{\"@id\":\"https:\/\/acmconcerts.com\/#website\"},\"primaryImageOfPage\":{\"@id\":\"https:\/\/acmconcerts.com\/en\/artists\/conductors\/enrico-onofri\/#primaryimage\"},\"image\":{\"@id\":\"https:\/\/acmconcerts.com\/en\/artists\/conductors\/enrico-onofri\/#primaryimage\"},\"thumbnailUrl\":\"https:\/\/acmconcerts.com\/wp-content\/uploads\/2016\/01\/enrico_onofri02_op.jpg\",\"datePublished\":\"2016-01-27T12:27:28+00:00\",\"dateModified\":\"2022-06-30T08:28:00+00:00\",\"description\":\"Enrico Onofri was born in Ravenna, Italy. His career begins with an invitation from Jordi Savall to be concertmaster of La Capella Real. Then, he works...\",\"breadcrumb\":{\"@id\":\"https:\/\/acmconcerts.com\/en\/artists\/conductors\/enrico-onofri\/#breadcrumb\"},\"inLanguage\":\"en-US\",\"potentialAction\":[{\"@type\":\"ReadAction\",\"target\":[\"https:\/\/acmconcerts.com\/en\/artists\/conductors\/enrico-onofri\/\"]}]},{\"@type\":\"ImageObject\",\"inLanguage\":\"en-US\",\"@id\":\"https:\/\/acmconcerts.com\/en\/artists\/conductors\/enrico-onofri\/#primaryimage\",\"url\":\"https:\/\/acmconcerts.com\/wp-content\/uploads\/2016\/01\/enrico_onofri02_op.jpg\",\"contentUrl\":\"https:\/\/acmconcerts.com\/wp-content\/uploads\/2016\/01\/enrico_onofri02_op.jpg\",\"width\":1024,\"height\":682},{\"@type\":\"BreadcrumbList\",\"@id\":\"https:\/\/acmconcerts.com\/en\/artists\/conductors\/enrico-onofri\/#breadcrumb\",\"itemListElement\":[{\"@type\":\"ListItem\",\"position\":1,\"name\":\"Portada\",\"item\":\"https:\/\/acmconcerts.com\/en\/\"},{\"@type\":\"ListItem\",\"position\":2,\"name\":\"Artists\",\"item\":\"https:\/\/acmconcerts.com\/en\/artists\/\"},{\"@type\":\"ListItem\",\"position\":3,\"name\":\"Conductors\",\"item\":\"https:\/\/acmconcerts.com\/en\/artists\/conductors\/\"},{\"@type\":\"ListItem\",\"position\":4,\"name\":\"Enrico Onofri\"}]},{\"@type\":\"WebSite\",\"@id\":\"https:\/\/acmconcerts.com\/#website\",\"url\":\"https:\/\/acmconcerts.com\/\",\"name\":\"ACM Concerts\",\"description\":\"Agencia art\u00edstica\",\"publisher\":{\"@id\":\"https:\/\/acmconcerts.com\/#organization\"},\"potentialAction\":[{\"@type\":\"SearchAction\",\"target\":{\"@type\":\"EntryPoint\",\"urlTemplate\":\"https:\/\/acmconcerts.com\/?s={search_term_string}\"},\"query-input\":{\"@type\":\"PropertyValueSpecification\",\"valueRequired\":true,\"valueName\":\"search_term_string\"}}],\"inLanguage\":\"en-US\"},{\"@type\":\"Organization\",\"@id\":\"https:\/\/acmconcerts.com\/#organization\",\"name\":\"ACM Concerts\",\"url\":\"https:\/\/acmconcerts.com\/\",\"logo\":{\"@type\":\"ImageObject\",\"inLanguage\":\"en-US\",\"@id\":\"https:\/\/acmconcerts.com\/#\/schema\/logo\/image\/\",\"url\":\"https:\/\/acmconcerts.com\/wp-content\/uploads\/2015\/11\/logo-ACM-grande-e1447756158188.jpg\",\"contentUrl\":\"https:\/\/acmconcerts.com\/wp-content\/uploads\/2015\/11\/logo-ACM-grande-e1447756158188.jpg\",\"width\":600,\"height\":146,\"caption\":\"ACM Concerts\"},\"image\":{\"@id\":\"https:\/\/acmconcerts.com\/#\/schema\/logo\/image\/\"},\"sameAs\":[\"https:\/\/www.facebook.com\/ACM-Concerts-819784831388420\/\",\"https:\/\/x.com\/acmconcerts\",\"https:\/\/www.youtube.com\/user\/acmconcerts\"]}]}<\/script>\n<!-- \/ Yoast SEO Premium plugin. -->","yoast_head_json":{"title":"Enrico Onofri - ACM Concerts","description":"Enrico Onofri was born in Ravenna, Italy. His career begins with an invitation from Jordi Savall to be concertmaster of La Capella Real. Then, he works...","robots":{"index":"index","follow":"follow","max-snippet":"max-snippet:-1","max-image-preview":"max-image-preview:large","max-video-preview":"max-video-preview:-1"},"canonical":"https:\/\/acmconcerts.com\/en\/artists\/conductors\/enrico-onofri\/","og_locale":"en_US","og_type":"article","og_title":"Enrico Onofri","og_url":"https:\/\/acmconcerts.com\/en\/artists\/conductors\/enrico-onofri\/","og_site_name":"ACM Concerts","article_publisher":"https:\/\/www.facebook.com\/ACM-Concerts-819784831388420\/","article_modified_time":"2022-06-30T08:28:00+00:00","og_image":[{"width":1024,"height":682,"url":"https:\/\/acmconcerts.com\/wp-content\/uploads\/2016\/01\/enrico_onofri02_op.jpg","type":"image\/jpeg"}],"twitter_card":"summary_large_image","twitter_site":"@acmconcerts","schema":{"@context":"https:\/\/schema.org","@graph":[{"@type":"WebPage","@id":"https:\/\/acmconcerts.com\/en\/artists\/conductors\/enrico-onofri\/","url":"https:\/\/acmconcerts.com\/en\/artists\/conductors\/enrico-onofri\/","name":"Enrico Onofri - ACM Concerts","isPartOf":{"@id":"https:\/\/acmconcerts.com\/#website"},"primaryImageOfPage":{"@id":"https:\/\/acmconcerts.com\/en\/artists\/conductors\/enrico-onofri\/#primaryimage"},"image":{"@id":"https:\/\/acmconcerts.com\/en\/artists\/conductors\/enrico-onofri\/#primaryimage"},"thumbnailUrl":"https:\/\/acmconcerts.com\/wp-content\/uploads\/2016\/01\/enrico_onofri02_op.jpg","datePublished":"2016-01-27T12:27:28+00:00","dateModified":"2022-06-30T08:28:00+00:00","description":"Enrico Onofri was born in Ravenna, Italy. His career begins with an invitation from Jordi Savall to be concertmaster of La Capella Real. Then, he works...","breadcrumb":{"@id":"https:\/\/acmconcerts.com\/en\/artists\/conductors\/enrico-onofri\/#breadcrumb"},"inLanguage":"en-US","potentialAction":[{"@type":"ReadAction","target":["https:\/\/acmconcerts.com\/en\/artists\/conductors\/enrico-onofri\/"]}]},{"@type":"ImageObject","inLanguage":"en-US","@id":"https:\/\/acmconcerts.com\/en\/artists\/conductors\/enrico-onofri\/#primaryimage","url":"https:\/\/acmconcerts.com\/wp-content\/uploads\/2016\/01\/enrico_onofri02_op.jpg","contentUrl":"https:\/\/acmconcerts.com\/wp-content\/uploads\/2016\/01\/enrico_onofri02_op.jpg","width":1024,"height":682},{"@type":"BreadcrumbList","@id":"https:\/\/acmconcerts.com\/en\/artists\/conductors\/enrico-onofri\/#breadcrumb","itemListElement":[{"@type":"ListItem","position":1,"name":"Portada","item":"https:\/\/acmconcerts.com\/en\/"},{"@type":"ListItem","position":2,"name":"Artists","item":"https:\/\/acmconcerts.com\/en\/artists\/"},{"@type":"ListItem","position":3,"name":"Conductors","item":"https:\/\/acmconcerts.com\/en\/artists\/conductors\/"},{"@type":"ListItem","position":4,"name":"Enrico Onofri"}]},{"@type":"WebSite","@id":"https:\/\/acmconcerts.com\/#website","url":"https:\/\/acmconcerts.com\/","name":"ACM Concerts","description":"Agencia art\u00edstica","publisher":{"@id":"https:\/\/acmconcerts.com\/#organization"},"potentialAction":[{"@type":"SearchAction","target":{"@type":"EntryPoint","urlTemplate":"https:\/\/acmconcerts.com\/?s={search_term_string}"},"query-input":{"@type":"PropertyValueSpecification","valueRequired":true,"valueName":"search_term_string"}}],"inLanguage":"en-US"},{"@type":"Organization","@id":"https:\/\/acmconcerts.com\/#organization","name":"ACM Concerts","url":"https:\/\/acmconcerts.com\/","logo":{"@type":"ImageObject","inLanguage":"en-US","@id":"https:\/\/acmconcerts.com\/#\/schema\/logo\/image\/","url":"https:\/\/acmconcerts.com\/wp-content\/uploads\/2015\/11\/logo-ACM-grande-e1447756158188.jpg","contentUrl":"https:\/\/acmconcerts.com\/wp-content\/uploads\/2015\/11\/logo-ACM-grande-e1447756158188.jpg","width":600,"height":146,"caption":"ACM Concerts"},"image":{"@id":"https:\/\/acmconcerts.com\/#\/schema\/logo\/image\/"},"sameAs":["https:\/\/www.facebook.com\/ACM-Concerts-819784831388420\/","https:\/\/x.com\/acmconcerts","https:\/\/www.youtube.com\/user\/acmconcerts"]}]}},"_links":{"self":[{"href":"https:\/\/acmconcerts.com\/en\/wp-json\/wp\/v2\/pages\/838","targetHints":{"allow":["GET"]}}],"collection":[{"href":"https:\/\/acmconcerts.com\/en\/wp-json\/wp\/v2\/pages"}],"about":[{"href":"https:\/\/acmconcerts.com\/en\/wp-json\/wp\/v2\/types\/page"}],"author":[{"embeddable":true,"href":"https:\/\/acmconcerts.com\/en\/wp-json\/wp\/v2\/users\/2"}],"replies":[{"embeddable":true,"href":"https:\/\/acmconcerts.com\/en\/wp-json\/wp\/v2\/comments?post=838"}],"version-history":[{"count":0,"href":"https:\/\/acmconcerts.com\/en\/wp-json\/wp\/v2\/pages\/838\/revisions"}],"up":[{"embeddable":true,"href":"https:\/\/acmconcerts.com\/en\/wp-json\/wp\/v2\/pages\/746"}],"wp:featuredmedia":[{"embeddable":true,"href":"https:\/\/acmconcerts.com\/en\/wp-json\/wp\/v2\/media\/4485"}],"wp:attachment":[{"href":"https:\/\/acmconcerts.com\/en\/wp-json\/wp\/v2\/media?parent=838"}],"curies":[{"name":"wp","href":"https:\/\/api.w.org\/{rel}","templated":true}]}}