{"id":832,"date":"2016-01-27T17:35:19","date_gmt":"2016-01-27T16:35:19","guid":{"rendered":"http:\/\/acmconcerts.com\/en\/artists\/conductors\/nicholas-milton\/"},"modified":"2021-03-23T14:24:03","modified_gmt":"2021-03-23T12:24:03","slug":"nicholas-milton","status":"publish","type":"page","link":"https:\/\/acmconcerts.com\/en\/artists\/conductors\/nicholas-milton\/","title":{"rendered":"Nicholas Milton"},"content":{"rendered":"<p>[et_pb_section fb_built=&#8221;1&#8243; fullwidth=&#8221;on&#8221; _builder_version=&#8221;3.22&#8243;][et_pb_fullwidth_image src=&#8221;https:\/\/acmconcerts.com\/wp-content\/uploads\/2016\/01\/nicholas_milton.jpg&#8221; _builder_version=&#8221;3.0.87&#8243; animation_style=&#8221;fade&#8221; animation_duration=&#8221;500ms&#8221; animation=&#8221;fade_in&#8221; use_border_color=&#8221;off&#8221; border_color=&#8221;#ffffff&#8221; border_style=&#8221;solid&#8221;][\/et_pb_fullwidth_image][\/et_pb_section][et_pb_section fb_built=&#8221;1&#8243; _builder_version=&#8221;3.22&#8243;][et_pb_row column_structure=&#8221;2_3,1_3&#8243; _builder_version=&#8221;3.25&#8243; background_size=&#8221;initial&#8221; background_position=&#8221;top_left&#8221; background_repeat=&#8221;repeat&#8221;][et_pb_column type=&#8221;2_3&#8243; _builder_version=&#8221;3.25&#8243; custom_padding=&#8221;|||&#8221; custom_padding__hover=&#8221;|||&#8221;][et_pb_text _builder_version=&#8221;4.9.2&#8243; background_size=&#8221;initial&#8221; background_position=&#8221;top_left&#8221; background_repeat=&#8221;repeat&#8221; hover_enabled=&#8221;0&#8243; use_border_color=&#8221;off&#8221; sticky_enabled=&#8221;0&#8243;]<\/p>\n<h2><span style=\"color: #000000;\">Nicholas Milton, conductor<\/span><\/h2>\n<p><span style=\"color: #000000;\"><strong>General Music Director of the G\u00f6ttinger Symphonie Orchester<\/strong><\/span><br \/><span style=\"color: #000000;\"><strong>Chief Conductor and Artistic Director of the Canberra Symphony Orchestra<\/strong><\/span><br \/><span style=\"color: #000000;\"><strong>Chief Conductor and Artistic Director of the Willoughby Symphony Orchestra<\/strong><\/span><br \/><span style=\"color: #000000;\"><strong>Principal Guest Conductor of the Norddeutsche Philharmonie Rostock<\/strong><\/span><br \/><span style=\"color: #000000;\"><strong>Chief Conductor of the Stadttheater Klagenfurt<\/strong><\/span><\/p>\n<p style=\"text-align: justify;\"><span style=\"color: #000000;\">Renowned for his charismatic stage presence, powerful interpretations and compelling musical integrity, Nicholas Milton continues to attract international attention as one of the most outstanding Australian conductors working today.<\/span><\/p>\n<p style=\"text-align: justify;\"><span style=\"color: #000000;\">Nicholas Milton has just commenced his first season as Chief Conductor and Artistic Director of the G\u00f6ttingen Symphony Orchestra (Germany). He is also Principal Guest Conductor of the North German Philharmonic Orchestra (Rostock), Chief Conductor and Artistic Director of the Canberra Symphony Orchestra (Australia) and Artistic Director of the Willoughby Symphony Orchestra in Sydney.<\/span><\/p>\n<p style=\"text-align: justify;\"><span style=\"color: #000000;\">As General Music Director and Chief Conductor of the State Opera House in Saarbr\u00fccken, Germany (Saarl\u00e4ndisches Staatstheater) (2014 \u2013 2018) and as a guest conductor during the last seasons at the Deutsche Oper and Komische Oper (Berlin), Volksoper (Vienna), and in Dortmund, Leipzig, Linz, Innsbruck and Sydney, Nicholas Milton\u2019s repertoire has included <em>Salome, Tannh\u00e4user, Der Fliegende Holl\u00e4nder, Peter Grimes, K\u00e1tja Kabanov\u00e1, Tosca, La Boh\u00e8me, Madama Butterfly, La Fanciulla del West, Falstaff, Un Ballo in maschera, La Traviata, H\u00e4nsel und Gretel, Carmen, Don Giovanni, Cos\u00ec fan tutte <\/em>und<em> Die Zauberfl\u00f6te<\/em>. Future engagements include <em>La Boh\u00e8me<\/em> and <em>Madama Butterfly<\/em> for Opera Australia (Sydney) as well as productions at the Deutsche Oper Berlin and the K\u00e4rntner Landestheater (Klagenfurt).<\/span><\/p>\n<p style=\"text-align: justify;\"><span style=\"color: #000000;\">The only Australian conductor ever nominated for a Grammy award, Nicholas Milton\u2019s concert engagements include appearances with leading orchestras in Germany, Austria, Switzerland, England, Hungary, France, Spain, the Netherlands and Asia, among them, the London Philharmonic Orchestra, Konzerthausorchester Berlin, NDR Sinfonieorchester Hamburg and Radiophilharmonie Hannover, SWR Radio Sinfonieorchester Stuttgart, Deutsche Radio Philharmonie Saarbr\u00fccken, Stuttgart Philharmonic, Dortmund Philharmonic, Staatsorchester Wiesbaden, Staatsorchester Darmstadt, Deutsche Staatsphilharmonie Rheinland-Pfalz, Orchester des Nationaltheaters Mannheim, Bruckner Orchester Linz, Orchestra della Svizzera Italiana, Sinfonia Varsovia, Nagoya Philharmonic, and China National Symphony Orchestra.<\/span><\/p>\n<p style=\"text-align: justify;\"><span style=\"color: #000000;\">Appointed as the youngest-ever concertmaster of a major Australian orchestra, Nicholas Milton enjoyed a distinguished career as a violinist and chamber musician before dedicating himself exclusively to conducting. He was Concertmaster and Associate Conductor of the Adelaide Symphony Orchestra and Violinist of Australia\u2019s Macquarie Trio. He has served as Chief Conductor of the Dubrovnik Symphony Orchestra, Chief Conductor of the Innviertler Symphonie Orchester (Austria) and General Music Director of the Jena Philharmonic Orchestra (2004 \u2013 2010).<\/span><\/p>\n<p style=\"text-align: justify;\"><span style=\"color: #000000;\">Nicholas studied at the Sydney Conservatorium of Music, Michigan State University, Mannes College of Music and the Juilliard School. He holds four Master degrees, in Violin, Conducting, Music Theory and Philosophy, and a Doctorate in Music from the City University of New York. Mentored at the Sibelius Academy in Helsinki by the legendary Jorma Panula, he also served as Assistant Conductor to Mariss Jansons on an extensive European and United States tour with the Royal Concertgebouw Orchestra. Milton won the 1999 Symphony Australia Conductor of the Year Competition and was a prize-winner in the Lovro von Mata\u010di\u0107 International Competition of Young Conductors. In 2001, Dr. Milton was awarded the Australian Centenary Medal for Service to Australian Society and the Advancement of Music. He also received the 2014-15 College of Music Distinguished Alumni Award from Michigan State University. In 2015, he was invited by the Australian Prime Minister to join the Australia-Germany Advisory Group and in 2016 he was named a Member of the Order of Australia (AM) for Significant Service to the Arts as Musician, Conductor and Artistic Director.<\/span><\/p>\n<p style=\"text-align: justify;\"><span style=\"color: #000000;\">Nicholas Milton\u2019s discography includes about 50 CD recordings. He was nominated for a 2016 Grammy Award in the category, Best Classical Instrumental Solo, for his recording with Joseph Moog of Piano Concertos by Grieg and Moszkowski. Numerous forthcoming CD recordings with the Konzerthausorchester Berlin and the Deutsche Radio Philharmonie Saarbr\u00fccken Kaiserslautern are scheduled for release on the Onyx and CPO labels.<\/span><\/p>\n<p>[\/et_pb_text][et_pb_text _builder_version=&#8221;3.27.4&#8243; background_size=&#8221;initial&#8221; background_position=&#8221;top_left&#8221; background_repeat=&#8221;repeat&#8221; use_border_color=&#8221;off&#8221; border_color=&#8221;#ffffff&#8221; border_style=&#8221;solid&#8221;] <a href=\"https:\/\/acmconcerts.com\/en\/?ddownload=452\" title=\"Descargar BIO (PDF)\" rel=\"nofollow\" class=\"ddownload-button button-grey id-452 ext-pdf\">Descargar BIO (PDF)<\/a> [\/et_pb_text][et_pb_text _builder_version=&#8221;3.27.4&#8243; background_size=&#8221;initial&#8221; background_position=&#8221;top_left&#8221; background_repeat=&#8221;repeat&#8221; use_border_color=&#8221;off&#8221; border_color=&#8221;#ffffff&#8221; border_style=&#8221;solid&#8221;] <a href=\"https:\/\/acmconcerts.com\/en\/?ddownload=453\" title=\"Download BIO (PDF)\" rel=\"nofollow\" class=\"ddownload-button button-grey id-453 ext-pdf\">Download BIO (PDF)<\/a> [\/et_pb_text][\/et_pb_column][et_pb_column type=&#8221;1_3&#8243; _builder_version=&#8221;3.25&#8243; custom_padding=&#8221;|||&#8221; custom_padding__hover=&#8221;|||&#8221;][et_pb_text _builder_version=&#8221;3.27.4&#8243; background_size=&#8221;initial&#8221; background_position=&#8221;top_left&#8221; background_repeat=&#8221;repeat&#8221; use_border_color=&#8221;off&#8221; border_color=&#8221;#ffffff&#8221; border_style=&#8221;solid&#8221;]<\/p>\n<p>Web:\u00a0<a href=\"http:\/\/www.nicholasmilton.com\" target=\"_blank\" rel=\"noopener noreferrer\">http:\/\/www.nicholasmilton.com<\/a><\/p>\n<p>[\/et_pb_text][et_pb_code _builder_version=&#8221;4.4.8&#8243;]<iframe width=\"650\" height=\"450\" src=\"https:\/\/www.youtube-nocookie.com\/embed\/videoseries?list=PL6Y2Eo22D_lV9XylFF8IAl35JcKXsl9kF\" frameborder=\"0\" allow=\"accelerometer; autoplay; encrypted-media; gyroscope; picture-in-picture\" allowfullscreen><\/iframe>[\/et_pb_code][\/et_pb_column][\/et_pb_row][\/et_pb_section]<\/p>\n","protected":false},"excerpt":{"rendered":"<p>Nicholas Milton, conductor General Music Director of the G\u00f6ttinger Symphonie OrchesterChief Conductor and Artistic Director of the Canberra Symphony OrchestraChief Conductor and Artistic Director of the Willoughby Symphony OrchestraPrincipal Guest Conductor of the Norddeutsche Philharmonie RostockChief Conductor of the Stadttheater Klagenfurt Renowned for his charismatic stage presence, powerful interpretations and compelling musical integrity, Nicholas Milton [&hellip;]<\/p>\n","protected":false},"author":2,"featured_media":830,"parent":746,"menu_order":0,"comment_status":"closed","ping_status":"closed","template":"","meta":{"_et_pb_use_builder":"on","_et_pb_old_content":"","_et_gb_content_width":"","_monsterinsights_skip_tracking":false,"_monsterinsights_sitenote_active":false,"_monsterinsights_sitenote_note":"","_monsterinsights_sitenote_category":0,"_ayudawp_aiss_exclude":false,"footnotes":""},"class_list":["post-832","page","type-page","status-publish","has-post-thumbnail","hentry"],"yoast_head":"<!-- This site is optimized with the Yoast SEO Premium plugin v27.2 (Yoast SEO v27.2) - https:\/\/yoast.com\/product\/yoast-seo-premium-wordpress\/ -->\n<title>Nicholas Milton - ACM Concerts<\/title>\n<meta name=\"description\" content=\"Renowned for his charismatic stage presence, powerful interpretations and compelling musical integrity, Nicholas Milton continues to attract international ...\" \/>\n<meta name=\"robots\" content=\"index, follow, max-snippet:-1, max-image-preview:large, max-video-preview:-1\" \/>\n<link rel=\"canonical\" href=\"https:\/\/acmconcerts.com\/en\/artists\/conductors\/nicholas-milton\/\" \/>\n<meta property=\"og:locale\" content=\"en_US\" \/>\n<meta property=\"og:type\" content=\"article\" \/>\n<meta property=\"og:title\" content=\"Nicholas Milton\" \/>\n<meta property=\"og:url\" content=\"https:\/\/acmconcerts.com\/en\/artists\/conductors\/nicholas-milton\/\" \/>\n<meta property=\"og:site_name\" content=\"ACM Concerts\" \/>\n<meta property=\"article:publisher\" content=\"https:\/\/www.facebook.com\/ACM-Concerts-819784831388420\/\" \/>\n<meta property=\"article:modified_time\" content=\"2021-03-23T12:24:03+00:00\" \/>\n<meta property=\"og:image\" content=\"https:\/\/acmconcerts.com\/wp-content\/uploads\/2016\/01\/Nicholas_Milton_8919_Image_courtesy_Canberra_Symphony_Orchestra.jpg\" \/>\n\t<meta property=\"og:image:width\" content=\"1024\" \/>\n\t<meta property=\"og:image:height\" content=\"683\" \/>\n\t<meta property=\"og:image:type\" content=\"image\/jpeg\" \/>\n<meta name=\"twitter:card\" content=\"summary_large_image\" \/>\n<meta name=\"twitter:site\" content=\"@acmconcerts\" \/>\n<script type=\"application\/ld+json\" class=\"yoast-schema-graph\">{\"@context\":\"https:\/\/schema.org\",\"@graph\":[{\"@type\":\"WebPage\",\"@id\":\"https:\/\/acmconcerts.com\/en\/artists\/conductors\/nicholas-milton\/\",\"url\":\"https:\/\/acmconcerts.com\/en\/artists\/conductors\/nicholas-milton\/\",\"name\":\"Nicholas Milton - ACM Concerts\",\"isPartOf\":{\"@id\":\"https:\/\/acmconcerts.com\/#website\"},\"primaryImageOfPage\":{\"@id\":\"https:\/\/acmconcerts.com\/en\/artists\/conductors\/nicholas-milton\/#primaryimage\"},\"image\":{\"@id\":\"https:\/\/acmconcerts.com\/en\/artists\/conductors\/nicholas-milton\/#primaryimage\"},\"thumbnailUrl\":\"https:\/\/acmconcerts.com\/wp-content\/uploads\/2016\/01\/Nicholas_Milton_8919_Image_courtesy_Canberra_Symphony_Orchestra.jpg\",\"datePublished\":\"2016-01-27T16:35:19+00:00\",\"dateModified\":\"2021-03-23T12:24:03+00:00\",\"description\":\"Renowned for his charismatic stage presence, powerful interpretations and compelling musical integrity, Nicholas Milton continues to attract international ...\",\"breadcrumb\":{\"@id\":\"https:\/\/acmconcerts.com\/en\/artists\/conductors\/nicholas-milton\/#breadcrumb\"},\"inLanguage\":\"en-US\",\"potentialAction\":[{\"@type\":\"ReadAction\",\"target\":[\"https:\/\/acmconcerts.com\/en\/artists\/conductors\/nicholas-milton\/\"]}]},{\"@type\":\"ImageObject\",\"inLanguage\":\"en-US\",\"@id\":\"https:\/\/acmconcerts.com\/en\/artists\/conductors\/nicholas-milton\/#primaryimage\",\"url\":\"https:\/\/acmconcerts.com\/wp-content\/uploads\/2016\/01\/Nicholas_Milton_8919_Image_courtesy_Canberra_Symphony_Orchestra.jpg\",\"contentUrl\":\"https:\/\/acmconcerts.com\/wp-content\/uploads\/2016\/01\/Nicholas_Milton_8919_Image_courtesy_Canberra_Symphony_Orchestra.jpg\",\"width\":1024,\"height\":683,\"caption\":\"Nicholas Milton\"},{\"@type\":\"BreadcrumbList\",\"@id\":\"https:\/\/acmconcerts.com\/en\/artists\/conductors\/nicholas-milton\/#breadcrumb\",\"itemListElement\":[{\"@type\":\"ListItem\",\"position\":1,\"name\":\"Portada\",\"item\":\"https:\/\/acmconcerts.com\/en\/\"},{\"@type\":\"ListItem\",\"position\":2,\"name\":\"Artists\",\"item\":\"https:\/\/acmconcerts.com\/en\/artists\/\"},{\"@type\":\"ListItem\",\"position\":3,\"name\":\"Conductors\",\"item\":\"https:\/\/acmconcerts.com\/en\/artists\/conductors\/\"},{\"@type\":\"ListItem\",\"position\":4,\"name\":\"Nicholas Milton\"}]},{\"@type\":\"WebSite\",\"@id\":\"https:\/\/acmconcerts.com\/#website\",\"url\":\"https:\/\/acmconcerts.com\/\",\"name\":\"ACM Concerts\",\"description\":\"Agencia art\u00edstica\",\"publisher\":{\"@id\":\"https:\/\/acmconcerts.com\/#organization\"},\"potentialAction\":[{\"@type\":\"SearchAction\",\"target\":{\"@type\":\"EntryPoint\",\"urlTemplate\":\"https:\/\/acmconcerts.com\/?s={search_term_string}\"},\"query-input\":{\"@type\":\"PropertyValueSpecification\",\"valueRequired\":true,\"valueName\":\"search_term_string\"}}],\"inLanguage\":\"en-US\"},{\"@type\":\"Organization\",\"@id\":\"https:\/\/acmconcerts.com\/#organization\",\"name\":\"ACM Concerts\",\"url\":\"https:\/\/acmconcerts.com\/\",\"logo\":{\"@type\":\"ImageObject\",\"inLanguage\":\"en-US\",\"@id\":\"https:\/\/acmconcerts.com\/#\/schema\/logo\/image\/\",\"url\":\"https:\/\/acmconcerts.com\/wp-content\/uploads\/2015\/11\/logo-ACM-grande-e1447756158188.jpg\",\"contentUrl\":\"https:\/\/acmconcerts.com\/wp-content\/uploads\/2015\/11\/logo-ACM-grande-e1447756158188.jpg\",\"width\":600,\"height\":146,\"caption\":\"ACM Concerts\"},\"image\":{\"@id\":\"https:\/\/acmconcerts.com\/#\/schema\/logo\/image\/\"},\"sameAs\":[\"https:\/\/www.facebook.com\/ACM-Concerts-819784831388420\/\",\"https:\/\/x.com\/acmconcerts\",\"https:\/\/www.youtube.com\/user\/acmconcerts\"]}]}<\/script>\n<!-- \/ Yoast SEO Premium plugin. -->","yoast_head_json":{"title":"Nicholas Milton - ACM Concerts","description":"Renowned for his charismatic stage presence, powerful interpretations and compelling musical integrity, Nicholas Milton continues to attract international ...","robots":{"index":"index","follow":"follow","max-snippet":"max-snippet:-1","max-image-preview":"max-image-preview:large","max-video-preview":"max-video-preview:-1"},"canonical":"https:\/\/acmconcerts.com\/en\/artists\/conductors\/nicholas-milton\/","og_locale":"en_US","og_type":"article","og_title":"Nicholas Milton","og_url":"https:\/\/acmconcerts.com\/en\/artists\/conductors\/nicholas-milton\/","og_site_name":"ACM Concerts","article_publisher":"https:\/\/www.facebook.com\/ACM-Concerts-819784831388420\/","article_modified_time":"2021-03-23T12:24:03+00:00","og_image":[{"width":1024,"height":683,"url":"https:\/\/acmconcerts.com\/wp-content\/uploads\/2016\/01\/Nicholas_Milton_8919_Image_courtesy_Canberra_Symphony_Orchestra.jpg","type":"image\/jpeg"}],"twitter_card":"summary_large_image","twitter_site":"@acmconcerts","schema":{"@context":"https:\/\/schema.org","@graph":[{"@type":"WebPage","@id":"https:\/\/acmconcerts.com\/en\/artists\/conductors\/nicholas-milton\/","url":"https:\/\/acmconcerts.com\/en\/artists\/conductors\/nicholas-milton\/","name":"Nicholas Milton - ACM Concerts","isPartOf":{"@id":"https:\/\/acmconcerts.com\/#website"},"primaryImageOfPage":{"@id":"https:\/\/acmconcerts.com\/en\/artists\/conductors\/nicholas-milton\/#primaryimage"},"image":{"@id":"https:\/\/acmconcerts.com\/en\/artists\/conductors\/nicholas-milton\/#primaryimage"},"thumbnailUrl":"https:\/\/acmconcerts.com\/wp-content\/uploads\/2016\/01\/Nicholas_Milton_8919_Image_courtesy_Canberra_Symphony_Orchestra.jpg","datePublished":"2016-01-27T16:35:19+00:00","dateModified":"2021-03-23T12:24:03+00:00","description":"Renowned for his charismatic stage presence, powerful interpretations and compelling musical integrity, Nicholas Milton continues to attract international ...","breadcrumb":{"@id":"https:\/\/acmconcerts.com\/en\/artists\/conductors\/nicholas-milton\/#breadcrumb"},"inLanguage":"en-US","potentialAction":[{"@type":"ReadAction","target":["https:\/\/acmconcerts.com\/en\/artists\/conductors\/nicholas-milton\/"]}]},{"@type":"ImageObject","inLanguage":"en-US","@id":"https:\/\/acmconcerts.com\/en\/artists\/conductors\/nicholas-milton\/#primaryimage","url":"https:\/\/acmconcerts.com\/wp-content\/uploads\/2016\/01\/Nicholas_Milton_8919_Image_courtesy_Canberra_Symphony_Orchestra.jpg","contentUrl":"https:\/\/acmconcerts.com\/wp-content\/uploads\/2016\/01\/Nicholas_Milton_8919_Image_courtesy_Canberra_Symphony_Orchestra.jpg","width":1024,"height":683,"caption":"Nicholas Milton"},{"@type":"BreadcrumbList","@id":"https:\/\/acmconcerts.com\/en\/artists\/conductors\/nicholas-milton\/#breadcrumb","itemListElement":[{"@type":"ListItem","position":1,"name":"Portada","item":"https:\/\/acmconcerts.com\/en\/"},{"@type":"ListItem","position":2,"name":"Artists","item":"https:\/\/acmconcerts.com\/en\/artists\/"},{"@type":"ListItem","position":3,"name":"Conductors","item":"https:\/\/acmconcerts.com\/en\/artists\/conductors\/"},{"@type":"ListItem","position":4,"name":"Nicholas Milton"}]},{"@type":"WebSite","@id":"https:\/\/acmconcerts.com\/#website","url":"https:\/\/acmconcerts.com\/","name":"ACM Concerts","description":"Agencia art\u00edstica","publisher":{"@id":"https:\/\/acmconcerts.com\/#organization"},"potentialAction":[{"@type":"SearchAction","target":{"@type":"EntryPoint","urlTemplate":"https:\/\/acmconcerts.com\/?s={search_term_string}"},"query-input":{"@type":"PropertyValueSpecification","valueRequired":true,"valueName":"search_term_string"}}],"inLanguage":"en-US"},{"@type":"Organization","@id":"https:\/\/acmconcerts.com\/#organization","name":"ACM Concerts","url":"https:\/\/acmconcerts.com\/","logo":{"@type":"ImageObject","inLanguage":"en-US","@id":"https:\/\/acmconcerts.com\/#\/schema\/logo\/image\/","url":"https:\/\/acmconcerts.com\/wp-content\/uploads\/2015\/11\/logo-ACM-grande-e1447756158188.jpg","contentUrl":"https:\/\/acmconcerts.com\/wp-content\/uploads\/2015\/11\/logo-ACM-grande-e1447756158188.jpg","width":600,"height":146,"caption":"ACM Concerts"},"image":{"@id":"https:\/\/acmconcerts.com\/#\/schema\/logo\/image\/"},"sameAs":["https:\/\/www.facebook.com\/ACM-Concerts-819784831388420\/","https:\/\/x.com\/acmconcerts","https:\/\/www.youtube.com\/user\/acmconcerts"]}]}},"_links":{"self":[{"href":"https:\/\/acmconcerts.com\/en\/wp-json\/wp\/v2\/pages\/832","targetHints":{"allow":["GET"]}}],"collection":[{"href":"https:\/\/acmconcerts.com\/en\/wp-json\/wp\/v2\/pages"}],"about":[{"href":"https:\/\/acmconcerts.com\/en\/wp-json\/wp\/v2\/types\/page"}],"author":[{"embeddable":true,"href":"https:\/\/acmconcerts.com\/en\/wp-json\/wp\/v2\/users\/2"}],"replies":[{"embeddable":true,"href":"https:\/\/acmconcerts.com\/en\/wp-json\/wp\/v2\/comments?post=832"}],"version-history":[{"count":0,"href":"https:\/\/acmconcerts.com\/en\/wp-json\/wp\/v2\/pages\/832\/revisions"}],"up":[{"embeddable":true,"href":"https:\/\/acmconcerts.com\/en\/wp-json\/wp\/v2\/pages\/746"}],"wp:featuredmedia":[{"embeddable":true,"href":"https:\/\/acmconcerts.com\/en\/wp-json\/wp\/v2\/media\/830"}],"wp:attachment":[{"href":"https:\/\/acmconcerts.com\/en\/wp-json\/wp\/v2\/media?parent=832"}],"curies":[{"name":"wp","href":"https:\/\/api.w.org\/{rel}","templated":true}]}}