{"id":766,"date":"2016-01-27T13:18:37","date_gmt":"2016-01-27T12:18:37","guid":{"rendered":"http:\/\/acmconcerts.com\/en\/artists\/conductors\/diego-garcia-rodriguez\/"},"modified":"2020-06-04T19:58:09","modified_gmt":"2020-06-04T17:58:09","slug":"diego-garcia-rodriguez","status":"publish","type":"page","link":"https:\/\/acmconcerts.com\/en\/artists\/conductors\/diego-garcia-rodriguez\/","title":{"rendered":"Diego Garci\u0301a Rodri\u0301guez"},"content":{"rendered":"<p>[et_pb_section fb_built=&#8221;1&#8243; fullwidth=&#8221;on&#8221; admin_label=&#8221;Secci\u00f3n&#8221; _builder_version=&#8221;3.22&#8243;][et_pb_fullwidth_image src=&#8221;https:\/\/acmconcerts.com\/wp-content\/uploads\/2016\/01\/diego_garcia_rodriguez-1.jpg&#8221; admin_label=&#8221;Imagen de anchura completa&#8221; _builder_version=&#8221;3.0.87&#8243; animation_style=&#8221;fade&#8221; animation_duration=&#8221;500ms&#8221; use_border_color=&#8221;off&#8221; border_color=&#8221;#ffffff&#8221; border_style=&#8221;solid&#8221; animation=&#8221;fade_in&#8221;][\/et_pb_fullwidth_image][\/et_pb_section][et_pb_section fb_built=&#8221;1&#8243; admin_label=&#8221;Secci\u00f3n&#8221; _builder_version=&#8221;3.22&#8243;][et_pb_row column_structure=&#8221;2_3,1_3&#8243; admin_label=&#8221;Fila&#8221; _builder_version=&#8221;3.25&#8243; background_size=&#8221;initial&#8221; background_position=&#8221;top_left&#8221; background_repeat=&#8221;repeat&#8221;][et_pb_column type=&#8221;2_3&#8243; _builder_version=&#8221;3.25&#8243; custom_padding=&#8221;|||&#8221; custom_padding__hover=&#8221;|||&#8221;][et_pb_text admin_label=&#8221;Texto&#8221; _builder_version=&#8221;3.27.4&#8243; background_size=&#8221;initial&#8221; background_position=&#8221;top_left&#8221; background_repeat=&#8221;repeat&#8221; use_border_color=&#8221;off&#8221; border_color=&#8221;#ffffff&#8221; border_style=&#8221;solid&#8221;]<\/p>\n<h2 style=\"text-align: left;\"><span style=\"color: #000000;\">Diego Garc\u00eda Rodr\u00edguez, conductor<\/span><\/h2>\n<p style=\"text-align: left;\"><span style=\"color: #000000;\"><strong>Musical Director and Artistic Advisor of the Taller Atl\u00e1ntico Contempor\u00e1neo<\/strong><\/span><\/p>\n<p><\/p>\n<p style=\"text-align: justify;\"><span style=\"color: #000000;\">Diego comes from Galicia (Spain). He is regularly invited as guest conductor in Spain, France, England and Poland. Latest engagements includes Real Filharmon\u00eda de Galicia, Orquesta Sinf\u00f3nica de Galicia, Orquesta de Extremadura, Carmen by G. Bizet&#8217;s at Opera Baltycka in Gdansk, Academic Orchestra and Choir in Bydgoszcz, Orquesta Sinf\u00f3nica de Galicia&#8217;s Young Orchestra, Filarm\u00f3nica de M\u00e1laga, Sinf\u00f3nica de Castilla y Le\u00f3n, Sinf\u00f3nica el Principado de asturias or the assistance to Nicola Luissoti on Teatro Real\u2019s latest <em>Rigoletto<\/em>.<\/span><\/p>\n<p style=\"text-align: justify;\"><span style=\"color: #000000;\">In the operatic field, Diego debuted at Teatro real with a production of <em>Hansel and Gretel<\/em> by Humperdinck in Januray of 2015. He also conducted the world premiere of It Makes No Difference&#8230; chamber opera by composer Simone Spagnolo in the festival T\u00eate \u00e0 T\u00eate at Riverside Studios in London, Bizet\u2019s <em>Carmen<\/em> at Opera Baltycka of Gdansk (Poland), <em>The Threepenny<\/em> Opera by Kurt Weill in Santiago, as well as <em>Barbiere di Sivigli<\/em> and <em>Rigoletto<\/em> at Victoria Eugenia Theater and Kursaal, both in San Sebasti\u00e1n.<\/span><\/p>\n<p style=\"text-align: justify;\"><span style=\"color: #000000;\">As assistant conductor he worked during the 2010-2011 season at Teatro Real in Madrid on the productions <em>Kr\u00f3l Roger<\/em> by K. Szymanowski (Paul Daniel, conductor and Krzysztof Warlikowski, stage director) and&nbsp; <em>The Turn of the Screw<\/em> by B. Britten (Josep Pons, conductor and David Mc Vicar, stage director), Th\u00e9atre de Caen on the production <em>La Traviata<\/em> by G. Verdi in 2012 (Nicolas Chalvin, conductor and&nbsp;Jean-Fran\u00e7ois Sivadier, stage director), Opera de Nantes-Angers on <em>The Nose<\/em> by D. Shostakovitch in 2005 (Nicolas Chalvin, conductor and Patrice Caurier\/ Moshe Leiser, stage directors). The Two Moors Festival 2009 invites him to perform the world premiere of Torsten Rasch&#8217;s melodrame Die Tr\u00e4umenden&nbsp;Knaben.<\/span><\/p>\n<p style=\"text-align: justify;\"><span style=\"color: #000000;\">Diego is Artistic Director of the Taller Atl\u00e1ntico Contempor\u00e1neo (TAC), ensemble that is intensely involved in the diffusion of contemporary music and its relationship to other artistic disciplines. The TAC was recently awarded with the Premios da cr\u00edtica Galicia in 2013 and the Premio Galego da M\u00fasica in gthe field of classic music. With the TAC Diego presented in places such Auditorio Nacional de Madrid, 53rd Semana de M\u00fasica Religiosa de Cuenca or Festival Internacional de M\u00fasica y Danza de Granada, premiering works by Sebasti\u00e1n Marin\u00e9 and Klaus Lang.<\/span><\/p>\n<p style=\"text-align: justify;\"><span style=\"color: #000000;\">After obteining the Master of Arts in Conducting at the Hochschule f\u00fcr Musik of Z\u00fcrich under Professor J\u00f1hannes Schlaefli, continues his studies with Diego Masson at the Dartington Summer School, conducting <em>Madama Butterfly<\/em> by Puccini and <em>Le Nozze di Figaro<\/em> by Mozart at the Dartington Great Hall. Also in England is selected by the London Sinfonietta to participate in the Young Conductors Program of the London Sinfonietta Academy 2010.<\/span><\/p>\n<p>[\/et_pb_text][et_pb_text admin_label=&#8221;Texto&#8221; _builder_version=&#8221;3.27.4&#8243; background_size=&#8221;initial&#8221; background_position=&#8221;top_left&#8221; background_repeat=&#8221;repeat&#8221; use_border_color=&#8221;off&#8221; border_color=&#8221;#ffffff&#8221; border_style=&#8221;solid&#8221;]Invalid download ID.<br \/>\n[\/et_pb_text][et_pb_text admin_label=&#8221;Texto&#8221; _builder_version=&#8221;3.27.4&#8243; background_size=&#8221;initial&#8221; background_position=&#8221;top_left&#8221; background_repeat=&#8221;repeat&#8221; use_border_color=&#8221;off&#8221; border_color=&#8221;#ffffff&#8221; border_style=&#8221;solid&#8221;]Invalid download ID.<br \/>\n[\/et_pb_text][\/et_pb_column][et_pb_column type=&#8221;1_3&#8243; _builder_version=&#8221;3.25&#8243; custom_padding=&#8221;|||&#8221; custom_padding__hover=&#8221;|||&#8221;][et_pb_social_media_follow url_new_window=&#8221;off&#8221; admin_label=&#8221;Seguir en medios sociales&#8221; _builder_version=&#8221;3.0.87&#8243; link_shape=&#8221;rounded_rectangle&#8221;][et_pb_social_media_follow_network social_network=&#8221;facebook&#8221; url=&#8221;https:\/\/www.facebook.com\/diego.garciarodriguez.71?fref=ts&#8221; _builder_version=&#8221;3.0.74&#8243; background_color=&#8221;#3b5998&#8243; bg_color=&#8221;#3b5998&#8243; link_shape=&#8221;rounded_rectangle&#8221; follow_button=&#8221;off&#8221; url_new_window=&#8221;off&#8221;] Facebook [\/et_pb_social_media_follow_network][\/et_pb_social_media_follow][et_pb_text admin_label=&#8221;Texto&#8221; _builder_version=&#8221;3.27.4&#8243; background_size=&#8221;initial&#8221; background_position=&#8221;top_left&#8221; background_repeat=&#8221;repeat&#8221; use_border_color=&#8221;off&#8221; border_color=&#8221;#ffffff&#8221; border_style=&#8221;solid&#8221;]Web: <a href=\"http:\/\/www.gulans.com\/diegogr\/\">http:\/\/www.gulans.com\/diegogr\/<\/a><br \/>\n[\/et_pb_text][et_pb_code admin_label=&#8221;C\u00f3digo&#8221; _builder_version=&#8221;4.4.7&#8243; hover_enabled=&#8221;0&#8243;]<iframe width=\"650\" height=\"450\" src=\"https:\/\/www.youtube-nocookie.com\/embed\/videoseries?list=PL6Y2Eo22D_lWAAV6t1yXJZhmK3I3atLt3\" frameborder=\"0\" allow=\"accelerometer; autoplay; encrypted-media; gyroscope; picture-in-picture\" allowfullscreen><\/iframe>[\/et_pb_code][\/et_pb_column][\/et_pb_row][\/et_pb_section]<\/p>\n","protected":false},"excerpt":{"rendered":"<p>Diego Garc\u00eda Rodr\u00edguez, conductor Musical Director and Artistic Advisor of the Taller Atl\u00e1ntico Contempor\u00e1neo Diego comes from Galicia (Spain). He is regularly invited as guest conductor in Spain, France, England and Poland. Latest engagements includes Real Filharmon\u00eda de Galicia, Orquesta Sinf\u00f3nica de Galicia, Orquesta de Extremadura, Carmen by G. Bizet&#8217;s at Opera Baltycka in Gdansk, [&hellip;]<\/p>\n","protected":false},"author":2,"featured_media":0,"parent":746,"menu_order":0,"comment_status":"closed","ping_status":"closed","template":"","meta":{"_et_pb_use_builder":"on","_et_pb_old_content":"","_et_gb_content_width":"","_monsterinsights_skip_tracking":false,"_monsterinsights_sitenote_active":false,"_monsterinsights_sitenote_note":"","_monsterinsights_sitenote_category":0,"_ayudawp_aiss_exclude":false,"footnotes":""},"class_list":["post-766","page","type-page","status-publish","hentry"],"yoast_head":"<!-- This site is optimized with the Yoast SEO Premium plugin v27.2 (Yoast SEO v27.2) - https:\/\/yoast.com\/product\/yoast-seo-premium-wordpress\/ -->\n<title>Diego Garci\u0301a Rodri\u0301guez - ACM Concerts<\/title>\n<meta name=\"description\" content=\"Musical Director and Artistic Advisor of the Taller Atl\u00e1ntico Contempor\u00e1neo. Diego comes from Galicia (Spain). He is regularly invited as guest conductor...\" \/>\n<meta name=\"robots\" content=\"index, follow, max-snippet:-1, max-image-preview:large, max-video-preview:-1\" \/>\n<link rel=\"canonical\" href=\"https:\/\/acmconcerts.com\/en\/artists\/conductors\/diego-garcia-rodriguez\/\" \/>\n<meta property=\"og:locale\" content=\"en_US\" \/>\n<meta property=\"og:type\" content=\"article\" \/>\n<meta property=\"og:title\" content=\"Diego Garci\u0301a Rodri\u0301guez\" \/>\n<meta property=\"og:url\" content=\"https:\/\/acmconcerts.com\/en\/artists\/conductors\/diego-garcia-rodriguez\/\" \/>\n<meta property=\"og:site_name\" content=\"ACM Concerts\" \/>\n<meta property=\"article:publisher\" content=\"https:\/\/www.facebook.com\/ACM-Concerts-819784831388420\/\" \/>\n<meta property=\"article:modified_time\" content=\"2020-06-04T17:58:09+00:00\" \/>\n<meta property=\"og:image\" content=\"https:\/\/acmconcerts.com\/wp-content\/uploads\/2016\/04\/ACM_Logo_mediano_op.jpg\" \/>\n\t<meta property=\"og:image:width\" content=\"1341\" \/>\n\t<meta property=\"og:image:height\" content=\"585\" \/>\n\t<meta property=\"og:image:type\" content=\"image\/jpeg\" \/>\n<meta name=\"twitter:card\" content=\"summary_large_image\" \/>\n<meta name=\"twitter:site\" content=\"@acmconcerts\" \/>\n<script type=\"application\/ld+json\" class=\"yoast-schema-graph\">{\"@context\":\"https:\/\/schema.org\",\"@graph\":[{\"@type\":\"WebPage\",\"@id\":\"https:\/\/acmconcerts.com\/en\/artists\/conductors\/diego-garcia-rodriguez\/\",\"url\":\"https:\/\/acmconcerts.com\/en\/artists\/conductors\/diego-garcia-rodriguez\/\",\"name\":\"Diego Garci\u0301a Rodri\u0301guez - ACM Concerts\",\"isPartOf\":{\"@id\":\"https:\/\/acmconcerts.com\/#website\"},\"datePublished\":\"2016-01-27T12:18:37+00:00\",\"dateModified\":\"2020-06-04T17:58:09+00:00\",\"description\":\"Musical Director and Artistic Advisor of the Taller Atl\u00e1ntico Contempor\u00e1neo. Diego comes from Galicia (Spain). He is regularly invited as guest conductor...\",\"breadcrumb\":{\"@id\":\"https:\/\/acmconcerts.com\/en\/artists\/conductors\/diego-garcia-rodriguez\/#breadcrumb\"},\"inLanguage\":\"en-US\",\"potentialAction\":[{\"@type\":\"ReadAction\",\"target\":[\"https:\/\/acmconcerts.com\/en\/artists\/conductors\/diego-garcia-rodriguez\/\"]}]},{\"@type\":\"BreadcrumbList\",\"@id\":\"https:\/\/acmconcerts.com\/en\/artists\/conductors\/diego-garcia-rodriguez\/#breadcrumb\",\"itemListElement\":[{\"@type\":\"ListItem\",\"position\":1,\"name\":\"Portada\",\"item\":\"https:\/\/acmconcerts.com\/en\/\"},{\"@type\":\"ListItem\",\"position\":2,\"name\":\"Artists\",\"item\":\"https:\/\/acmconcerts.com\/en\/artists\/\"},{\"@type\":\"ListItem\",\"position\":3,\"name\":\"Conductors\",\"item\":\"https:\/\/acmconcerts.com\/en\/artists\/conductors\/\"},{\"@type\":\"ListItem\",\"position\":4,\"name\":\"Diego Garci\u0301a Rodri\u0301guez\"}]},{\"@type\":\"WebSite\",\"@id\":\"https:\/\/acmconcerts.com\/#website\",\"url\":\"https:\/\/acmconcerts.com\/\",\"name\":\"ACM Concerts\",\"description\":\"Agencia art\u00edstica\",\"publisher\":{\"@id\":\"https:\/\/acmconcerts.com\/#organization\"},\"potentialAction\":[{\"@type\":\"SearchAction\",\"target\":{\"@type\":\"EntryPoint\",\"urlTemplate\":\"https:\/\/acmconcerts.com\/?s={search_term_string}\"},\"query-input\":{\"@type\":\"PropertyValueSpecification\",\"valueRequired\":true,\"valueName\":\"search_term_string\"}}],\"inLanguage\":\"en-US\"},{\"@type\":\"Organization\",\"@id\":\"https:\/\/acmconcerts.com\/#organization\",\"name\":\"ACM Concerts\",\"url\":\"https:\/\/acmconcerts.com\/\",\"logo\":{\"@type\":\"ImageObject\",\"inLanguage\":\"en-US\",\"@id\":\"https:\/\/acmconcerts.com\/#\/schema\/logo\/image\/\",\"url\":\"https:\/\/acmconcerts.com\/wp-content\/uploads\/2015\/11\/logo-ACM-grande-e1447756158188.jpg\",\"contentUrl\":\"https:\/\/acmconcerts.com\/wp-content\/uploads\/2015\/11\/logo-ACM-grande-e1447756158188.jpg\",\"width\":600,\"height\":146,\"caption\":\"ACM Concerts\"},\"image\":{\"@id\":\"https:\/\/acmconcerts.com\/#\/schema\/logo\/image\/\"},\"sameAs\":[\"https:\/\/www.facebook.com\/ACM-Concerts-819784831388420\/\",\"https:\/\/x.com\/acmconcerts\",\"https:\/\/www.youtube.com\/user\/acmconcerts\"]}]}<\/script>\n<!-- \/ Yoast SEO Premium plugin. -->","yoast_head_json":{"title":"Diego Garci\u0301a Rodri\u0301guez - ACM Concerts","description":"Musical Director and Artistic Advisor of the Taller Atl\u00e1ntico Contempor\u00e1neo. Diego comes from Galicia (Spain). He is regularly invited as guest conductor...","robots":{"index":"index","follow":"follow","max-snippet":"max-snippet:-1","max-image-preview":"max-image-preview:large","max-video-preview":"max-video-preview:-1"},"canonical":"https:\/\/acmconcerts.com\/en\/artists\/conductors\/diego-garcia-rodriguez\/","og_locale":"en_US","og_type":"article","og_title":"Diego Garci\u0301a Rodri\u0301guez","og_url":"https:\/\/acmconcerts.com\/en\/artists\/conductors\/diego-garcia-rodriguez\/","og_site_name":"ACM Concerts","article_publisher":"https:\/\/www.facebook.com\/ACM-Concerts-819784831388420\/","article_modified_time":"2020-06-04T17:58:09+00:00","og_image":[{"width":1341,"height":585,"url":"https:\/\/acmconcerts.com\/wp-content\/uploads\/2016\/04\/ACM_Logo_mediano_op.jpg","type":"image\/jpeg"}],"twitter_card":"summary_large_image","twitter_site":"@acmconcerts","schema":{"@context":"https:\/\/schema.org","@graph":[{"@type":"WebPage","@id":"https:\/\/acmconcerts.com\/en\/artists\/conductors\/diego-garcia-rodriguez\/","url":"https:\/\/acmconcerts.com\/en\/artists\/conductors\/diego-garcia-rodriguez\/","name":"Diego Garci\u0301a Rodri\u0301guez - ACM Concerts","isPartOf":{"@id":"https:\/\/acmconcerts.com\/#website"},"datePublished":"2016-01-27T12:18:37+00:00","dateModified":"2020-06-04T17:58:09+00:00","description":"Musical Director and Artistic Advisor of the Taller Atl\u00e1ntico Contempor\u00e1neo. Diego comes from Galicia (Spain). He is regularly invited as guest conductor...","breadcrumb":{"@id":"https:\/\/acmconcerts.com\/en\/artists\/conductors\/diego-garcia-rodriguez\/#breadcrumb"},"inLanguage":"en-US","potentialAction":[{"@type":"ReadAction","target":["https:\/\/acmconcerts.com\/en\/artists\/conductors\/diego-garcia-rodriguez\/"]}]},{"@type":"BreadcrumbList","@id":"https:\/\/acmconcerts.com\/en\/artists\/conductors\/diego-garcia-rodriguez\/#breadcrumb","itemListElement":[{"@type":"ListItem","position":1,"name":"Portada","item":"https:\/\/acmconcerts.com\/en\/"},{"@type":"ListItem","position":2,"name":"Artists","item":"https:\/\/acmconcerts.com\/en\/artists\/"},{"@type":"ListItem","position":3,"name":"Conductors","item":"https:\/\/acmconcerts.com\/en\/artists\/conductors\/"},{"@type":"ListItem","position":4,"name":"Diego Garci\u0301a Rodri\u0301guez"}]},{"@type":"WebSite","@id":"https:\/\/acmconcerts.com\/#website","url":"https:\/\/acmconcerts.com\/","name":"ACM Concerts","description":"Agencia art\u00edstica","publisher":{"@id":"https:\/\/acmconcerts.com\/#organization"},"potentialAction":[{"@type":"SearchAction","target":{"@type":"EntryPoint","urlTemplate":"https:\/\/acmconcerts.com\/?s={search_term_string}"},"query-input":{"@type":"PropertyValueSpecification","valueRequired":true,"valueName":"search_term_string"}}],"inLanguage":"en-US"},{"@type":"Organization","@id":"https:\/\/acmconcerts.com\/#organization","name":"ACM Concerts","url":"https:\/\/acmconcerts.com\/","logo":{"@type":"ImageObject","inLanguage":"en-US","@id":"https:\/\/acmconcerts.com\/#\/schema\/logo\/image\/","url":"https:\/\/acmconcerts.com\/wp-content\/uploads\/2015\/11\/logo-ACM-grande-e1447756158188.jpg","contentUrl":"https:\/\/acmconcerts.com\/wp-content\/uploads\/2015\/11\/logo-ACM-grande-e1447756158188.jpg","width":600,"height":146,"caption":"ACM Concerts"},"image":{"@id":"https:\/\/acmconcerts.com\/#\/schema\/logo\/image\/"},"sameAs":["https:\/\/www.facebook.com\/ACM-Concerts-819784831388420\/","https:\/\/x.com\/acmconcerts","https:\/\/www.youtube.com\/user\/acmconcerts"]}]}},"_links":{"self":[{"href":"https:\/\/acmconcerts.com\/en\/wp-json\/wp\/v2\/pages\/766","targetHints":{"allow":["GET"]}}],"collection":[{"href":"https:\/\/acmconcerts.com\/en\/wp-json\/wp\/v2\/pages"}],"about":[{"href":"https:\/\/acmconcerts.com\/en\/wp-json\/wp\/v2\/types\/page"}],"author":[{"embeddable":true,"href":"https:\/\/acmconcerts.com\/en\/wp-json\/wp\/v2\/users\/2"}],"replies":[{"embeddable":true,"href":"https:\/\/acmconcerts.com\/en\/wp-json\/wp\/v2\/comments?post=766"}],"version-history":[{"count":0,"href":"https:\/\/acmconcerts.com\/en\/wp-json\/wp\/v2\/pages\/766\/revisions"}],"up":[{"embeddable":true,"href":"https:\/\/acmconcerts.com\/en\/wp-json\/wp\/v2\/pages\/746"}],"wp:attachment":[{"href":"https:\/\/acmconcerts.com\/en\/wp-json\/wp\/v2\/media?parent=766"}],"curies":[{"name":"wp","href":"https:\/\/api.w.org\/{rel}","templated":true}]}}