{"id":5806,"date":"2018-03-01T19:40:10","date_gmt":"2018-03-01T17:40:10","guid":{"rendered":"http:\/\/acmconcerts.com\/artists\/violoncello\/aurelien-pascal\/"},"modified":"2020-06-05T19:57:23","modified_gmt":"2020-06-05T17:57:23","slug":"aurelien-pascal","status":"publish","type":"page","link":"https:\/\/acmconcerts.com\/en\/artists\/violoncello\/aurelien-pascal\/","title":{"rendered":"Aure\u0301lien Pascal"},"content":{"rendered":"<p>[et_pb_section fb_built=&#8221;1&#8243; fullwidth=&#8221;on&#8221; _builder_version=&#8221;3.22&#8243;][et_pb_fullwidth_image src=&#8221;https:\/\/acmconcerts.com\/wp-content\/uploads\/2018\/03\/Aurelien_Pascal.jpg&#8221; _builder_version=&#8221;3.0.105&#8243; animation_style=&#8221;fade&#8221; animation_duration=&#8221;500ms&#8221; use_border_color=&#8221;off&#8221;][\/et_pb_fullwidth_image][\/et_pb_section][et_pb_section fb_built=&#8221;1&#8243; _builder_version=&#8221;3.22&#8243;][et_pb_row column_structure=&#8221;2_3,1_3&#8243; _builder_version=&#8221;3.25&#8243; background_size=&#8221;initial&#8221; background_position=&#8221;top_left&#8221; background_repeat=&#8221;repeat&#8221;][et_pb_column type=&#8221;2_3&#8243; _builder_version=&#8221;3.25&#8243; custom_padding=&#8221;|||&#8221; custom_padding__hover=&#8221;|||&#8221;][et_pb_text _builder_version=&#8221;3.27.4&#8243; background_size=&#8221;initial&#8221; background_position=&#8221;top_left&#8221; background_repeat=&#8221;repeat&#8221; use_border_color=&#8221;off&#8221;]<\/p>\n<h3 style=\"text-align: justify;\"><span style=\"color: #000000;\">Aur\u00e9lien Pascal, violoncello <\/span><\/h3>\n<p>&nbsp;<\/p>\n<p style=\"text-align: justify;\"><span style=\"color: #000000;\">At only 23 years old, French cellist Aur\u00e9lien Pascal already commands international attention for his <em>unparalleled virtuosity and musical intuition<\/em> (The Strad). Laureate of several prestigious international competitions, including 2nd Prize of at the 2013 International Paulo Competition and the Grand Prix, Prix du Public and the Best performance of the Toch concerto at the 2014 Emanuel Feuermann Competition, he was recently Fourth prizewinner and the youngest finalist in the 2017 Queen Elisabeth Competition.<\/span><\/p>\n<p style=\"text-align: justify;\"><span style=\"color: #000000;\">Aur\u00e9lien performs with orchestras throughout Europe as the Moscow Tchaikovsky Symphony, Deutsche Radio Philharmonie Saarbrucken, Nuremberg Symphony, Kammerakademie Potsdam, Tapiola Sinfonietta, Orchestre National des Pays de la Loire, Monte Carlo Philharmonic and Barcelona Symphony Orchestra with conductors such as Vladimir Fedoseyev, John Storg\u00e5rds, Pascal Roph\u00e9, Christoph Poppen, Clemens Schuldt or Augustin Dumay. A regular visitor to Asia, he has been invited by the Hiroshima Symphony, Kansai and Sendai Philharmonic orchestras and the Hong Kong Sinfonietta, with which he has performed several times both in Hong Kong and on their European tour in 2017.<\/span><\/p>\n<p style=\"text-align: justify;\"><span style=\"color: #000000;\">Highlights of 2017\/18 include his debuts with the Taipei Symphony Orchestra and Gilbert Varga, the Transilvania State Filharmonic Orchestra with Andrei Feher, with the Zurich Chamber Orchestra and with the Hangzhou Philharmonic Orchestra and Okko Kamu.<\/span><\/p>\n<p style=\"text-align: justify;\"><span style=\"color: #000000;\">Aur\u00e9lien performs at the most prestigious festivals such as Verbier, Colmar, Prades, Schloss Elmau, the Fl\u00e2neries de Reims, La Folle Journ\u00e9e de Nantes et du Japon, Festival de Radio-France Montpellier, Beethovenfest de Bonn and the Rencontres musicales d&#8217;Evian with partners as the Modigliani Quartet, Pavel Kolesnikov, Christian Tetzlaff, Augustin Dumay, Andr\u00e1s Schiff, Eric Le Sage, Paloma Kouider and Emmanuel Pahud and forms a regular string trio with Adrien La Marca and Liya Petrova. Since being awarded the Audience Prize at the Mecklenburg-Vorpommern Festival in 2015, he has been a regular invitee to the festival and also performs on stages including the Berlin Konzerthaus, Amsterdam Muziekgebouw, the Auditoriums of the Mus\u00e9e du Louvre and Mus\u00e9e d\u2019Orsay as well as Salle Gaveau, the Th\u00e9\u00e2tre de la Ville in Paris and the ARK NOVA\/Lucerne Festival mobile concert hall in Japan.<\/span><\/p>\n<p style=\"text-align: justify;\"><span style=\"color: #000000;\">In 2015, Aur\u00e9lien Pascal was accepted into the Sponsorship Programme of the Orpheum Foundation for the Advancement of Young Soloists and following his performance of Shostakovich concerto no. 1 at the Zurich Tonhalle with the Moscow Tchaikovsky Symphony Orchestra and Fedoseyev was invited to record the Danzi concerto for the SONY label alongside Howard Griffiths and the Munich Chamber Orchestra. This recording, released in January 2018, will be the latest addition to a discography that includes the Ravel Trio, with Denis Pascal and Svetlin Roussev and the Brahms Sextet with Augustin Dumay, Henri Demarquette, Miguel da Silva.<\/span><\/p>\n<p>[\/et_pb_text][et_pb_text _builder_version=&#8221;3.27.4&#8243; background_size=&#8221;initial&#8221; background_position=&#8221;top_left&#8221; background_repeat=&#8221;repeat&#8221; use_border_color=&#8221;off&#8221;] <a href=\"https:\/\/acmconcerts.com\/en\/?ddownload=5795\" title=\"Descargar BIO en PDF\" rel=\"nofollow\" class=\"ddownload-button button-grey id-5795 ext-pdf\">Descargar BIO en PDF<\/a> [\/et_pb_text][et_pb_text _builder_version=&#8221;3.27.4&#8243; background_size=&#8221;initial&#8221; background_position=&#8221;top_left&#8221; background_repeat=&#8221;repeat&#8221; use_border_color=&#8221;off&#8221;] <a href=\"https:\/\/acmconcerts.com\/en\/?ddownload=5796\" title=\"Download BIO PDF\" rel=\"nofollow\" class=\"ddownload-button button-grey id-5796 ext-pdf\">Download BIO PDF<\/a> [\/et_pb_text][\/et_pb_column][et_pb_column type=&#8221;1_3&#8243; _builder_version=&#8221;3.25&#8243; custom_padding=&#8221;|||&#8221; custom_padding__hover=&#8221;|||&#8221;][et_pb_social_media_follow _builder_version=&#8221;3.0.105&#8243;][et_pb_social_media_follow_network social_network=&#8221;facebook&#8221; url=&#8221;https:\/\/www.facebook.com\/aurelien.pascal.31&#8243; _builder_version=&#8221;3.0.105&#8243; background_color=&#8221;#3b5998&#8243; follow_button=&#8221;off&#8221; url_new_window=&#8221;on&#8221;] Facebook [\/et_pb_social_media_follow_network][et_pb_social_media_follow_network social_network=&#8221;twitter&#8221; url=&#8221;https:\/\/twitter.com\/AurelienPascal&#8221; _builder_version=&#8221;3.0.105&#8243; background_color=&#8221;#00aced&#8221; follow_button=&#8221;off&#8221; url_new_window=&#8221;on&#8221;] Twitter [\/et_pb_social_media_follow_network][\/et_pb_social_media_follow][et_pb_text _builder_version=&#8221;3.27.4&#8243; background_size=&#8221;initial&#8221; background_position=&#8221;top_left&#8221; background_repeat=&#8221;repeat&#8221; use_border_color=&#8221;off&#8221;]<\/p>\n<p>Web: <a href=\"https:\/\/www.aurelien-pascal.com\/\" target=\"_blank\" rel=\"noopener noreferrer\">https:\/\/www.aurelien-pascal.com\/<\/a><\/p>\n<p>[\/et_pb_text][et_pb_code _builder_version=&#8221;4.4.8&#8243; hover_enabled=&#8221;0&#8243;]<iframe width=\"650\" height=\"450\" src=\"https:\/\/www.youtube-nocookie.com\/embed\/videoseries?list=PL6Y2Eo22D_lW5Dw0T3ST6E8oTPW5QYyIO\" frameborder=\"0\" allow=\"accelerometer; autoplay; encrypted-media; gyroscope; picture-in-picture\" allowfullscreen><\/iframe>[\/et_pb_code][\/et_pb_column][\/et_pb_row][\/et_pb_section]<\/p>\n","protected":false},"excerpt":{"rendered":"<p>Aur\u00e9lien Pascal, violoncello &nbsp; At only 23 years old, French cellist Aur\u00e9lien Pascal already commands international attention for his unparalleled virtuosity and musical intuition (The Strad). Laureate of several prestigious international competitions, including 2nd Prize of at the 2013 International Paulo Competition and the Grand Prix, Prix du Public and the Best performance of the [&hellip;]<\/p>\n","protected":false},"author":2,"featured_media":5801,"parent":790,"menu_order":0,"comment_status":"closed","ping_status":"closed","template":"","meta":{"_et_pb_use_builder":"on","_et_pb_old_content":"","_et_gb_content_width":"","_monsterinsights_skip_tracking":false,"_monsterinsights_sitenote_active":false,"_monsterinsights_sitenote_note":"","_monsterinsights_sitenote_category":0,"_ayudawp_aiss_exclude":false,"footnotes":""},"class_list":["post-5806","page","type-page","status-publish","has-post-thumbnail","hentry"],"yoast_head":"<!-- This site is optimized with the Yoast SEO Premium plugin v27.2 (Yoast SEO v27.2) - https:\/\/yoast.com\/product\/yoast-seo-premium-wordpress\/ -->\n<title>Aure\u0301lien Pascal - ACM Concerts<\/title>\n<meta name=\"description\" content=\"At only 23 years old, French cellist Aur\u00e9lien Pascal already commands international attention for his unparalleled virtuosity and musical intuition (The Strad). Laureate of several prestigious international competitions, including 2nd Prize of at the 2013 International Paulo Competition and the Grand Prix, Prix ...\" \/>\n<meta name=\"robots\" content=\"index, follow, max-snippet:-1, max-image-preview:large, max-video-preview:-1\" \/>\n<link rel=\"canonical\" href=\"https:\/\/acmconcerts.com\/en\/artists\/violoncello\/aurelien-pascal\/\" \/>\n<meta property=\"og:locale\" content=\"en_US\" \/>\n<meta property=\"og:type\" content=\"article\" \/>\n<meta property=\"og:title\" content=\"Aure\u0301lien Pascal\" \/>\n<meta property=\"og:url\" content=\"https:\/\/acmconcerts.com\/en\/artists\/violoncello\/aurelien-pascal\/\" \/>\n<meta property=\"og:site_name\" content=\"ACM Concerts\" \/>\n<meta property=\"article:publisher\" content=\"https:\/\/www.facebook.com\/ACM-Concerts-819784831388420\/\" \/>\n<meta property=\"article:modified_time\" content=\"2020-06-05T17:57:23+00:00\" \/>\n<meta property=\"og:image\" content=\"https:\/\/acmconcerts.com\/wp-content\/uploads\/2018\/03\/Aure\u0301lien_Pascal_Be\u0301a_Cruveiller_2_op.jpg\" \/>\n\t<meta property=\"og:image:width\" content=\"1920\" \/>\n\t<meta property=\"og:image:height\" content=\"1280\" \/>\n\t<meta property=\"og:image:type\" content=\"image\/jpeg\" \/>\n<meta name=\"twitter:card\" content=\"summary_large_image\" \/>\n<meta name=\"twitter:site\" content=\"@acmconcerts\" \/>\n<script type=\"application\/ld+json\" class=\"yoast-schema-graph\">{\"@context\":\"https:\/\/schema.org\",\"@graph\":[{\"@type\":\"WebPage\",\"@id\":\"https:\/\/acmconcerts.com\/en\/artists\/violoncello\/aurelien-pascal\/\",\"url\":\"https:\/\/acmconcerts.com\/en\/artists\/violoncello\/aurelien-pascal\/\",\"name\":\"Aure\u0301lien Pascal - ACM Concerts\",\"isPartOf\":{\"@id\":\"https:\/\/acmconcerts.com\/#website\"},\"primaryImageOfPage\":{\"@id\":\"https:\/\/acmconcerts.com\/en\/artists\/violoncello\/aurelien-pascal\/#primaryimage\"},\"image\":{\"@id\":\"https:\/\/acmconcerts.com\/en\/artists\/violoncello\/aurelien-pascal\/#primaryimage\"},\"thumbnailUrl\":\"https:\/\/acmconcerts.com\/wp-content\/uploads\/2018\/03\/Aure\u0301lien_Pascal_Be\u0301a_Cruveiller_2_op.jpg\",\"datePublished\":\"2018-03-01T17:40:10+00:00\",\"dateModified\":\"2020-06-05T17:57:23+00:00\",\"description\":\"At only 23 years old, French cellist Aur\u00e9lien Pascal already commands international attention for his unparalleled virtuosity and musical intuition (The Strad). Laureate of several prestigious international competitions, including 2nd Prize of at the 2013 International Paulo Competition and the Grand Prix, Prix ...\",\"breadcrumb\":{\"@id\":\"https:\/\/acmconcerts.com\/en\/artists\/violoncello\/aurelien-pascal\/#breadcrumb\"},\"inLanguage\":\"en-US\",\"potentialAction\":[{\"@type\":\"ReadAction\",\"target\":[\"https:\/\/acmconcerts.com\/en\/artists\/violoncello\/aurelien-pascal\/\"]}]},{\"@type\":\"ImageObject\",\"inLanguage\":\"en-US\",\"@id\":\"https:\/\/acmconcerts.com\/en\/artists\/violoncello\/aurelien-pascal\/#primaryimage\",\"url\":\"https:\/\/acmconcerts.com\/wp-content\/uploads\/2018\/03\/Aure\u0301lien_Pascal_Be\u0301a_Cruveiller_2_op.jpg\",\"contentUrl\":\"https:\/\/acmconcerts.com\/wp-content\/uploads\/2018\/03\/Aure\u0301lien_Pascal_Be\u0301a_Cruveiller_2_op.jpg\",\"width\":1920,\"height\":1280,\"caption\":\"Aure\u0301lien_Pascal_Be\u0301a_Cruveiller_2_op\"},{\"@type\":\"BreadcrumbList\",\"@id\":\"https:\/\/acmconcerts.com\/en\/artists\/violoncello\/aurelien-pascal\/#breadcrumb\",\"itemListElement\":[{\"@type\":\"ListItem\",\"position\":1,\"name\":\"Portada\",\"item\":\"https:\/\/acmconcerts.com\/en\/\"},{\"@type\":\"ListItem\",\"position\":2,\"name\":\"Artists\",\"item\":\"https:\/\/acmconcerts.com\/en\/artists\/\"},{\"@type\":\"ListItem\",\"position\":3,\"name\":\"Violoncello\",\"item\":\"https:\/\/acmconcerts.com\/en\/artists\/violoncello\/\"},{\"@type\":\"ListItem\",\"position\":4,\"name\":\"Aure\u0301lien Pascal\"}]},{\"@type\":\"WebSite\",\"@id\":\"https:\/\/acmconcerts.com\/#website\",\"url\":\"https:\/\/acmconcerts.com\/\",\"name\":\"ACM Concerts\",\"description\":\"Agencia art\u00edstica\",\"publisher\":{\"@id\":\"https:\/\/acmconcerts.com\/#organization\"},\"potentialAction\":[{\"@type\":\"SearchAction\",\"target\":{\"@type\":\"EntryPoint\",\"urlTemplate\":\"https:\/\/acmconcerts.com\/?s={search_term_string}\"},\"query-input\":{\"@type\":\"PropertyValueSpecification\",\"valueRequired\":true,\"valueName\":\"search_term_string\"}}],\"inLanguage\":\"en-US\"},{\"@type\":\"Organization\",\"@id\":\"https:\/\/acmconcerts.com\/#organization\",\"name\":\"ACM Concerts\",\"url\":\"https:\/\/acmconcerts.com\/\",\"logo\":{\"@type\":\"ImageObject\",\"inLanguage\":\"en-US\",\"@id\":\"https:\/\/acmconcerts.com\/#\/schema\/logo\/image\/\",\"url\":\"https:\/\/acmconcerts.com\/wp-content\/uploads\/2015\/11\/logo-ACM-grande-e1447756158188.jpg\",\"contentUrl\":\"https:\/\/acmconcerts.com\/wp-content\/uploads\/2015\/11\/logo-ACM-grande-e1447756158188.jpg\",\"width\":600,\"height\":146,\"caption\":\"ACM Concerts\"},\"image\":{\"@id\":\"https:\/\/acmconcerts.com\/#\/schema\/logo\/image\/\"},\"sameAs\":[\"https:\/\/www.facebook.com\/ACM-Concerts-819784831388420\/\",\"https:\/\/x.com\/acmconcerts\",\"https:\/\/www.youtube.com\/user\/acmconcerts\"]}]}<\/script>\n<!-- \/ Yoast SEO Premium plugin. -->","yoast_head_json":{"title":"Aure\u0301lien Pascal - ACM Concerts","description":"At only 23 years old, French cellist Aur\u00e9lien Pascal already commands international attention for his unparalleled virtuosity and musical intuition (The Strad). Laureate of several prestigious international competitions, including 2nd Prize of at the 2013 International Paulo Competition and the Grand Prix, Prix ...","robots":{"index":"index","follow":"follow","max-snippet":"max-snippet:-1","max-image-preview":"max-image-preview:large","max-video-preview":"max-video-preview:-1"},"canonical":"https:\/\/acmconcerts.com\/en\/artists\/violoncello\/aurelien-pascal\/","og_locale":"en_US","og_type":"article","og_title":"Aure\u0301lien Pascal","og_url":"https:\/\/acmconcerts.com\/en\/artists\/violoncello\/aurelien-pascal\/","og_site_name":"ACM Concerts","article_publisher":"https:\/\/www.facebook.com\/ACM-Concerts-819784831388420\/","article_modified_time":"2020-06-05T17:57:23+00:00","og_image":[{"width":1920,"height":1280,"url":"https:\/\/acmconcerts.com\/wp-content\/uploads\/2018\/03\/Aure\u0301lien_Pascal_Be\u0301a_Cruveiller_2_op.jpg","type":"image\/jpeg"}],"twitter_card":"summary_large_image","twitter_site":"@acmconcerts","schema":{"@context":"https:\/\/schema.org","@graph":[{"@type":"WebPage","@id":"https:\/\/acmconcerts.com\/en\/artists\/violoncello\/aurelien-pascal\/","url":"https:\/\/acmconcerts.com\/en\/artists\/violoncello\/aurelien-pascal\/","name":"Aure\u0301lien Pascal - ACM Concerts","isPartOf":{"@id":"https:\/\/acmconcerts.com\/#website"},"primaryImageOfPage":{"@id":"https:\/\/acmconcerts.com\/en\/artists\/violoncello\/aurelien-pascal\/#primaryimage"},"image":{"@id":"https:\/\/acmconcerts.com\/en\/artists\/violoncello\/aurelien-pascal\/#primaryimage"},"thumbnailUrl":"https:\/\/acmconcerts.com\/wp-content\/uploads\/2018\/03\/Aure\u0301lien_Pascal_Be\u0301a_Cruveiller_2_op.jpg","datePublished":"2018-03-01T17:40:10+00:00","dateModified":"2020-06-05T17:57:23+00:00","description":"At only 23 years old, French cellist Aur\u00e9lien Pascal already commands international attention for his unparalleled virtuosity and musical intuition (The Strad). Laureate of several prestigious international competitions, including 2nd Prize of at the 2013 International Paulo Competition and the Grand Prix, Prix ...","breadcrumb":{"@id":"https:\/\/acmconcerts.com\/en\/artists\/violoncello\/aurelien-pascal\/#breadcrumb"},"inLanguage":"en-US","potentialAction":[{"@type":"ReadAction","target":["https:\/\/acmconcerts.com\/en\/artists\/violoncello\/aurelien-pascal\/"]}]},{"@type":"ImageObject","inLanguage":"en-US","@id":"https:\/\/acmconcerts.com\/en\/artists\/violoncello\/aurelien-pascal\/#primaryimage","url":"https:\/\/acmconcerts.com\/wp-content\/uploads\/2018\/03\/Aure\u0301lien_Pascal_Be\u0301a_Cruveiller_2_op.jpg","contentUrl":"https:\/\/acmconcerts.com\/wp-content\/uploads\/2018\/03\/Aure\u0301lien_Pascal_Be\u0301a_Cruveiller_2_op.jpg","width":1920,"height":1280,"caption":"Aure\u0301lien_Pascal_Be\u0301a_Cruveiller_2_op"},{"@type":"BreadcrumbList","@id":"https:\/\/acmconcerts.com\/en\/artists\/violoncello\/aurelien-pascal\/#breadcrumb","itemListElement":[{"@type":"ListItem","position":1,"name":"Portada","item":"https:\/\/acmconcerts.com\/en\/"},{"@type":"ListItem","position":2,"name":"Artists","item":"https:\/\/acmconcerts.com\/en\/artists\/"},{"@type":"ListItem","position":3,"name":"Violoncello","item":"https:\/\/acmconcerts.com\/en\/artists\/violoncello\/"},{"@type":"ListItem","position":4,"name":"Aure\u0301lien Pascal"}]},{"@type":"WebSite","@id":"https:\/\/acmconcerts.com\/#website","url":"https:\/\/acmconcerts.com\/","name":"ACM Concerts","description":"Agencia art\u00edstica","publisher":{"@id":"https:\/\/acmconcerts.com\/#organization"},"potentialAction":[{"@type":"SearchAction","target":{"@type":"EntryPoint","urlTemplate":"https:\/\/acmconcerts.com\/?s={search_term_string}"},"query-input":{"@type":"PropertyValueSpecification","valueRequired":true,"valueName":"search_term_string"}}],"inLanguage":"en-US"},{"@type":"Organization","@id":"https:\/\/acmconcerts.com\/#organization","name":"ACM Concerts","url":"https:\/\/acmconcerts.com\/","logo":{"@type":"ImageObject","inLanguage":"en-US","@id":"https:\/\/acmconcerts.com\/#\/schema\/logo\/image\/","url":"https:\/\/acmconcerts.com\/wp-content\/uploads\/2015\/11\/logo-ACM-grande-e1447756158188.jpg","contentUrl":"https:\/\/acmconcerts.com\/wp-content\/uploads\/2015\/11\/logo-ACM-grande-e1447756158188.jpg","width":600,"height":146,"caption":"ACM Concerts"},"image":{"@id":"https:\/\/acmconcerts.com\/#\/schema\/logo\/image\/"},"sameAs":["https:\/\/www.facebook.com\/ACM-Concerts-819784831388420\/","https:\/\/x.com\/acmconcerts","https:\/\/www.youtube.com\/user\/acmconcerts"]}]}},"_links":{"self":[{"href":"https:\/\/acmconcerts.com\/en\/wp-json\/wp\/v2\/pages\/5806","targetHints":{"allow":["GET"]}}],"collection":[{"href":"https:\/\/acmconcerts.com\/en\/wp-json\/wp\/v2\/pages"}],"about":[{"href":"https:\/\/acmconcerts.com\/en\/wp-json\/wp\/v2\/types\/page"}],"author":[{"embeddable":true,"href":"https:\/\/acmconcerts.com\/en\/wp-json\/wp\/v2\/users\/2"}],"replies":[{"embeddable":true,"href":"https:\/\/acmconcerts.com\/en\/wp-json\/wp\/v2\/comments?post=5806"}],"version-history":[{"count":0,"href":"https:\/\/acmconcerts.com\/en\/wp-json\/wp\/v2\/pages\/5806\/revisions"}],"up":[{"embeddable":true,"href":"https:\/\/acmconcerts.com\/en\/wp-json\/wp\/v2\/pages\/790"}],"wp:featuredmedia":[{"embeddable":true,"href":"https:\/\/acmconcerts.com\/en\/wp-json\/wp\/v2\/media\/5801"}],"wp:attachment":[{"href":"https:\/\/acmconcerts.com\/en\/wp-json\/wp\/v2\/media?parent=5806"}],"curies":[{"name":"wp","href":"https:\/\/api.w.org\/{rel}","templated":true}]}}