{"id":5159,"date":"2017-11-08T19:02:38","date_gmt":"2017-11-08T17:02:38","guid":{"rendered":"http:\/\/acmconcerts.com\/artists\/conductors\/christian-vasquez\/"},"modified":"2021-11-12T12:22:43","modified_gmt":"2021-11-12T10:22:43","slug":"christian-vasquez","status":"publish","type":"page","link":"https:\/\/acmconcerts.com\/en\/artists\/conductors\/christian-vasquez\/","title":{"rendered":"Christian V\u00e1squez"},"content":{"rendered":"<p>[et_pb_section fb_built=&#8221;1&#8243; fullwidth=&#8221;on&#8221; _builder_version=&#8221;3.22&#8243; global_colors_info=&#8221;{}&#8221;][et_pb_fullwidth_image src=&#8221;https:\/\/acmconcerts.com\/wp-content\/uploads\/2017\/11\/Christian_vasquez.jpg&#8221; _builder_version=&#8221;3.0.85&#8243; animation_style=&#8221;fade&#8221; animation_direction=&#8221;fade_in&#8221; animation_duration=&#8221;500ms&#8221; animation=&#8221;fade_in&#8221; global_colors_info=&#8221;{}&#8221;][\/et_pb_fullwidth_image][\/et_pb_section][et_pb_section fb_built=&#8221;1&#8243; _builder_version=&#8221;3.22&#8243; global_colors_info=&#8221;{}&#8221;][et_pb_row column_structure=&#8221;2_3,1_3&#8243; _builder_version=&#8221;3.25&#8243; background_size=&#8221;initial&#8221; background_position=&#8221;top_left&#8221; background_repeat=&#8221;repeat&#8221; global_colors_info=&#8221;{}&#8221;][et_pb_column type=&#8221;2_3&#8243; _builder_version=&#8221;3.25&#8243; custom_padding=&#8221;|||&#8221; global_colors_info=&#8221;{}&#8221; custom_padding__hover=&#8221;|||&#8221;][et_pb_text _builder_version=&#8221;4.13.1&#8243; background_size=&#8221;initial&#8221; background_position=&#8221;top_left&#8221; background_repeat=&#8221;repeat&#8221; module_alignment=&#8221;left&#8221; hover_enabled=&#8221;0&#8243; global_colors_info=&#8221;{}&#8221; sticky_enabled=&#8221;0&#8243;]<\/p>\n<h3 style=\"text-align: justify;\"><span style=\"color: #000000;\">Christian V\u00e1squez, conductor<\/span><\/h3>\n<p class=\"p1\" style=\"text-align: justify;\"><span class=\"s1\" style=\"color: #000000;\">Christian V\u00e1squez was Music Director of the Teresa Carre\u00f1o Symphony Orchestra of Venezuela, leading them on an important tour around Europe which took them to perform in London, Lisbon, Toulouse, Munich, Stockholm and Istanbul. V\u00e1squez has also been Principal Conductor of the Stavanger Symphony Orchestra between 2013 and 2019, opening his initial four-year term with Mahler\u2019s Symphony No. 2, and Principal Guest Conductor of the Het Gelders Orkest from 2015 till 2020, a tenure he started with a tour around The Netherlands featuring an all-Latin programme.<\/span><\/p>\n<p class=\"p1\" style=\"text-align: justify;\"><span class=\"s1\" style=\"color: #000000;\">Following his debut with the G\u00e4vle Symfoniorkester in October 2009, one of his first appearances in Europe, Christian was appointed Principal Guest Conductor between 2010 and 2013. He has worked with the Philharmonia Orchestra, Residentie Orkest, Orchestre de la Suisse Romande, Vienna Radio Symphony, Camerata Salzburg, State Symphony of Russia, Tokyo Philharmonic and Singapore Symphony. In North America, he has conducted the National Arts Centre Orchestra (Ottawa) and Los Angeles Philharmonic, the latter during his participation in their Young Artist Fellowship Program.<span class=\"Apple-converted-space\">\u00a0<\/span><\/span><\/p>\n<p class=\"p1\" style=\"text-align: justify;\"><span class=\"s1\" style=\"color: #000000;\">Christian V\u00e1squez has conducted orchestras such as the Royal Northern Sinfonia, Orchestre National du Capitole de Toulouse, Sinf\u00f3nica de Galicia, Berlin Konzerthausorchester, Prague Radio Symphony, Warsaw Beethoven Festival, Turku Philharmonic, Orchestre Philharmonique du Luxembourg, Prague Radio Symphony Orchestra, Poznan Philharmonic, Rotterdam Philharmonic, New Jersey Symphony, Helsinki Philharmonic, Orquesta Nacional de M\u00e9xico, Sinfonieorchester Basel, M\u00fcnchner Philharmoniker, Filarm\u00f3nica de Gran Canaria, Estonian National Symphony Orchestra, Royal Danish Orchestra, Norwegian Radio Orchestra or RTE National Symphony. Christian\u2019s first opera engagement in Europe was at the Norwegian Opera with <i>Carmen.<\/i> Upcoming highlights include the Op\u00e9ra National de Paris assisting Gustavo Dudamel, and concerts in Poland, Spain, Norway, Israel, Korea, USA, etc.<\/span><\/p>\n<p class=\"p1\" style=\"text-align: justify;\"><span class=\"s1\" style=\"color: #000000;\">Christian V\u00e1squez began to study violin at the age of eight years, and in 2006 he started his studies in orchestra conducting under the direction of Jose Antonio Abreu.<\/span><\/p>\n<p>[\/et_pb_text][et_pb_text _builder_version=&#8221;3.27.4&#8243; background_size=&#8221;initial&#8221; background_position=&#8221;top_left&#8221; background_repeat=&#8221;repeat&#8221; module_alignment=&#8221;left&#8221; global_colors_info=&#8221;{}&#8221;] <a href=\"https:\/\/acmconcerts.com\/en\/?ddownload=5152\" title=\"Descargar BIO en PDF\" rel=\"nofollow\" class=\"ddownload-button button-grey id-5152 ext-pdf\">Descargar BIO en PDF<\/a> [\/et_pb_text][et_pb_text _builder_version=&#8221;3.27.4&#8243; background_size=&#8221;initial&#8221; background_position=&#8221;top_left&#8221; background_repeat=&#8221;repeat&#8221; module_alignment=&#8221;left&#8221; global_colors_info=&#8221;{}&#8221;] <a href=\"https:\/\/acmconcerts.com\/en\/?ddownload=5153\" title=\"Download BIO PDF\" rel=\"nofollow\" class=\"ddownload-button button-grey id-5153 ext-pdf\">Download BIO PDF<\/a> [\/et_pb_text][\/et_pb_column][et_pb_column type=&#8221;1_3&#8243; _builder_version=&#8221;3.25&#8243; custom_padding=&#8221;|||&#8221; global_colors_info=&#8221;{}&#8221; custom_padding__hover=&#8221;|||&#8221;][et_pb_social_media_follow _builder_version=&#8221;3.0.87&#8243; global_colors_info=&#8221;{}&#8221;][et_pb_social_media_follow_network social_network=&#8221;facebook&#8221; url=&#8221;https:\/\/www.facebook.com\/christian.vasquez.313371&#8243; _builder_version=&#8221;3.0.85&#8243; background_color=&#8221;#3b5998&#8243; global_colors_info=&#8221;{}&#8221; follow_button=&#8221;off&#8221; url_new_window=&#8221;on&#8221;]facebook[\/et_pb_social_media_follow_network][et_pb_social_media_follow_network social_network=&#8221;twitter&#8221; url=&#8221;https:\/\/twitter.com\/CVasquezU&#8221; _builder_version=&#8221;3.0.85&#8243; background_color=&#8221;#00aced&#8221; global_colors_info=&#8221;{}&#8221; follow_button=&#8221;off&#8221; url_new_window=&#8221;on&#8221;] Twitter [\/et_pb_social_media_follow_network][et_pb_social_media_follow_network social_network=&#8221;linkedin&#8221; url=&#8221;https:\/\/www.linkedin.com\/in\/christian-v%C3%A1squez-784052b1\/&#8221; _builder_version=&#8221;3.0.85&#8243; background_color=&#8221;#007bb6&#8243; global_colors_info=&#8221;{}&#8221; follow_button=&#8221;off&#8221; url_new_window=&#8221;on&#8221;] LinkedIn [\/et_pb_social_media_follow_network][et_pb_social_media_follow_network social_network=&#8221;instagram&#8221; url=&#8221;https:\/\/www.instagram.com\/christianvasquezu\/&#8221; _builder_version=&#8221;3.0.85&#8243; background_color=&#8221;#517fa4&#8243; global_colors_info=&#8221;{}&#8221; follow_button=&#8221;off&#8221; url_new_window=&#8221;on&#8221;] Instagram [\/et_pb_social_media_follow_network][\/et_pb_social_media_follow][et_pb_text _builder_version=&#8221;3.27.4&#8243; global_colors_info=&#8221;{}&#8221;]<\/p>\n<p>Web:\u00a0<a href=\"http:\/\/christianvasquez.com\/\" target=\"_blank\" rel=\"noopener noreferrer\">http:\/\/christianvasquez.com\/<\/a><\/p>\n<p>[\/et_pb_text][et_pb_code _builder_version=&#8221;4.4.7&#8243; global_colors_info=&#8221;{}&#8221;]<iframe width=\"650\" height=\"450\" src=\"https:\/\/www.youtube-nocookie.com\/embed\/videoseries?list=PL6Y2Eo22D_lVb4oex2BwUabET7DaeNVN2\" frameborder=\"0\" allow=\"accelerometer; autoplay; encrypted-media; gyroscope; picture-in-picture\" allowfullscreen><\/iframe>[\/et_pb_code][\/et_pb_column][\/et_pb_row][\/et_pb_section]<\/p>\n","protected":false},"excerpt":{"rendered":"<p>Christian V\u00e1squez, conductor Christian V\u00e1squez was Music Director of the Teresa Carre\u00f1o Symphony Orchestra of Venezuela, leading them on an important tour around Europe which took them to perform in London, Lisbon, Toulouse, Munich, Stockholm and Istanbul. V\u00e1squez has also been Principal Conductor of the Stavanger Symphony Orchestra between 2013 and 2019, opening his initial [&hellip;]<\/p>\n","protected":false},"author":2,"featured_media":0,"parent":746,"menu_order":0,"comment_status":"closed","ping_status":"closed","template":"","meta":{"_et_pb_use_builder":"on","_et_pb_old_content":"","_et_gb_content_width":"","_monsterinsights_skip_tracking":false,"_monsterinsights_sitenote_active":false,"_monsterinsights_sitenote_note":"","_monsterinsights_sitenote_category":0,"_ayudawp_aiss_exclude":false,"footnotes":""},"class_list":["post-5159","page","type-page","status-publish","hentry"],"yoast_head":"<!-- This site is optimized with the Yoast SEO Premium plugin v27.2 (Yoast SEO v27.2) - https:\/\/yoast.com\/product\/yoast-seo-premium-wordpress\/ -->\n<title>Christian V\u00e1squez - ACM Concerts<\/title>\n<meta name=\"description\" content=\"Christian V\u00e1squez is Music Director of the Teresa Carre\u00f1o Symphony Orchestra of Venezuela, leading them on an important tour around Europe which took ...\" \/>\n<meta name=\"robots\" content=\"index, follow, max-snippet:-1, max-image-preview:large, max-video-preview:-1\" \/>\n<link rel=\"canonical\" href=\"https:\/\/acmconcerts.com\/en\/artists\/conductors\/christian-vasquez\/\" \/>\n<meta property=\"og:locale\" content=\"en_US\" \/>\n<meta property=\"og:type\" content=\"article\" \/>\n<meta property=\"og:title\" content=\"Christian V\u00e1squez\" \/>\n<meta property=\"og:url\" content=\"https:\/\/acmconcerts.com\/en\/artists\/conductors\/christian-vasquez\/\" \/>\n<meta property=\"og:site_name\" content=\"ACM Concerts\" \/>\n<meta property=\"article:publisher\" content=\"https:\/\/www.facebook.com\/ACM-Concerts-819784831388420\/\" \/>\n<meta property=\"article:modified_time\" content=\"2021-11-12T10:22:43+00:00\" \/>\n<meta property=\"og:image\" content=\"https:\/\/acmconcerts.com\/wp-content\/uploads\/2016\/04\/ACM_Logo_mediano_op.jpg\" \/>\n\t<meta property=\"og:image:width\" content=\"1341\" \/>\n\t<meta property=\"og:image:height\" content=\"585\" \/>\n\t<meta property=\"og:image:type\" content=\"image\/jpeg\" \/>\n<meta name=\"twitter:card\" content=\"summary_large_image\" \/>\n<meta name=\"twitter:site\" content=\"@acmconcerts\" \/>\n<script type=\"application\/ld+json\" class=\"yoast-schema-graph\">{\"@context\":\"https:\/\/schema.org\",\"@graph\":[{\"@type\":\"WebPage\",\"@id\":\"https:\/\/acmconcerts.com\/en\/artists\/conductors\/christian-vasquez\/\",\"url\":\"https:\/\/acmconcerts.com\/en\/artists\/conductors\/christian-vasquez\/\",\"name\":\"Christian V\u00e1squez - ACM Concerts\",\"isPartOf\":{\"@id\":\"https:\/\/acmconcerts.com\/#website\"},\"datePublished\":\"2017-11-08T17:02:38+00:00\",\"dateModified\":\"2021-11-12T10:22:43+00:00\",\"description\":\"Christian V\u00e1squez is Music Director of the Teresa Carre\u00f1o Symphony Orchestra of Venezuela, leading them on an important tour around Europe which took ...\",\"breadcrumb\":{\"@id\":\"https:\/\/acmconcerts.com\/en\/artists\/conductors\/christian-vasquez\/#breadcrumb\"},\"inLanguage\":\"en-US\",\"potentialAction\":[{\"@type\":\"ReadAction\",\"target\":[\"https:\/\/acmconcerts.com\/en\/artists\/conductors\/christian-vasquez\/\"]}]},{\"@type\":\"BreadcrumbList\",\"@id\":\"https:\/\/acmconcerts.com\/en\/artists\/conductors\/christian-vasquez\/#breadcrumb\",\"itemListElement\":[{\"@type\":\"ListItem\",\"position\":1,\"name\":\"Portada\",\"item\":\"https:\/\/acmconcerts.com\/en\/\"},{\"@type\":\"ListItem\",\"position\":2,\"name\":\"Artists\",\"item\":\"https:\/\/acmconcerts.com\/en\/artists\/\"},{\"@type\":\"ListItem\",\"position\":3,\"name\":\"Conductors\",\"item\":\"https:\/\/acmconcerts.com\/en\/artists\/conductors\/\"},{\"@type\":\"ListItem\",\"position\":4,\"name\":\"Christian V\u00e1squez\"}]},{\"@type\":\"WebSite\",\"@id\":\"https:\/\/acmconcerts.com\/#website\",\"url\":\"https:\/\/acmconcerts.com\/\",\"name\":\"ACM Concerts\",\"description\":\"Agencia art\u00edstica\",\"publisher\":{\"@id\":\"https:\/\/acmconcerts.com\/#organization\"},\"potentialAction\":[{\"@type\":\"SearchAction\",\"target\":{\"@type\":\"EntryPoint\",\"urlTemplate\":\"https:\/\/acmconcerts.com\/?s={search_term_string}\"},\"query-input\":{\"@type\":\"PropertyValueSpecification\",\"valueRequired\":true,\"valueName\":\"search_term_string\"}}],\"inLanguage\":\"en-US\"},{\"@type\":\"Organization\",\"@id\":\"https:\/\/acmconcerts.com\/#organization\",\"name\":\"ACM Concerts\",\"url\":\"https:\/\/acmconcerts.com\/\",\"logo\":{\"@type\":\"ImageObject\",\"inLanguage\":\"en-US\",\"@id\":\"https:\/\/acmconcerts.com\/#\/schema\/logo\/image\/\",\"url\":\"https:\/\/acmconcerts.com\/wp-content\/uploads\/2015\/11\/logo-ACM-grande-e1447756158188.jpg\",\"contentUrl\":\"https:\/\/acmconcerts.com\/wp-content\/uploads\/2015\/11\/logo-ACM-grande-e1447756158188.jpg\",\"width\":600,\"height\":146,\"caption\":\"ACM Concerts\"},\"image\":{\"@id\":\"https:\/\/acmconcerts.com\/#\/schema\/logo\/image\/\"},\"sameAs\":[\"https:\/\/www.facebook.com\/ACM-Concerts-819784831388420\/\",\"https:\/\/x.com\/acmconcerts\",\"https:\/\/www.youtube.com\/user\/acmconcerts\"]}]}<\/script>\n<!-- \/ Yoast SEO Premium plugin. -->","yoast_head_json":{"title":"Christian V\u00e1squez - ACM Concerts","description":"Christian V\u00e1squez is Music Director of the Teresa Carre\u00f1o Symphony Orchestra of Venezuela, leading them on an important tour around Europe which took ...","robots":{"index":"index","follow":"follow","max-snippet":"max-snippet:-1","max-image-preview":"max-image-preview:large","max-video-preview":"max-video-preview:-1"},"canonical":"https:\/\/acmconcerts.com\/en\/artists\/conductors\/christian-vasquez\/","og_locale":"en_US","og_type":"article","og_title":"Christian V\u00e1squez","og_url":"https:\/\/acmconcerts.com\/en\/artists\/conductors\/christian-vasquez\/","og_site_name":"ACM Concerts","article_publisher":"https:\/\/www.facebook.com\/ACM-Concerts-819784831388420\/","article_modified_time":"2021-11-12T10:22:43+00:00","og_image":[{"width":1341,"height":585,"url":"https:\/\/acmconcerts.com\/wp-content\/uploads\/2016\/04\/ACM_Logo_mediano_op.jpg","type":"image\/jpeg"}],"twitter_card":"summary_large_image","twitter_site":"@acmconcerts","schema":{"@context":"https:\/\/schema.org","@graph":[{"@type":"WebPage","@id":"https:\/\/acmconcerts.com\/en\/artists\/conductors\/christian-vasquez\/","url":"https:\/\/acmconcerts.com\/en\/artists\/conductors\/christian-vasquez\/","name":"Christian V\u00e1squez - ACM Concerts","isPartOf":{"@id":"https:\/\/acmconcerts.com\/#website"},"datePublished":"2017-11-08T17:02:38+00:00","dateModified":"2021-11-12T10:22:43+00:00","description":"Christian V\u00e1squez is Music Director of the Teresa Carre\u00f1o Symphony Orchestra of Venezuela, leading them on an important tour around Europe which took ...","breadcrumb":{"@id":"https:\/\/acmconcerts.com\/en\/artists\/conductors\/christian-vasquez\/#breadcrumb"},"inLanguage":"en-US","potentialAction":[{"@type":"ReadAction","target":["https:\/\/acmconcerts.com\/en\/artists\/conductors\/christian-vasquez\/"]}]},{"@type":"BreadcrumbList","@id":"https:\/\/acmconcerts.com\/en\/artists\/conductors\/christian-vasquez\/#breadcrumb","itemListElement":[{"@type":"ListItem","position":1,"name":"Portada","item":"https:\/\/acmconcerts.com\/en\/"},{"@type":"ListItem","position":2,"name":"Artists","item":"https:\/\/acmconcerts.com\/en\/artists\/"},{"@type":"ListItem","position":3,"name":"Conductors","item":"https:\/\/acmconcerts.com\/en\/artists\/conductors\/"},{"@type":"ListItem","position":4,"name":"Christian V\u00e1squez"}]},{"@type":"WebSite","@id":"https:\/\/acmconcerts.com\/#website","url":"https:\/\/acmconcerts.com\/","name":"ACM Concerts","description":"Agencia art\u00edstica","publisher":{"@id":"https:\/\/acmconcerts.com\/#organization"},"potentialAction":[{"@type":"SearchAction","target":{"@type":"EntryPoint","urlTemplate":"https:\/\/acmconcerts.com\/?s={search_term_string}"},"query-input":{"@type":"PropertyValueSpecification","valueRequired":true,"valueName":"search_term_string"}}],"inLanguage":"en-US"},{"@type":"Organization","@id":"https:\/\/acmconcerts.com\/#organization","name":"ACM Concerts","url":"https:\/\/acmconcerts.com\/","logo":{"@type":"ImageObject","inLanguage":"en-US","@id":"https:\/\/acmconcerts.com\/#\/schema\/logo\/image\/","url":"https:\/\/acmconcerts.com\/wp-content\/uploads\/2015\/11\/logo-ACM-grande-e1447756158188.jpg","contentUrl":"https:\/\/acmconcerts.com\/wp-content\/uploads\/2015\/11\/logo-ACM-grande-e1447756158188.jpg","width":600,"height":146,"caption":"ACM Concerts"},"image":{"@id":"https:\/\/acmconcerts.com\/#\/schema\/logo\/image\/"},"sameAs":["https:\/\/www.facebook.com\/ACM-Concerts-819784831388420\/","https:\/\/x.com\/acmconcerts","https:\/\/www.youtube.com\/user\/acmconcerts"]}]}},"_links":{"self":[{"href":"https:\/\/acmconcerts.com\/en\/wp-json\/wp\/v2\/pages\/5159","targetHints":{"allow":["GET"]}}],"collection":[{"href":"https:\/\/acmconcerts.com\/en\/wp-json\/wp\/v2\/pages"}],"about":[{"href":"https:\/\/acmconcerts.com\/en\/wp-json\/wp\/v2\/types\/page"}],"author":[{"embeddable":true,"href":"https:\/\/acmconcerts.com\/en\/wp-json\/wp\/v2\/users\/2"}],"replies":[{"embeddable":true,"href":"https:\/\/acmconcerts.com\/en\/wp-json\/wp\/v2\/comments?post=5159"}],"version-history":[{"count":0,"href":"https:\/\/acmconcerts.com\/en\/wp-json\/wp\/v2\/pages\/5159\/revisions"}],"up":[{"embeddable":true,"href":"https:\/\/acmconcerts.com\/en\/wp-json\/wp\/v2\/pages\/746"}],"wp:attachment":[{"href":"https:\/\/acmconcerts.com\/en\/wp-json\/wp\/v2\/media?parent=5159"}],"curies":[{"name":"wp","href":"https:\/\/api.w.org\/{rel}","templated":true}]}}