{"id":2427,"date":"2016-06-24T20:07:39","date_gmt":"2016-06-24T18:07:39","guid":{"rendered":"http:\/\/acmconcerts.com\/en\/artists\/piano\/kun-woo-paik\/"},"modified":"2020-06-05T12:32:51","modified_gmt":"2020-06-05T10:32:51","slug":"kun-woo-paik","status":"publish","type":"page","link":"https:\/\/acmconcerts.com\/en\/artists\/piano\/kun-woo-paik\/","title":{"rendered":"Kun-Woo Paik"},"content":{"rendered":"<p>[et_pb_section fb_built=&#8221;1&#8243; fullwidth=&#8221;on&#8221; admin_label=&#8221;Secci\u00f3n&#8221; _builder_version=&#8221;3.22&#8243;][et_pb_fullwidth_image src=&#8221;https:\/\/acmconcerts.com\/wp-content\/uploads\/2016\/06\/Kun-Woo-Paik.jpg&#8221; admin_label=&#8221;Imagen de anchura completa&#8221; _builder_version=&#8221;3.0.87&#8243; animation_style=&#8221;fade&#8221; animation_duration=&#8221;500ms&#8221; use_border_color=&#8221;off&#8221; border_color=&#8221;#ffffff&#8221; border_style=&#8221;solid&#8221; animation=&#8221;fade_in&#8221;][\/et_pb_fullwidth_image][\/et_pb_section][et_pb_section fb_built=&#8221;1&#8243; admin_label=&#8221;Secci\u00f3n&#8221; _builder_version=&#8221;3.22&#8243;][et_pb_row column_structure=&#8221;2_3,1_3&#8243; admin_label=&#8221;Fila&#8221; _builder_version=&#8221;3.25&#8243; background_size=&#8221;initial&#8221; background_position=&#8221;top_left&#8221; background_repeat=&#8221;repeat&#8221;][et_pb_column type=&#8221;2_3&#8243; _builder_version=&#8221;3.25&#8243; custom_padding=&#8221;|||&#8221; custom_padding__hover=&#8221;|||&#8221;][et_pb_text admin_label=&#8221;Texto&#8221; _builder_version=&#8221;3.27.4&#8243; background_size=&#8221;initial&#8221; background_position=&#8221;top_left&#8221; background_repeat=&#8221;repeat&#8221; use_border_color=&#8221;off&#8221; border_color=&#8221;#ffffff&#8221; border_style=&#8221;solid&#8221;]<\/p>\n<h2 style=\"text-align: justify;\"><span style=\"color: #000000;\">Kun-Woo Paik, piano<\/span><\/h2>\n<p><\/p>\n<p style=\"text-align: justify;\"><span style=\"color: #000000;\">Kun-Woo Paik is considered one of the most important pianists of his generation. Born in Seoul, Kun-Woo Paik\u00b4s first concert was at the age of ten performing Grieg\u00b4s Piano Concerto with the Korean National Orchestra. At the age of fifteen, Kun-Woo Paik moved to New York to study with Rosina Lhevinne at the Julliard School and with Ilona Kabos in London. Paik is the winner of the Naumburg award and Gold Medallist at the Busoni International Piano Competitions. His international career took off following his first New York appearance, in which he performed complete piano works by Maurice Ravel at the Lincoln Center, and his orchestral debut at the Carnegie Hall.<\/span><\/p>\n<p style=\"text-align: justify;\"><span style=\"color: #000000;\">In 1974, Paik made his European debuts with three consecutive recitals at the Wigmore Hall, London, followed in 1975 by a recital in Berlin\u00b4s Philharmonie. Since then he has closely collaborated with conductors such as Lorin Maazel, Mariss Jansons, Long Yu, Sir.Neville Marriner, Wolfgang Sawallisch, Ji\u0159\u00ed B\u0115lohl\u00e1vek, Dmitri Kitaenko, James Conlon, John Nelson, Eliahu Inbal and Antoni Wit, and performed with orchestras such as the New York Philharmonic, St Petersburg Philharmonic, London Symphony, BBC Symphony, Orchestre de Paris, Berlin Symphony, Hungarian National, Oslo Philharmonic, Rotterdam and Warsaw Philharmonic. He is also a regular guest artist of festivals including Berliner Festwochen, Aix-en-Provence, La Roque d\u00b4Anth\u00e9ron, Ravinia, Mostly Mozart, Colmar, Montreux, Dubrovnik, Aldeburgh and Moscow Easter Festival. He was the first Korean artist to be officially invited by the Chinese government in October 2000.<\/span><\/p>\n<p style=\"text-align: justify;\"><span style=\"color: #000000;\">Kun-Woo Paik\u00b4s numerous recordings include Scriabin, Liszt, complete works for solo piano by Mussorgsky, Rachmaninov\u00b4s complete piano concerti and Rhapsody on a theme of Paganini (under Vladimir Fedoseyev for BMG). His complete Prokofiev piano concerti recording received both Diapason d\u00b4Or of the year and Nouvelle Acad\u00e9mie du disque awards in France.<\/span><\/p>\n<p style=\"text-align: justify;\"><span style=\"color: #000000;\">As an exclusive Decca artist and to celebrate JS Bach\u00b4s year in 2000, he recorded Busoni\u00b4s transcriptions of Bach\u00b4s organ works followed by an album of Faur\u00e9\u00b4s Piano works, which won all the major prizes in France. He recently released the complete works for piano and orchestra by Chopin with Antoni Wit and the Warsaw Philharmonic.<\/span><\/p>\n<p style=\"text-align: justify;\"><span style=\"color: #000000;\">Kun-Woo Paik has recorded all thirty-two Sonatas by Beethoven for Decca.<\/span><\/p>\n<p style=\"text-align: justify;\"><span style=\"color: #000000;\"><em>Paik\u00b4s sense of drama, his wit, mastery of nuance, thoughtfully weighted chords and fleet-fingered virtuosity, all are remarkable.<\/em> (Rob Cowan, The Independent)<\/span><\/p>\n<p style=\"text-align: justify;\"><span style=\"color: #000000;\">Kun-Woo Paik lives in Paris and is the Artistic Director of the Emerald Coast Music Festival in Dinard, France and was made the \u201cChevalier de l\u00b4ordre des arts et des lettres\u201d by the French Government in 2000.<\/span><\/p>\n<p>[\/et_pb_text][et_pb_text admin_label=&#8221;Texto&#8221; _builder_version=&#8221;3.27.4&#8243; background_size=&#8221;initial&#8221; background_position=&#8221;top_left&#8221; background_repeat=&#8221;repeat&#8221; use_border_color=&#8221;off&#8221; border_color=&#8221;#ffffff&#8221; border_style=&#8221;solid&#8221;]<a href=\"https:\/\/acmconcerts.com\/en\/?ddownload=2422\" title=\"Descargar BIO en PDF\" rel=\"nofollow\" class=\"ddownload-button button-grey id-2422 ext-pdf\">Descargar BIO en PDF<\/a><br \/>\n[\/et_pb_text][et_pb_text admin_label=&#8221;Texto&#8221; _builder_version=&#8221;3.27.4&#8243; background_size=&#8221;initial&#8221; background_position=&#8221;top_left&#8221; background_repeat=&#8221;repeat&#8221; use_border_color=&#8221;off&#8221; border_color=&#8221;#ffffff&#8221; border_style=&#8221;solid&#8221;]<a href=\"https:\/\/acmconcerts.com\/en\/?ddownload=2423\" title=\"Download BIO PDF\" rel=\"nofollow\" class=\"ddownload-button button-grey id-2423 ext-pdf\">Download BIO PDF<\/a><br \/>\n[\/et_pb_text][\/et_pb_column][et_pb_column type=&#8221;1_3&#8243; _builder_version=&#8221;3.25&#8243; custom_padding=&#8221;|||&#8221; custom_padding__hover=&#8221;|||&#8221;][et_pb_text admin_label=&#8221;Texto&#8221; _builder_version=&#8221;3.27.4&#8243; background_size=&#8221;initial&#8221; background_position=&#8221;top_left&#8221; background_repeat=&#8221;repeat&#8221; use_border_color=&#8221;off&#8221; border_color=&#8221;#ffffff&#8221; border_style=&#8221;solid&#8221;][\/et_pb_text][et_pb_code admin_label=&#8221;C\u00f3digo&#8221; _builder_version=&#8221;4.4.8&#8243; hover_enabled=&#8221;0&#8243;]<iframe width=\"650\" height=\"450\" src=\"https:\/\/www.youtube-nocookie.com\/embed\/videoseries?list=PL6Y2Eo22D_lWV7Nv3i1qy52a4fyENboCs\" frameborder=\"0\" allow=\"accelerometer; autoplay; encrypted-media; gyroscope; picture-in-picture\" allowfullscreen><\/iframe>[\/et_pb_code][\/et_pb_column][\/et_pb_row][\/et_pb_section]<\/p>\n","protected":false},"excerpt":{"rendered":"<p>Kun-Woo Paik, piano Kun-Woo Paik is considered one of the most important pianists of his generation. Born in Seoul, Kun-Woo Paik\u00b4s first concert was at the age of ten performing Grieg\u00b4s Piano Concerto with the Korean National Orchestra. At the age of fifteen, Kun-Woo Paik moved to New York to study with Rosina Lhevinne at [&hellip;]<\/p>\n","protected":false},"author":2,"featured_media":2407,"parent":786,"menu_order":0,"comment_status":"closed","ping_status":"closed","template":"","meta":{"_et_pb_use_builder":"on","_et_pb_old_content":"","_et_gb_content_width":"","_monsterinsights_skip_tracking":false,"_monsterinsights_sitenote_active":false,"_monsterinsights_sitenote_note":"","_monsterinsights_sitenote_category":0,"_ayudawp_aiss_exclude":false,"footnotes":""},"class_list":["post-2427","page","type-page","status-publish","has-post-thumbnail","hentry"],"yoast_head":"<!-- This site is optimized with the Yoast SEO Premium plugin v27.2 (Yoast SEO v27.2) - https:\/\/yoast.com\/product\/yoast-seo-premium-wordpress\/ -->\n<title>Kun-Woo Paik - ACM Concerts<\/title>\n<meta name=\"description\" content=\"Kun-Woo Paik is considered one of the most important pianists of his generation. Born in Seoul, Kun-Woo Paik\u00b4s first concert was at the age of ten ...\" \/>\n<meta name=\"robots\" content=\"index, follow, max-snippet:-1, max-image-preview:large, max-video-preview:-1\" \/>\n<link rel=\"canonical\" href=\"https:\/\/acmconcerts.com\/en\/artists\/piano\/kun-woo-paik\/\" \/>\n<meta property=\"og:locale\" content=\"en_US\" \/>\n<meta property=\"og:type\" content=\"article\" \/>\n<meta property=\"og:title\" content=\"Kun-Woo Paik\" \/>\n<meta property=\"og:url\" content=\"https:\/\/acmconcerts.com\/en\/artists\/piano\/kun-woo-paik\/\" \/>\n<meta property=\"og:site_name\" content=\"ACM Concerts\" \/>\n<meta property=\"article:publisher\" content=\"https:\/\/www.facebook.com\/ACM-Concerts-819784831388420\/\" \/>\n<meta property=\"article:modified_time\" content=\"2020-06-05T10:32:51+00:00\" \/>\n<meta property=\"og:image\" content=\"https:\/\/acmconcerts.com\/wp-content\/uploads\/2016\/06\/Kun-Woo_Paik_Retrato_BN_II_ACM-Concerts.jpg\" \/>\n\t<meta property=\"og:image:width\" content=\"1750\" \/>\n\t<meta property=\"og:image:height\" content=\"1502\" \/>\n\t<meta property=\"og:image:type\" content=\"image\/jpeg\" \/>\n<meta name=\"twitter:card\" content=\"summary_large_image\" \/>\n<meta name=\"twitter:site\" content=\"@acmconcerts\" \/>\n<script type=\"application\/ld+json\" class=\"yoast-schema-graph\">{\"@context\":\"https:\/\/schema.org\",\"@graph\":[{\"@type\":\"WebPage\",\"@id\":\"https:\/\/acmconcerts.com\/en\/artists\/piano\/kun-woo-paik\/\",\"url\":\"https:\/\/acmconcerts.com\/en\/artists\/piano\/kun-woo-paik\/\",\"name\":\"Kun-Woo Paik - ACM Concerts\",\"isPartOf\":{\"@id\":\"https:\/\/acmconcerts.com\/#website\"},\"primaryImageOfPage\":{\"@id\":\"https:\/\/acmconcerts.com\/en\/artists\/piano\/kun-woo-paik\/#primaryimage\"},\"image\":{\"@id\":\"https:\/\/acmconcerts.com\/en\/artists\/piano\/kun-woo-paik\/#primaryimage\"},\"thumbnailUrl\":\"https:\/\/acmconcerts.com\/wp-content\/uploads\/2016\/06\/Kun-Woo_Paik_Retrato_BN_II_ACM-Concerts.jpg\",\"datePublished\":\"2016-06-24T18:07:39+00:00\",\"dateModified\":\"2020-06-05T10:32:51+00:00\",\"description\":\"Kun-Woo Paik is considered one of the most important pianists of his generation. Born in Seoul, Kun-Woo Paik\u00b4s first concert was at the age of ten ...\",\"breadcrumb\":{\"@id\":\"https:\/\/acmconcerts.com\/en\/artists\/piano\/kun-woo-paik\/#breadcrumb\"},\"inLanguage\":\"en-US\",\"potentialAction\":[{\"@type\":\"ReadAction\",\"target\":[\"https:\/\/acmconcerts.com\/en\/artists\/piano\/kun-woo-paik\/\"]}]},{\"@type\":\"ImageObject\",\"inLanguage\":\"en-US\",\"@id\":\"https:\/\/acmconcerts.com\/en\/artists\/piano\/kun-woo-paik\/#primaryimage\",\"url\":\"https:\/\/acmconcerts.com\/wp-content\/uploads\/2016\/06\/Kun-Woo_Paik_Retrato_BN_II_ACM-Concerts.jpg\",\"contentUrl\":\"https:\/\/acmconcerts.com\/wp-content\/uploads\/2016\/06\/Kun-Woo_Paik_Retrato_BN_II_ACM-Concerts.jpg\",\"width\":1750,\"height\":1502,\"caption\":\"Kun-Woo Paik blanco y negro plano medio\"},{\"@type\":\"BreadcrumbList\",\"@id\":\"https:\/\/acmconcerts.com\/en\/artists\/piano\/kun-woo-paik\/#breadcrumb\",\"itemListElement\":[{\"@type\":\"ListItem\",\"position\":1,\"name\":\"Portada\",\"item\":\"https:\/\/acmconcerts.com\/en\/\"},{\"@type\":\"ListItem\",\"position\":2,\"name\":\"Artists\",\"item\":\"https:\/\/acmconcerts.com\/en\/artists\/\"},{\"@type\":\"ListItem\",\"position\":3,\"name\":\"Piano\",\"item\":\"https:\/\/acmconcerts.com\/en\/artists\/piano\/\"},{\"@type\":\"ListItem\",\"position\":4,\"name\":\"Kun-Woo Paik\"}]},{\"@type\":\"WebSite\",\"@id\":\"https:\/\/acmconcerts.com\/#website\",\"url\":\"https:\/\/acmconcerts.com\/\",\"name\":\"ACM Concerts\",\"description\":\"Agencia art\u00edstica\",\"publisher\":{\"@id\":\"https:\/\/acmconcerts.com\/#organization\"},\"potentialAction\":[{\"@type\":\"SearchAction\",\"target\":{\"@type\":\"EntryPoint\",\"urlTemplate\":\"https:\/\/acmconcerts.com\/?s={search_term_string}\"},\"query-input\":{\"@type\":\"PropertyValueSpecification\",\"valueRequired\":true,\"valueName\":\"search_term_string\"}}],\"inLanguage\":\"en-US\"},{\"@type\":\"Organization\",\"@id\":\"https:\/\/acmconcerts.com\/#organization\",\"name\":\"ACM Concerts\",\"url\":\"https:\/\/acmconcerts.com\/\",\"logo\":{\"@type\":\"ImageObject\",\"inLanguage\":\"en-US\",\"@id\":\"https:\/\/acmconcerts.com\/#\/schema\/logo\/image\/\",\"url\":\"https:\/\/acmconcerts.com\/wp-content\/uploads\/2015\/11\/logo-ACM-grande-e1447756158188.jpg\",\"contentUrl\":\"https:\/\/acmconcerts.com\/wp-content\/uploads\/2015\/11\/logo-ACM-grande-e1447756158188.jpg\",\"width\":600,\"height\":146,\"caption\":\"ACM Concerts\"},\"image\":{\"@id\":\"https:\/\/acmconcerts.com\/#\/schema\/logo\/image\/\"},\"sameAs\":[\"https:\/\/www.facebook.com\/ACM-Concerts-819784831388420\/\",\"https:\/\/x.com\/acmconcerts\",\"https:\/\/www.youtube.com\/user\/acmconcerts\"]}]}<\/script>\n<!-- \/ Yoast SEO Premium plugin. -->","yoast_head_json":{"title":"Kun-Woo Paik - ACM Concerts","description":"Kun-Woo Paik is considered one of the most important pianists of his generation. Born in Seoul, Kun-Woo Paik\u00b4s first concert was at the age of ten ...","robots":{"index":"index","follow":"follow","max-snippet":"max-snippet:-1","max-image-preview":"max-image-preview:large","max-video-preview":"max-video-preview:-1"},"canonical":"https:\/\/acmconcerts.com\/en\/artists\/piano\/kun-woo-paik\/","og_locale":"en_US","og_type":"article","og_title":"Kun-Woo Paik","og_url":"https:\/\/acmconcerts.com\/en\/artists\/piano\/kun-woo-paik\/","og_site_name":"ACM Concerts","article_publisher":"https:\/\/www.facebook.com\/ACM-Concerts-819784831388420\/","article_modified_time":"2020-06-05T10:32:51+00:00","og_image":[{"width":1750,"height":1502,"url":"https:\/\/acmconcerts.com\/wp-content\/uploads\/2016\/06\/Kun-Woo_Paik_Retrato_BN_II_ACM-Concerts.jpg","type":"image\/jpeg"}],"twitter_card":"summary_large_image","twitter_site":"@acmconcerts","schema":{"@context":"https:\/\/schema.org","@graph":[{"@type":"WebPage","@id":"https:\/\/acmconcerts.com\/en\/artists\/piano\/kun-woo-paik\/","url":"https:\/\/acmconcerts.com\/en\/artists\/piano\/kun-woo-paik\/","name":"Kun-Woo Paik - ACM Concerts","isPartOf":{"@id":"https:\/\/acmconcerts.com\/#website"},"primaryImageOfPage":{"@id":"https:\/\/acmconcerts.com\/en\/artists\/piano\/kun-woo-paik\/#primaryimage"},"image":{"@id":"https:\/\/acmconcerts.com\/en\/artists\/piano\/kun-woo-paik\/#primaryimage"},"thumbnailUrl":"https:\/\/acmconcerts.com\/wp-content\/uploads\/2016\/06\/Kun-Woo_Paik_Retrato_BN_II_ACM-Concerts.jpg","datePublished":"2016-06-24T18:07:39+00:00","dateModified":"2020-06-05T10:32:51+00:00","description":"Kun-Woo Paik is considered one of the most important pianists of his generation. Born in Seoul, Kun-Woo Paik\u00b4s first concert was at the age of ten ...","breadcrumb":{"@id":"https:\/\/acmconcerts.com\/en\/artists\/piano\/kun-woo-paik\/#breadcrumb"},"inLanguage":"en-US","potentialAction":[{"@type":"ReadAction","target":["https:\/\/acmconcerts.com\/en\/artists\/piano\/kun-woo-paik\/"]}]},{"@type":"ImageObject","inLanguage":"en-US","@id":"https:\/\/acmconcerts.com\/en\/artists\/piano\/kun-woo-paik\/#primaryimage","url":"https:\/\/acmconcerts.com\/wp-content\/uploads\/2016\/06\/Kun-Woo_Paik_Retrato_BN_II_ACM-Concerts.jpg","contentUrl":"https:\/\/acmconcerts.com\/wp-content\/uploads\/2016\/06\/Kun-Woo_Paik_Retrato_BN_II_ACM-Concerts.jpg","width":1750,"height":1502,"caption":"Kun-Woo Paik blanco y negro plano medio"},{"@type":"BreadcrumbList","@id":"https:\/\/acmconcerts.com\/en\/artists\/piano\/kun-woo-paik\/#breadcrumb","itemListElement":[{"@type":"ListItem","position":1,"name":"Portada","item":"https:\/\/acmconcerts.com\/en\/"},{"@type":"ListItem","position":2,"name":"Artists","item":"https:\/\/acmconcerts.com\/en\/artists\/"},{"@type":"ListItem","position":3,"name":"Piano","item":"https:\/\/acmconcerts.com\/en\/artists\/piano\/"},{"@type":"ListItem","position":4,"name":"Kun-Woo Paik"}]},{"@type":"WebSite","@id":"https:\/\/acmconcerts.com\/#website","url":"https:\/\/acmconcerts.com\/","name":"ACM Concerts","description":"Agencia art\u00edstica","publisher":{"@id":"https:\/\/acmconcerts.com\/#organization"},"potentialAction":[{"@type":"SearchAction","target":{"@type":"EntryPoint","urlTemplate":"https:\/\/acmconcerts.com\/?s={search_term_string}"},"query-input":{"@type":"PropertyValueSpecification","valueRequired":true,"valueName":"search_term_string"}}],"inLanguage":"en-US"},{"@type":"Organization","@id":"https:\/\/acmconcerts.com\/#organization","name":"ACM Concerts","url":"https:\/\/acmconcerts.com\/","logo":{"@type":"ImageObject","inLanguage":"en-US","@id":"https:\/\/acmconcerts.com\/#\/schema\/logo\/image\/","url":"https:\/\/acmconcerts.com\/wp-content\/uploads\/2015\/11\/logo-ACM-grande-e1447756158188.jpg","contentUrl":"https:\/\/acmconcerts.com\/wp-content\/uploads\/2015\/11\/logo-ACM-grande-e1447756158188.jpg","width":600,"height":146,"caption":"ACM Concerts"},"image":{"@id":"https:\/\/acmconcerts.com\/#\/schema\/logo\/image\/"},"sameAs":["https:\/\/www.facebook.com\/ACM-Concerts-819784831388420\/","https:\/\/x.com\/acmconcerts","https:\/\/www.youtube.com\/user\/acmconcerts"]}]}},"_links":{"self":[{"href":"https:\/\/acmconcerts.com\/en\/wp-json\/wp\/v2\/pages\/2427","targetHints":{"allow":["GET"]}}],"collection":[{"href":"https:\/\/acmconcerts.com\/en\/wp-json\/wp\/v2\/pages"}],"about":[{"href":"https:\/\/acmconcerts.com\/en\/wp-json\/wp\/v2\/types\/page"}],"author":[{"embeddable":true,"href":"https:\/\/acmconcerts.com\/en\/wp-json\/wp\/v2\/users\/2"}],"replies":[{"embeddable":true,"href":"https:\/\/acmconcerts.com\/en\/wp-json\/wp\/v2\/comments?post=2427"}],"version-history":[{"count":0,"href":"https:\/\/acmconcerts.com\/en\/wp-json\/wp\/v2\/pages\/2427\/revisions"}],"up":[{"embeddable":true,"href":"https:\/\/acmconcerts.com\/en\/wp-json\/wp\/v2\/pages\/786"}],"wp:featuredmedia":[{"embeddable":true,"href":"https:\/\/acmconcerts.com\/en\/wp-json\/wp\/v2\/media\/2407"}],"wp:attachment":[{"href":"https:\/\/acmconcerts.com\/en\/wp-json\/wp\/v2\/media?parent=2427"}],"curies":[{"name":"wp","href":"https:\/\/api.w.org\/{rel}","templated":true}]}}