{"id":1318,"date":"2016-01-27T20:10:53","date_gmt":"2016-01-27T18:10:53","guid":{"rendered":"http:\/\/acmconcerts.com\/en\/special-projects\/taller-atlantico-contemporaneo\/"},"modified":"2020-06-05T20:13:01","modified_gmt":"2020-06-05T18:13:01","slug":"taller-atlantico-contemporaneo","status":"publish","type":"page","link":"https:\/\/acmconcerts.com\/en\/special-projects\/taller-atlantico-contemporaneo\/","title":{"rendered":"Taller Atla\u0301ntico Contempora\u0301neo"},"content":{"rendered":"<p>[et_pb_section fb_built=&#8221;1&#8243; fullwidth=&#8221;on&#8221; admin_label=&#8221;Secci\u00f3n&#8221; _builder_version=&#8221;3.22&#8243;][et_pb_fullwidth_image src=&#8221;https:\/\/acmconcerts.com\/wp-content\/uploads\/2016\/01\/taller_atlantico_contemporaneo.jpg&#8221; admin_label=&#8221;Imagen de anchura completa&#8221; _builder_version=&#8221;3.0.87&#8243; animation_style=&#8221;fade&#8221; animation_duration=&#8221;500ms&#8221; use_border_color=&#8221;off&#8221; border_color=&#8221;#ffffff&#8221; border_style=&#8221;solid&#8221; animation=&#8221;fade_in&#8221;]<br \/>\n[\/et_pb_fullwidth_image][\/et_pb_section][et_pb_section fb_built=&#8221;1&#8243; admin_label=&#8221;Secci\u00f3n&#8221; _builder_version=&#8221;3.22&#8243;][et_pb_row column_structure=&#8221;2_3,1_3&#8243; admin_label=&#8221;Fila&#8221; _builder_version=&#8221;3.25&#8243; background_size=&#8221;initial&#8221; background_position=&#8221;top_left&#8221; background_repeat=&#8221;repeat&#8221;][et_pb_column type=&#8221;2_3&#8243; _builder_version=&#8221;3.25&#8243; custom_padding=&#8221;|||&#8221; custom_padding__hover=&#8221;|||&#8221;][et_pb_text admin_label=&#8221;Texto&#8221; _builder_version=&#8221;3.27.4&#8243; background_size=&#8221;initial&#8221; background_position=&#8221;top_left&#8221; background_repeat=&#8221;repeat&#8221; use_border_color=&#8221;off&#8221; border_color=&#8221;#ffffff&#8221; border_style=&#8221;solid&#8221;]<\/p>\n<h3 style=\"text-align: left;\"><span style=\"color: #000000;\">Taller Atl\u00e1ntico Contempor\u00e1neo<\/span><\/h3>\n<p>&nbsp;<\/p>\n<p style=\"text-align: justify;\"><span style=\"color: #000000;\">TAC Ensemble made its first appearance in 2010 performing <em>Eine Brise, Transient Action for 111 Cyclists <\/em>by Mauricio Kagel at the Praza do Obradoiro, Santiago de Compostela. In June 2010 they set a grand piano by the Lighthouse in Fisterra and 27 pianists played Satie\u00b4s Vexations, a 18 hours long piano piece.<\/span><\/p>\n<p style=\"text-align: justify;\"><span style=\"color: #000000;\">In 2010 and 2011 TAC was ensemble in residence at CGAC (Centro Galego de Arte Contempor\u00e1nea), Santiago, where they played works by Spanish composers such as Fernando Buide, Octavio V\u00e1zquez, Jacobo Gaspar, Eduardo Soutullo, or Ju\u00e1n Eiras. They also played works by Schnittke, Donatoni, Joao Pedro Oliveira, Berio and Crumb. In July 2011 performed with the renowned Spanish rock band Siniestro Total in Via Stellae Festival (Santiago). There, they premiered together the Suicidal Suite Land of Opportunity, a new vision of the band\u2019s repertoire arranged for TAC-Siniestro Ensemble by composer Javier L\u00f3pez de Guere\u00f1a. In January 2012 they had a great success with this Suite in Vigo.<\/span><\/p>\n<p style=\"text-align: justify;\"><span style=\"color: #000000;\">In 2011 and 2012 they organized at A Cidade da Cultura in Santiago de Compostela two seasons of Os Ser\u00e1ns do TAC: music, humour and gastronomy. In these seasons TAC collaborated with actors such as Carlos Blanco, Quico Cadaval, Juli\u00e1n Hern\u00e1ndez; with restaurants Pepe Solla, Eirado da Le\u00f1a, Abastos 2.0, Culler de Pau and Yayo Daporta; with guest conductors Diego Masson and Paul Daniel; and solosits David Villa (oboe), Alex Salgueiro (basoon), Carmen Gurriar\u00e1n, Josep Miquel Ram\u00f3n, Elena de la Merced, Humberto Ayerbe, Cristina Barriga, Eliseu Mera and M\u00f3nica de Nut (singers) and Odaiko (percussion group). Repertoire included, among others, 4th Symphony and Lieder eines Fahrenden Gesellen by Mahler; Pierrot Lunaire by Schoenberg, Secret Theatre by Birtwistle, Da Capo by Francesconi, Piccola M\u00fasica Notturna by Dallapiccola, Concierto para Oboe by Del Puerto and the Four Note opera, by Tom Johnson<\/span><\/p>\n<p style=\"text-align: justify;\"><span style=\"color: #000000;\">In 2013 TAC ensemble was awarded the Galician Critics Prize for Music as the best artistic project in 2012 (Os Ser\u00e1ns do TAC). Also in 2013 TAC was awarded First Prize for Classical and Contemporary Music at the First Galician Music Prizes.<\/span><\/p>\n<p style=\"text-align: justify;\"><span style=\"color: #000000;\">In 2014 TAC is having concerts in Auditorio Nacional de Madrid (cycle of concerts Fronteras), Festival de M\u00fasica Religiosa de Cuenca and Festival de M\u00fasica de Granada.<\/span><\/p>\n<p style=\"text-align: justify;\"><span style=\"color: #000000;\">TAC is an open ensemble. Its musicians are whether members of the Real Filharmonia de Galica, or members of the Orquesta Sinf\u00f3nica de Galicia or Galician Conservatory Teachers. TAC\u00b4s artistic and musical director is <strong>Diego Garc\u00eda Rodr\u00edguez<\/strong>.<\/span><\/p>\n<p>[\/et_pb_text][et_pb_text admin_label=&#8221;Texto&#8221; _builder_version=&#8221;3.27.4&#8243; background_size=&#8221;initial&#8221; background_position=&#8221;top_left&#8221; background_repeat=&#8221;repeat&#8221; use_border_color=&#8221;off&#8221; border_color=&#8221;#ffffff&#8221; border_style=&#8221;solid&#8221;]<\/p>\n<a href=\"https:\/\/acmconcerts.com\/en\/?ddownload=1315\" title=\"Descargar BIO PDF\" rel=\"nofollow\" class=\"ddownload-button button-grey id-1315 ext-pdf\">Descargar BIO PDF<\/a>\n<p>[\/et_pb_text][et_pb_text admin_label=&#8221;Texto&#8221; _builder_version=&#8221;3.27.4&#8243; background_size=&#8221;initial&#8221; background_position=&#8221;top_left&#8221; background_repeat=&#8221;repeat&#8221; use_border_color=&#8221;off&#8221; border_color=&#8221;#ffffff&#8221; border_style=&#8221;solid&#8221;]<\/p>\n<a href=\"https:\/\/acmconcerts.com\/en\/?ddownload=1316\" title=\"Download BIO PDF\" rel=\"nofollow\" class=\"ddownload-button button-grey id-1316 ext-pdf\">Download BIO PDF<\/a>\n<p>[\/et_pb_text][\/et_pb_column][et_pb_column type=&#8221;1_3&#8243; _builder_version=&#8221;3.25&#8243; custom_padding=&#8221;|||&#8221; custom_padding__hover=&#8221;|||&#8221;][et_pb_text admin_label=&#8221;Texto&#8221; _builder_version=&#8221;3.27.4&#8243; background_size=&#8221;initial&#8221; background_position=&#8221;top_left&#8221; background_repeat=&#8221;repeat&#8221; use_border_color=&#8221;off&#8221; border_color=&#8221;#ffffff&#8221; border_style=&#8221;solid&#8221;]<\/p>\n<p>Web: <a href=\"http:\/\/www.gulans.com\/tallerac\/\">http:\/\/www.gulans.com\/tallerac\/<\/a><\/p>\n<p>[\/et_pb_text][et_pb_code admin_label=&#8221;C\u00f3digo&#8221; _builder_version=&#8221;4.4.8&#8243; hover_enabled=&#8221;0&#8243;]<iframe width=\"650\" height=\"450\" src=\"https:\/\/www.youtube-nocookie.com\/embed\/videoseries?list=PL6Y2Eo22D_lUocK1MgbcWp2nWoADFkXGZ\" frameborder=\"0\" allow=\"accelerometer; autoplay; encrypted-media; gyroscope; picture-in-picture\" allowfullscreen><\/iframe>[\/et_pb_code][\/et_pb_column][\/et_pb_row][\/et_pb_section]<\/p>\n","protected":false},"excerpt":{"rendered":"<p>Taller Atl\u00e1ntico Contempor\u00e1neo &nbsp; TAC Ensemble made its first appearance in 2010 performing Eine Brise, Transient Action for 111 Cyclists by Mauricio Kagel at the Praza do Obradoiro, Santiago de Compostela. In June 2010 they set a grand piano by the Lighthouse in Fisterra and 27 pianists played Satie\u00b4s Vexations, a 18 hours long piano [&hellip;]<\/p>\n","protected":false},"author":2,"featured_media":1313,"parent":812,"menu_order":0,"comment_status":"closed","ping_status":"closed","template":"","meta":{"_et_pb_use_builder":"on","_et_pb_old_content":"","_et_gb_content_width":"","_monsterinsights_skip_tracking":false,"_monsterinsights_sitenote_active":false,"_monsterinsights_sitenote_note":"","_monsterinsights_sitenote_category":0,"_ayudawp_aiss_exclude":false,"footnotes":""},"class_list":["post-1318","page","type-page","status-publish","has-post-thumbnail","hentry"],"yoast_head":"<!-- This site is optimized with the Yoast SEO Premium plugin v27.2 (Yoast SEO v27.2) - https:\/\/yoast.com\/product\/yoast-seo-premium-wordpress\/ -->\n<title>Taller Atla\u0301ntico Contempora\u0301neo - ACM Concerts<\/title>\n<meta name=\"description\" content=\"TAC Ensemble made its first appearance in 2010 performing Eine Brise, Transient Action for 111 Cyclists by Mauricio Kagel at the Praza do Obradoiro, ...\" \/>\n<meta name=\"robots\" content=\"index, follow, max-snippet:-1, max-image-preview:large, max-video-preview:-1\" \/>\n<link rel=\"canonical\" href=\"https:\/\/acmconcerts.com\/en\/special-projects\/taller-atlantico-contemporaneo\/\" \/>\n<meta property=\"og:locale\" content=\"en_US\" \/>\n<meta property=\"og:type\" content=\"article\" \/>\n<meta property=\"og:title\" content=\"Taller Atla\u0301ntico Contempora\u0301neo\" \/>\n<meta property=\"og:url\" content=\"https:\/\/acmconcerts.com\/en\/special-projects\/taller-atlantico-contemporaneo\/\" \/>\n<meta property=\"og:site_name\" content=\"ACM Concerts\" \/>\n<meta property=\"article:publisher\" content=\"https:\/\/www.facebook.com\/ACM-Concerts-819784831388420\/\" \/>\n<meta property=\"article:modified_time\" content=\"2020-06-05T18:13:01+00:00\" \/>\n<meta property=\"og:image\" content=\"https:\/\/acmconcerts.com\/wp-content\/uploads\/2016\/01\/taller_atlantico_contemporaneo03.jpg\" \/>\n\t<meta property=\"og:image:width\" content=\"1521\" \/>\n\t<meta property=\"og:image:height\" content=\"856\" \/>\n\t<meta property=\"og:image:type\" content=\"image\/jpeg\" \/>\n<meta name=\"twitter:card\" content=\"summary_large_image\" \/>\n<meta name=\"twitter:site\" content=\"@acmconcerts\" \/>\n<script type=\"application\/ld+json\" class=\"yoast-schema-graph\">{\"@context\":\"https:\/\/schema.org\",\"@graph\":[{\"@type\":\"WebPage\",\"@id\":\"https:\/\/acmconcerts.com\/en\/special-projects\/taller-atlantico-contemporaneo\/\",\"url\":\"https:\/\/acmconcerts.com\/en\/special-projects\/taller-atlantico-contemporaneo\/\",\"name\":\"Taller Atla\u0301ntico Contempora\u0301neo - ACM Concerts\",\"isPartOf\":{\"@id\":\"https:\/\/acmconcerts.com\/#website\"},\"primaryImageOfPage\":{\"@id\":\"https:\/\/acmconcerts.com\/en\/special-projects\/taller-atlantico-contemporaneo\/#primaryimage\"},\"image\":{\"@id\":\"https:\/\/acmconcerts.com\/en\/special-projects\/taller-atlantico-contemporaneo\/#primaryimage\"},\"thumbnailUrl\":\"https:\/\/acmconcerts.com\/wp-content\/uploads\/2016\/01\/taller_atlantico_contemporaneo03.jpg\",\"datePublished\":\"2016-01-27T18:10:53+00:00\",\"dateModified\":\"2020-06-05T18:13:01+00:00\",\"description\":\"TAC Ensemble made its first appearance in 2010 performing Eine Brise, Transient Action for 111 Cyclists by Mauricio Kagel at the Praza do Obradoiro, ...\",\"breadcrumb\":{\"@id\":\"https:\/\/acmconcerts.com\/en\/special-projects\/taller-atlantico-contemporaneo\/#breadcrumb\"},\"inLanguage\":\"en-US\",\"potentialAction\":[{\"@type\":\"ReadAction\",\"target\":[\"https:\/\/acmconcerts.com\/en\/special-projects\/taller-atlantico-contemporaneo\/\"]}]},{\"@type\":\"ImageObject\",\"inLanguage\":\"en-US\",\"@id\":\"https:\/\/acmconcerts.com\/en\/special-projects\/taller-atlantico-contemporaneo\/#primaryimage\",\"url\":\"https:\/\/acmconcerts.com\/wp-content\/uploads\/2016\/01\/taller_atlantico_contemporaneo03.jpg\",\"contentUrl\":\"https:\/\/acmconcerts.com\/wp-content\/uploads\/2016\/01\/taller_atlantico_contemporaneo03.jpg\",\"width\":1521,\"height\":856},{\"@type\":\"BreadcrumbList\",\"@id\":\"https:\/\/acmconcerts.com\/en\/special-projects\/taller-atlantico-contemporaneo\/#breadcrumb\",\"itemListElement\":[{\"@type\":\"ListItem\",\"position\":1,\"name\":\"Portada\",\"item\":\"https:\/\/acmconcerts.com\/en\/\"},{\"@type\":\"ListItem\",\"position\":2,\"name\":\"Special Projects\",\"item\":\"https:\/\/acmconcerts.com\/en\/special-projects\/\"},{\"@type\":\"ListItem\",\"position\":3,\"name\":\"Taller Atla\u0301ntico Contempora\u0301neo\"}]},{\"@type\":\"WebSite\",\"@id\":\"https:\/\/acmconcerts.com\/#website\",\"url\":\"https:\/\/acmconcerts.com\/\",\"name\":\"ACM Concerts\",\"description\":\"Agencia art\u00edstica\",\"publisher\":{\"@id\":\"https:\/\/acmconcerts.com\/#organization\"},\"potentialAction\":[{\"@type\":\"SearchAction\",\"target\":{\"@type\":\"EntryPoint\",\"urlTemplate\":\"https:\/\/acmconcerts.com\/?s={search_term_string}\"},\"query-input\":{\"@type\":\"PropertyValueSpecification\",\"valueRequired\":true,\"valueName\":\"search_term_string\"}}],\"inLanguage\":\"en-US\"},{\"@type\":\"Organization\",\"@id\":\"https:\/\/acmconcerts.com\/#organization\",\"name\":\"ACM Concerts\",\"url\":\"https:\/\/acmconcerts.com\/\",\"logo\":{\"@type\":\"ImageObject\",\"inLanguage\":\"en-US\",\"@id\":\"https:\/\/acmconcerts.com\/#\/schema\/logo\/image\/\",\"url\":\"https:\/\/acmconcerts.com\/wp-content\/uploads\/2015\/11\/logo-ACM-grande-e1447756158188.jpg\",\"contentUrl\":\"https:\/\/acmconcerts.com\/wp-content\/uploads\/2015\/11\/logo-ACM-grande-e1447756158188.jpg\",\"width\":600,\"height\":146,\"caption\":\"ACM Concerts\"},\"image\":{\"@id\":\"https:\/\/acmconcerts.com\/#\/schema\/logo\/image\/\"},\"sameAs\":[\"https:\/\/www.facebook.com\/ACM-Concerts-819784831388420\/\",\"https:\/\/x.com\/acmconcerts\",\"https:\/\/www.youtube.com\/user\/acmconcerts\"]}]}<\/script>\n<!-- \/ Yoast SEO Premium plugin. -->","yoast_head_json":{"title":"Taller Atla\u0301ntico Contempora\u0301neo - ACM Concerts","description":"TAC Ensemble made its first appearance in 2010 performing Eine Brise, Transient Action for 111 Cyclists by Mauricio Kagel at the Praza do Obradoiro, ...","robots":{"index":"index","follow":"follow","max-snippet":"max-snippet:-1","max-image-preview":"max-image-preview:large","max-video-preview":"max-video-preview:-1"},"canonical":"https:\/\/acmconcerts.com\/en\/special-projects\/taller-atlantico-contemporaneo\/","og_locale":"en_US","og_type":"article","og_title":"Taller Atla\u0301ntico Contempora\u0301neo","og_url":"https:\/\/acmconcerts.com\/en\/special-projects\/taller-atlantico-contemporaneo\/","og_site_name":"ACM Concerts","article_publisher":"https:\/\/www.facebook.com\/ACM-Concerts-819784831388420\/","article_modified_time":"2020-06-05T18:13:01+00:00","og_image":[{"width":1521,"height":856,"url":"https:\/\/acmconcerts.com\/wp-content\/uploads\/2016\/01\/taller_atlantico_contemporaneo03.jpg","type":"image\/jpeg"}],"twitter_card":"summary_large_image","twitter_site":"@acmconcerts","schema":{"@context":"https:\/\/schema.org","@graph":[{"@type":"WebPage","@id":"https:\/\/acmconcerts.com\/en\/special-projects\/taller-atlantico-contemporaneo\/","url":"https:\/\/acmconcerts.com\/en\/special-projects\/taller-atlantico-contemporaneo\/","name":"Taller Atla\u0301ntico Contempora\u0301neo - ACM Concerts","isPartOf":{"@id":"https:\/\/acmconcerts.com\/#website"},"primaryImageOfPage":{"@id":"https:\/\/acmconcerts.com\/en\/special-projects\/taller-atlantico-contemporaneo\/#primaryimage"},"image":{"@id":"https:\/\/acmconcerts.com\/en\/special-projects\/taller-atlantico-contemporaneo\/#primaryimage"},"thumbnailUrl":"https:\/\/acmconcerts.com\/wp-content\/uploads\/2016\/01\/taller_atlantico_contemporaneo03.jpg","datePublished":"2016-01-27T18:10:53+00:00","dateModified":"2020-06-05T18:13:01+00:00","description":"TAC Ensemble made its first appearance in 2010 performing Eine Brise, Transient Action for 111 Cyclists by Mauricio Kagel at the Praza do Obradoiro, ...","breadcrumb":{"@id":"https:\/\/acmconcerts.com\/en\/special-projects\/taller-atlantico-contemporaneo\/#breadcrumb"},"inLanguage":"en-US","potentialAction":[{"@type":"ReadAction","target":["https:\/\/acmconcerts.com\/en\/special-projects\/taller-atlantico-contemporaneo\/"]}]},{"@type":"ImageObject","inLanguage":"en-US","@id":"https:\/\/acmconcerts.com\/en\/special-projects\/taller-atlantico-contemporaneo\/#primaryimage","url":"https:\/\/acmconcerts.com\/wp-content\/uploads\/2016\/01\/taller_atlantico_contemporaneo03.jpg","contentUrl":"https:\/\/acmconcerts.com\/wp-content\/uploads\/2016\/01\/taller_atlantico_contemporaneo03.jpg","width":1521,"height":856},{"@type":"BreadcrumbList","@id":"https:\/\/acmconcerts.com\/en\/special-projects\/taller-atlantico-contemporaneo\/#breadcrumb","itemListElement":[{"@type":"ListItem","position":1,"name":"Portada","item":"https:\/\/acmconcerts.com\/en\/"},{"@type":"ListItem","position":2,"name":"Special Projects","item":"https:\/\/acmconcerts.com\/en\/special-projects\/"},{"@type":"ListItem","position":3,"name":"Taller Atla\u0301ntico Contempora\u0301neo"}]},{"@type":"WebSite","@id":"https:\/\/acmconcerts.com\/#website","url":"https:\/\/acmconcerts.com\/","name":"ACM Concerts","description":"Agencia art\u00edstica","publisher":{"@id":"https:\/\/acmconcerts.com\/#organization"},"potentialAction":[{"@type":"SearchAction","target":{"@type":"EntryPoint","urlTemplate":"https:\/\/acmconcerts.com\/?s={search_term_string}"},"query-input":{"@type":"PropertyValueSpecification","valueRequired":true,"valueName":"search_term_string"}}],"inLanguage":"en-US"},{"@type":"Organization","@id":"https:\/\/acmconcerts.com\/#organization","name":"ACM Concerts","url":"https:\/\/acmconcerts.com\/","logo":{"@type":"ImageObject","inLanguage":"en-US","@id":"https:\/\/acmconcerts.com\/#\/schema\/logo\/image\/","url":"https:\/\/acmconcerts.com\/wp-content\/uploads\/2015\/11\/logo-ACM-grande-e1447756158188.jpg","contentUrl":"https:\/\/acmconcerts.com\/wp-content\/uploads\/2015\/11\/logo-ACM-grande-e1447756158188.jpg","width":600,"height":146,"caption":"ACM Concerts"},"image":{"@id":"https:\/\/acmconcerts.com\/#\/schema\/logo\/image\/"},"sameAs":["https:\/\/www.facebook.com\/ACM-Concerts-819784831388420\/","https:\/\/x.com\/acmconcerts","https:\/\/www.youtube.com\/user\/acmconcerts"]}]}},"_links":{"self":[{"href":"https:\/\/acmconcerts.com\/en\/wp-json\/wp\/v2\/pages\/1318","targetHints":{"allow":["GET"]}}],"collection":[{"href":"https:\/\/acmconcerts.com\/en\/wp-json\/wp\/v2\/pages"}],"about":[{"href":"https:\/\/acmconcerts.com\/en\/wp-json\/wp\/v2\/types\/page"}],"author":[{"embeddable":true,"href":"https:\/\/acmconcerts.com\/en\/wp-json\/wp\/v2\/users\/2"}],"replies":[{"embeddable":true,"href":"https:\/\/acmconcerts.com\/en\/wp-json\/wp\/v2\/comments?post=1318"}],"version-history":[{"count":0,"href":"https:\/\/acmconcerts.com\/en\/wp-json\/wp\/v2\/pages\/1318\/revisions"}],"up":[{"embeddable":true,"href":"https:\/\/acmconcerts.com\/en\/wp-json\/wp\/v2\/pages\/812"}],"wp:featuredmedia":[{"embeddable":true,"href":"https:\/\/acmconcerts.com\/en\/wp-json\/wp\/v2\/media\/1313"}],"wp:attachment":[{"href":"https:\/\/acmconcerts.com\/en\/wp-json\/wp\/v2\/media?parent=1318"}],"curies":[{"name":"wp","href":"https:\/\/api.w.org\/{rel}","templated":true}]}}