{"id":12923,"date":"2024-04-18T19:32:45","date_gmt":"2024-04-18T17:32:45","guid":{"rendered":"https:\/\/acmconcerts.com\/artists\/mahan-esfahani\/"},"modified":"2024-04-22T18:23:45","modified_gmt":"2024-04-22T16:23:45","slug":"mahan-esfahani","status":"publish","type":"page","link":"https:\/\/acmconcerts.com\/en\/artists\/harpsichord\/mahan-esfahani\/","title":{"rendered":"Mahan Esfahani"},"content":{"rendered":"<p>[et_pb_section fb_built=&#8221;1&#8243; fullwidth=&#8221;on&#8221; _builder_version=&#8221;4.16&#8243; global_colors_info=&#8221;{}&#8221;][et_pb_fullwidth_image src=&#8221;https:\/\/acmconcerts.com\/wp-content\/uploads\/2024\/04\/mahan_esfahani.png&#8221; title_text=&#8221;mahan_esfahani&#8221; _builder_version=&#8221;4.24.3&#8243; animation_style=&#8221;fade&#8221; animation_duration=&#8221;500ms&#8221; use_border_color=&#8221;off&#8221; global_colors_info=&#8221;{}&#8221;][\/et_pb_fullwidth_image][\/et_pb_section][et_pb_section fb_built=&#8221;1&#8243; _builder_version=&#8221;4.16&#8243; global_colors_info=&#8221;{}&#8221;][et_pb_row column_structure=&#8221;2_3,1_3&#8243; _builder_version=&#8221;4.16&#8243; background_size=&#8221;initial&#8221; background_position=&#8221;top_left&#8221; background_repeat=&#8221;repeat&#8221; global_colors_info=&#8221;{}&#8221;][et_pb_column type=&#8221;2_3&#8243; _builder_version=&#8221;4.16&#8243; custom_padding=&#8221;|||&#8221; global_colors_info=&#8221;{}&#8221; custom_padding__hover=&#8221;|||&#8221;][et_pb_text _builder_version=&#8221;4.24.3&#8243; background_size=&#8221;initial&#8221; background_position=&#8221;top_left&#8221; background_repeat=&#8221;repeat&#8221; use_border_color=&#8221;off&#8221; global_colors_info=&#8221;{}&#8221;]<\/p>\n<h3 style=\"text-align: justify;\"><span style=\"color: #000000;\">Mahan Esfahani, harpsichord <\/span><\/h3>\n<p>&nbsp;<\/p>\n<p style=\"text-align: justify;\"><span style=\"color: #000000;\"><strong>Mahan Esfahani<\/strong>\u00a0has made it his life\u2019s mission to rehabilitate the harpsichord in the mainstream of concert instruments, and to that end his creative programming and work in commissioning new works have drawn the attention of critics and audiences across Europe, Asia, and North America. He was the first and only harpsichordist to be a BBC New Generation Artist (2008-2010), a Borletti-Buitoni prize winner (2009), and a nominee for Gramophone\u2019s Artist of the Year (2014, 2015, and 2017). In 2022, he became the youngest recipient of the Wigmore Medal, in recognition of his significant contribution and longstanding relationship with the Hall.<\/span><\/p>\n<p style=\"text-align: justify;\"><span style=\"color: #000000;\">His work for the harpsichord has resulted in recitals in most of the major series and concert halls, amongst them London\u2019s Wigmore Hall and Barbican Centre, Oji Hall in Tokyo, the Forbidden City Concert Hall in Beijing, Shanghai Concert Hall, Carnegie Hall in NYC, Sydney Opera House, Melbourne Recital Centre, Los Angeles\u2019s Walt Disney Concert Hall, Lincoln Center\u2019s Mostly Mozart Festival, Berlin Konzerthaus, Zurich Tonhalle, Wiener Konzerthaus, San Francisco Performances, the 92nd St Y, Schleswig-Holstein Music Festival, Cologne Philharmonie, Edinburgh International Festival, Aspen Music Festival, Aldeburgh Festival, Madrid\u2019s Fundaci\u00f3n Juan March, Bergen Festival, Festival Mecklenburg-Vorpommern, Al Bustan Festival in Beirut, Jerusalem Arts Festival, and the Leipzig Bach Festival, and concerto appearances with the Chicago Symphony, Ensemble Modern, BBC Symphony, Royal Liverpool Philharmonic, Seattle Symphony, Melbourne Symphony, Auckland Philharmonia, Czech Radio Symphony, Orquesta de Navarra, Malta Philharmonic, Orchestra La Scintilla, Aarhus Symphony, Montreal\u2019s Les Violons du Roy, Hamburg Symphony, Munich Chamber Orchestra, Britten Sinfonia, the Royal Northern Sinfonia, and Los Angeles Chamber Orchestra, with whom he was an artistic partner for 2016-2018.<\/span><\/p>\n<p style=\"text-align: justify;\"><span style=\"color: #000000;\">His richly-varied discography includes twelve critically-acclaimed recordings for Hyperion and Deutsche Grammophon \u2013 garnering one Gramophone award, two BBC Music Magazine Awards, a Diapason d\u2019Or and \u2018Choc de Classica\u2019 in France, and two ICMAs.<\/span><\/p>\n<p style=\"text-align: justify;\"><span style=\"color: #000000;\">Esfahani studied musicology and history at Stanford University, where he first came into contact with the harpsichord in the class of Elaine Thornburgh. Following his decision to abandon the law for music, he studied harpsichord privately in Boston with Peter Watchorn before completing his formation under the celebrated Czech harpsichordist Zuzana R\u016f\u017ei\u010dkov\u00e1. Following a three-year stint as Artist-in-Residence at New College, Oxford, he continues his academic associations as an honorary member at Keble College, Oxford, and as professor at the Guildhall School of Music and Drama in London. He can be frequently heard as a commentator on BBC Radio 3 and Radio 4 and as a host for such programs as Record Review, Building a Library, and Sunday Feature, as well as in live programmes with the popular mathematician and presenter Marcus du Sautoy; for the BBC\u2019s Sunday Feature he is currently at work on his fourth radio documentary following two popular programmes on such subjects as the early history of African-American composers in the classical sphere and the development of orchestral music in Azerbaijan. Born in Tehran in 1984 and raised in the United States, he lived in Milan and then London for several years before taking up residence in Prague.<\/span><\/p>\n<p>[\/et_pb_text][et_pb_text _builder_version=&#8221;4.24.3&#8243; background_size=&#8221;initial&#8221; background_position=&#8221;top_left&#8221; background_repeat=&#8221;repeat&#8221; use_border_color=&#8221;off&#8221; global_colors_info=&#8221;{}&#8221;] <\/p>\n<a href=\"https:\/\/acmconcerts.com\/en\/?ddownload=12892\" title=\"Download BIO PDF\" rel=\"nofollow\" class=\"ddownload-button button-grey id-12892 ext-pdf\">Download BIO PDF<\/a>\n<p> [\/et_pb_text][et_pb_text _builder_version=&#8221;4.24.3&#8243; background_size=&#8221;initial&#8221; background_position=&#8221;top_left&#8221; background_repeat=&#8221;repeat&#8221; use_border_color=&#8221;off&#8221; global_colors_info=&#8221;{}&#8221;] <\/p>\n<a href=\"https:\/\/acmconcerts.com\/en\/?ddownload=12895\" title=\"Descargar BIO en PDF\" rel=\"nofollow\" class=\"ddownload-button button-grey id-12895 ext-pdf\">Descargar BIO en PDF<\/a>\n<p> [\/et_pb_text][\/et_pb_column][et_pb_column type=&#8221;1_3&#8243; _builder_version=&#8221;4.16&#8243; custom_padding=&#8221;|||&#8221; global_colors_info=&#8221;{}&#8221; custom_padding__hover=&#8221;|||&#8221;][et_pb_social_media_follow _builder_version=&#8221;4.24.3&#8243; global_colors_info=&#8221;{}&#8221;][et_pb_social_media_follow_network social_network=&#8221;facebook&#8221; url=&#8221;https:\/\/www.facebook.com\/mahanhpschd&#8221; _builder_version=&#8221;4.24.3&#8243; background_color=&#8221;#3b5998&#8243; global_colors_info=&#8221;{}&#8221; follow_button=&#8221;off&#8221; url_new_window=&#8221;on&#8221;] Facebook [\/et_pb_social_media_follow_network][et_pb_social_media_follow_network social_network=&#8221;twitter&#8221; url=&#8221;https:\/\/twitter.com\/MahanEsfahani&#8221; _builder_version=&#8221;4.24.3&#8243; background_color=&#8221;#000000&#8243; global_colors_info=&#8221;{}&#8221; follow_button=&#8221;off&#8221; url_new_window=&#8221;on&#8221;] Twitter [\/et_pb_social_media_follow_network][et_pb_social_media_follow_network social_network=&#8221;instagram&#8221; url=&#8221;https:\/\/www.instagram.com\/mahanharpsichord\/&#8221; _builder_version=&#8221;4.24.3&#8243; _module_preset=&#8221;default&#8221; background_color=&#8221;#ea2c59&#8243; global_colors_info=&#8221;{}&#8221; follow_button=&#8221;off&#8221; url_new_window=&#8221;on&#8221;]instagram[\/et_pb_social_media_follow_network][et_pb_social_media_follow_network social_network=&#8221;linkedin&#8221; url=&#8221;https:\/\/www.linkedin.com\/in\/mahan-h-esfahani-2953a9150\/&#8221; _builder_version=&#8221;4.24.3&#8243; _module_preset=&#8221;default&#8221; background_color=&#8221;#007bb6&#8243; global_colors_info=&#8221;{}&#8221; follow_button=&#8221;off&#8221; url_new_window=&#8221;on&#8221;]linkedin[\/et_pb_social_media_follow_network][\/et_pb_social_media_follow][et_pb_text _builder_version=&#8221;4.24.3&#8243; background_size=&#8221;initial&#8221; background_position=&#8221;top_left&#8221; background_repeat=&#8221;repeat&#8221; use_border_color=&#8221;off&#8221; global_colors_info=&#8221;{}&#8221;]<\/p>\n<p>Website: <a href=\"https:\/\/www.mahanesfahani.com\/\" target=\"_blank\" rel=\"noopener noreferrer\">https:\/\/www.mahanesfahani.com<\/a><\/p>\n<p>[\/et_pb_text][et_pb_code _builder_version=&#8221;4.24.3&#8243; global_colors_info=&#8221;{}&#8221;]<pee><iframe src=\"https:\/\/www.youtube-nocookie.com\/embed\/videoseries?list=PL6Y2Eo22D_lVaPIKa-FiQm3zoKrWINjBg\" width=\"650\" height=\"450\" frameborder=\"0\" allowfullscreen=\"allowfullscreen\"><\/iframe><\/pee>[\/et_pb_code][\/et_pb_column][\/et_pb_row][\/et_pb_section]<\/p>\n","protected":false},"excerpt":{"rendered":"<p>Mahan Esfahani, harpsichord &nbsp; Mahan Esfahani\u00a0has made it his life\u2019s mission to rehabilitate the harpsichord in the mainstream of concert instruments, and to that end his creative programming and work in commissioning new works have drawn the attention of critics and audiences across Europe, Asia, and North America. He was the first and only harpsichordist [&hellip;]<\/p>\n","protected":false},"author":2,"featured_media":12826,"parent":12885,"menu_order":0,"comment_status":"closed","ping_status":"closed","template":"","meta":{"_et_pb_use_builder":"on","_et_pb_old_content":"","_et_gb_content_width":"","_monsterinsights_skip_tracking":false,"_monsterinsights_sitenote_active":false,"_monsterinsights_sitenote_note":"","_monsterinsights_sitenote_category":0,"_ayudawp_aiss_exclude":false,"footnotes":""},"class_list":["post-12923","page","type-page","status-publish","has-post-thumbnail","hentry"],"yoast_head":"<!-- This site is optimized with the Yoast SEO Premium plugin v27.2 (Yoast SEO v27.2) - https:\/\/yoast.com\/product\/yoast-seo-premium-wordpress\/ -->\n<title>Mahan Esfahani - ACM Concerts<\/title>\n<meta name=\"description\" content=\"Mahan Esfahani\u00a0has made it his life\u2019s mission to rehabilitate the harpsichord in the mainstream of concert instruments, and to that ...\" \/>\n<meta name=\"robots\" content=\"index, follow, max-snippet:-1, max-image-preview:large, max-video-preview:-1\" \/>\n<link rel=\"canonical\" href=\"https:\/\/acmconcerts.com\/en\/artists\/harpsichord\/mahan-esfahani\/\" \/>\n<meta property=\"og:locale\" content=\"en_US\" \/>\n<meta property=\"og:type\" content=\"article\" \/>\n<meta property=\"og:title\" content=\"Mahan Esfahani\" \/>\n<meta property=\"og:url\" content=\"https:\/\/acmconcerts.com\/en\/artists\/harpsichord\/mahan-esfahani\/\" \/>\n<meta property=\"og:site_name\" content=\"ACM Concerts\" \/>\n<meta property=\"article:publisher\" content=\"https:\/\/www.facebook.com\/ACM-Concerts-819784831388420\/\" \/>\n<meta property=\"article:modified_time\" content=\"2024-04-22T16:23:45+00:00\" \/>\n<meta property=\"og:image\" content=\"https:\/\/acmconcerts.com\/wp-content\/uploads\/2024\/04\/mahan_esfahani_fundacion_march_dolores_iglesias_2.jpg\" \/>\n\t<meta property=\"og:image:width\" content=\"1200\" \/>\n\t<meta property=\"og:image:height\" content=\"800\" \/>\n\t<meta property=\"og:image:type\" content=\"image\/jpeg\" \/>\n<meta name=\"twitter:card\" content=\"summary_large_image\" \/>\n<meta name=\"twitter:site\" content=\"@acmconcerts\" \/>\n<script type=\"application\/ld+json\" class=\"yoast-schema-graph\">{\"@context\":\"https:\/\/schema.org\",\"@graph\":[{\"@type\":\"WebPage\",\"@id\":\"https:\/\/acmconcerts.com\/en\/artists\/harpsichord\/mahan-esfahani\/\",\"url\":\"https:\/\/acmconcerts.com\/en\/artists\/harpsichord\/mahan-esfahani\/\",\"name\":\"Mahan Esfahani - ACM Concerts\",\"isPartOf\":{\"@id\":\"https:\/\/acmconcerts.com\/#website\"},\"primaryImageOfPage\":{\"@id\":\"https:\/\/acmconcerts.com\/en\/artists\/harpsichord\/mahan-esfahani\/#primaryimage\"},\"image\":{\"@id\":\"https:\/\/acmconcerts.com\/en\/artists\/harpsichord\/mahan-esfahani\/#primaryimage\"},\"thumbnailUrl\":\"https:\/\/acmconcerts.com\/wp-content\/uploads\/2024\/04\/mahan_esfahani_fundacion_march_dolores_iglesias_2.jpg\",\"datePublished\":\"2024-04-18T17:32:45+00:00\",\"dateModified\":\"2024-04-22T16:23:45+00:00\",\"description\":\"Mahan Esfahani\u00a0has made it his life\u2019s mission to rehabilitate the harpsichord in the mainstream of concert instruments, and to that ...\",\"breadcrumb\":{\"@id\":\"https:\/\/acmconcerts.com\/en\/artists\/harpsichord\/mahan-esfahani\/#breadcrumb\"},\"inLanguage\":\"en-US\",\"potentialAction\":[{\"@type\":\"ReadAction\",\"target\":[\"https:\/\/acmconcerts.com\/en\/artists\/harpsichord\/mahan-esfahani\/\"]}]},{\"@type\":\"ImageObject\",\"inLanguage\":\"en-US\",\"@id\":\"https:\/\/acmconcerts.com\/en\/artists\/harpsichord\/mahan-esfahani\/#primaryimage\",\"url\":\"https:\/\/acmconcerts.com\/wp-content\/uploads\/2024\/04\/mahan_esfahani_fundacion_march_dolores_iglesias_2.jpg\",\"contentUrl\":\"https:\/\/acmconcerts.com\/wp-content\/uploads\/2024\/04\/mahan_esfahani_fundacion_march_dolores_iglesias_2.jpg\",\"width\":1200,\"height\":800,\"caption\":\"Mahan Esfahani con la Britten Sinfonia en el Brighton Festival\"},{\"@type\":\"BreadcrumbList\",\"@id\":\"https:\/\/acmconcerts.com\/en\/artists\/harpsichord\/mahan-esfahani\/#breadcrumb\",\"itemListElement\":[{\"@type\":\"ListItem\",\"position\":1,\"name\":\"Portada\",\"item\":\"https:\/\/acmconcerts.com\/en\/\"},{\"@type\":\"ListItem\",\"position\":2,\"name\":\"Artists\",\"item\":\"https:\/\/acmconcerts.com\/en\/artists\/\"},{\"@type\":\"ListItem\",\"position\":3,\"name\":\"Harpsichord\",\"item\":\"https:\/\/acmconcerts.com\/en\/artists\/harpsichord\/\"},{\"@type\":\"ListItem\",\"position\":4,\"name\":\"Mahan Esfahani\"}]},{\"@type\":\"WebSite\",\"@id\":\"https:\/\/acmconcerts.com\/#website\",\"url\":\"https:\/\/acmconcerts.com\/\",\"name\":\"ACM Concerts\",\"description\":\"Agencia art\u00edstica\",\"publisher\":{\"@id\":\"https:\/\/acmconcerts.com\/#organization\"},\"potentialAction\":[{\"@type\":\"SearchAction\",\"target\":{\"@type\":\"EntryPoint\",\"urlTemplate\":\"https:\/\/acmconcerts.com\/?s={search_term_string}\"},\"query-input\":{\"@type\":\"PropertyValueSpecification\",\"valueRequired\":true,\"valueName\":\"search_term_string\"}}],\"inLanguage\":\"en-US\"},{\"@type\":\"Organization\",\"@id\":\"https:\/\/acmconcerts.com\/#organization\",\"name\":\"ACM Concerts\",\"url\":\"https:\/\/acmconcerts.com\/\",\"logo\":{\"@type\":\"ImageObject\",\"inLanguage\":\"en-US\",\"@id\":\"https:\/\/acmconcerts.com\/#\/schema\/logo\/image\/\",\"url\":\"https:\/\/acmconcerts.com\/wp-content\/uploads\/2015\/11\/logo-ACM-grande-e1447756158188.jpg\",\"contentUrl\":\"https:\/\/acmconcerts.com\/wp-content\/uploads\/2015\/11\/logo-ACM-grande-e1447756158188.jpg\",\"width\":600,\"height\":146,\"caption\":\"ACM Concerts\"},\"image\":{\"@id\":\"https:\/\/acmconcerts.com\/#\/schema\/logo\/image\/\"},\"sameAs\":[\"https:\/\/www.facebook.com\/ACM-Concerts-819784831388420\/\",\"https:\/\/x.com\/acmconcerts\",\"https:\/\/www.youtube.com\/user\/acmconcerts\"]}]}<\/script>\n<!-- \/ Yoast SEO Premium plugin. -->","yoast_head_json":{"title":"Mahan Esfahani - ACM Concerts","description":"Mahan Esfahani\u00a0has made it his life\u2019s mission to rehabilitate the harpsichord in the mainstream of concert instruments, and to that ...","robots":{"index":"index","follow":"follow","max-snippet":"max-snippet:-1","max-image-preview":"max-image-preview:large","max-video-preview":"max-video-preview:-1"},"canonical":"https:\/\/acmconcerts.com\/en\/artists\/harpsichord\/mahan-esfahani\/","og_locale":"en_US","og_type":"article","og_title":"Mahan Esfahani","og_url":"https:\/\/acmconcerts.com\/en\/artists\/harpsichord\/mahan-esfahani\/","og_site_name":"ACM Concerts","article_publisher":"https:\/\/www.facebook.com\/ACM-Concerts-819784831388420\/","article_modified_time":"2024-04-22T16:23:45+00:00","og_image":[{"width":1200,"height":800,"url":"https:\/\/acmconcerts.com\/wp-content\/uploads\/2024\/04\/mahan_esfahani_fundacion_march_dolores_iglesias_2.jpg","type":"image\/jpeg"}],"twitter_card":"summary_large_image","twitter_site":"@acmconcerts","schema":{"@context":"https:\/\/schema.org","@graph":[{"@type":"WebPage","@id":"https:\/\/acmconcerts.com\/en\/artists\/harpsichord\/mahan-esfahani\/","url":"https:\/\/acmconcerts.com\/en\/artists\/harpsichord\/mahan-esfahani\/","name":"Mahan Esfahani - ACM Concerts","isPartOf":{"@id":"https:\/\/acmconcerts.com\/#website"},"primaryImageOfPage":{"@id":"https:\/\/acmconcerts.com\/en\/artists\/harpsichord\/mahan-esfahani\/#primaryimage"},"image":{"@id":"https:\/\/acmconcerts.com\/en\/artists\/harpsichord\/mahan-esfahani\/#primaryimage"},"thumbnailUrl":"https:\/\/acmconcerts.com\/wp-content\/uploads\/2024\/04\/mahan_esfahani_fundacion_march_dolores_iglesias_2.jpg","datePublished":"2024-04-18T17:32:45+00:00","dateModified":"2024-04-22T16:23:45+00:00","description":"Mahan Esfahani\u00a0has made it his life\u2019s mission to rehabilitate the harpsichord in the mainstream of concert instruments, and to that ...","breadcrumb":{"@id":"https:\/\/acmconcerts.com\/en\/artists\/harpsichord\/mahan-esfahani\/#breadcrumb"},"inLanguage":"en-US","potentialAction":[{"@type":"ReadAction","target":["https:\/\/acmconcerts.com\/en\/artists\/harpsichord\/mahan-esfahani\/"]}]},{"@type":"ImageObject","inLanguage":"en-US","@id":"https:\/\/acmconcerts.com\/en\/artists\/harpsichord\/mahan-esfahani\/#primaryimage","url":"https:\/\/acmconcerts.com\/wp-content\/uploads\/2024\/04\/mahan_esfahani_fundacion_march_dolores_iglesias_2.jpg","contentUrl":"https:\/\/acmconcerts.com\/wp-content\/uploads\/2024\/04\/mahan_esfahani_fundacion_march_dolores_iglesias_2.jpg","width":1200,"height":800,"caption":"Mahan Esfahani con la Britten Sinfonia en el Brighton Festival"},{"@type":"BreadcrumbList","@id":"https:\/\/acmconcerts.com\/en\/artists\/harpsichord\/mahan-esfahani\/#breadcrumb","itemListElement":[{"@type":"ListItem","position":1,"name":"Portada","item":"https:\/\/acmconcerts.com\/en\/"},{"@type":"ListItem","position":2,"name":"Artists","item":"https:\/\/acmconcerts.com\/en\/artists\/"},{"@type":"ListItem","position":3,"name":"Harpsichord","item":"https:\/\/acmconcerts.com\/en\/artists\/harpsichord\/"},{"@type":"ListItem","position":4,"name":"Mahan Esfahani"}]},{"@type":"WebSite","@id":"https:\/\/acmconcerts.com\/#website","url":"https:\/\/acmconcerts.com\/","name":"ACM Concerts","description":"Agencia art\u00edstica","publisher":{"@id":"https:\/\/acmconcerts.com\/#organization"},"potentialAction":[{"@type":"SearchAction","target":{"@type":"EntryPoint","urlTemplate":"https:\/\/acmconcerts.com\/?s={search_term_string}"},"query-input":{"@type":"PropertyValueSpecification","valueRequired":true,"valueName":"search_term_string"}}],"inLanguage":"en-US"},{"@type":"Organization","@id":"https:\/\/acmconcerts.com\/#organization","name":"ACM Concerts","url":"https:\/\/acmconcerts.com\/","logo":{"@type":"ImageObject","inLanguage":"en-US","@id":"https:\/\/acmconcerts.com\/#\/schema\/logo\/image\/","url":"https:\/\/acmconcerts.com\/wp-content\/uploads\/2015\/11\/logo-ACM-grande-e1447756158188.jpg","contentUrl":"https:\/\/acmconcerts.com\/wp-content\/uploads\/2015\/11\/logo-ACM-grande-e1447756158188.jpg","width":600,"height":146,"caption":"ACM Concerts"},"image":{"@id":"https:\/\/acmconcerts.com\/#\/schema\/logo\/image\/"},"sameAs":["https:\/\/www.facebook.com\/ACM-Concerts-819784831388420\/","https:\/\/x.com\/acmconcerts","https:\/\/www.youtube.com\/user\/acmconcerts"]}]}},"_links":{"self":[{"href":"https:\/\/acmconcerts.com\/en\/wp-json\/wp\/v2\/pages\/12923","targetHints":{"allow":["GET"]}}],"collection":[{"href":"https:\/\/acmconcerts.com\/en\/wp-json\/wp\/v2\/pages"}],"about":[{"href":"https:\/\/acmconcerts.com\/en\/wp-json\/wp\/v2\/types\/page"}],"author":[{"embeddable":true,"href":"https:\/\/acmconcerts.com\/en\/wp-json\/wp\/v2\/users\/2"}],"replies":[{"embeddable":true,"href":"https:\/\/acmconcerts.com\/en\/wp-json\/wp\/v2\/comments?post=12923"}],"version-history":[{"count":0,"href":"https:\/\/acmconcerts.com\/en\/wp-json\/wp\/v2\/pages\/12923\/revisions"}],"up":[{"embeddable":true,"href":"https:\/\/acmconcerts.com\/en\/wp-json\/wp\/v2\/pages\/12885"}],"wp:featuredmedia":[{"embeddable":true,"href":"https:\/\/acmconcerts.com\/en\/wp-json\/wp\/v2\/media\/12826"}],"wp:attachment":[{"href":"https:\/\/acmconcerts.com\/en\/wp-json\/wp\/v2\/media?parent=12923"}],"curies":[{"name":"wp","href":"https:\/\/api.w.org\/{rel}","templated":true}]}}