{"id":1254,"date":"2016-01-27T10:42:17","date_gmt":"2016-01-27T09:42:17","guid":{"rendered":"http:\/\/acmconcerts.com\/en\/artists\/singers\/baritone\/jose-julian-frontal\/"},"modified":"2020-06-05T13:29:52","modified_gmt":"2020-06-05T11:29:52","slug":"jose-julian-frontal","status":"publish","type":"page","link":"https:\/\/acmconcerts.com\/en\/artists\/singers\/baritone\/jose-julian-frontal\/","title":{"rendered":"Jose\u0301 Julia\u0301n Frontal"},"content":{"rendered":"<p>[et_pb_section fb_built=&#8221;1&#8243; fullwidth=&#8221;on&#8221; admin_label=&#8221;Secci\u00f3n&#8221; _builder_version=&#8221;3.22&#8243;][et_pb_fullwidth_image src=&#8221;https:\/\/acmconcerts.com\/wp-content\/uploads\/2016\/01\/jose_julian_frontal.jpg&#8221; admin_label=&#8221;Imagen de anchura completa&#8221; _builder_version=&#8221;3.0.87&#8243; animation_style=&#8221;fade&#8221; animation_duration=&#8221;500ms&#8221; animation=&#8221;fade_in&#8221; use_border_color=&#8221;off&#8221; border_color=&#8221;#ffffff&#8221; border_style=&#8221;solid&#8221;] [\/et_pb_fullwidth_image][\/et_pb_section][et_pb_section fb_built=&#8221;1&#8243; admin_label=&#8221;Secci\u00f3n&#8221; _builder_version=&#8221;3.22&#8243;][et_pb_row column_structure=&#8221;2_3,1_3&#8243; admin_label=&#8221;Fila&#8221; _builder_version=&#8221;3.25&#8243; background_size=&#8221;initial&#8221; background_position=&#8221;top_left&#8221; background_repeat=&#8221;repeat&#8221;][et_pb_column type=&#8221;2_3&#8243; _builder_version=&#8221;3.25&#8243; custom_padding=&#8221;|||&#8221; custom_padding__hover=&#8221;|||&#8221;][et_pb_text admin_label=&#8221;Texto&#8221; _builder_version=&#8221;3.27.4&#8243; background_size=&#8221;initial&#8221; background_position=&#8221;top_left&#8221; background_repeat=&#8221;repeat&#8221; use_border_color=&#8221;off&#8221; border_color=&#8221;#ffffff&#8221; border_style=&#8221;solid&#8221;]<\/p>\n<h3>Jos\u00e9 Juli\u00e1n Frontal, baritone<\/h3>\n<p>&nbsp;<\/p>\n<p style=\"text-align: justify;\"><span style=\"color: #000000;\">This versatile baritone, very well known for his acting skills, is developing an intense career in the major theaters of Europe, America and Asia. Singer, actor and writer, Jos\u00e9 Juli\u00e1n Frontal addresses a wide lyrical repertoire that includes opera, spanish zarzuela and concert. At the age of 19, Jos\u00e9 Juli\u00e1n Frontal begins his musical instruction at Katarina Gurska Music Accademy in Madrid with Julio Pardo. He studies clarinet and requinto at Music Conservatory. He completes his training at George Enescu Conservatory in Bucarest and at Academy of Vocal Arts in Philadelphia (USA) with Bill Schuman.<\/span><\/p>\n<p style=\"text-align: justify;\"><span style=\"color: #000000;\">In 1994, Jos\u00e9 Juli\u00e1n Frontal won the International Singing Contest Ciudad de Logro\u00f1o and the second prize in International Contest Jaime Aragall. In 1996 also obtained the second prize of Guerrero Foundation, of the International Contest Alfredo Kraus and the Special Prize from SGAE as the best performer of spanish music. He makes his debut in opera as Malatesta (<em>Don Pasquale<\/em>) at Teatro de la Zarzuela and his debut in zarzuela was with the rol of Germ\u00e1n (<em>La del Soto del Parral<\/em>) in Cordoba for the season 1994-95. That season he also sings Figaro from <em>Il Barbiere di Siviglia<\/em> in Jerez and Medellin, Count di Luna from <em>Il Trovatore<\/em> in Philadelphia and Geronio from <em>Il Turco in Italia<\/em> in Tokyo, where he was awarded as the best performer of the season.<\/span><\/p>\n<p style=\"text-align: justify;\"><span style=\"color: #000000;\">Jos\u00e9 Juli\u00e1n Frontal has also played Taddeo from <em>L&#8217;Italiana in Algeri<\/em> at Teatro San Carlos in Lisbon and Luxembourg, Marcello from <em>La Boh\u00e8me<\/em> at Teatro Real in Madrid, Count Almaviva from <em>Le nozze di Figaro<\/em> in Washington and Porto, Belfiore from Verdi \u0301s <em>Un giorno di regno<\/em> in La Coru\u00f1a, Silvio from <em>Pagliacci<\/em> in Santiago de Chile, as well as Mercutio from Romeo et Juliette in Seville and Tokyo. In the same way, he has performed the role of Ford from <em>Falstaff <\/em>and Dandini from <em>Cinderella<\/em> at Teatro Real in Madrid. His zarzuela repertoire also includes other relevant roles such as Joaquin from <em>La del Manojo de Rosas<\/em>, Miguel from <em>La Parranda<\/em> in places like Madrid, Murcia, Oviedo, Sevilla, La Coru\u00f1a, Santiago and Valencia and Rafael (<em>La Calesera<\/em>) or Juan de Egu\u00eda (<em>La Tabernera del Puerto<\/em>) at Teatro de la Zarzuela in Madrid.<\/span><\/p>\n<p style=\"text-align: justify;\"><span style=\"color: #000000;\">In recent years, Jos\u00e9 Juli\u00e1n Frontal has included new roles to his already wide repertoire, as Alfio (<em>Cavalleria Rusticana<\/em>), Escamillo (<em>Carmen<\/em>), Germont (<em>La Traviata<\/em>), <em>Don Giovanni<\/em> and Juanillo (<em>El Gato Mont\u00e9s<\/em>), always with great success and remarkable reviews. He has recorded for Gramophone and RTVE labels the following titles: <em>Adi\u00f3s a la bohemia, Il dissoluto punito<\/em> by R. Carnicer, <em>Don Quichotte<\/em> by M. Garc\u00eda, <em>La Gran V\u00eda <\/em>and <em>El Bateo<\/em> by Chueca and Valverde and <em>Curro el de Lora<\/em> by F. Alonso.<\/span><\/p>\n<p style=\"text-align: justify;\"><span style=\"color: #000000;\">Jos\u00e9 Juli\u00e1n Frontal is the creator, writer and director of DIVA&#8217;S -a music-theater show in two acts. Last December he presented his first book of poems Aprendiz de Poeta.<\/span><\/p>\n<p>[\/et_pb_text][et_pb_text admin_label=&#8221;Texto&#8221; _builder_version=&#8221;3.27.4&#8243; background_size=&#8221;initial&#8221; background_position=&#8221;top_left&#8221; background_repeat=&#8221;repeat&#8221; use_border_color=&#8221;off&#8221; border_color=&#8221;#ffffff&#8221; border_style=&#8221;solid&#8221;] <a href=\"https:\/\/acmconcerts.com\/en\/?ddownload=1251\" title=\"Descargar BIO PDF\" rel=\"nofollow\" class=\"ddownload-button button-grey id-1251 ext-pdf\">Descargar BIO PDF<\/a> [\/et_pb_text][et_pb_text admin_label=&#8221;Texto&#8221; _builder_version=&#8221;3.27.4&#8243; background_size=&#8221;initial&#8221; background_position=&#8221;top_left&#8221; background_repeat=&#8221;repeat&#8221; use_border_color=&#8221;off&#8221; border_color=&#8221;#ffffff&#8221; border_style=&#8221;solid&#8221;] <a href=\"https:\/\/acmconcerts.com\/en\/?ddownload=1252\" title=\"Download BIO PDF\" rel=\"nofollow\" class=\"ddownload-button button-grey id-1252 ext-pdf\">Download BIO PDF<\/a> [\/et_pb_text][\/et_pb_column][et_pb_column type=&#8221;1_3&#8243; _builder_version=&#8221;3.25&#8243; custom_padding=&#8221;|||&#8221; custom_padding__hover=&#8221;|||&#8221;][et_pb_social_media_follow url_new_window=&#8221;off&#8221; admin_label=&#8221;Seguir en medios sociales&#8221; _builder_version=&#8221;3.0.87&#8243; link_shape=&#8221;rounded_rectangle&#8221;][et_pb_social_media_follow_network social_network=&#8221;facebook&#8221; url=&#8221;https:\/\/www.facebook.com\/Jos\u00e9-Juli\u00e1n-Frontal-49086780137\/?fref=ts&#8221; _builder_version=&#8221;3.0.74&#8243; background_color=&#8221;#3b5998&#8243; bg_color=&#8221;#3b5998&#8243; link_shape=&#8221;rounded_rectangle&#8221; follow_button=&#8221;off&#8221; url_new_window=&#8221;off&#8221;] Facebook [\/et_pb_social_media_follow_network][\/et_pb_social_media_follow][et_pb_text admin_label=&#8221;Texto&#8221; _builder_version=&#8221;3.27.4&#8243; background_size=&#8221;initial&#8221; background_position=&#8221;top_left&#8221; background_repeat=&#8221;repeat&#8221; use_border_color=&#8221;off&#8221; border_color=&#8221;#ffffff&#8221; border_style=&#8221;solid&#8221;]Web:\u00a0<a href=\"http:\/\/jfrontal.wix.com\/josejulianfrontal\">http:\/\/jfrontal.wix.com\/josejulianfrontal<\/a><br \/>\n[\/et_pb_text][et_pb_code admin_label=&#8221;C\u00f3digo&#8221; _builder_version=&#8221;4.4.8&#8243; hover_enabled=&#8221;0&#8243;]<iframe width=\"650\" height=\"450\" src=\"https:\/\/www.youtube-nocookie.com\/embed\/videoseries?list=PL6Y2Eo22D_lX0C75tRl2Scp63xvV-SSkl\" frameborder=\"0\" allow=\"accelerometer; autoplay; encrypted-media; gyroscope; picture-in-picture\" allowfullscreen><\/iframe>[\/et_pb_code][\/et_pb_column][\/et_pb_row][\/et_pb_section]<\/p>\n","protected":false},"excerpt":{"rendered":"<p>Jos\u00e9 Juli\u00e1n Frontal, baritone &nbsp; This versatile baritone, very well known for his acting skills, is developing an intense career in the major theaters of Europe, America and Asia. Singer, actor and writer, Jos\u00e9 Juli\u00e1n Frontal addresses a wide lyrical repertoire that includes opera, spanish zarzuela and concert. At the age of 19, Jos\u00e9 Juli\u00e1n [&hellip;]<\/p>\n","protected":false},"author":2,"featured_media":1249,"parent":802,"menu_order":0,"comment_status":"closed","ping_status":"closed","template":"","meta":{"_et_pb_use_builder":"on","_et_pb_old_content":"","_et_gb_content_width":"","_monsterinsights_skip_tracking":false,"_monsterinsights_sitenote_active":false,"_monsterinsights_sitenote_note":"","_monsterinsights_sitenote_category":0,"_ayudawp_aiss_exclude":false,"footnotes":""},"class_list":["post-1254","page","type-page","status-publish","has-post-thumbnail","hentry"],"yoast_head":"<!-- This site is optimized with the Yoast SEO Premium plugin v27.2 (Yoast SEO v27.2) - https:\/\/yoast.com\/product\/yoast-seo-premium-wordpress\/ -->\n<title>Jose\u0301 Julia\u0301n Frontal - ACM Concerts<\/title>\n<meta name=\"description\" content=\"This versatile baritone, very well known for his acting skills, is developing an intense career in the major theaters of Europe, America and Asia. Singer ...\" \/>\n<meta name=\"robots\" content=\"index, follow, max-snippet:-1, max-image-preview:large, max-video-preview:-1\" \/>\n<link rel=\"canonical\" href=\"https:\/\/acmconcerts.com\/en\/artists\/singers\/baritone\/jose-julian-frontal\/\" \/>\n<meta property=\"og:locale\" content=\"en_US\" \/>\n<meta property=\"og:type\" content=\"article\" \/>\n<meta property=\"og:title\" content=\"Jose\u0301 Julia\u0301n Frontal\" \/>\n<meta property=\"og:url\" content=\"https:\/\/acmconcerts.com\/en\/artists\/singers\/baritone\/jose-julian-frontal\/\" \/>\n<meta property=\"og:site_name\" content=\"ACM Concerts\" \/>\n<meta property=\"article:publisher\" content=\"https:\/\/www.facebook.com\/ACM-Concerts-819784831388420\/\" \/>\n<meta property=\"article:modified_time\" content=\"2020-06-05T11:29:52+00:00\" \/>\n<meta property=\"og:image\" content=\"https:\/\/acmconcerts.com\/wp-content\/uploads\/2016\/01\/jose_julian_frontal07-1.jpg\" \/>\n\t<meta property=\"og:image:width\" content=\"640\" \/>\n\t<meta property=\"og:image:height\" content=\"425\" \/>\n\t<meta property=\"og:image:type\" content=\"image\/jpeg\" \/>\n<meta name=\"twitter:card\" content=\"summary_large_image\" \/>\n<meta name=\"twitter:site\" content=\"@acmconcerts\" \/>\n<script type=\"application\/ld+json\" class=\"yoast-schema-graph\">{\"@context\":\"https:\/\/schema.org\",\"@graph\":[{\"@type\":\"WebPage\",\"@id\":\"https:\/\/acmconcerts.com\/en\/artists\/singers\/baritone\/jose-julian-frontal\/\",\"url\":\"https:\/\/acmconcerts.com\/en\/artists\/singers\/baritone\/jose-julian-frontal\/\",\"name\":\"Jose\u0301 Julia\u0301n Frontal - ACM Concerts\",\"isPartOf\":{\"@id\":\"https:\/\/acmconcerts.com\/#website\"},\"primaryImageOfPage\":{\"@id\":\"https:\/\/acmconcerts.com\/en\/artists\/singers\/baritone\/jose-julian-frontal\/#primaryimage\"},\"image\":{\"@id\":\"https:\/\/acmconcerts.com\/en\/artists\/singers\/baritone\/jose-julian-frontal\/#primaryimage\"},\"thumbnailUrl\":\"https:\/\/acmconcerts.com\/wp-content\/uploads\/2016\/01\/jose_julian_frontal07-1.jpg\",\"datePublished\":\"2016-01-27T09:42:17+00:00\",\"dateModified\":\"2020-06-05T11:29:52+00:00\",\"description\":\"This versatile baritone, very well known for his acting skills, is developing an intense career in the major theaters of Europe, America and Asia. Singer ...\",\"breadcrumb\":{\"@id\":\"https:\/\/acmconcerts.com\/en\/artists\/singers\/baritone\/jose-julian-frontal\/#breadcrumb\"},\"inLanguage\":\"en-US\",\"potentialAction\":[{\"@type\":\"ReadAction\",\"target\":[\"https:\/\/acmconcerts.com\/en\/artists\/singers\/baritone\/jose-julian-frontal\/\"]}]},{\"@type\":\"ImageObject\",\"inLanguage\":\"en-US\",\"@id\":\"https:\/\/acmconcerts.com\/en\/artists\/singers\/baritone\/jose-julian-frontal\/#primaryimage\",\"url\":\"https:\/\/acmconcerts.com\/wp-content\/uploads\/2016\/01\/jose_julian_frontal07-1.jpg\",\"contentUrl\":\"https:\/\/acmconcerts.com\/wp-content\/uploads\/2016\/01\/jose_julian_frontal07-1.jpg\",\"width\":640,\"height\":425},{\"@type\":\"BreadcrumbList\",\"@id\":\"https:\/\/acmconcerts.com\/en\/artists\/singers\/baritone\/jose-julian-frontal\/#breadcrumb\",\"itemListElement\":[{\"@type\":\"ListItem\",\"position\":1,\"name\":\"Portada\",\"item\":\"https:\/\/acmconcerts.com\/en\/\"},{\"@type\":\"ListItem\",\"position\":2,\"name\":\"Artists\",\"item\":\"https:\/\/acmconcerts.com\/en\/artists\/\"},{\"@type\":\"ListItem\",\"position\":3,\"name\":\"Singers\",\"item\":\"https:\/\/acmconcerts.com\/en\/artists\/singers\/\"},{\"@type\":\"ListItem\",\"position\":4,\"name\":\"Baritone\",\"item\":\"https:\/\/acmconcerts.com\/en\/artists\/singers\/baritone\/\"},{\"@type\":\"ListItem\",\"position\":5,\"name\":\"Jose\u0301 Julia\u0301n Frontal\"}]},{\"@type\":\"WebSite\",\"@id\":\"https:\/\/acmconcerts.com\/#website\",\"url\":\"https:\/\/acmconcerts.com\/\",\"name\":\"ACM Concerts\",\"description\":\"Agencia art\u00edstica\",\"publisher\":{\"@id\":\"https:\/\/acmconcerts.com\/#organization\"},\"potentialAction\":[{\"@type\":\"SearchAction\",\"target\":{\"@type\":\"EntryPoint\",\"urlTemplate\":\"https:\/\/acmconcerts.com\/?s={search_term_string}\"},\"query-input\":{\"@type\":\"PropertyValueSpecification\",\"valueRequired\":true,\"valueName\":\"search_term_string\"}}],\"inLanguage\":\"en-US\"},{\"@type\":\"Organization\",\"@id\":\"https:\/\/acmconcerts.com\/#organization\",\"name\":\"ACM Concerts\",\"url\":\"https:\/\/acmconcerts.com\/\",\"logo\":{\"@type\":\"ImageObject\",\"inLanguage\":\"en-US\",\"@id\":\"https:\/\/acmconcerts.com\/#\/schema\/logo\/image\/\",\"url\":\"https:\/\/acmconcerts.com\/wp-content\/uploads\/2015\/11\/logo-ACM-grande-e1447756158188.jpg\",\"contentUrl\":\"https:\/\/acmconcerts.com\/wp-content\/uploads\/2015\/11\/logo-ACM-grande-e1447756158188.jpg\",\"width\":600,\"height\":146,\"caption\":\"ACM Concerts\"},\"image\":{\"@id\":\"https:\/\/acmconcerts.com\/#\/schema\/logo\/image\/\"},\"sameAs\":[\"https:\/\/www.facebook.com\/ACM-Concerts-819784831388420\/\",\"https:\/\/x.com\/acmconcerts\",\"https:\/\/www.youtube.com\/user\/acmconcerts\"]}]}<\/script>\n<!-- \/ Yoast SEO Premium plugin. -->","yoast_head_json":{"title":"Jose\u0301 Julia\u0301n Frontal - ACM Concerts","description":"This versatile baritone, very well known for his acting skills, is developing an intense career in the major theaters of Europe, America and Asia. Singer ...","robots":{"index":"index","follow":"follow","max-snippet":"max-snippet:-1","max-image-preview":"max-image-preview:large","max-video-preview":"max-video-preview:-1"},"canonical":"https:\/\/acmconcerts.com\/en\/artists\/singers\/baritone\/jose-julian-frontal\/","og_locale":"en_US","og_type":"article","og_title":"Jose\u0301 Julia\u0301n Frontal","og_url":"https:\/\/acmconcerts.com\/en\/artists\/singers\/baritone\/jose-julian-frontal\/","og_site_name":"ACM Concerts","article_publisher":"https:\/\/www.facebook.com\/ACM-Concerts-819784831388420\/","article_modified_time":"2020-06-05T11:29:52+00:00","og_image":[{"width":640,"height":425,"url":"https:\/\/acmconcerts.com\/wp-content\/uploads\/2016\/01\/jose_julian_frontal07-1.jpg","type":"image\/jpeg"}],"twitter_card":"summary_large_image","twitter_site":"@acmconcerts","schema":{"@context":"https:\/\/schema.org","@graph":[{"@type":"WebPage","@id":"https:\/\/acmconcerts.com\/en\/artists\/singers\/baritone\/jose-julian-frontal\/","url":"https:\/\/acmconcerts.com\/en\/artists\/singers\/baritone\/jose-julian-frontal\/","name":"Jose\u0301 Julia\u0301n Frontal - ACM Concerts","isPartOf":{"@id":"https:\/\/acmconcerts.com\/#website"},"primaryImageOfPage":{"@id":"https:\/\/acmconcerts.com\/en\/artists\/singers\/baritone\/jose-julian-frontal\/#primaryimage"},"image":{"@id":"https:\/\/acmconcerts.com\/en\/artists\/singers\/baritone\/jose-julian-frontal\/#primaryimage"},"thumbnailUrl":"https:\/\/acmconcerts.com\/wp-content\/uploads\/2016\/01\/jose_julian_frontal07-1.jpg","datePublished":"2016-01-27T09:42:17+00:00","dateModified":"2020-06-05T11:29:52+00:00","description":"This versatile baritone, very well known for his acting skills, is developing an intense career in the major theaters of Europe, America and Asia. Singer ...","breadcrumb":{"@id":"https:\/\/acmconcerts.com\/en\/artists\/singers\/baritone\/jose-julian-frontal\/#breadcrumb"},"inLanguage":"en-US","potentialAction":[{"@type":"ReadAction","target":["https:\/\/acmconcerts.com\/en\/artists\/singers\/baritone\/jose-julian-frontal\/"]}]},{"@type":"ImageObject","inLanguage":"en-US","@id":"https:\/\/acmconcerts.com\/en\/artists\/singers\/baritone\/jose-julian-frontal\/#primaryimage","url":"https:\/\/acmconcerts.com\/wp-content\/uploads\/2016\/01\/jose_julian_frontal07-1.jpg","contentUrl":"https:\/\/acmconcerts.com\/wp-content\/uploads\/2016\/01\/jose_julian_frontal07-1.jpg","width":640,"height":425},{"@type":"BreadcrumbList","@id":"https:\/\/acmconcerts.com\/en\/artists\/singers\/baritone\/jose-julian-frontal\/#breadcrumb","itemListElement":[{"@type":"ListItem","position":1,"name":"Portada","item":"https:\/\/acmconcerts.com\/en\/"},{"@type":"ListItem","position":2,"name":"Artists","item":"https:\/\/acmconcerts.com\/en\/artists\/"},{"@type":"ListItem","position":3,"name":"Singers","item":"https:\/\/acmconcerts.com\/en\/artists\/singers\/"},{"@type":"ListItem","position":4,"name":"Baritone","item":"https:\/\/acmconcerts.com\/en\/artists\/singers\/baritone\/"},{"@type":"ListItem","position":5,"name":"Jose\u0301 Julia\u0301n Frontal"}]},{"@type":"WebSite","@id":"https:\/\/acmconcerts.com\/#website","url":"https:\/\/acmconcerts.com\/","name":"ACM Concerts","description":"Agencia art\u00edstica","publisher":{"@id":"https:\/\/acmconcerts.com\/#organization"},"potentialAction":[{"@type":"SearchAction","target":{"@type":"EntryPoint","urlTemplate":"https:\/\/acmconcerts.com\/?s={search_term_string}"},"query-input":{"@type":"PropertyValueSpecification","valueRequired":true,"valueName":"search_term_string"}}],"inLanguage":"en-US"},{"@type":"Organization","@id":"https:\/\/acmconcerts.com\/#organization","name":"ACM Concerts","url":"https:\/\/acmconcerts.com\/","logo":{"@type":"ImageObject","inLanguage":"en-US","@id":"https:\/\/acmconcerts.com\/#\/schema\/logo\/image\/","url":"https:\/\/acmconcerts.com\/wp-content\/uploads\/2015\/11\/logo-ACM-grande-e1447756158188.jpg","contentUrl":"https:\/\/acmconcerts.com\/wp-content\/uploads\/2015\/11\/logo-ACM-grande-e1447756158188.jpg","width":600,"height":146,"caption":"ACM Concerts"},"image":{"@id":"https:\/\/acmconcerts.com\/#\/schema\/logo\/image\/"},"sameAs":["https:\/\/www.facebook.com\/ACM-Concerts-819784831388420\/","https:\/\/x.com\/acmconcerts","https:\/\/www.youtube.com\/user\/acmconcerts"]}]}},"_links":{"self":[{"href":"https:\/\/acmconcerts.com\/en\/wp-json\/wp\/v2\/pages\/1254","targetHints":{"allow":["GET"]}}],"collection":[{"href":"https:\/\/acmconcerts.com\/en\/wp-json\/wp\/v2\/pages"}],"about":[{"href":"https:\/\/acmconcerts.com\/en\/wp-json\/wp\/v2\/types\/page"}],"author":[{"embeddable":true,"href":"https:\/\/acmconcerts.com\/en\/wp-json\/wp\/v2\/users\/2"}],"replies":[{"embeddable":true,"href":"https:\/\/acmconcerts.com\/en\/wp-json\/wp\/v2\/comments?post=1254"}],"version-history":[{"count":0,"href":"https:\/\/acmconcerts.com\/en\/wp-json\/wp\/v2\/pages\/1254\/revisions"}],"up":[{"embeddable":true,"href":"https:\/\/acmconcerts.com\/en\/wp-json\/wp\/v2\/pages\/802"}],"wp:featuredmedia":[{"embeddable":true,"href":"https:\/\/acmconcerts.com\/en\/wp-json\/wp\/v2\/media\/1249"}],"wp:attachment":[{"href":"https:\/\/acmconcerts.com\/en\/wp-json\/wp\/v2\/media?parent=1254"}],"curies":[{"name":"wp","href":"https:\/\/api.w.org\/{rel}","templated":true}]}}