{"id":1242,"date":"2016-01-27T10:56:47","date_gmt":"2016-01-27T09:56:47","guid":{"rendered":"http:\/\/acmconcerts.com\/en\/artists\/singers\/baritone\/paul-armin-edelmann\/"},"modified":"2020-06-05T13:33:32","modified_gmt":"2020-06-05T11:33:32","slug":"paul-armin-edelmann","status":"publish","type":"page","link":"https:\/\/acmconcerts.com\/en\/artists\/singers\/baritone\/paul-armin-edelmann\/","title":{"rendered":"Paul Armin Edelmann"},"content":{"rendered":"<p>[et_pb_section fb_built=&#8221;1&#8243; fullwidth=&#8221;on&#8221; _builder_version=&#8221;3.22&#8243;][et_pb_fullwidth_image src=&#8221;https:\/\/acmconcerts.com\/wp-content\/uploads\/2016\/01\/paul_armin_edelmann-2.jpg&#8221; _builder_version=&#8221;3.0.87&#8243; animation_style=&#8221;fade&#8221; animation_duration=&#8221;500ms&#8221; use_border_color=&#8221;off&#8221; border_color=&#8221;#ffffff&#8221; border_style=&#8221;solid&#8221; animation=&#8221;fade_in&#8221;][\/et_pb_fullwidth_image][\/et_pb_section][et_pb_section fb_built=&#8221;1&#8243; _builder_version=&#8221;3.22&#8243;][et_pb_row column_structure=&#8221;2_3,1_3&#8243; _builder_version=&#8221;3.25&#8243; background_size=&#8221;initial&#8221; background_position=&#8221;top_left&#8221; background_repeat=&#8221;repeat&#8221;][et_pb_column type=&#8221;2_3&#8243; _builder_version=&#8221;3.25&#8243; custom_padding=&#8221;|||&#8221; custom_padding__hover=&#8221;|||&#8221;][et_pb_text _builder_version=&#8221;3.27.4&#8243; background_size=&#8221;initial&#8221; background_position=&#8221;top_left&#8221; background_repeat=&#8221;repeat&#8221; use_border_color=&#8221;off&#8221;]<\/p>\n<h2><span style=\"color: #000000;\">Paul\u00a0Armin Edelmann,\u00a0baritone<\/span><\/h2>\n<p>\u00a0<\/p>\n<p style=\"text-align: justify;\"><span style=\"color: #000000;\">Paul Armin Edelmann&#8217;s association with music began at an early age as the second son of the internationally renowned singer Otto Edelmann. As a child, he was a member and soloist of the famous Vienna Boys\u2019 Choir. Later on he reinforced his musical studies by studying voice with his father at the University of Music and Performing Arts in Vienna. Shortly after completing his studies he became a member of the Opera Theatre in Koblenz in Germany, where he sang over 30 roles.<\/span><\/p>\n<p style=\"text-align: justify;\"><span style=\"color: #000000;\">In 1998, Mr.Edelmann went freelance and moved back to Vienna. Since then he has sung at: the Vienna State Opera, Vienna Volksoper, Theater an der Wien, Teatro Real Madrid, Komische Oper Berlin, Th\u00e9\u00e2tre Royal de la Monnaie Brussels, San Diego Opera, New National Theatre in Tokyo, Op\u00e9ra de Rouen, Lincoln Center Festival New York, the state theatres in Darmstadt and Wiesbaden, the opera houses in Cologne, Frankfurt, Leipzig and D\u00fcsseldorf, Opera Ireland Dublin and the Israeli Opera in Tel Aviv, as well as the Palau de les Arts Valencia, the San Sebastian Festival, Hongkong Opera, Center of the Performing Arts Beijing, Opera National de Montpellier, Czech National Theatre Prague, Prinzregentheater Munich, Staatsoper Stuttgart, Teatro de la Maestranza Sevilla, Teatro Massimo Catania, Opera National du Rhin Strasbourg, Palacio de Bellas Artes Mexico City,\u00a0 the Bregenz Festival, Theatro Municipal Rio de Janeiro and the Opera National de Paris.<\/span><\/p>\n<p style=\"text-align: justify;\"><span style=\"color: #000000;\">2014 \u2013 2016 Edelmann\u00b4s albums <em>Schumann- Selected Songs<\/em> and <em>Die sch\u00f6ne Magelone<\/em> with pianist Charles Spencer, the album <em>Max Reger- Orchestral Songs<\/em> with the Deutsche Staatsphilharmonie Rheinland Pfalz and his <em>Schubert Album<\/em> (2018) has been released on the label Naxos\/Capriccio.<\/span><\/p>\n<p style=\"text-align: justify;\"><span style=\"color: #000000;\">During the upcoming seasons Edelmann will perform in the Theater an der Wien, Wigmore Hall London, Grand Theatre de Geneve, Opera Cologne, New National Theatre Tokyo, Misikkitalo Helsinki and will make his debuts with the New York Philharmonic Orchestra and the Orchestre Symphonique de Montreal in New York and Montreal.<\/span><\/p>\n<p style=\"text-align: justify;\"><span style=\"color: #000000;\">Paul has previously given concerts and recitals in many notable venues including the Vienna Konzerthaus, Vienna Musikverein, Festival Hall in Salzburg, in several concerts with the Pittsburgh Symphony Orchestra contucted by Manfred Honeck in the Heinz Hall Pittsburgh, Berwaldhallen Stockholm, Bronfman Auditorium Tel Aviv, Philhamonic Hall Warsaw,\u00a0 Brucknerhaus Linz, Salzburg Mozarteum, Philharmonie Berlin, Cologne Philharmonie, Philharmonie am Gasteig Munich, Konzerthaus Dortmund, Victoria Hall Geneve, Leiszhalle Hamburg, KKL Lucerne, Tonhalle Z\u00fcrich, Rudolfinum Prague, Koncerthuset Copenhagen, Winter Music Festival Sochi, Kurhaus Wiesbaden, Philharmonic Hall Luxembourg, Auditorio Alfredo Kraus Las Palmas, Palau de la M\u00fasica in Valencia, Tchaikovsky Conservatory in Moscow, the Vatican in a concert honouring Pope John Paul II (Haydn\u2019s The Creation) in 1998 and again in 2006 with the Vienna Philharmonic Orchestra (Mozart&#8217;s Coronation Mass).<\/span><\/p>\n<p style=\"text-align: justify;\"><span style=\"color: #000000;\">Mr. Edelmann has given recitals in Austria, Germany, Italy, Spain, France, Belgium, Denmark, the USA, Canada, China and Japan, often also together with his baritone-brother Peter Edelmann.<\/span><\/p>\n<p style=\"text-align: justify;\"><span style=\"color: #000000;\">He has worked with such well-known conductors as Nikolaus Harnoncourt, Lorin Maazel, Michel Plasson, Ivor Bolton, Paolo Carignani, Kazushi Ono, Miguel G\u00f3mez Mart\u00ednez, Julia Jones, Ralf Weikert, Karel Mark Chichon, Jeffrey Tate, Vladimir Fedosejew, Leopold Hager &amp; Manfred Honeck.<\/span><\/p>\n<p>[\/et_pb_text][et_pb_text _builder_version=&#8221;3.27.4&#8243; background_size=&#8221;initial&#8221; background_position=&#8221;top_left&#8221; background_repeat=&#8221;repeat&#8221; use_border_color=&#8221;off&#8221; border_color=&#8221;#ffffff&#8221; border_style=&#8221;solid&#8221;]<a href=\"https:\/\/acmconcerts.com\/en\/?ddownload=1239\" title=\"Descargar BIO PDF\" rel=\"nofollow\" class=\"ddownload-button button-grey id-1239 ext-pdf\">Descargar BIO PDF<\/a><br \/>\n[\/et_pb_text][et_pb_text _builder_version=&#8221;3.27.4&#8243; background_size=&#8221;initial&#8221; background_position=&#8221;top_left&#8221; background_repeat=&#8221;repeat&#8221; use_border_color=&#8221;off&#8221; border_color=&#8221;#ffffff&#8221; border_style=&#8221;solid&#8221;]<a href=\"https:\/\/acmconcerts.com\/en\/?ddownload=1240\" title=\"Download BIO PDF\" rel=\"nofollow\" class=\"ddownload-button button-grey id-1240 ext-pdf\">Download BIO PDF<\/a><br \/>\n[\/et_pb_text][\/et_pb_column][et_pb_column type=&#8221;1_3&#8243; _builder_version=&#8221;3.25&#8243; custom_padding=&#8221;|||&#8221; custom_padding__hover=&#8221;|||&#8221;][et_pb_text _builder_version=&#8221;3.27.4&#8243; background_size=&#8221;initial&#8221; background_position=&#8221;top_left&#8221; background_repeat=&#8221;repeat&#8221; use_border_color=&#8221;off&#8221; border_color=&#8221;#ffffff&#8221; border_style=&#8221;solid&#8221;]<span style=\"font-size: 10pt;\">Web:\u00a0<a href=\"http:\/\/www.paul-armin-edelmann.com\/\">http:\/\/www.paul-armin-edelmann.com<\/a><\/span><br \/>\n[\/et_pb_text][et_pb_code _builder_version=&#8221;4.4.8&#8243; hover_enabled=&#8221;0&#8243;]<iframe width=\"650\" height=\"450\" src=\"https:\/\/www.youtube-nocookie.com\/embed\/videoseries?list=PL6Y2Eo22D_lW20jkKrP6l1fp6EURWSgi2\" frameborder=\"0\" allow=\"accelerometer; autoplay; encrypted-media; gyroscope; picture-in-picture\" allowfullscreen><\/iframe>[\/et_pb_code][\/et_pb_column][\/et_pb_row][\/et_pb_section]<\/p>\n","protected":false},"excerpt":{"rendered":"<p>Paul\u00a0Armin Edelmann,\u00a0baritone \u00a0 Paul Armin Edelmann&#8217;s association with music began at an early age as the second son of the internationally renowned singer Otto Edelmann. As a child, he was a member and soloist of the famous Vienna Boys\u2019 Choir. Later on he reinforced his musical studies by studying voice with his father at the [&hellip;]<\/p>\n","protected":false},"author":2,"featured_media":1237,"parent":802,"menu_order":0,"comment_status":"closed","ping_status":"closed","template":"","meta":{"_et_pb_use_builder":"on","_et_pb_old_content":"","_et_gb_content_width":"","_monsterinsights_skip_tracking":false,"_monsterinsights_sitenote_active":false,"_monsterinsights_sitenote_note":"","_monsterinsights_sitenote_category":0,"_ayudawp_aiss_exclude":false,"footnotes":""},"class_list":["post-1242","page","type-page","status-publish","has-post-thumbnail","hentry"],"yoast_head":"<!-- This site is optimized with the Yoast SEO Premium plugin v27.2 (Yoast SEO v27.2) - https:\/\/yoast.com\/product\/yoast-seo-premium-wordpress\/ -->\n<title>Paul Armin Edelmann - ACM Concerts<\/title>\n<meta name=\"description\" content=\"Paul Armin Edelmann&#039;s association with music began at an early age as the second son of the internationally renowned singer Otto Edelmann. As a child, ...\" \/>\n<meta name=\"robots\" content=\"index, follow, max-snippet:-1, max-image-preview:large, max-video-preview:-1\" \/>\n<link rel=\"canonical\" href=\"https:\/\/acmconcerts.com\/en\/artists\/singers\/baritone\/paul-armin-edelmann\/\" \/>\n<meta property=\"og:locale\" content=\"en_US\" \/>\n<meta property=\"og:type\" content=\"article\" \/>\n<meta property=\"og:title\" content=\"Paul Armin Edelmann\" \/>\n<meta property=\"og:url\" content=\"https:\/\/acmconcerts.com\/en\/artists\/singers\/baritone\/paul-armin-edelmann\/\" \/>\n<meta property=\"og:site_name\" content=\"ACM Concerts\" \/>\n<meta property=\"article:publisher\" content=\"https:\/\/www.facebook.com\/ACM-Concerts-819784831388420\/\" \/>\n<meta property=\"article:modified_time\" content=\"2020-06-05T11:33:32+00:00\" \/>\n<meta property=\"og:image\" content=\"https:\/\/acmconcerts.com\/wp-content\/uploads\/2016\/01\/paul_armin_edelmann14.jpg\" \/>\n\t<meta property=\"og:image:width\" content=\"1024\" \/>\n\t<meta property=\"og:image:height\" content=\"683\" \/>\n\t<meta property=\"og:image:type\" content=\"image\/jpeg\" \/>\n<meta name=\"twitter:card\" content=\"summary_large_image\" \/>\n<meta name=\"twitter:site\" content=\"@acmconcerts\" \/>\n<script type=\"application\/ld+json\" class=\"yoast-schema-graph\">{\"@context\":\"https:\/\/schema.org\",\"@graph\":[{\"@type\":\"WebPage\",\"@id\":\"https:\/\/acmconcerts.com\/en\/artists\/singers\/baritone\/paul-armin-edelmann\/\",\"url\":\"https:\/\/acmconcerts.com\/en\/artists\/singers\/baritone\/paul-armin-edelmann\/\",\"name\":\"Paul Armin Edelmann - ACM Concerts\",\"isPartOf\":{\"@id\":\"https:\/\/acmconcerts.com\/#website\"},\"primaryImageOfPage\":{\"@id\":\"https:\/\/acmconcerts.com\/en\/artists\/singers\/baritone\/paul-armin-edelmann\/#primaryimage\"},\"image\":{\"@id\":\"https:\/\/acmconcerts.com\/en\/artists\/singers\/baritone\/paul-armin-edelmann\/#primaryimage\"},\"thumbnailUrl\":\"https:\/\/acmconcerts.com\/wp-content\/uploads\/2016\/01\/paul_armin_edelmann14.jpg\",\"datePublished\":\"2016-01-27T09:56:47+00:00\",\"dateModified\":\"2020-06-05T11:33:32+00:00\",\"description\":\"Paul Armin Edelmann's association with music began at an early age as the second son of the internationally renowned singer Otto Edelmann. As a child, ...\",\"breadcrumb\":{\"@id\":\"https:\/\/acmconcerts.com\/en\/artists\/singers\/baritone\/paul-armin-edelmann\/#breadcrumb\"},\"inLanguage\":\"en-US\",\"potentialAction\":[{\"@type\":\"ReadAction\",\"target\":[\"https:\/\/acmconcerts.com\/en\/artists\/singers\/baritone\/paul-armin-edelmann\/\"]}]},{\"@type\":\"ImageObject\",\"inLanguage\":\"en-US\",\"@id\":\"https:\/\/acmconcerts.com\/en\/artists\/singers\/baritone\/paul-armin-edelmann\/#primaryimage\",\"url\":\"https:\/\/acmconcerts.com\/wp-content\/uploads\/2016\/01\/paul_armin_edelmann14.jpg\",\"contentUrl\":\"https:\/\/acmconcerts.com\/wp-content\/uploads\/2016\/01\/paul_armin_edelmann14.jpg\",\"width\":1024,\"height\":683},{\"@type\":\"BreadcrumbList\",\"@id\":\"https:\/\/acmconcerts.com\/en\/artists\/singers\/baritone\/paul-armin-edelmann\/#breadcrumb\",\"itemListElement\":[{\"@type\":\"ListItem\",\"position\":1,\"name\":\"Portada\",\"item\":\"https:\/\/acmconcerts.com\/en\/\"},{\"@type\":\"ListItem\",\"position\":2,\"name\":\"Artists\",\"item\":\"https:\/\/acmconcerts.com\/en\/artists\/\"},{\"@type\":\"ListItem\",\"position\":3,\"name\":\"Singers\",\"item\":\"https:\/\/acmconcerts.com\/en\/artists\/singers\/\"},{\"@type\":\"ListItem\",\"position\":4,\"name\":\"Baritone\",\"item\":\"https:\/\/acmconcerts.com\/en\/artists\/singers\/baritone\/\"},{\"@type\":\"ListItem\",\"position\":5,\"name\":\"Paul Armin Edelmann\"}]},{\"@type\":\"WebSite\",\"@id\":\"https:\/\/acmconcerts.com\/#website\",\"url\":\"https:\/\/acmconcerts.com\/\",\"name\":\"ACM Concerts\",\"description\":\"Agencia art\u00edstica\",\"publisher\":{\"@id\":\"https:\/\/acmconcerts.com\/#organization\"},\"potentialAction\":[{\"@type\":\"SearchAction\",\"target\":{\"@type\":\"EntryPoint\",\"urlTemplate\":\"https:\/\/acmconcerts.com\/?s={search_term_string}\"},\"query-input\":{\"@type\":\"PropertyValueSpecification\",\"valueRequired\":true,\"valueName\":\"search_term_string\"}}],\"inLanguage\":\"en-US\"},{\"@type\":\"Organization\",\"@id\":\"https:\/\/acmconcerts.com\/#organization\",\"name\":\"ACM Concerts\",\"url\":\"https:\/\/acmconcerts.com\/\",\"logo\":{\"@type\":\"ImageObject\",\"inLanguage\":\"en-US\",\"@id\":\"https:\/\/acmconcerts.com\/#\/schema\/logo\/image\/\",\"url\":\"https:\/\/acmconcerts.com\/wp-content\/uploads\/2015\/11\/logo-ACM-grande-e1447756158188.jpg\",\"contentUrl\":\"https:\/\/acmconcerts.com\/wp-content\/uploads\/2015\/11\/logo-ACM-grande-e1447756158188.jpg\",\"width\":600,\"height\":146,\"caption\":\"ACM Concerts\"},\"image\":{\"@id\":\"https:\/\/acmconcerts.com\/#\/schema\/logo\/image\/\"},\"sameAs\":[\"https:\/\/www.facebook.com\/ACM-Concerts-819784831388420\/\",\"https:\/\/x.com\/acmconcerts\",\"https:\/\/www.youtube.com\/user\/acmconcerts\"]}]}<\/script>\n<!-- \/ Yoast SEO Premium plugin. -->","yoast_head_json":{"title":"Paul Armin Edelmann - ACM Concerts","description":"Paul Armin Edelmann's association with music began at an early age as the second son of the internationally renowned singer Otto Edelmann. As a child, ...","robots":{"index":"index","follow":"follow","max-snippet":"max-snippet:-1","max-image-preview":"max-image-preview:large","max-video-preview":"max-video-preview:-1"},"canonical":"https:\/\/acmconcerts.com\/en\/artists\/singers\/baritone\/paul-armin-edelmann\/","og_locale":"en_US","og_type":"article","og_title":"Paul Armin Edelmann","og_url":"https:\/\/acmconcerts.com\/en\/artists\/singers\/baritone\/paul-armin-edelmann\/","og_site_name":"ACM Concerts","article_publisher":"https:\/\/www.facebook.com\/ACM-Concerts-819784831388420\/","article_modified_time":"2020-06-05T11:33:32+00:00","og_image":[{"width":1024,"height":683,"url":"https:\/\/acmconcerts.com\/wp-content\/uploads\/2016\/01\/paul_armin_edelmann14.jpg","type":"image\/jpeg"}],"twitter_card":"summary_large_image","twitter_site":"@acmconcerts","schema":{"@context":"https:\/\/schema.org","@graph":[{"@type":"WebPage","@id":"https:\/\/acmconcerts.com\/en\/artists\/singers\/baritone\/paul-armin-edelmann\/","url":"https:\/\/acmconcerts.com\/en\/artists\/singers\/baritone\/paul-armin-edelmann\/","name":"Paul Armin Edelmann - ACM Concerts","isPartOf":{"@id":"https:\/\/acmconcerts.com\/#website"},"primaryImageOfPage":{"@id":"https:\/\/acmconcerts.com\/en\/artists\/singers\/baritone\/paul-armin-edelmann\/#primaryimage"},"image":{"@id":"https:\/\/acmconcerts.com\/en\/artists\/singers\/baritone\/paul-armin-edelmann\/#primaryimage"},"thumbnailUrl":"https:\/\/acmconcerts.com\/wp-content\/uploads\/2016\/01\/paul_armin_edelmann14.jpg","datePublished":"2016-01-27T09:56:47+00:00","dateModified":"2020-06-05T11:33:32+00:00","description":"Paul Armin Edelmann's association with music began at an early age as the second son of the internationally renowned singer Otto Edelmann. As a child, ...","breadcrumb":{"@id":"https:\/\/acmconcerts.com\/en\/artists\/singers\/baritone\/paul-armin-edelmann\/#breadcrumb"},"inLanguage":"en-US","potentialAction":[{"@type":"ReadAction","target":["https:\/\/acmconcerts.com\/en\/artists\/singers\/baritone\/paul-armin-edelmann\/"]}]},{"@type":"ImageObject","inLanguage":"en-US","@id":"https:\/\/acmconcerts.com\/en\/artists\/singers\/baritone\/paul-armin-edelmann\/#primaryimage","url":"https:\/\/acmconcerts.com\/wp-content\/uploads\/2016\/01\/paul_armin_edelmann14.jpg","contentUrl":"https:\/\/acmconcerts.com\/wp-content\/uploads\/2016\/01\/paul_armin_edelmann14.jpg","width":1024,"height":683},{"@type":"BreadcrumbList","@id":"https:\/\/acmconcerts.com\/en\/artists\/singers\/baritone\/paul-armin-edelmann\/#breadcrumb","itemListElement":[{"@type":"ListItem","position":1,"name":"Portada","item":"https:\/\/acmconcerts.com\/en\/"},{"@type":"ListItem","position":2,"name":"Artists","item":"https:\/\/acmconcerts.com\/en\/artists\/"},{"@type":"ListItem","position":3,"name":"Singers","item":"https:\/\/acmconcerts.com\/en\/artists\/singers\/"},{"@type":"ListItem","position":4,"name":"Baritone","item":"https:\/\/acmconcerts.com\/en\/artists\/singers\/baritone\/"},{"@type":"ListItem","position":5,"name":"Paul Armin Edelmann"}]},{"@type":"WebSite","@id":"https:\/\/acmconcerts.com\/#website","url":"https:\/\/acmconcerts.com\/","name":"ACM Concerts","description":"Agencia art\u00edstica","publisher":{"@id":"https:\/\/acmconcerts.com\/#organization"},"potentialAction":[{"@type":"SearchAction","target":{"@type":"EntryPoint","urlTemplate":"https:\/\/acmconcerts.com\/?s={search_term_string}"},"query-input":{"@type":"PropertyValueSpecification","valueRequired":true,"valueName":"search_term_string"}}],"inLanguage":"en-US"},{"@type":"Organization","@id":"https:\/\/acmconcerts.com\/#organization","name":"ACM Concerts","url":"https:\/\/acmconcerts.com\/","logo":{"@type":"ImageObject","inLanguage":"en-US","@id":"https:\/\/acmconcerts.com\/#\/schema\/logo\/image\/","url":"https:\/\/acmconcerts.com\/wp-content\/uploads\/2015\/11\/logo-ACM-grande-e1447756158188.jpg","contentUrl":"https:\/\/acmconcerts.com\/wp-content\/uploads\/2015\/11\/logo-ACM-grande-e1447756158188.jpg","width":600,"height":146,"caption":"ACM Concerts"},"image":{"@id":"https:\/\/acmconcerts.com\/#\/schema\/logo\/image\/"},"sameAs":["https:\/\/www.facebook.com\/ACM-Concerts-819784831388420\/","https:\/\/x.com\/acmconcerts","https:\/\/www.youtube.com\/user\/acmconcerts"]}]}},"_links":{"self":[{"href":"https:\/\/acmconcerts.com\/en\/wp-json\/wp\/v2\/pages\/1242","targetHints":{"allow":["GET"]}}],"collection":[{"href":"https:\/\/acmconcerts.com\/en\/wp-json\/wp\/v2\/pages"}],"about":[{"href":"https:\/\/acmconcerts.com\/en\/wp-json\/wp\/v2\/types\/page"}],"author":[{"embeddable":true,"href":"https:\/\/acmconcerts.com\/en\/wp-json\/wp\/v2\/users\/2"}],"replies":[{"embeddable":true,"href":"https:\/\/acmconcerts.com\/en\/wp-json\/wp\/v2\/comments?post=1242"}],"version-history":[{"count":0,"href":"https:\/\/acmconcerts.com\/en\/wp-json\/wp\/v2\/pages\/1242\/revisions"}],"up":[{"embeddable":true,"href":"https:\/\/acmconcerts.com\/en\/wp-json\/wp\/v2\/pages\/802"}],"wp:featuredmedia":[{"embeddable":true,"href":"https:\/\/acmconcerts.com\/en\/wp-json\/wp\/v2\/media\/1237"}],"wp:attachment":[{"href":"https:\/\/acmconcerts.com\/en\/wp-json\/wp\/v2\/media?parent=1242"}],"curies":[{"name":"wp","href":"https:\/\/api.w.org\/{rel}","templated":true}]}}