{"id":1213,"date":"2016-01-27T12:53:47","date_gmt":"2016-01-27T11:53:47","guid":{"rendered":"http:\/\/acmconcerts.com\/en\/artists\/singers\/tenor\/jose-manuel-montero\/"},"modified":"2016-04-06T19:00:11","modified_gmt":"2016-04-06T17:00:11","slug":"jose-manuel-montero","status":"publish","type":"page","link":"https:\/\/acmconcerts.com\/en\/artists\/singers\/tenor\/jose-manuel-montero\/","title":{"rendered":"Jose\u0301 Manuel Montero"},"content":{"rendered":"<p>[et_pb_section admin_label=&#8221;Secci\u00f3n&#8221; fullwidth=&#8221;on&#8221; specialty=&#8221;off&#8221;][et_pb_fullwidth_image admin_label=&#8221;Imagen de anchura completa&#8221; src=&#8221;http:\/\/acmconcerts.com\/wp-content\/uploads\/2016\/01\/jose_manuel_montero.jpg&#8221; show_in_lightbox=&#8221;off&#8221; url_new_window=&#8221;off&#8221; use_overlay=&#8221;off&#8221; animation=&#8221;fade_in&#8221; use_border_color=&#8221;off&#8221; border_color=&#8221;#ffffff&#8221; border_style=&#8221;solid&#8221;] [\/et_pb_fullwidth_image][\/et_pb_section][et_pb_section admin_label=&#8221;Secci\u00f3n&#8221; fullwidth=&#8221;off&#8221; specialty=&#8221;off&#8221;][et_pb_row admin_label=&#8221;Fila&#8221;][et_pb_column type=&#8221;2_3&#8243;][et_pb_text admin_label=&#8221;Texto&#8221; background_layout=&#8221;light&#8221; text_orientation=&#8221;left&#8221; use_border_color=&#8221;off&#8221; border_color=&#8221;#ffffff&#8221; border_style=&#8221;solid&#8221;]<\/p>\n<h3 style=\"text-align: justify;\"><span style=\"color: #000000;\">Jos\u00e9 Manuel Montero, tenor<\/span><\/h3>\n<p>&nbsp;<\/p>\n<p style=\"text-align: justify;\"><span style=\"color: #000000;\">He worked in Germany in the Bayerische Staatsoper of Munich with conductors R. Abbado (<em>Die Liebe zu den drei Orangen<\/em>), M. Boder (<em>Ubu rex, The Castle<\/em>) and P. Schneider; in Leipzig he played Rodolfo, Weimar Belmonte; L\u00fcbeck, Rodolfo, and Gelsenkirchen, Rodolfo, Narraboth (<em>Salom\u00e9<\/em>) and Arturo (<em>Lucia<\/em>), where received the Public\u2019s Prize as the best singer of the 1997-8 season. In Wuppertal he played \u00a0Alfredo, Macduff, the Italian Singer (<em>Der Rosenkavalier<\/em>) and Beppe, and in Hannover Don Ottavio, Tom Rakewell (<em>Rake\u2019s Progress<\/em>), Pinkerton, Tibalt, Belmont nd Tamino. He also worked in the G\u00e4rtnerplatztheater and the Prinzregententheater in Munich, in the theatres of Regensburg, Oldenburg, Ingolstadt and Germering, and in various summer festivals; as well as in the Opera House in Budapest, in the Opera of Toulon (<strong>Paolino<\/strong> in <em>Il Matrimonio Segreto<\/em>), in the Kolarak Saal in Belgrade (<em>An die Freude, Carmina Burana<\/em>) and at La Filature in Mulhouse, Alsace (in Mendelssohn\u2019s <em>Elias<\/em>). He\u00a0 sang the role of <strong>Ferrando<\/strong> in <em>Cos\u00ed <\/em>with Enrique Mazzola at the Montepulciano Festival, <strong>Gafforio<\/strong> in Paisiello\u2019s <em>Il Re Teodoro<\/em> in the Festival of Radio France at Montpellier (Koering and Mazzola) and the role of <strong>Narete<\/strong> in Vivaldi\u2019s<em> La Fida Ninfa<\/em> with the Ensemble Matheus at the XXV Festival de Musique Barroque \u00e0 Ambronnay with Spinosi.\u00a0<\/span><\/p>\n<p style=\"text-align: justify;\"><span style=\"color: #000000;\">In Madrid he sang in the Teatro Real with Placido Domingo, and in the Teatro de la Zarzuela (<strong>Miguel<\/strong> in <em>La del Soto del Parral<\/em>) under the direction of Miguel Roa, to great acclaim from both the public and the critics. He appeared in the Teatro de la Maestranza in Seville, in the Gran Teatro in Cordoba (<strong>Il<\/strong> <strong>Duca<\/strong> in <em>Rigoletto<\/em>), in the Teatro Principal and Auditorium of Palma in Mallorca (<strong>Fernando<\/strong> in <em>Goyescas<\/em>), in the Teatro Calder\u00f3n in Valladolid (<strong>Fernando<\/strong> in <em>Do\u00f1a Francisquita<\/em>), in the Teatro Villamarta in Jerez (<strong>Il Duca<\/strong> in <em>Rigoletto<\/em>), and in the Auditorium of La Coru\u00f1a under the direction of conductor V.P.P\u00e9rez where he sang Shostakovich\u2019s <em>Forest Song<\/em>.<\/span><\/p>\n<p style=\"text-align: justify;\"><span style=\"color: #000000;\">Montero was acclaimed by the critics as the successor of Gayarre for his interpretation of <strong>Diego<\/strong> <strong>Marsilla<\/strong> in the new production of the opera <em>Los Amantes de Teruel <\/em>in the Teatro Palacio Vald\u00e9s in Avil\u00e9s, with subsequent performances in Gij\u00f3n, Bilbao, San Sebasti\u00e1n, Santander, Malaga, Salamanca and Palma de Mallorca.<\/span><\/p>\n<p style=\"text-align: justify;\"><span style=\"color: #000000;\">He was <strong>Clem<\/strong> in Benjamin Britten\u2019s opera\u00a0 <em>The Little Sweep<\/em> at the Teatro Real in Madrid, and <strong>Dupont<\/strong> in the zarzuela <em>Black el Payaso<\/em> at the Teatro Espa\u00f1ol in Madrid and\u00a0 the Teatro Arriaga in Bilbao. He sang the role of <strong>Ottavio<\/strong> in <em>Giuditta<\/em> \u00a0by L\u00e8har at the Operetten Metropole \u00a0in Baden bei Wien, and the role of Altoum in <em>Turandot<\/em> at the Palacio Euskalduna in Bilbao.<\/span><\/p>\n<p style=\"text-align: justify;\"><span style=\"color: #000000;\">Jose Manuel Montero\u2019s oratorical repertoire includes works such as Haydn\u2019s <em>The Creation<\/em>, Frank Martin\u2019s <em>Golgotha<\/em>, Mendelssohn\u2019s <em>Elias<\/em>, Dvorak\u2019s <em>Stabat Mater<\/em> and Beethoven\u2019s <em>Missa Solemnis<\/em> and <em>An die Freude<\/em>. \u00a0Recently his work in this genre has included\u00a0 the \u00a0<em>Requiem<\/em> and <em>Mass in C minor<\/em> by Mozart, Bach\u2019s <em>St John Passion<\/em>, \u00a0Mahler\u2019s \u00a0<em>Song of the Earth<\/em> and Orff\u2019s <em>Carmina Burana<\/em> . Song cycles have also featured in his activities, like Schubert\u2019s\u00a0 <em>Die Winterreise<\/em>, Schumann\u2019s <em>Dichterliebe <\/em>and <em>Liederkreis op 39, <\/em>Brahms\u2019s <em>Magelone, <\/em>Mahler\u2019s <em>Des knaben Wunderhorn<\/em>,\u00a0 Krenek\u2019s <em>Reisebuch <\/em>or Jan\u00e1cek\u2019s <em>Diary of one who vanished.<\/em><\/span><\/p>\n<p style=\"text-align: justify;\"><span style=\"color: #000000;\">Montero remains extremely busy and very much in demand. In 2010-12 he has performed the role of\u00a0 <strong>Kochkarev<\/strong> in Mussorgsky\u2019s opera <em>The Wedding<\/em> at the Teatro Real, in Madrid,\u00a0 and at the festivals of Segovia and Salamanca; the role of <strong>Clem<\/strong> in <em>The Little Sweep<\/em> at the Teatro Arriaga in Bilbao and Teatro Campoamor in Oviedo; the role of <strong>Jan<\/strong> in <em>The Diary of One who Vanished<\/em> by Jan\u00e1cek at the Teatro Real, Sevilla and Bilbao; the role of <strong>Paris<\/strong> in the operetta <em>La Belle Hel\u00e9ne<\/em> by Offenbach in Germany, as well as <strong>Erik<\/strong> and <strong>Der Steuermann<\/strong> in two productions of Wagner\u2019s \u00a0<em>The Flying Dutchman<\/em> in Spain and Germany and <strong>Alfredo<\/strong> in <em>La Traviata<\/em>.\u00a0 He has recorded <em>Die Winterreise<\/em> with Juan Antonio \u00c1lvarez Parejo, and performed Schumann\u2019s <em>Dichterliebe<\/em> and <em>Liederkreis (Op. 39)<\/em> in Madrid. This season he has appeared extensively in Madrid, playing <strong>Enrique<\/strong> in the zarzuela <em>El Estreno de una Artista<\/em> at the Teatro de la Zarzuela and Teatro Campoamor, <strong>Gustavo<\/strong> in the zarzuela <em>Los Gavilanes<\/em> at the Auditorio Nacional, and works by Liszt and Mahler at the Festival \u2018Cl\u00e1sicos en Verano\u2019.<\/span><\/p>\n<p style=\"text-align: justify;\"><span style=\"color: #000000;\">In his latest season Jose Montero performed in Beethoven\u2019s <em>Symphony No 9<\/em> at the Auditorio Nacional\u00a0 in Madrid, taking the role of <strong>Lumir<\/strong> in <em>Sarka <\/em>by Jan\u00e1cek at the Teatro de la Maestranza, in Sevilla, the role of <strong>Erik <\/strong>in <em>The Flying Dutchman <\/em>in Germany and the role of <strong>Guido<\/strong> in Zemlinsky\u2019s opera <em>Eine Florentinische Trag\u00f6die <\/em>\u00a0at the Teatro P\u00e9rez Gald\u00f3s in Las Palmas de Gran Canaria.<\/span><\/p>\n<p style=\"text-align: justify;\"><span style=\"color: #000000;\">In recent months he sang the role of <strong>Erik <\/strong>again, and the role of <strong>Don Jos\u00e9 <\/strong>in <em>Carmen <\/em>from Bizet at the Teatro Romano de M\u00e9rida, the role of <strong>Le prince charmant <\/strong>in <em>Cendrillon, <\/em>from P. Viardot, in Madrid and the Festival de Santander, the zarzuela <em>Black el Payaso<\/em> at the Teatro de la Zarzuelal in Madrid \u00a0and at the Festival de Granada, the role of <strong>Narraboth <\/strong>in <em>Salome, <\/em>from R. Strauss, at the LX Festival de M\u00e9rida, and the cycle <em>Die sch\u00f6ne Magelone, <\/em>from J. Brahms, at the Palacio Euskalduna in Bilbao.<\/span><\/p>\n<p style=\"text-align: justify;\"><span style=\"color: #000000;\">This year he will be singing at the Teatro Sao Carlo in Lisboa, Palais de la musique et des congr\u00e9s in Strassbourg, Auditorio de Zaragoza, Auditorio Nacional in Madrid, Teatro de la Maestranza in Sevilla.<\/span><\/p>\n<p>[\/et_pb_text][et_pb_text admin_label=&#8221;Texto&#8221; background_layout=&#8221;light&#8221; text_orientation=&#8221;left&#8221; use_border_color=&#8221;off&#8221; border_color=&#8221;#ffffff&#8221; border_style=&#8221;solid&#8221;] <a href=\"https:\/\/acmconcerts.com\/en\/?ddownload=393\" title=\"Descargar BIO (PDF)\" rel=\"nofollow\" class=\"ddownload-button button-grey id-393 ext-pdf\">Descargar BIO (PDF)<\/a> [\/et_pb_text][et_pb_text admin_label=&#8221;Texto&#8221; background_layout=&#8221;light&#8221; text_orientation=&#8221;left&#8221; use_border_color=&#8221;off&#8221; border_color=&#8221;#ffffff&#8221; border_style=&#8221;solid&#8221;] <a href=\"https:\/\/acmconcerts.com\/en\/?ddownload=1211\" title=\"Download BIO (PDF)\" rel=\"nofollow\" class=\"ddownload-button button-grey id-1211 ext-pdf\">Download BIO (PDF)<\/a> [\/et_pb_text][\/et_pb_column][et_pb_column type=&#8221;1_3&#8243;][et_pb_social_media_follow admin_label=&#8221;Seguir en medios sociales&#8221; link_shape=&#8221;rounded_rectangle&#8221; background_layout=&#8221;light&#8221; url_new_window=&#8221;off&#8221; follow_button=&#8221;off&#8221;] [et_pb_social_media_follow_network social_network=&#8221;facebook&#8221; url=&#8221;https:\/\/www.facebook.com\/josemanuel.monterovaldeolivas?fref=ts&#8221; skype_action=&#8221;call&#8221; bg_color=&#8221;#3b5998&#8243;] Facebook [\/et_pb_social_media_follow_network][et_pb_social_media_follow_network social_network=&#8221;twitter&#8221; url=&#8221;https:\/\/twitter.com\/asfixia64&#8243; skype_action=&#8221;call&#8221; bg_color=&#8221;#00aced&#8221;] Twitter [\/et_pb_social_media_follow_network] [\/et_pb_social_media_follow][et_pb_text admin_label=&#8221;Texto&#8221; background_layout=&#8221;light&#8221; text_orientation=&#8221;left&#8221; use_border_color=&#8221;off&#8221; border_color=&#8221;#ffffff&#8221; border_style=&#8221;solid&#8221;]<\/p>\n<p>Web:\u00a0<a href=\"http:\/\/www.josemanuelmontero.com\/\">http:\/\/www.josemanuelmontero.com<\/a><\/p>\n<p>[\/et_pb_text][et_pb_code admin_label=&#8221;C\u00f3digo&#8221;][Youtube_Channel_Gallery feed=&#8221;playlist&#8221; user=&#8221;PL6Y2Eo22D_lW4KxvvSvf6FddNEkkiRF0R&#8221; key=&#8221;AIzaSyBs9jm8qxw3TUm6oKdCiYFuKCap5B_KCks&#8221; maxitems=&#8221;10&#8243; thumb_columns_ld=&#8221;2&#8243; title=&#8221;0&#8243; promotion=&#8221;0&#8243; link_tx=&#8221;Watch on Youtube&#8221; link_window=&#8221;1&#8243;][\/et_pb_code][\/et_pb_column][\/et_pb_row][\/et_pb_section]<\/p>\n","protected":false},"excerpt":{"rendered":"<p>Jos\u00e9 Manuel Montero, tenor &nbsp; He worked in Germany in the Bayerische Staatsoper of Munich with conductors R. Abbado (Die Liebe zu den drei Orangen), M. Boder (Ubu rex, The Castle) and P. Schneider; in Leipzig he played Rodolfo, Weimar Belmonte; L\u00fcbeck, Rodolfo, and Gelsenkirchen, Rodolfo, Narraboth (Salom\u00e9) and Arturo (Lucia), where received the Public\u2019s [&hellip;]<\/p>\n","protected":false},"author":2,"featured_media":1210,"parent":800,"menu_order":0,"comment_status":"closed","ping_status":"closed","template":"","meta":{"_et_pb_use_builder":"on","_et_pb_old_content":"","_et_gb_content_width":"","_monsterinsights_skip_tracking":false,"_monsterinsights_sitenote_active":false,"_monsterinsights_sitenote_note":"","_monsterinsights_sitenote_category":0,"_ayudawp_aiss_exclude":false,"footnotes":""},"class_list":["post-1213","page","type-page","status-publish","has-post-thumbnail","hentry"],"yoast_head":"<!-- This site is optimized with the Yoast SEO Premium plugin v27.2 (Yoast SEO v27.2) - https:\/\/yoast.com\/product\/yoast-seo-premium-wordpress\/ -->\n<title>Jose\u0301 Manuel Montero - ACM Concerts<\/title>\n<meta name=\"description\" content=\"He worked in Germany in the Bayerische Staatsoper of Munich with conductors R. Abbado (Die Liebe zu den drei Orangen), M. Boder (Ubu rex, The Castle) and ...\" \/>\n<meta name=\"robots\" content=\"index, follow, max-snippet:-1, max-image-preview:large, max-video-preview:-1\" \/>\n<link rel=\"canonical\" href=\"https:\/\/acmconcerts.com\/en\/artists\/singers\/tenor\/jose-manuel-montero\/\" \/>\n<meta property=\"og:locale\" content=\"en_US\" \/>\n<meta property=\"og:type\" content=\"article\" \/>\n<meta property=\"og:title\" content=\"Jose\u0301 Manuel Montero\" \/>\n<meta property=\"og:url\" content=\"https:\/\/acmconcerts.com\/en\/artists\/singers\/tenor\/jose-manuel-montero\/\" \/>\n<meta property=\"og:site_name\" content=\"ACM Concerts\" \/>\n<meta property=\"article:publisher\" content=\"https:\/\/www.facebook.com\/ACM-Concerts-819784831388420\/\" \/>\n<meta property=\"article:modified_time\" content=\"2016-04-06T17:00:11+00:00\" \/>\n<meta property=\"og:image\" content=\"https:\/\/acmconcerts.com\/wp-content\/uploads\/2016\/01\/jose_manuel_montero03-1.jpg\" \/>\n\t<meta property=\"og:image:width\" content=\"1024\" \/>\n\t<meta property=\"og:image:height\" content=\"683\" \/>\n\t<meta property=\"og:image:type\" content=\"image\/jpeg\" \/>\n<meta name=\"twitter:card\" content=\"summary_large_image\" \/>\n<meta name=\"twitter:site\" content=\"@acmconcerts\" \/>\n<script type=\"application\/ld+json\" class=\"yoast-schema-graph\">{\"@context\":\"https:\/\/schema.org\",\"@graph\":[{\"@type\":\"WebPage\",\"@id\":\"https:\/\/acmconcerts.com\/en\/artists\/singers\/tenor\/jose-manuel-montero\/\",\"url\":\"https:\/\/acmconcerts.com\/en\/artists\/singers\/tenor\/jose-manuel-montero\/\",\"name\":\"Jose\u0301 Manuel Montero - ACM Concerts\",\"isPartOf\":{\"@id\":\"https:\/\/acmconcerts.com\/#website\"},\"primaryImageOfPage\":{\"@id\":\"https:\/\/acmconcerts.com\/en\/artists\/singers\/tenor\/jose-manuel-montero\/#primaryimage\"},\"image\":{\"@id\":\"https:\/\/acmconcerts.com\/en\/artists\/singers\/tenor\/jose-manuel-montero\/#primaryimage\"},\"thumbnailUrl\":\"https:\/\/acmconcerts.com\/wp-content\/uploads\/2016\/01\/jose_manuel_montero03-1.jpg\",\"datePublished\":\"2016-01-27T11:53:47+00:00\",\"dateModified\":\"2016-04-06T17:00:11+00:00\",\"description\":\"He worked in Germany in the Bayerische Staatsoper of Munich with conductors R. Abbado (Die Liebe zu den drei Orangen), M. Boder (Ubu rex, The Castle) and ...\",\"breadcrumb\":{\"@id\":\"https:\/\/acmconcerts.com\/en\/artists\/singers\/tenor\/jose-manuel-montero\/#breadcrumb\"},\"inLanguage\":\"en-US\",\"potentialAction\":[{\"@type\":\"ReadAction\",\"target\":[\"https:\/\/acmconcerts.com\/en\/artists\/singers\/tenor\/jose-manuel-montero\/\"]}]},{\"@type\":\"ImageObject\",\"inLanguage\":\"en-US\",\"@id\":\"https:\/\/acmconcerts.com\/en\/artists\/singers\/tenor\/jose-manuel-montero\/#primaryimage\",\"url\":\"https:\/\/acmconcerts.com\/wp-content\/uploads\/2016\/01\/jose_manuel_montero03-1.jpg\",\"contentUrl\":\"https:\/\/acmconcerts.com\/wp-content\/uploads\/2016\/01\/jose_manuel_montero03-1.jpg\",\"width\":1024,\"height\":683},{\"@type\":\"BreadcrumbList\",\"@id\":\"https:\/\/acmconcerts.com\/en\/artists\/singers\/tenor\/jose-manuel-montero\/#breadcrumb\",\"itemListElement\":[{\"@type\":\"ListItem\",\"position\":1,\"name\":\"Portada\",\"item\":\"https:\/\/acmconcerts.com\/en\/\"},{\"@type\":\"ListItem\",\"position\":2,\"name\":\"Artists\",\"item\":\"https:\/\/acmconcerts.com\/en\/artists\/\"},{\"@type\":\"ListItem\",\"position\":3,\"name\":\"Singers\",\"item\":\"https:\/\/acmconcerts.com\/en\/artists\/singers\/\"},{\"@type\":\"ListItem\",\"position\":4,\"name\":\"Tenor\",\"item\":\"https:\/\/acmconcerts.com\/en\/artists\/singers\/tenor\/\"},{\"@type\":\"ListItem\",\"position\":5,\"name\":\"Jose\u0301 Manuel Montero\"}]},{\"@type\":\"WebSite\",\"@id\":\"https:\/\/acmconcerts.com\/#website\",\"url\":\"https:\/\/acmconcerts.com\/\",\"name\":\"ACM Concerts\",\"description\":\"Agencia art\u00edstica\",\"publisher\":{\"@id\":\"https:\/\/acmconcerts.com\/#organization\"},\"potentialAction\":[{\"@type\":\"SearchAction\",\"target\":{\"@type\":\"EntryPoint\",\"urlTemplate\":\"https:\/\/acmconcerts.com\/?s={search_term_string}\"},\"query-input\":{\"@type\":\"PropertyValueSpecification\",\"valueRequired\":true,\"valueName\":\"search_term_string\"}}],\"inLanguage\":\"en-US\"},{\"@type\":\"Organization\",\"@id\":\"https:\/\/acmconcerts.com\/#organization\",\"name\":\"ACM Concerts\",\"url\":\"https:\/\/acmconcerts.com\/\",\"logo\":{\"@type\":\"ImageObject\",\"inLanguage\":\"en-US\",\"@id\":\"https:\/\/acmconcerts.com\/#\/schema\/logo\/image\/\",\"url\":\"https:\/\/acmconcerts.com\/wp-content\/uploads\/2015\/11\/logo-ACM-grande-e1447756158188.jpg\",\"contentUrl\":\"https:\/\/acmconcerts.com\/wp-content\/uploads\/2015\/11\/logo-ACM-grande-e1447756158188.jpg\",\"width\":600,\"height\":146,\"caption\":\"ACM Concerts\"},\"image\":{\"@id\":\"https:\/\/acmconcerts.com\/#\/schema\/logo\/image\/\"},\"sameAs\":[\"https:\/\/www.facebook.com\/ACM-Concerts-819784831388420\/\",\"https:\/\/x.com\/acmconcerts\",\"https:\/\/www.youtube.com\/user\/acmconcerts\"]}]}<\/script>\n<!-- \/ Yoast SEO Premium plugin. -->","yoast_head_json":{"title":"Jose\u0301 Manuel Montero - ACM Concerts","description":"He worked in Germany in the Bayerische Staatsoper of Munich with conductors R. Abbado (Die Liebe zu den drei Orangen), M. Boder (Ubu rex, The Castle) and ...","robots":{"index":"index","follow":"follow","max-snippet":"max-snippet:-1","max-image-preview":"max-image-preview:large","max-video-preview":"max-video-preview:-1"},"canonical":"https:\/\/acmconcerts.com\/en\/artists\/singers\/tenor\/jose-manuel-montero\/","og_locale":"en_US","og_type":"article","og_title":"Jose\u0301 Manuel Montero","og_url":"https:\/\/acmconcerts.com\/en\/artists\/singers\/tenor\/jose-manuel-montero\/","og_site_name":"ACM Concerts","article_publisher":"https:\/\/www.facebook.com\/ACM-Concerts-819784831388420\/","article_modified_time":"2016-04-06T17:00:11+00:00","og_image":[{"width":1024,"height":683,"url":"https:\/\/acmconcerts.com\/wp-content\/uploads\/2016\/01\/jose_manuel_montero03-1.jpg","type":"image\/jpeg"}],"twitter_card":"summary_large_image","twitter_site":"@acmconcerts","schema":{"@context":"https:\/\/schema.org","@graph":[{"@type":"WebPage","@id":"https:\/\/acmconcerts.com\/en\/artists\/singers\/tenor\/jose-manuel-montero\/","url":"https:\/\/acmconcerts.com\/en\/artists\/singers\/tenor\/jose-manuel-montero\/","name":"Jose\u0301 Manuel Montero - ACM Concerts","isPartOf":{"@id":"https:\/\/acmconcerts.com\/#website"},"primaryImageOfPage":{"@id":"https:\/\/acmconcerts.com\/en\/artists\/singers\/tenor\/jose-manuel-montero\/#primaryimage"},"image":{"@id":"https:\/\/acmconcerts.com\/en\/artists\/singers\/tenor\/jose-manuel-montero\/#primaryimage"},"thumbnailUrl":"https:\/\/acmconcerts.com\/wp-content\/uploads\/2016\/01\/jose_manuel_montero03-1.jpg","datePublished":"2016-01-27T11:53:47+00:00","dateModified":"2016-04-06T17:00:11+00:00","description":"He worked in Germany in the Bayerische Staatsoper of Munich with conductors R. Abbado (Die Liebe zu den drei Orangen), M. Boder (Ubu rex, The Castle) and ...","breadcrumb":{"@id":"https:\/\/acmconcerts.com\/en\/artists\/singers\/tenor\/jose-manuel-montero\/#breadcrumb"},"inLanguage":"en-US","potentialAction":[{"@type":"ReadAction","target":["https:\/\/acmconcerts.com\/en\/artists\/singers\/tenor\/jose-manuel-montero\/"]}]},{"@type":"ImageObject","inLanguage":"en-US","@id":"https:\/\/acmconcerts.com\/en\/artists\/singers\/tenor\/jose-manuel-montero\/#primaryimage","url":"https:\/\/acmconcerts.com\/wp-content\/uploads\/2016\/01\/jose_manuel_montero03-1.jpg","contentUrl":"https:\/\/acmconcerts.com\/wp-content\/uploads\/2016\/01\/jose_manuel_montero03-1.jpg","width":1024,"height":683},{"@type":"BreadcrumbList","@id":"https:\/\/acmconcerts.com\/en\/artists\/singers\/tenor\/jose-manuel-montero\/#breadcrumb","itemListElement":[{"@type":"ListItem","position":1,"name":"Portada","item":"https:\/\/acmconcerts.com\/en\/"},{"@type":"ListItem","position":2,"name":"Artists","item":"https:\/\/acmconcerts.com\/en\/artists\/"},{"@type":"ListItem","position":3,"name":"Singers","item":"https:\/\/acmconcerts.com\/en\/artists\/singers\/"},{"@type":"ListItem","position":4,"name":"Tenor","item":"https:\/\/acmconcerts.com\/en\/artists\/singers\/tenor\/"},{"@type":"ListItem","position":5,"name":"Jose\u0301 Manuel Montero"}]},{"@type":"WebSite","@id":"https:\/\/acmconcerts.com\/#website","url":"https:\/\/acmconcerts.com\/","name":"ACM Concerts","description":"Agencia art\u00edstica","publisher":{"@id":"https:\/\/acmconcerts.com\/#organization"},"potentialAction":[{"@type":"SearchAction","target":{"@type":"EntryPoint","urlTemplate":"https:\/\/acmconcerts.com\/?s={search_term_string}"},"query-input":{"@type":"PropertyValueSpecification","valueRequired":true,"valueName":"search_term_string"}}],"inLanguage":"en-US"},{"@type":"Organization","@id":"https:\/\/acmconcerts.com\/#organization","name":"ACM Concerts","url":"https:\/\/acmconcerts.com\/","logo":{"@type":"ImageObject","inLanguage":"en-US","@id":"https:\/\/acmconcerts.com\/#\/schema\/logo\/image\/","url":"https:\/\/acmconcerts.com\/wp-content\/uploads\/2015\/11\/logo-ACM-grande-e1447756158188.jpg","contentUrl":"https:\/\/acmconcerts.com\/wp-content\/uploads\/2015\/11\/logo-ACM-grande-e1447756158188.jpg","width":600,"height":146,"caption":"ACM Concerts"},"image":{"@id":"https:\/\/acmconcerts.com\/#\/schema\/logo\/image\/"},"sameAs":["https:\/\/www.facebook.com\/ACM-Concerts-819784831388420\/","https:\/\/x.com\/acmconcerts","https:\/\/www.youtube.com\/user\/acmconcerts"]}]}},"_links":{"self":[{"href":"https:\/\/acmconcerts.com\/en\/wp-json\/wp\/v2\/pages\/1213","targetHints":{"allow":["GET"]}}],"collection":[{"href":"https:\/\/acmconcerts.com\/en\/wp-json\/wp\/v2\/pages"}],"about":[{"href":"https:\/\/acmconcerts.com\/en\/wp-json\/wp\/v2\/types\/page"}],"author":[{"embeddable":true,"href":"https:\/\/acmconcerts.com\/en\/wp-json\/wp\/v2\/users\/2"}],"replies":[{"embeddable":true,"href":"https:\/\/acmconcerts.com\/en\/wp-json\/wp\/v2\/comments?post=1213"}],"version-history":[{"count":0,"href":"https:\/\/acmconcerts.com\/en\/wp-json\/wp\/v2\/pages\/1213\/revisions"}],"up":[{"embeddable":true,"href":"https:\/\/acmconcerts.com\/en\/wp-json\/wp\/v2\/pages\/800"}],"wp:featuredmedia":[{"embeddable":true,"href":"https:\/\/acmconcerts.com\/en\/wp-json\/wp\/v2\/media\/1210"}],"wp:attachment":[{"href":"https:\/\/acmconcerts.com\/en\/wp-json\/wp\/v2\/media?parent=1213"}],"curies":[{"name":"wp","href":"https:\/\/api.w.org\/{rel}","templated":true}]}}