{"id":1183,"date":"2016-01-27T12:27:23","date_gmt":"2016-01-27T11:27:23","guid":{"rendered":"http:\/\/acmconcerts.com\/en\/artists\/singers\/tenor\/cesar-augusto-gutierrez\/"},"modified":"2020-06-05T18:32:53","modified_gmt":"2020-06-05T16:32:53","slug":"cesar-augusto-gutierrez","status":"publish","type":"page","link":"https:\/\/acmconcerts.com\/en\/artists\/singers\/tenor\/cesar-augusto-gutierrez\/","title":{"rendered":"Ce\u0301sar Augusto Gutie\u0301rrez"},"content":{"rendered":"<p>[et_pb_section fb_built=&#8221;1&#8243; fullwidth=&#8221;on&#8221; admin_label=&#8221;Secci\u00f3n&#8221; _builder_version=&#8221;3.22&#8243;][et_pb_fullwidth_image src=&#8221;https:\/\/acmconcerts.com\/wp-content\/uploads\/2016\/01\/cesar_augusto_gutierrez-1.jpg&#8221; admin_label=&#8221;Imagen de anchura completa&#8221; _builder_version=&#8221;3.0.87&#8243; animation_style=&#8221;fade&#8221; animation_duration=&#8221;500ms&#8221; use_border_color=&#8221;off&#8221; border_color=&#8221;#ffffff&#8221; border_style=&#8221;solid&#8221; animation=&#8221;fade_in&#8221;] [\/et_pb_fullwidth_image][\/et_pb_section][et_pb_section fb_built=&#8221;1&#8243; admin_label=&#8221;Secci\u00f3n&#8221; _builder_version=&#8221;3.22&#8243;][et_pb_row column_structure=&#8221;2_3,1_3&#8243; admin_label=&#8221;Fila&#8221; _builder_version=&#8221;3.25&#8243; background_size=&#8221;initial&#8221; background_position=&#8221;top_left&#8221; background_repeat=&#8221;repeat&#8221;][et_pb_column type=&#8221;2_3&#8243; _builder_version=&#8221;3.25&#8243; custom_padding=&#8221;|||&#8221; custom_padding__hover=&#8221;|||&#8221;][et_pb_text admin_label=&#8221;Texto&#8221; _builder_version=&#8221;3.27.4&#8243; background_size=&#8221;initial&#8221; background_position=&#8221;top_left&#8221; background_repeat=&#8221;repeat&#8221; use_border_color=&#8221;off&#8221; border_color=&#8221;#ffffff&#8221; border_style=&#8221;solid&#8221;]<\/p>\n<h2><span style=\"color: #000000;\">C\u00e9sar Augusto Guti\u00e9rrez, tenor<\/span><\/h2>\n<p>&nbsp;<\/p>\n<p style=\"text-align: justify;\"><span style=\"color: #000000;\">C\u00e9sar Gutierrez studied in Vienna at the Superior Music and Dramatic Arts School under Margarita Lilova, obtaining a Master\u2019s Degree in Opera with Curt Malm and in Lied and Oratorium with Curt Equiluz and Charles Spencer. He is the winner of the first prize in the Hilde Zadek international song contest in Passau, as well as the First Grand Prize and Gold Medal in the Mar\u00eda Callas International Song Contest in Athens.<\/span><\/p>\n<p style=\"text-align: justify;\"><span style=\"color: #000000;\">His official debut in Europe was Macduff, from <em>Macbeth<\/em>, in Bergen. Since then, C\u00e9sar has performed in the main opera theaters of Europe and in concert halls around the world, such as the Kammeroper in Vienna, the Op\u00e9ra de la Bastille in Paris, the Gran Teatre del Liceu in Barcelona, the Carlo Felice in Genoa, the \u00d3pera in Rome, the Staatsoper Berlin, the Volksoper and Staatsoper in Vienna, the Th\u00e9\u00e2tre du Ch\u00e2telet in Paris, Staatsoper in Stuttgart and in cities such as Montecarlo, Leipzig, N\u00fcrnberg, Munich and Helsinki, as well as in Tokyo and in several countries in South America, including R\u00edo de Janeiro, Montevideo, Lima and Bogot\u00e1.<\/span><\/p>\n<p style=\"text-align: justify;\"><span style=\"color: #000000;\">His repertoire includes more than 35 operas: Piazzolla: <em>Maria de Buenos Aires<\/em>, Vives: <em>Do\u00f1a Francisquita<\/em> , Martinu: <em>The Greek Passion<\/em>, Gounoud: <em>Romeo et Juliette<\/em> and <em>Faust<\/em>, Lehar: <em>Die Lustige Witwe<\/em>, Bizet: <em>Les P\u00eacheurs De Perles<\/em> and <em>Carmen<\/em>, Donizetti: Don Pasquale, <em>L\u2019elisir d \u0301Amore, Lucia di Lammermoor, La Favorita), Maria Stuarda, Roberto Devereux<\/em>; G. Puccini: <em>La Boheme, Gianni Schicchi, Tosca, Madama Butterfly<\/em>; Rossini: <em>Il Barbiere di Siviglia, L\u2019 Italiana in Algeri, Otello<\/em>; G. Verdi: <em>La Traviata, Rigoletto, Falstaff, Macbeth, Don Carlo<\/em>; H\u00e4ndel: <em>Acis &amp; Galatea<\/em>; Massenet: <em>Werther, Manon<\/em>; R. Strauss: <em>Der Rosenkavalier<\/em>; Wagner: <em>Der Fliegende Holl\u00e4nder, Tannh\u00e4user<\/em>; Bellini: <em>I Capuleti ei Montecchi, I Puritani, La Sonnambula, Norma<\/em>; \u00a0Mozart: <em>Le Nozze di Figaro, Die Zauberfl\u00f6te, Don Giovanni, Cosi fan Tutte<\/em>, between others.<\/span><\/p>\n<p style=\"text-align: justify;\"><span style=\"color: #000000;\">His career as a performer of recitals and in the symphonic and oratorium genders is equally important, with performances in halls as the Oslo Philharmonie, K\u00f6lner Philharmonie, Musikverein and Konzerthaus in Viena, Salle Pleyel in Paris, Megaro Musikis in Ahtens and the Beethoven Halle in Bonn, the Liederhalle in Stuttgart, in addition to numerous auditoriums in the United States, Japan and the Middle East, as well as his participation in renowned music festivals, such as Bregenz, Cartagena and Rheingau.<\/span><\/p>\n<p style=\"text-align: justify;\"><span style=\"color: #000000;\">He sung under prominent orchestra directors such as Ricardo Muti, Armin Jordan, Vladimir Fedoseyev, Ulf Schirmer, Gidon Kremer, Hern\u00e1ndez-Silva and Gustavo Dudamel, and directors as \u00a0Michael Hampe, Hugo de Ana, Philippe Arlaud or Jorge Lavelli.<\/span><\/p>\n<p style=\"text-align: justify;\"><span style=\"color: #000000;\">Gutierrez has made several recordings as Martinu\u2019s <em>The Greek Passion<\/em> at the Bregenz Festival, for the Austrian Radio and Television; <em>Lucia di Lammermoor<\/em>, together with Edita Gruberova, for the Nightingale Classics and the songs of Verdi, together with Diana Damrau, for the Telos Label.<\/span><\/p>\n<p>[\/et_pb_text][et_pb_text admin_label=&#8221;Texto&#8221; _builder_version=&#8221;3.27.4&#8243; background_size=&#8221;initial&#8221; background_position=&#8221;top_left&#8221; background_repeat=&#8221;repeat&#8221; use_border_color=&#8221;off&#8221; border_color=&#8221;#ffffff&#8221; border_style=&#8221;solid&#8221;] <a href=\"https:\/\/acmconcerts.com\/en\/?ddownload=378\" title=\"Descargar BIO (PDF)\" rel=\"nofollow\" class=\"ddownload-button button-grey id-378 ext-pdf\">Descargar BIO (PDF)<\/a> [\/et_pb_text][et_pb_text admin_label=&#8221;Texto&#8221; _builder_version=&#8221;3.27.4&#8243; background_size=&#8221;initial&#8221; background_position=&#8221;top_left&#8221; background_repeat=&#8221;repeat&#8221; use_border_color=&#8221;off&#8221; border_color=&#8221;#ffffff&#8221; border_style=&#8221;solid&#8221;] <a href=\"https:\/\/acmconcerts.com\/en\/?ddownload=379\" title=\"Download BIO (PDF)\" rel=\"nofollow\" class=\"ddownload-button button-grey id-379 ext-pdf\">Download BIO (PDF)<\/a> [\/et_pb_text][\/et_pb_column][et_pb_column type=&#8221;1_3&#8243; _builder_version=&#8221;3.25&#8243; custom_padding=&#8221;|||&#8221; custom_padding__hover=&#8221;|||&#8221;][et_pb_social_media_follow url_new_window=&#8221;off&#8221; admin_label=&#8221;Seguir en medios sociales&#8221; _builder_version=&#8221;3.0.87&#8243; link_shape=&#8221;rounded_rectangle&#8221;][et_pb_social_media_follow_network social_network=&#8221;facebook&#8221; url=&#8221;https:\/\/www.facebook.com\/cesar.a.gutierrez.96?fref=ts&#8221; _builder_version=&#8221;3.0.74&#8243; background_color=&#8221;#3b5998&#8243; bg_color=&#8221;#3b5998&#8243; link_shape=&#8221;rounded_rectangle&#8221; follow_button=&#8221;off&#8221; url_new_window=&#8221;off&#8221;] Facebook [\/et_pb_social_media_follow_network][\/et_pb_social_media_follow][et_pb_text admin_label=&#8221;Texto&#8221; _builder_version=&#8221;3.27.4&#8243; background_size=&#8221;initial&#8221; background_position=&#8221;top_left&#8221; background_repeat=&#8221;repeat&#8221; use_border_color=&#8221;off&#8221; border_color=&#8221;#ffffff&#8221; border_style=&#8221;solid&#8221;]Web:\u00a0<a href=\"http:\/\/www.cesaraugusto.at\/\">http:\/\/www.cesaraugusto.at<\/a><br \/>\n[\/et_pb_text][et_pb_code admin_label=&#8221;C\u00f3digo&#8221; _builder_version=&#8221;4.4.8&#8243; hover_enabled=&#8221;0&#8243;]<iframe width=\"650\" height=\"450\" src=\"https:\/\/www.youtube-nocookie.com\/embed\/videoseries?list=PL6Y2Eo22D_lXVQlZnvjjDEvIkmvvlOlQK\" frameborder=\"0\" allow=\"accelerometer; autoplay; encrypted-media; gyroscope; picture-in-picture\" allowfullscreen><\/iframe>[\/et_pb_code][\/et_pb_column][\/et_pb_row][\/et_pb_section]<\/p>\n","protected":false},"excerpt":{"rendered":"<p>Tenor<\/p>\n","protected":false},"author":2,"featured_media":1558,"parent":800,"menu_order":0,"comment_status":"closed","ping_status":"closed","template":"","meta":{"_et_pb_use_builder":"on","_et_pb_old_content":"","_et_gb_content_width":"","_monsterinsights_skip_tracking":false,"_monsterinsights_sitenote_active":false,"_monsterinsights_sitenote_note":"","_monsterinsights_sitenote_category":0,"_ayudawp_aiss_exclude":false,"footnotes":""},"class_list":["post-1183","page","type-page","status-publish","has-post-thumbnail","hentry"],"yoast_head":"<!-- This site is optimized with the Yoast SEO Premium plugin v27.2 (Yoast SEO v27.2) - https:\/\/yoast.com\/product\/yoast-seo-premium-wordpress\/ -->\n<title>Ce\u0301sar Augusto Gutie\u0301rrez - ACM Concerts<\/title>\n<meta name=\"description\" content=\"C\u00e9sar Gutierrez studied in Vienna at the Superior Music and Dramatic Arts School under Margarita Lilova, obtaining a Master\u2019s Degree in Opera with Curt ...\" \/>\n<meta name=\"robots\" content=\"index, follow, max-snippet:-1, max-image-preview:large, max-video-preview:-1\" \/>\n<link rel=\"canonical\" href=\"https:\/\/acmconcerts.com\/en\/artists\/singers\/tenor\/cesar-augusto-gutierrez\/\" \/>\n<meta property=\"og:locale\" content=\"en_US\" \/>\n<meta property=\"og:type\" content=\"article\" \/>\n<meta property=\"og:title\" content=\"Ce\u0301sar Augusto Gutie\u0301rrez\" \/>\n<meta property=\"og:description\" content=\"Tenor\" \/>\n<meta property=\"og:url\" content=\"https:\/\/acmconcerts.com\/en\/artists\/singers\/tenor\/cesar-augusto-gutierrez\/\" \/>\n<meta property=\"og:site_name\" content=\"ACM Concerts\" \/>\n<meta property=\"article:publisher\" content=\"https:\/\/www.facebook.com\/ACM-Concerts-819784831388420\/\" \/>\n<meta property=\"article:modified_time\" content=\"2020-06-05T16:32:53+00:00\" \/>\n<meta property=\"og:image\" content=\"https:\/\/acmconcerts.com\/wp-content\/uploads\/2016\/01\/cesar_augusto_gutierrez07-3.jpg\" \/>\n\t<meta property=\"og:image:width\" content=\"563\" \/>\n\t<meta property=\"og:image:height\" content=\"373\" \/>\n\t<meta property=\"og:image:type\" content=\"image\/jpeg\" \/>\n<meta name=\"twitter:card\" content=\"summary_large_image\" \/>\n<meta name=\"twitter:site\" content=\"@acmconcerts\" \/>\n<script type=\"application\/ld+json\" class=\"yoast-schema-graph\">{\"@context\":\"https:\/\/schema.org\",\"@graph\":[{\"@type\":\"WebPage\",\"@id\":\"https:\/\/acmconcerts.com\/en\/artists\/singers\/tenor\/cesar-augusto-gutierrez\/\",\"url\":\"https:\/\/acmconcerts.com\/en\/artists\/singers\/tenor\/cesar-augusto-gutierrez\/\",\"name\":\"Ce\u0301sar Augusto Gutie\u0301rrez - ACM Concerts\",\"isPartOf\":{\"@id\":\"https:\/\/acmconcerts.com\/#website\"},\"primaryImageOfPage\":{\"@id\":\"https:\/\/acmconcerts.com\/en\/artists\/singers\/tenor\/cesar-augusto-gutierrez\/#primaryimage\"},\"image\":{\"@id\":\"https:\/\/acmconcerts.com\/en\/artists\/singers\/tenor\/cesar-augusto-gutierrez\/#primaryimage\"},\"thumbnailUrl\":\"https:\/\/acmconcerts.com\/wp-content\/uploads\/2016\/01\/cesar_augusto_gutierrez07-3.jpg\",\"datePublished\":\"2016-01-27T11:27:23+00:00\",\"dateModified\":\"2020-06-05T16:32:53+00:00\",\"description\":\"C\u00e9sar Gutierrez studied in Vienna at the Superior Music and Dramatic Arts School under Margarita Lilova, obtaining a Master\u2019s Degree in Opera with Curt ...\",\"breadcrumb\":{\"@id\":\"https:\/\/acmconcerts.com\/en\/artists\/singers\/tenor\/cesar-augusto-gutierrez\/#breadcrumb\"},\"inLanguage\":\"en-US\",\"potentialAction\":[{\"@type\":\"ReadAction\",\"target\":[\"https:\/\/acmconcerts.com\/en\/artists\/singers\/tenor\/cesar-augusto-gutierrez\/\"]}]},{\"@type\":\"ImageObject\",\"inLanguage\":\"en-US\",\"@id\":\"https:\/\/acmconcerts.com\/en\/artists\/singers\/tenor\/cesar-augusto-gutierrez\/#primaryimage\",\"url\":\"https:\/\/acmconcerts.com\/wp-content\/uploads\/2016\/01\/cesar_augusto_gutierrez07-3.jpg\",\"contentUrl\":\"https:\/\/acmconcerts.com\/wp-content\/uploads\/2016\/01\/cesar_augusto_gutierrez07-3.jpg\",\"width\":563,\"height\":373,\"caption\":\"Hern\u00e1ndez-Silva, Beatriz D\u00edaz y C\u00e9sar Guti\u00e9rrez con la Sinf\u00f4nica de S\u00e3o Paulo\"},{\"@type\":\"BreadcrumbList\",\"@id\":\"https:\/\/acmconcerts.com\/en\/artists\/singers\/tenor\/cesar-augusto-gutierrez\/#breadcrumb\",\"itemListElement\":[{\"@type\":\"ListItem\",\"position\":1,\"name\":\"Portada\",\"item\":\"https:\/\/acmconcerts.com\/en\/\"},{\"@type\":\"ListItem\",\"position\":2,\"name\":\"Artists\",\"item\":\"https:\/\/acmconcerts.com\/en\/artists\/\"},{\"@type\":\"ListItem\",\"position\":3,\"name\":\"Singers\",\"item\":\"https:\/\/acmconcerts.com\/en\/artists\/singers\/\"},{\"@type\":\"ListItem\",\"position\":4,\"name\":\"Tenor\",\"item\":\"https:\/\/acmconcerts.com\/en\/artists\/singers\/tenor\/\"},{\"@type\":\"ListItem\",\"position\":5,\"name\":\"Ce\u0301sar Augusto Gutie\u0301rrez\"}]},{\"@type\":\"WebSite\",\"@id\":\"https:\/\/acmconcerts.com\/#website\",\"url\":\"https:\/\/acmconcerts.com\/\",\"name\":\"ACM Concerts\",\"description\":\"Agencia art\u00edstica\",\"publisher\":{\"@id\":\"https:\/\/acmconcerts.com\/#organization\"},\"potentialAction\":[{\"@type\":\"SearchAction\",\"target\":{\"@type\":\"EntryPoint\",\"urlTemplate\":\"https:\/\/acmconcerts.com\/?s={search_term_string}\"},\"query-input\":{\"@type\":\"PropertyValueSpecification\",\"valueRequired\":true,\"valueName\":\"search_term_string\"}}],\"inLanguage\":\"en-US\"},{\"@type\":\"Organization\",\"@id\":\"https:\/\/acmconcerts.com\/#organization\",\"name\":\"ACM Concerts\",\"url\":\"https:\/\/acmconcerts.com\/\",\"logo\":{\"@type\":\"ImageObject\",\"inLanguage\":\"en-US\",\"@id\":\"https:\/\/acmconcerts.com\/#\/schema\/logo\/image\/\",\"url\":\"https:\/\/acmconcerts.com\/wp-content\/uploads\/2015\/11\/logo-ACM-grande-e1447756158188.jpg\",\"contentUrl\":\"https:\/\/acmconcerts.com\/wp-content\/uploads\/2015\/11\/logo-ACM-grande-e1447756158188.jpg\",\"width\":600,\"height\":146,\"caption\":\"ACM Concerts\"},\"image\":{\"@id\":\"https:\/\/acmconcerts.com\/#\/schema\/logo\/image\/\"},\"sameAs\":[\"https:\/\/www.facebook.com\/ACM-Concerts-819784831388420\/\",\"https:\/\/x.com\/acmconcerts\",\"https:\/\/www.youtube.com\/user\/acmconcerts\"]}]}<\/script>\n<!-- \/ Yoast SEO Premium plugin. -->","yoast_head_json":{"title":"Ce\u0301sar Augusto Gutie\u0301rrez - ACM Concerts","description":"C\u00e9sar Gutierrez studied in Vienna at the Superior Music and Dramatic Arts School under Margarita Lilova, obtaining a Master\u2019s Degree in Opera with Curt ...","robots":{"index":"index","follow":"follow","max-snippet":"max-snippet:-1","max-image-preview":"max-image-preview:large","max-video-preview":"max-video-preview:-1"},"canonical":"https:\/\/acmconcerts.com\/en\/artists\/singers\/tenor\/cesar-augusto-gutierrez\/","og_locale":"en_US","og_type":"article","og_title":"Ce\u0301sar Augusto Gutie\u0301rrez","og_description":"Tenor","og_url":"https:\/\/acmconcerts.com\/en\/artists\/singers\/tenor\/cesar-augusto-gutierrez\/","og_site_name":"ACM Concerts","article_publisher":"https:\/\/www.facebook.com\/ACM-Concerts-819784831388420\/","article_modified_time":"2020-06-05T16:32:53+00:00","og_image":[{"width":563,"height":373,"url":"https:\/\/acmconcerts.com\/wp-content\/uploads\/2016\/01\/cesar_augusto_gutierrez07-3.jpg","type":"image\/jpeg"}],"twitter_card":"summary_large_image","twitter_site":"@acmconcerts","schema":{"@context":"https:\/\/schema.org","@graph":[{"@type":"WebPage","@id":"https:\/\/acmconcerts.com\/en\/artists\/singers\/tenor\/cesar-augusto-gutierrez\/","url":"https:\/\/acmconcerts.com\/en\/artists\/singers\/tenor\/cesar-augusto-gutierrez\/","name":"Ce\u0301sar Augusto Gutie\u0301rrez - ACM Concerts","isPartOf":{"@id":"https:\/\/acmconcerts.com\/#website"},"primaryImageOfPage":{"@id":"https:\/\/acmconcerts.com\/en\/artists\/singers\/tenor\/cesar-augusto-gutierrez\/#primaryimage"},"image":{"@id":"https:\/\/acmconcerts.com\/en\/artists\/singers\/tenor\/cesar-augusto-gutierrez\/#primaryimage"},"thumbnailUrl":"https:\/\/acmconcerts.com\/wp-content\/uploads\/2016\/01\/cesar_augusto_gutierrez07-3.jpg","datePublished":"2016-01-27T11:27:23+00:00","dateModified":"2020-06-05T16:32:53+00:00","description":"C\u00e9sar Gutierrez studied in Vienna at the Superior Music and Dramatic Arts School under Margarita Lilova, obtaining a Master\u2019s Degree in Opera with Curt ...","breadcrumb":{"@id":"https:\/\/acmconcerts.com\/en\/artists\/singers\/tenor\/cesar-augusto-gutierrez\/#breadcrumb"},"inLanguage":"en-US","potentialAction":[{"@type":"ReadAction","target":["https:\/\/acmconcerts.com\/en\/artists\/singers\/tenor\/cesar-augusto-gutierrez\/"]}]},{"@type":"ImageObject","inLanguage":"en-US","@id":"https:\/\/acmconcerts.com\/en\/artists\/singers\/tenor\/cesar-augusto-gutierrez\/#primaryimage","url":"https:\/\/acmconcerts.com\/wp-content\/uploads\/2016\/01\/cesar_augusto_gutierrez07-3.jpg","contentUrl":"https:\/\/acmconcerts.com\/wp-content\/uploads\/2016\/01\/cesar_augusto_gutierrez07-3.jpg","width":563,"height":373,"caption":"Hern\u00e1ndez-Silva, Beatriz D\u00edaz y C\u00e9sar Guti\u00e9rrez con la Sinf\u00f4nica de S\u00e3o Paulo"},{"@type":"BreadcrumbList","@id":"https:\/\/acmconcerts.com\/en\/artists\/singers\/tenor\/cesar-augusto-gutierrez\/#breadcrumb","itemListElement":[{"@type":"ListItem","position":1,"name":"Portada","item":"https:\/\/acmconcerts.com\/en\/"},{"@type":"ListItem","position":2,"name":"Artists","item":"https:\/\/acmconcerts.com\/en\/artists\/"},{"@type":"ListItem","position":3,"name":"Singers","item":"https:\/\/acmconcerts.com\/en\/artists\/singers\/"},{"@type":"ListItem","position":4,"name":"Tenor","item":"https:\/\/acmconcerts.com\/en\/artists\/singers\/tenor\/"},{"@type":"ListItem","position":5,"name":"Ce\u0301sar Augusto Gutie\u0301rrez"}]},{"@type":"WebSite","@id":"https:\/\/acmconcerts.com\/#website","url":"https:\/\/acmconcerts.com\/","name":"ACM Concerts","description":"Agencia art\u00edstica","publisher":{"@id":"https:\/\/acmconcerts.com\/#organization"},"potentialAction":[{"@type":"SearchAction","target":{"@type":"EntryPoint","urlTemplate":"https:\/\/acmconcerts.com\/?s={search_term_string}"},"query-input":{"@type":"PropertyValueSpecification","valueRequired":true,"valueName":"search_term_string"}}],"inLanguage":"en-US"},{"@type":"Organization","@id":"https:\/\/acmconcerts.com\/#organization","name":"ACM Concerts","url":"https:\/\/acmconcerts.com\/","logo":{"@type":"ImageObject","inLanguage":"en-US","@id":"https:\/\/acmconcerts.com\/#\/schema\/logo\/image\/","url":"https:\/\/acmconcerts.com\/wp-content\/uploads\/2015\/11\/logo-ACM-grande-e1447756158188.jpg","contentUrl":"https:\/\/acmconcerts.com\/wp-content\/uploads\/2015\/11\/logo-ACM-grande-e1447756158188.jpg","width":600,"height":146,"caption":"ACM Concerts"},"image":{"@id":"https:\/\/acmconcerts.com\/#\/schema\/logo\/image\/"},"sameAs":["https:\/\/www.facebook.com\/ACM-Concerts-819784831388420\/","https:\/\/x.com\/acmconcerts","https:\/\/www.youtube.com\/user\/acmconcerts"]}]}},"_links":{"self":[{"href":"https:\/\/acmconcerts.com\/en\/wp-json\/wp\/v2\/pages\/1183","targetHints":{"allow":["GET"]}}],"collection":[{"href":"https:\/\/acmconcerts.com\/en\/wp-json\/wp\/v2\/pages"}],"about":[{"href":"https:\/\/acmconcerts.com\/en\/wp-json\/wp\/v2\/types\/page"}],"author":[{"embeddable":true,"href":"https:\/\/acmconcerts.com\/en\/wp-json\/wp\/v2\/users\/2"}],"replies":[{"embeddable":true,"href":"https:\/\/acmconcerts.com\/en\/wp-json\/wp\/v2\/comments?post=1183"}],"version-history":[{"count":0,"href":"https:\/\/acmconcerts.com\/en\/wp-json\/wp\/v2\/pages\/1183\/revisions"}],"up":[{"embeddable":true,"href":"https:\/\/acmconcerts.com\/en\/wp-json\/wp\/v2\/pages\/800"}],"wp:featuredmedia":[{"embeddable":true,"href":"https:\/\/acmconcerts.com\/en\/wp-json\/wp\/v2\/media\/1558"}],"wp:attachment":[{"href":"https:\/\/acmconcerts.com\/en\/wp-json\/wp\/v2\/media?parent=1183"}],"curies":[{"name":"wp","href":"https:\/\/api.w.org\/{rel}","templated":true}]}}