{"id":1155,"date":"2016-01-27T11:30:55","date_gmt":"2016-01-27T10:30:55","guid":{"rendered":"http:\/\/acmconcerts.com\/en\/artists\/singers\/mezzo\/mireia-pinto\/"},"modified":"2020-06-05T17:58:58","modified_gmt":"2020-06-05T15:58:58","slug":"mireia-pinto","status":"publish","type":"page","link":"https:\/\/acmconcerts.com\/en\/artists\/singers\/mezzo\/mireia-pinto\/","title":{"rendered":"Mireia Pinto\u0301"},"content":{"rendered":"<p>[et_pb_section fb_built=&#8221;1&#8243; fullwidth=&#8221;on&#8221; admin_label=&#8221;Secci\u00f3n&#8221; _builder_version=&#8221;3.22&#8243;][et_pb_fullwidth_image src=&#8221;https:\/\/acmconcerts.com\/wp-content\/uploads\/2016\/01\/mireia_pinto_op.jpg&#8221; admin_label=&#8221;Imagen de anchura completa&#8221; _builder_version=&#8221;3.0.87&#8243; animation_style=&#8221;fade&#8221; animation_duration=&#8221;500ms&#8221; use_border_color=&#8221;off&#8221; border_color=&#8221;#ffffff&#8221; border_style=&#8221;solid&#8221; animation=&#8221;fade_in&#8221;][\/et_pb_fullwidth_image][\/et_pb_section][et_pb_section fb_built=&#8221;1&#8243; admin_label=&#8221;Secci\u00f3n&#8221; _builder_version=&#8221;3.22&#8243;][et_pb_row column_structure=&#8221;2_3,1_3&#8243; admin_label=&#8221;Fila&#8221; _builder_version=&#8221;3.25&#8243; background_size=&#8221;initial&#8221; background_position=&#8221;top_left&#8221; background_repeat=&#8221;repeat&#8221;][et_pb_column type=&#8221;2_3&#8243; _builder_version=&#8221;3.25&#8243; custom_padding=&#8221;|||&#8221; custom_padding__hover=&#8221;|||&#8221;][et_pb_text admin_label=&#8221;Texto&#8221; _builder_version=&#8221;3.27.4&#8243; background_size=&#8221;initial&#8221; background_position=&#8221;top_left&#8221; background_repeat=&#8221;repeat&#8221; use_border_color=&#8221;off&#8221; border_color=&#8221;#ffffff&#8221; border_style=&#8221;solid&#8221;]<\/p>\n<h2 style=\"text-align: justify;\"><span style=\"color: #000000;\">Mireia Pint\u00f3, mezzo<\/span><\/h2>\n<p><\/p>\n<p style=\"text-align: justify;\"><span style=\"color: #000000;\">Born in Manresa (Barcelona, Spain), Mireia Pint\u00f3 did her musical studies in the line of Singing and Piano, achieving Honour Prize at the end of the studies. She completed her studies in Italy and France. She was rewarded with the most important prizes in several singing competitions in Spain and in&nbsp;Italy.<\/span><\/p>\n<p style=\"text-align: justify;\"><span style=\"color: #000000;\">Her repertoire includes Opera, Oratorio and Lied. She has performed as soloist with several instrumental chamber ensembles and several orchestras, with the conductors as L. Maazel, P. Maag, R. Bonynge, H. Rilling, P. Goodwin, E. Ericson, A. Zedda, J. C.&nbsp; Malgoire, O. Dantone, J. L\u00f3pez Cobos, M. Benini, M. Mariotti, F. P. Decker, B. de Billy, S. Fujioka, S. Weigle, D. Parry, Y. Traub, A. Ros Marb\u00e0, J. J Kantorow, A. Anissimov, G. A.&nbsp; Noseda, M. Guidarini, J. Pons, and many ot\u00aders. S<\/span><\/p>\n<p style=\"text-align: justify;\"><span style=\"color: #000000;\">She takes part in several concert cycles, music fest\u00advals and opera performances in&nbsp;Holland,&nbsp;Germany,&nbsp;Greece,&nbsp;Italy,&nbsp;Andorra,&nbsp;France, Monaco, Rusia, Japan and Spain.&nbsp; In opera, she performed Giulio Cesare (Sesto) by H\u00e4ndel, Cenerentola, Il Barbiere di Siviglia (Rosina), L\u00b4Italiana in Algeri (Isabella), Il turco in Italia (Zaida), Il viaggio a Reims, Cos\u00ec fan tutte, II re pastore, Die Zauberfl\u00f6te, La serva padrona, La Sonnambula, I Puritani, Lucia di Lammermoor, Andrea Ch\u00e9nier, Sly by Wolf-Ferrari, Carmen, Les contes d\u2019Hoffmann (Nicklausse), Rom\u00e9o et Juliette (St\u00e9phano), B\u00e9atrice et B\u00e9n\u00e9dict by Berlioz (B\u00e9atrice), L\u00b4enfant et les sortil\u00e8ges by Ravel, Les Huguenots by Meyerbeer, Manon by Massenet, Evgeny Oneguin, Parsifal, Die Walk\u00fcreWagner, Ariadne auf Naxos, Elektra, Babel 46 by Montsalvatge, Tassarba by Morera, La vida breve and others.<\/span><\/p>\n<p style=\"text-align: justify;\"><span style=\"color: #000000;\">She performed as soloist in many exemples of oratorium genre, from Bach to modern compossers. In the field of Lied, since 1992 she has a duo with the pianist Vladislav&nbsp; Bronevetzky, performing&nbsp; many recitals in several countries, in Festivals and Concert cycles as Gran Teatre del Liceu Rachmaninof Hall in Moscow, Hamarikyu Asahi Hall in Tokyo, and many others. Recently, they recorded the CD Pushkin in music, which includes russian romances with Pushkin\u00b4s texts.<\/span><\/p>\n<p style=\"text-align: justify;\"><span style=\"color: #000000;\">She recorded for S\u00fcdwestfunk, BBC Radio 3, Radio Nacional de Espa\u00f1a, Catalunya M\u00fasica, Radio Netherlands and&nbsp; Spanish Radio Television, Catalonian TV (TV3) ARTE and S\u00fcdwestfunk TV. She has recorded in CD the opera Sly by Wolf-Ferrari (Koch) next to J. Carreras, a CD with works by the Spanish composer J. Homs, and the CD One life to live, next to Manel Camp, with works by K. Weill and Gershwin.&nbsp; She has also recorded in DVD the operas Il Viaggio a Reims by Rossini, and Die Walk\u00fcre by Wagner.<\/span><\/p>\n<p style=\"text-align: justify;\"><span style=\"color: #000000;\">She is Professor in Singing and Lied at the ESMUC (High Music School of Catalonia) and in many master courses.<\/span><\/p>\n<p>[\/et_pb_text][et_pb_text admin_label=&#8221;Texto&#8221; _builder_version=&#8221;3.27.4&#8243; background_size=&#8221;initial&#8221; background_position=&#8221;top_left&#8221; background_repeat=&#8221;repeat&#8221; use_border_color=&#8221;off&#8221; border_color=&#8221;#ffffff&#8221; border_style=&#8221;solid&#8221;]<a href=\"https:\/\/acmconcerts.com\/en\/?ddownload=349\" title=\"Descargar BIO (PDF)\" rel=\"nofollow\" class=\"ddownload-button button-grey id-349 ext-pdf\">Descargar BIO (PDF)<\/a><br \/>\n[\/et_pb_text][et_pb_text admin_label=&#8221;Texto&#8221; _builder_version=&#8221;3.27.4&#8243; background_size=&#8221;initial&#8221; background_position=&#8221;top_left&#8221; background_repeat=&#8221;repeat&#8221; use_border_color=&#8221;off&#8221; border_color=&#8221;#ffffff&#8221; border_style=&#8221;solid&#8221;]<a href=\"https:\/\/acmconcerts.com\/en\/?ddownload=350\" title=\"Download BIO (PDF)\" rel=\"nofollow\" class=\"ddownload-button button-grey id-350 ext-pdf\">Download BIO (PDF)<\/a><br \/>\n[\/et_pb_text][\/et_pb_column][et_pb_column type=&#8221;1_3&#8243; _builder_version=&#8221;3.25&#8243; custom_padding=&#8221;|||&#8221; custom_padding__hover=&#8221;|||&#8221;][et_pb_social_media_follow url_new_window=&#8221;off&#8221; admin_label=&#8221;Seguir en medios sociales&#8221; _builder_version=&#8221;3.0.87&#8243; link_shape=&#8221;rounded_rectangle&#8221;][et_pb_social_media_follow_network social_network=&#8221;facebook&#8221; url=&#8221;https:\/\/www.facebook.com\/mireia.pinto.9?fref=ts&#8221; _builder_version=&#8221;3.0.74&#8243; background_color=&#8221;#3b5998&#8243; bg_color=&#8221;#3b5998&#8243; link_shape=&#8221;rounded_rectangle&#8221; follow_button=&#8221;off&#8221; url_new_window=&#8221;off&#8221;] Facebook [\/et_pb_social_media_follow_network][\/et_pb_social_media_follow][et_pb_text admin_label=&#8221;Texto&#8221; _builder_version=&#8221;3.27.4&#8243; background_size=&#8221;initial&#8221; background_position=&#8221;top_left&#8221; background_repeat=&#8221;repeat&#8221; use_border_color=&#8221;off&#8221; border_color=&#8221;#ffffff&#8221; border_style=&#8221;solid&#8221;]Web:\u00a0<a href=\"http:\/\/www.mireiapinto.com\/\">http:\/\/www.mireiapinto.com<\/a><br \/>\n[\/et_pb_text][et_pb_code admin_label=&#8221;C\u00f3digo&#8221; _builder_version=&#8221;4.4.8&#8243; hover_enabled=&#8221;0&#8243;]<iframe width=\"650\" height=\"459\" src=\"https:\/\/www.youtube-nocookie.com\/embed\/videoseries?list=PL6Y2Eo22D_lXnsr54htWBJk4nhEVqiN1z\" frameborder=\"0\" allow=\"accelerometer; autoplay; encrypted-media; gyroscope; picture-in-picture\" allowfullscreen><\/iframe>[\/et_pb_code][\/et_pb_column][\/et_pb_row][\/et_pb_section]<\/p>\n","protected":false},"excerpt":{"rendered":"<p>Mireia Pint\u00f3, mezzo Born in Manresa (Barcelona, Spain), Mireia Pint\u00f3 did her musical studies in the line of Singing and Piano, achieving Honour Prize at the end of the studies. She completed her studies in Italy and France. She was rewarded with the most important prizes in several singing competitions in Spain and in&nbsp;Italy. Her [&hellip;]<\/p>\n","protected":false},"author":2,"featured_media":1154,"parent":798,"menu_order":0,"comment_status":"closed","ping_status":"closed","template":"","meta":{"_et_pb_use_builder":"on","_et_pb_old_content":"","_et_gb_content_width":"","_monsterinsights_skip_tracking":false,"_monsterinsights_sitenote_active":false,"_monsterinsights_sitenote_note":"","_monsterinsights_sitenote_category":0,"_ayudawp_aiss_exclude":false,"footnotes":""},"class_list":["post-1155","page","type-page","status-publish","has-post-thumbnail","hentry"],"yoast_head":"<!-- This site is optimized with the Yoast SEO Premium plugin v27.2 (Yoast SEO v27.2) - https:\/\/yoast.com\/product\/yoast-seo-premium-wordpress\/ -->\n<title>Mireia Pinto\u0301 - ACM Concerts<\/title>\n<meta name=\"description\" content=\"Born in Manresa (Barcelona, Spain), Mireia Pint\u00f3 did her musical studies in the line of Singing and Piano, achieving Honour Prize at the end of the ...\" \/>\n<meta name=\"robots\" content=\"index, follow, max-snippet:-1, max-image-preview:large, max-video-preview:-1\" \/>\n<link rel=\"canonical\" href=\"https:\/\/acmconcerts.com\/en\/artists\/singers\/mezzo\/mireia-pinto\/\" \/>\n<meta property=\"og:locale\" content=\"en_US\" \/>\n<meta property=\"og:type\" content=\"article\" \/>\n<meta property=\"og:title\" content=\"Mireia Pinto\u0301\" \/>\n<meta property=\"og:url\" content=\"https:\/\/acmconcerts.com\/en\/artists\/singers\/mezzo\/mireia-pinto\/\" \/>\n<meta property=\"og:site_name\" content=\"ACM Concerts\" \/>\n<meta property=\"article:publisher\" content=\"https:\/\/www.facebook.com\/ACM-Concerts-819784831388420\/\" \/>\n<meta property=\"article:modified_time\" content=\"2020-06-05T15:58:58+00:00\" \/>\n<meta property=\"og:image\" content=\"https:\/\/acmconcerts.com\/wp-content\/uploads\/2016\/01\/mireia_pinto03-2.jpg\" \/>\n\t<meta property=\"og:image:width\" content=\"1024\" \/>\n\t<meta property=\"og:image:height\" content=\"681\" \/>\n\t<meta property=\"og:image:type\" content=\"image\/jpeg\" \/>\n<meta name=\"twitter:card\" content=\"summary_large_image\" \/>\n<meta name=\"twitter:site\" content=\"@acmconcerts\" \/>\n<script type=\"application\/ld+json\" class=\"yoast-schema-graph\">{\"@context\":\"https:\/\/schema.org\",\"@graph\":[{\"@type\":\"WebPage\",\"@id\":\"https:\/\/acmconcerts.com\/en\/artists\/singers\/mezzo\/mireia-pinto\/\",\"url\":\"https:\/\/acmconcerts.com\/en\/artists\/singers\/mezzo\/mireia-pinto\/\",\"name\":\"Mireia Pinto\u0301 - ACM Concerts\",\"isPartOf\":{\"@id\":\"https:\/\/acmconcerts.com\/#website\"},\"primaryImageOfPage\":{\"@id\":\"https:\/\/acmconcerts.com\/en\/artists\/singers\/mezzo\/mireia-pinto\/#primaryimage\"},\"image\":{\"@id\":\"https:\/\/acmconcerts.com\/en\/artists\/singers\/mezzo\/mireia-pinto\/#primaryimage\"},\"thumbnailUrl\":\"https:\/\/acmconcerts.com\/wp-content\/uploads\/2016\/01\/mireia_pinto03-2.jpg\",\"datePublished\":\"2016-01-27T10:30:55+00:00\",\"dateModified\":\"2020-06-05T15:58:58+00:00\",\"description\":\"Born in Manresa (Barcelona, Spain), Mireia Pint\u00f3 did her musical studies in the line of Singing and Piano, achieving Honour Prize at the end of the ...\",\"breadcrumb\":{\"@id\":\"https:\/\/acmconcerts.com\/en\/artists\/singers\/mezzo\/mireia-pinto\/#breadcrumb\"},\"inLanguage\":\"en-US\",\"potentialAction\":[{\"@type\":\"ReadAction\",\"target\":[\"https:\/\/acmconcerts.com\/en\/artists\/singers\/mezzo\/mireia-pinto\/\"]}]},{\"@type\":\"ImageObject\",\"inLanguage\":\"en-US\",\"@id\":\"https:\/\/acmconcerts.com\/en\/artists\/singers\/mezzo\/mireia-pinto\/#primaryimage\",\"url\":\"https:\/\/acmconcerts.com\/wp-content\/uploads\/2016\/01\/mireia_pinto03-2.jpg\",\"contentUrl\":\"https:\/\/acmconcerts.com\/wp-content\/uploads\/2016\/01\/mireia_pinto03-2.jpg\",\"width\":1024,\"height\":681,\"caption\":\"Mireia Pint\u00f3 canta Il Trittico de Puccini en el Liceo\"},{\"@type\":\"BreadcrumbList\",\"@id\":\"https:\/\/acmconcerts.com\/en\/artists\/singers\/mezzo\/mireia-pinto\/#breadcrumb\",\"itemListElement\":[{\"@type\":\"ListItem\",\"position\":1,\"name\":\"Portada\",\"item\":\"https:\/\/acmconcerts.com\/en\/\"},{\"@type\":\"ListItem\",\"position\":2,\"name\":\"Artists\",\"item\":\"https:\/\/acmconcerts.com\/en\/artists\/\"},{\"@type\":\"ListItem\",\"position\":3,\"name\":\"Singers\",\"item\":\"https:\/\/acmconcerts.com\/en\/artists\/singers\/\"},{\"@type\":\"ListItem\",\"position\":4,\"name\":\"Mezzo\",\"item\":\"https:\/\/acmconcerts.com\/en\/artists\/singers\/mezzo\/\"},{\"@type\":\"ListItem\",\"position\":5,\"name\":\"Mireia Pinto\u0301\"}]},{\"@type\":\"WebSite\",\"@id\":\"https:\/\/acmconcerts.com\/#website\",\"url\":\"https:\/\/acmconcerts.com\/\",\"name\":\"ACM Concerts\",\"description\":\"Agencia art\u00edstica\",\"publisher\":{\"@id\":\"https:\/\/acmconcerts.com\/#organization\"},\"potentialAction\":[{\"@type\":\"SearchAction\",\"target\":{\"@type\":\"EntryPoint\",\"urlTemplate\":\"https:\/\/acmconcerts.com\/?s={search_term_string}\"},\"query-input\":{\"@type\":\"PropertyValueSpecification\",\"valueRequired\":true,\"valueName\":\"search_term_string\"}}],\"inLanguage\":\"en-US\"},{\"@type\":\"Organization\",\"@id\":\"https:\/\/acmconcerts.com\/#organization\",\"name\":\"ACM Concerts\",\"url\":\"https:\/\/acmconcerts.com\/\",\"logo\":{\"@type\":\"ImageObject\",\"inLanguage\":\"en-US\",\"@id\":\"https:\/\/acmconcerts.com\/#\/schema\/logo\/image\/\",\"url\":\"https:\/\/acmconcerts.com\/wp-content\/uploads\/2015\/11\/logo-ACM-grande-e1447756158188.jpg\",\"contentUrl\":\"https:\/\/acmconcerts.com\/wp-content\/uploads\/2015\/11\/logo-ACM-grande-e1447756158188.jpg\",\"width\":600,\"height\":146,\"caption\":\"ACM Concerts\"},\"image\":{\"@id\":\"https:\/\/acmconcerts.com\/#\/schema\/logo\/image\/\"},\"sameAs\":[\"https:\/\/www.facebook.com\/ACM-Concerts-819784831388420\/\",\"https:\/\/x.com\/acmconcerts\",\"https:\/\/www.youtube.com\/user\/acmconcerts\"]}]}<\/script>\n<!-- \/ Yoast SEO Premium plugin. -->","yoast_head_json":{"title":"Mireia Pinto\u0301 - ACM Concerts","description":"Born in Manresa (Barcelona, Spain), Mireia Pint\u00f3 did her musical studies in the line of Singing and Piano, achieving Honour Prize at the end of the ...","robots":{"index":"index","follow":"follow","max-snippet":"max-snippet:-1","max-image-preview":"max-image-preview:large","max-video-preview":"max-video-preview:-1"},"canonical":"https:\/\/acmconcerts.com\/en\/artists\/singers\/mezzo\/mireia-pinto\/","og_locale":"en_US","og_type":"article","og_title":"Mireia Pinto\u0301","og_url":"https:\/\/acmconcerts.com\/en\/artists\/singers\/mezzo\/mireia-pinto\/","og_site_name":"ACM Concerts","article_publisher":"https:\/\/www.facebook.com\/ACM-Concerts-819784831388420\/","article_modified_time":"2020-06-05T15:58:58+00:00","og_image":[{"width":1024,"height":681,"url":"https:\/\/acmconcerts.com\/wp-content\/uploads\/2016\/01\/mireia_pinto03-2.jpg","type":"image\/jpeg"}],"twitter_card":"summary_large_image","twitter_site":"@acmconcerts","schema":{"@context":"https:\/\/schema.org","@graph":[{"@type":"WebPage","@id":"https:\/\/acmconcerts.com\/en\/artists\/singers\/mezzo\/mireia-pinto\/","url":"https:\/\/acmconcerts.com\/en\/artists\/singers\/mezzo\/mireia-pinto\/","name":"Mireia Pinto\u0301 - ACM Concerts","isPartOf":{"@id":"https:\/\/acmconcerts.com\/#website"},"primaryImageOfPage":{"@id":"https:\/\/acmconcerts.com\/en\/artists\/singers\/mezzo\/mireia-pinto\/#primaryimage"},"image":{"@id":"https:\/\/acmconcerts.com\/en\/artists\/singers\/mezzo\/mireia-pinto\/#primaryimage"},"thumbnailUrl":"https:\/\/acmconcerts.com\/wp-content\/uploads\/2016\/01\/mireia_pinto03-2.jpg","datePublished":"2016-01-27T10:30:55+00:00","dateModified":"2020-06-05T15:58:58+00:00","description":"Born in Manresa (Barcelona, Spain), Mireia Pint\u00f3 did her musical studies in the line of Singing and Piano, achieving Honour Prize at the end of the ...","breadcrumb":{"@id":"https:\/\/acmconcerts.com\/en\/artists\/singers\/mezzo\/mireia-pinto\/#breadcrumb"},"inLanguage":"en-US","potentialAction":[{"@type":"ReadAction","target":["https:\/\/acmconcerts.com\/en\/artists\/singers\/mezzo\/mireia-pinto\/"]}]},{"@type":"ImageObject","inLanguage":"en-US","@id":"https:\/\/acmconcerts.com\/en\/artists\/singers\/mezzo\/mireia-pinto\/#primaryimage","url":"https:\/\/acmconcerts.com\/wp-content\/uploads\/2016\/01\/mireia_pinto03-2.jpg","contentUrl":"https:\/\/acmconcerts.com\/wp-content\/uploads\/2016\/01\/mireia_pinto03-2.jpg","width":1024,"height":681,"caption":"Mireia Pint\u00f3 canta Il Trittico de Puccini en el Liceo"},{"@type":"BreadcrumbList","@id":"https:\/\/acmconcerts.com\/en\/artists\/singers\/mezzo\/mireia-pinto\/#breadcrumb","itemListElement":[{"@type":"ListItem","position":1,"name":"Portada","item":"https:\/\/acmconcerts.com\/en\/"},{"@type":"ListItem","position":2,"name":"Artists","item":"https:\/\/acmconcerts.com\/en\/artists\/"},{"@type":"ListItem","position":3,"name":"Singers","item":"https:\/\/acmconcerts.com\/en\/artists\/singers\/"},{"@type":"ListItem","position":4,"name":"Mezzo","item":"https:\/\/acmconcerts.com\/en\/artists\/singers\/mezzo\/"},{"@type":"ListItem","position":5,"name":"Mireia Pinto\u0301"}]},{"@type":"WebSite","@id":"https:\/\/acmconcerts.com\/#website","url":"https:\/\/acmconcerts.com\/","name":"ACM Concerts","description":"Agencia art\u00edstica","publisher":{"@id":"https:\/\/acmconcerts.com\/#organization"},"potentialAction":[{"@type":"SearchAction","target":{"@type":"EntryPoint","urlTemplate":"https:\/\/acmconcerts.com\/?s={search_term_string}"},"query-input":{"@type":"PropertyValueSpecification","valueRequired":true,"valueName":"search_term_string"}}],"inLanguage":"en-US"},{"@type":"Organization","@id":"https:\/\/acmconcerts.com\/#organization","name":"ACM Concerts","url":"https:\/\/acmconcerts.com\/","logo":{"@type":"ImageObject","inLanguage":"en-US","@id":"https:\/\/acmconcerts.com\/#\/schema\/logo\/image\/","url":"https:\/\/acmconcerts.com\/wp-content\/uploads\/2015\/11\/logo-ACM-grande-e1447756158188.jpg","contentUrl":"https:\/\/acmconcerts.com\/wp-content\/uploads\/2015\/11\/logo-ACM-grande-e1447756158188.jpg","width":600,"height":146,"caption":"ACM Concerts"},"image":{"@id":"https:\/\/acmconcerts.com\/#\/schema\/logo\/image\/"},"sameAs":["https:\/\/www.facebook.com\/ACM-Concerts-819784831388420\/","https:\/\/x.com\/acmconcerts","https:\/\/www.youtube.com\/user\/acmconcerts"]}]}},"_links":{"self":[{"href":"https:\/\/acmconcerts.com\/en\/wp-json\/wp\/v2\/pages\/1155","targetHints":{"allow":["GET"]}}],"collection":[{"href":"https:\/\/acmconcerts.com\/en\/wp-json\/wp\/v2\/pages"}],"about":[{"href":"https:\/\/acmconcerts.com\/en\/wp-json\/wp\/v2\/types\/page"}],"author":[{"embeddable":true,"href":"https:\/\/acmconcerts.com\/en\/wp-json\/wp\/v2\/users\/2"}],"replies":[{"embeddable":true,"href":"https:\/\/acmconcerts.com\/en\/wp-json\/wp\/v2\/comments?post=1155"}],"version-history":[{"count":0,"href":"https:\/\/acmconcerts.com\/en\/wp-json\/wp\/v2\/pages\/1155\/revisions"}],"up":[{"embeddable":true,"href":"https:\/\/acmconcerts.com\/en\/wp-json\/wp\/v2\/pages\/798"}],"wp:featuredmedia":[{"embeddable":true,"href":"https:\/\/acmconcerts.com\/en\/wp-json\/wp\/v2\/media\/1154"}],"wp:attachment":[{"href":"https:\/\/acmconcerts.com\/en\/wp-json\/wp\/v2\/media?parent=1155"}],"curies":[{"name":"wp","href":"https:\/\/api.w.org\/{rel}","templated":true}]}}