{"id":1106,"date":"2016-01-27T11:50:58","date_gmt":"2016-01-27T10:50:58","guid":{"rendered":"http:\/\/acmconcerts.com\/en\/artists\/singers\/soprano\/maria-espada\/"},"modified":"2020-06-05T18:26:31","modified_gmt":"2020-06-05T16:26:31","slug":"maria-espada","status":"publish","type":"page","link":"https:\/\/acmconcerts.com\/en\/artists\/singers\/soprano\/maria-espada\/","title":{"rendered":"Mari\u0301a Espada"},"content":{"rendered":"<p>[et_pb_section fb_built=&#8221;1&#8243; fullwidth=&#8221;on&#8221; admin_label=&#8221;Secci\u00f3n&#8221; _builder_version=&#8221;3.22&#8243;][et_pb_fullwidth_image src=&#8221;https:\/\/acmconcerts.com\/wp-content\/uploads\/2016\/01\/maria_espada.jpg&#8221; admin_label=&#8221;Imagen de anchura completa&#8221; _builder_version=&#8221;3.0.87&#8243; animation_style=&#8221;fade&#8221; animation_duration=&#8221;500ms&#8221; use_border_color=&#8221;off&#8221; border_color=&#8221;#ffffff&#8221; border_style=&#8221;solid&#8221; animation=&#8221;fade_in&#8221;][\/et_pb_fullwidth_image][\/et_pb_section][et_pb_section fb_built=&#8221;1&#8243; admin_label=&#8221;Secci\u00f3n&#8221; _builder_version=&#8221;3.22&#8243;][et_pb_row column_structure=&#8221;2_3,1_3&#8243; admin_label=&#8221;Fila&#8221; _builder_version=&#8221;3.25&#8243; background_size=&#8221;initial&#8221; background_position=&#8221;top_left&#8221; background_repeat=&#8221;repeat&#8221;][et_pb_column type=&#8221;2_3&#8243; _builder_version=&#8221;3.25&#8243; custom_padding=&#8221;|||&#8221; custom_padding__hover=&#8221;|||&#8221;][et_pb_text admin_label=&#8221;Texto&#8221; _builder_version=&#8221;3.27.4&#8243; background_size=&#8221;initial&#8221; background_position=&#8221;top_left&#8221; background_repeat=&#8221;repeat&#8221; use_border_color=&#8221;off&#8221; border_color=&#8221;#ffffff&#8221; border_style=&#8221;solid&#8221;]<\/p>\n<h2 style=\"text-align: justify;\"><span style=\"color: #000000;\">Mar\u00eda Espada, soprano<\/span><\/h2>\n<p><\/p>\n<p style=\"text-align: justify;\"><span style=\"color: #000000;\">Born in M\u00e9rida (Spain), Mar\u00eda Espada studied singing with Mariana You Chi and with Alfredo Kraus, amongst others.<\/span><\/p>\n<p style=\"text-align: justify;\"><span style=\"color: #000000;\">She has performed in halls such as the Konzerthaus in Viena, the Berlin\u2019s Philarmonie, Th\u00e9\u00e2tre des Champs \u00c9lys\u00e9es in Paris, Concertgebouw in Amsterdam, Palais des Beaux Arts in Brussels, Santa Cecilia in Rome, Vredenburg in Utrecht, and the most important Spanish opera houses and concert halls, such as the Teatro Real in Madrid or the Liceo in Barcelona.<\/span><\/p>\n<p style=\"text-align: justify;\"><span style=\"color: #000000;\">She has worked with conductors such as Mariss Jansons, Iv\u00e1n Fischer, Fr\u00fchbeck de Burgos, Jes\u00fas L\u00f3pez Cobos, Tom Koopman, Andrea Marcon, Howard Griffiths, Michael Sanderling, Carlos Kalmar, Aldo Ceccato, Frans Br\u00fcggen,, Fabio Biondi, Juanjo Mena, Giovanni Antonini, Diego Fasolis, etc.<\/span><\/p>\n<p style=\"text-align: justify;\"><span style=\"color: #000000;\">She has collaborated with ensembles and orchestras such as the Royal Concertgebouw Orchestra, BBC Philharmonic, Venice Baroque Orchester, Il Giardino Armonico, the Orchestra of the 18th century, L\u2019Orfeo Barockorchester, I Barocchisti, Les Talens Lyriques, Helsinki Baroque orchestra, Netherlands Radio Chamber Philharmonic, Hungarian Radio Orchestra, Al Ayre espa\u00f1ol, Zefiro,&nbsp; Ricercar consort, and most of the renowned Spanish Symphony orchestras.<\/span><\/p>\n<p style=\"text-align: justify;\"><span style=\"color: #000000;\">Her interventions in chamber music have led her to sing pieces from the baroque period to the XXth century, doing so in recitals with piano accompaniment as well as with other small camerata ensembles.<\/span><\/p>\n<p style=\"text-align: justify;\"><span style=\"color: #000000;\">She has recorded for discography labels such as Harmonia Mundi, Chandos, Glossa, Challenge or Naxos, amongst others.<\/span><\/p>\n<p>&nbsp;<br \/>\n[\/et_pb_text][et_pb_text admin_label=&#8221;Texto&#8221; _builder_version=&#8221;3.27.4&#8243; background_size=&#8221;initial&#8221; background_position=&#8221;top_left&#8221; background_repeat=&#8221;repeat&#8221; use_border_color=&#8221;off&#8221; border_color=&#8221;#ffffff&#8221; border_style=&#8221;solid&#8221;]<a href=\"https:\/\/acmconcerts.com\/en\/?ddownload=362\" title=\"Descargar BIO (PDF)\" rel=\"nofollow\" class=\"ddownload-button button-grey id-362 ext-pdf\">Descargar BIO (PDF)<\/a><br \/>\n[\/et_pb_text][et_pb_text admin_label=&#8221;Texto&#8221; _builder_version=&#8221;3.27.4&#8243; background_size=&#8221;initial&#8221; background_position=&#8221;top_left&#8221; background_repeat=&#8221;repeat&#8221; use_border_color=&#8221;off&#8221; border_color=&#8221;#ffffff&#8221; border_style=&#8221;solid&#8221;]<a href=\"https:\/\/acmconcerts.com\/en\/?ddownload=363\" title=\"Download BIO (PDF)\" rel=\"nofollow\" class=\"ddownload-button button-grey id-363 ext-pdf\">Download BIO (PDF)<\/a><br \/>\n[\/et_pb_text][\/et_pb_column][et_pb_column type=&#8221;1_3&#8243; _builder_version=&#8221;3.25&#8243; custom_padding=&#8221;|||&#8221; custom_padding__hover=&#8221;|||&#8221;][et_pb_social_media_follow url_new_window=&#8221;off&#8221; admin_label=&#8221;Seguir en medios sociales&#8221; _builder_version=&#8221;3.0.87&#8243; link_shape=&#8221;rounded_rectangle&#8221;][et_pb_social_media_follow_network social_network=&#8221;facebook&#8221; url=&#8221;https:\/\/www.facebook.com\/pages\/Mar%C3%ADa-Espada\/1588995364661893&#8243; _builder_version=&#8221;3.0.74&#8243; background_color=&#8221;#3b5998&#8243; bg_color=&#8221;#3b5998&#8243; link_shape=&#8221;rounded_rectangle&#8221; follow_button=&#8221;off&#8221; url_new_window=&#8221;off&#8221;] Facebook [\/et_pb_social_media_follow_network][\/et_pb_social_media_follow][et_pb_code admin_label=&#8221;C\u00f3digo&#8221; _builder_version=&#8221;4.4.8&#8243; hover_enabled=&#8221;0&#8243;]<iframe width=\"650\" height=\"450\" src=\"https:\/\/www.youtube-nocookie.com\/embed\/videoseries?list=PL6Y2Eo22D_lWn_ejGYlJ1zT7koc1amVfT\" frameborder=\"0\" allow=\"accelerometer; autoplay; encrypted-media; gyroscope; picture-in-picture\" allowfullscreen><\/iframe>[\/et_pb_code][\/et_pb_column][\/et_pb_row][\/et_pb_section]<\/p>\n","protected":false},"excerpt":{"rendered":"<p>Mar\u00eda Espada, soprano Born in M\u00e9rida (Spain), Mar\u00eda Espada studied singing with Mariana You Chi and with Alfredo Kraus, amongst others. She has performed in halls such as the Konzerthaus in Viena, the Berlin\u2019s Philarmonie, Th\u00e9\u00e2tre des Champs \u00c9lys\u00e9es in Paris, Concertgebouw in Amsterdam, Palais des Beaux Arts in Brussels, Santa Cecilia in Rome, Vredenburg [&hellip;]<\/p>\n","protected":false},"author":2,"featured_media":1107,"parent":796,"menu_order":0,"comment_status":"closed","ping_status":"closed","template":"","meta":{"_et_pb_use_builder":"on","_et_pb_old_content":"","_et_gb_content_width":"","_monsterinsights_skip_tracking":false,"_monsterinsights_sitenote_active":false,"_monsterinsights_sitenote_note":"","_monsterinsights_sitenote_category":0,"_ayudawp_aiss_exclude":false,"footnotes":""},"class_list":["post-1106","page","type-page","status-publish","has-post-thumbnail","hentry"],"yoast_head":"<!-- This site is optimized with the Yoast SEO Premium plugin v27.2 (Yoast SEO v27.2) - https:\/\/yoast.com\/product\/yoast-seo-premium-wordpress\/ -->\n<title>Mari\u0301a Espada - ACM Concerts<\/title>\n<meta name=\"description\" content=\"Born in M\u00e9rida (Spain), Mar\u00eda Espada studied singing with Mariana You Chi and with Alfredo Kraus, amongst others.She has performed in halls such as the ...\" \/>\n<meta name=\"robots\" content=\"index, follow, max-snippet:-1, max-image-preview:large, max-video-preview:-1\" \/>\n<link rel=\"canonical\" href=\"https:\/\/acmconcerts.com\/en\/artists\/singers\/soprano\/maria-espada\/\" \/>\n<meta property=\"og:locale\" content=\"en_US\" \/>\n<meta property=\"og:type\" content=\"article\" \/>\n<meta property=\"og:title\" content=\"Mari\u0301a Espada\" \/>\n<meta property=\"og:url\" content=\"https:\/\/acmconcerts.com\/en\/artists\/singers\/soprano\/maria-espada\/\" \/>\n<meta property=\"og:site_name\" content=\"ACM Concerts\" \/>\n<meta property=\"article:publisher\" content=\"https:\/\/www.facebook.com\/ACM-Concerts-819784831388420\/\" \/>\n<meta property=\"article:modified_time\" content=\"2020-06-05T16:26:31+00:00\" \/>\n<meta property=\"og:image\" content=\"https:\/\/acmconcerts.com\/wp-content\/uploads\/2016\/01\/maria_espada03_op.jpg\" \/>\n\t<meta property=\"og:image:width\" content=\"1024\" \/>\n\t<meta property=\"og:image:height\" content=\"1365\" \/>\n\t<meta property=\"og:image:type\" content=\"image\/jpeg\" \/>\n<meta name=\"twitter:card\" content=\"summary_large_image\" \/>\n<meta name=\"twitter:site\" content=\"@acmconcerts\" \/>\n<script type=\"application\/ld+json\" class=\"yoast-schema-graph\">{\"@context\":\"https:\/\/schema.org\",\"@graph\":[{\"@type\":\"WebPage\",\"@id\":\"https:\/\/acmconcerts.com\/en\/artists\/singers\/soprano\/maria-espada\/\",\"url\":\"https:\/\/acmconcerts.com\/en\/artists\/singers\/soprano\/maria-espada\/\",\"name\":\"Mari\u0301a Espada - ACM Concerts\",\"isPartOf\":{\"@id\":\"https:\/\/acmconcerts.com\/#website\"},\"primaryImageOfPage\":{\"@id\":\"https:\/\/acmconcerts.com\/en\/artists\/singers\/soprano\/maria-espada\/#primaryimage\"},\"image\":{\"@id\":\"https:\/\/acmconcerts.com\/en\/artists\/singers\/soprano\/maria-espada\/#primaryimage\"},\"thumbnailUrl\":\"https:\/\/acmconcerts.com\/wp-content\/uploads\/2016\/01\/maria_espada03_op.jpg\",\"datePublished\":\"2016-01-27T10:50:58+00:00\",\"dateModified\":\"2020-06-05T16:26:31+00:00\",\"description\":\"Born in M\u00e9rida (Spain), Mar\u00eda Espada studied singing with Mariana You Chi and with Alfredo Kraus, amongst others.She has performed in halls such as the ...\",\"breadcrumb\":{\"@id\":\"https:\/\/acmconcerts.com\/en\/artists\/singers\/soprano\/maria-espada\/#breadcrumb\"},\"inLanguage\":\"en-US\",\"potentialAction\":[{\"@type\":\"ReadAction\",\"target\":[\"https:\/\/acmconcerts.com\/en\/artists\/singers\/soprano\/maria-espada\/\"]}]},{\"@type\":\"ImageObject\",\"inLanguage\":\"en-US\",\"@id\":\"https:\/\/acmconcerts.com\/en\/artists\/singers\/soprano\/maria-espada\/#primaryimage\",\"url\":\"https:\/\/acmconcerts.com\/wp-content\/uploads\/2016\/01\/maria_espada03_op.jpg\",\"contentUrl\":\"https:\/\/acmconcerts.com\/wp-content\/uploads\/2016\/01\/maria_espada03_op.jpg\",\"width\":1024,\"height\":1365,\"caption\":\"Mar\u00eda Espada Orquesta de Radio Televisi\u00f3n Espa\u00f1ola\"},{\"@type\":\"BreadcrumbList\",\"@id\":\"https:\/\/acmconcerts.com\/en\/artists\/singers\/soprano\/maria-espada\/#breadcrumb\",\"itemListElement\":[{\"@type\":\"ListItem\",\"position\":1,\"name\":\"Portada\",\"item\":\"https:\/\/acmconcerts.com\/en\/\"},{\"@type\":\"ListItem\",\"position\":2,\"name\":\"Artists\",\"item\":\"https:\/\/acmconcerts.com\/en\/artists\/\"},{\"@type\":\"ListItem\",\"position\":3,\"name\":\"Singers\",\"item\":\"https:\/\/acmconcerts.com\/en\/artists\/singers\/\"},{\"@type\":\"ListItem\",\"position\":4,\"name\":\"Soprano\",\"item\":\"https:\/\/acmconcerts.com\/en\/artists\/singers\/soprano\/\"},{\"@type\":\"ListItem\",\"position\":5,\"name\":\"Mari\u0301a Espada\"}]},{\"@type\":\"WebSite\",\"@id\":\"https:\/\/acmconcerts.com\/#website\",\"url\":\"https:\/\/acmconcerts.com\/\",\"name\":\"ACM Concerts\",\"description\":\"Agencia art\u00edstica\",\"publisher\":{\"@id\":\"https:\/\/acmconcerts.com\/#organization\"},\"potentialAction\":[{\"@type\":\"SearchAction\",\"target\":{\"@type\":\"EntryPoint\",\"urlTemplate\":\"https:\/\/acmconcerts.com\/?s={search_term_string}\"},\"query-input\":{\"@type\":\"PropertyValueSpecification\",\"valueRequired\":true,\"valueName\":\"search_term_string\"}}],\"inLanguage\":\"en-US\"},{\"@type\":\"Organization\",\"@id\":\"https:\/\/acmconcerts.com\/#organization\",\"name\":\"ACM Concerts\",\"url\":\"https:\/\/acmconcerts.com\/\",\"logo\":{\"@type\":\"ImageObject\",\"inLanguage\":\"en-US\",\"@id\":\"https:\/\/acmconcerts.com\/#\/schema\/logo\/image\/\",\"url\":\"https:\/\/acmconcerts.com\/wp-content\/uploads\/2015\/11\/logo-ACM-grande-e1447756158188.jpg\",\"contentUrl\":\"https:\/\/acmconcerts.com\/wp-content\/uploads\/2015\/11\/logo-ACM-grande-e1447756158188.jpg\",\"width\":600,\"height\":146,\"caption\":\"ACM Concerts\"},\"image\":{\"@id\":\"https:\/\/acmconcerts.com\/#\/schema\/logo\/image\/\"},\"sameAs\":[\"https:\/\/www.facebook.com\/ACM-Concerts-819784831388420\/\",\"https:\/\/x.com\/acmconcerts\",\"https:\/\/www.youtube.com\/user\/acmconcerts\"]}]}<\/script>\n<!-- \/ Yoast SEO Premium plugin. -->","yoast_head_json":{"title":"Mari\u0301a Espada - ACM Concerts","description":"Born in M\u00e9rida (Spain), Mar\u00eda Espada studied singing with Mariana You Chi and with Alfredo Kraus, amongst others.She has performed in halls such as the ...","robots":{"index":"index","follow":"follow","max-snippet":"max-snippet:-1","max-image-preview":"max-image-preview:large","max-video-preview":"max-video-preview:-1"},"canonical":"https:\/\/acmconcerts.com\/en\/artists\/singers\/soprano\/maria-espada\/","og_locale":"en_US","og_type":"article","og_title":"Mari\u0301a Espada","og_url":"https:\/\/acmconcerts.com\/en\/artists\/singers\/soprano\/maria-espada\/","og_site_name":"ACM Concerts","article_publisher":"https:\/\/www.facebook.com\/ACM-Concerts-819784831388420\/","article_modified_time":"2020-06-05T16:26:31+00:00","og_image":[{"width":1024,"height":1365,"url":"https:\/\/acmconcerts.com\/wp-content\/uploads\/2016\/01\/maria_espada03_op.jpg","type":"image\/jpeg"}],"twitter_card":"summary_large_image","twitter_site":"@acmconcerts","schema":{"@context":"https:\/\/schema.org","@graph":[{"@type":"WebPage","@id":"https:\/\/acmconcerts.com\/en\/artists\/singers\/soprano\/maria-espada\/","url":"https:\/\/acmconcerts.com\/en\/artists\/singers\/soprano\/maria-espada\/","name":"Mari\u0301a Espada - ACM Concerts","isPartOf":{"@id":"https:\/\/acmconcerts.com\/#website"},"primaryImageOfPage":{"@id":"https:\/\/acmconcerts.com\/en\/artists\/singers\/soprano\/maria-espada\/#primaryimage"},"image":{"@id":"https:\/\/acmconcerts.com\/en\/artists\/singers\/soprano\/maria-espada\/#primaryimage"},"thumbnailUrl":"https:\/\/acmconcerts.com\/wp-content\/uploads\/2016\/01\/maria_espada03_op.jpg","datePublished":"2016-01-27T10:50:58+00:00","dateModified":"2020-06-05T16:26:31+00:00","description":"Born in M\u00e9rida (Spain), Mar\u00eda Espada studied singing with Mariana You Chi and with Alfredo Kraus, amongst others.She has performed in halls such as the ...","breadcrumb":{"@id":"https:\/\/acmconcerts.com\/en\/artists\/singers\/soprano\/maria-espada\/#breadcrumb"},"inLanguage":"en-US","potentialAction":[{"@type":"ReadAction","target":["https:\/\/acmconcerts.com\/en\/artists\/singers\/soprano\/maria-espada\/"]}]},{"@type":"ImageObject","inLanguage":"en-US","@id":"https:\/\/acmconcerts.com\/en\/artists\/singers\/soprano\/maria-espada\/#primaryimage","url":"https:\/\/acmconcerts.com\/wp-content\/uploads\/2016\/01\/maria_espada03_op.jpg","contentUrl":"https:\/\/acmconcerts.com\/wp-content\/uploads\/2016\/01\/maria_espada03_op.jpg","width":1024,"height":1365,"caption":"Mar\u00eda Espada Orquesta de Radio Televisi\u00f3n Espa\u00f1ola"},{"@type":"BreadcrumbList","@id":"https:\/\/acmconcerts.com\/en\/artists\/singers\/soprano\/maria-espada\/#breadcrumb","itemListElement":[{"@type":"ListItem","position":1,"name":"Portada","item":"https:\/\/acmconcerts.com\/en\/"},{"@type":"ListItem","position":2,"name":"Artists","item":"https:\/\/acmconcerts.com\/en\/artists\/"},{"@type":"ListItem","position":3,"name":"Singers","item":"https:\/\/acmconcerts.com\/en\/artists\/singers\/"},{"@type":"ListItem","position":4,"name":"Soprano","item":"https:\/\/acmconcerts.com\/en\/artists\/singers\/soprano\/"},{"@type":"ListItem","position":5,"name":"Mari\u0301a Espada"}]},{"@type":"WebSite","@id":"https:\/\/acmconcerts.com\/#website","url":"https:\/\/acmconcerts.com\/","name":"ACM Concerts","description":"Agencia art\u00edstica","publisher":{"@id":"https:\/\/acmconcerts.com\/#organization"},"potentialAction":[{"@type":"SearchAction","target":{"@type":"EntryPoint","urlTemplate":"https:\/\/acmconcerts.com\/?s={search_term_string}"},"query-input":{"@type":"PropertyValueSpecification","valueRequired":true,"valueName":"search_term_string"}}],"inLanguage":"en-US"},{"@type":"Organization","@id":"https:\/\/acmconcerts.com\/#organization","name":"ACM Concerts","url":"https:\/\/acmconcerts.com\/","logo":{"@type":"ImageObject","inLanguage":"en-US","@id":"https:\/\/acmconcerts.com\/#\/schema\/logo\/image\/","url":"https:\/\/acmconcerts.com\/wp-content\/uploads\/2015\/11\/logo-ACM-grande-e1447756158188.jpg","contentUrl":"https:\/\/acmconcerts.com\/wp-content\/uploads\/2015\/11\/logo-ACM-grande-e1447756158188.jpg","width":600,"height":146,"caption":"ACM Concerts"},"image":{"@id":"https:\/\/acmconcerts.com\/#\/schema\/logo\/image\/"},"sameAs":["https:\/\/www.facebook.com\/ACM-Concerts-819784831388420\/","https:\/\/x.com\/acmconcerts","https:\/\/www.youtube.com\/user\/acmconcerts"]}]}},"_links":{"self":[{"href":"https:\/\/acmconcerts.com\/en\/wp-json\/wp\/v2\/pages\/1106","targetHints":{"allow":["GET"]}}],"collection":[{"href":"https:\/\/acmconcerts.com\/en\/wp-json\/wp\/v2\/pages"}],"about":[{"href":"https:\/\/acmconcerts.com\/en\/wp-json\/wp\/v2\/types\/page"}],"author":[{"embeddable":true,"href":"https:\/\/acmconcerts.com\/en\/wp-json\/wp\/v2\/users\/2"}],"replies":[{"embeddable":true,"href":"https:\/\/acmconcerts.com\/en\/wp-json\/wp\/v2\/comments?post=1106"}],"version-history":[{"count":0,"href":"https:\/\/acmconcerts.com\/en\/wp-json\/wp\/v2\/pages\/1106\/revisions"}],"up":[{"embeddable":true,"href":"https:\/\/acmconcerts.com\/en\/wp-json\/wp\/v2\/pages\/796"}],"wp:featuredmedia":[{"embeddable":true,"href":"https:\/\/acmconcerts.com\/en\/wp-json\/wp\/v2\/media\/1107"}],"wp:attachment":[{"href":"https:\/\/acmconcerts.com\/en\/wp-json\/wp\/v2\/media?parent=1106"}],"curies":[{"name":"wp","href":"https:\/\/api.w.org\/{rel}","templated":true}]}}