{"id":1084,"date":"2016-01-27T11:42:37","date_gmt":"2016-01-27T10:42:37","guid":{"rendered":"http:\/\/acmconcerts.com\/en\/artists\/singers\/soprano\/cristina-bayon\/"},"modified":"2020-06-05T18:11:56","modified_gmt":"2020-06-05T16:11:56","slug":"cristina-bayon","status":"publish","type":"page","link":"https:\/\/acmconcerts.com\/en\/artists\/singers\/soprano\/cristina-bayon\/","title":{"rendered":"Cristina Bayo\u0301n"},"content":{"rendered":"<p>[et_pb_section fb_built=&#8221;1&#8243; fullwidth=&#8221;on&#8221; admin_label=&#8221;Secci\u00f3n&#8221; _builder_version=&#8221;3.22&#8243;][et_pb_fullwidth_image src=&#8221;https:\/\/acmconcerts.com\/wp-content\/uploads\/2016\/01\/cristina_bayon_op-1.jpg&#8221; admin_label=&#8221;Imagen de anchura completa&#8221; _builder_version=&#8221;3.0.87&#8243; animation_style=&#8221;fade&#8221; animation_duration=&#8221;500ms&#8221; animation=&#8221;fade_in&#8221; use_border_color=&#8221;off&#8221; border_color=&#8221;#ffffff&#8221; border_style=&#8221;solid&#8221;][\/et_pb_fullwidth_image][\/et_pb_section][et_pb_section fb_built=&#8221;1&#8243; admin_label=&#8221;Secci\u00f3n&#8221; _builder_version=&#8221;3.22&#8243;][et_pb_row column_structure=&#8221;2_3,1_3&#8243; admin_label=&#8221;Fila&#8221; _builder_version=&#8221;3.25&#8243; background_size=&#8221;initial&#8221; background_position=&#8221;top_left&#8221; background_repeat=&#8221;repeat&#8221;][et_pb_column type=&#8221;2_3&#8243; _builder_version=&#8221;3.25&#8243; custom_padding=&#8221;|||&#8221; custom_padding__hover=&#8221;|||&#8221;][et_pb_text admin_label=&#8221;Texto&#8221; _builder_version=&#8221;3.27.4&#8243; background_size=&#8221;initial&#8221; background_position=&#8221;top_left&#8221; background_repeat=&#8221;repeat&#8221; use_border_color=&#8221;off&#8221; border_color=&#8221;#ffffff&#8221; border_style=&#8221;solid&#8221;]<\/p>\n<h2 style=\"text-align: justify;\"><span style=\"color: #000000;\">Cristina Bay\u00f3n, soprano<\/span><\/h2>\n<p><\/p>\n<p style=\"text-align: justify;\"><span style=\"color: #000000;\">She was born in Seville. She graduates with honours in Singing Bachelor Degree at the Music Conservatory&nbsp; in Seville and courses in Historic Singing and Chamber Music in &nbsp;Staatliche Hochschule f\u00fcr Musik Trossingen (Germany).<\/span><\/p>\n<p style=\"text-align: justify;\"><span style=\"color: #000000;\">Cristina has been involved in a wide range of concerts, cooperating with the Seville Barroque Orchestra, \u201cSilva de Sirenas\u201d, \u201cConcerto delle Dame\u201d, \u201cLos M\u00fasicos de su Alteza\u201d \u201cThe Irving Ensemble\u201d, or \u201cVozes de Al Ayre Espa\u00f1ol\u201d, being honoured with international acknowledgement performing in a lot of festivals such as: Amberes Early Music Festival, Utrecht Early Music Festival, Sarajevo Winter Festival, some other in France (Montfaucon y Montfrin) &nbsp;or Germany (Stuttgart, Maulbron, Rottweil, Villingen, Kultur und Klinik Spaichingen,&#8230;).<\/span><\/p>\n<p style=\"text-align: justify;\"><span style=\"color: #000000;\">Specifically in Spain, Old Music Festivals&nbsp; in Seville, Barcelona, Palencia, M\u00e1laga, Alarcos Medieval Music Festival, Donostiarra Musical Fortnight, Vigo Are More Festival, Vitoria Early Music Concert Series, Getxo Music Festival, Durango Music Week, Barcelona \u201cAntiqua\u201d Concert Series, Toledo and C\u00f3rdoba, Seville Real Alc\u00e1zar Garden Nights, \u00dabeda and Baeza Festival, C\u00e1diz Spanish Music Festival, etc.<\/span><\/p>\n<p style=\"text-align: justify;\"><span style=\"color: #000000;\">She has been succesfully directed by Diego Fasolis, Aar\u00f3n Zapico, Monica Hugget, Cristoph Coin, Enrico Onoffri, Charles Toet, Gabriel Garrido, Alfred Ca\u00f1amero, Carlos Mena, Josep Cabr\u00e9, Walter Reiter, Angel Sampedro, Llu\u00eds Vilamaj\u00f3, Manel Valdivieso, Markus Goecke, Michael Thomas, Lu\u00eds Antonio Gonz\u00e1lez, Lorenz Duftschmidt&#8230;.<\/span><\/p>\n<p style=\"text-align: justify;\"><span style=\"color: #000000;\">Cristina has recorded some works for Almaviva, Alpha, Orquesta Barroca de Sevilla, Verso, Consejer\u00eda de Educaci\u00f3n de la Junta de Andaluc\u00eda, and Archivo Musical catedralicio in C\u00e1diz.<\/span><\/p>\n<p style=\"text-align: justify;\"><span style=\"color: #000000;\">Among her latest operatic works there are remarkable performances as Serpina in Pergolesi &nbsp;\u201cServa Padrona\u201d, Venus in \u201cVenus and Adonis\u201d by J. Blow, or the world premiere of \u201cIl Giocatore\u201d opera by Jommeli in Conde Duque Theatre in Madrid. Her most recent role is Donna Elvira in \u201cDon Giovanni\u201d by&nbsp; W. A. Mozart, with great reception by both the critics and audience.<\/span><\/p>\n<p>[\/et_pb_text][et_pb_text admin_label=&#8221;Texto&#8221; _builder_version=&#8221;3.27.4&#8243; background_size=&#8221;initial&#8221; background_position=&#8221;top_left&#8221; background_repeat=&#8221;repeat&#8221; use_border_color=&#8221;off&#8221; border_color=&#8221;#ffffff&#8221; border_style=&#8221;solid&#8221;]<a href=\"https:\/\/acmconcerts.com\/en\/?ddownload=1078\" title=\"Descargar BIO en PDF\" rel=\"nofollow\" class=\"ddownload-button button-grey id-1078 ext-pdf\">Descargar BIO en PDF<\/a><br \/>\n[\/et_pb_text][et_pb_text admin_label=&#8221;Texto&#8221; _builder_version=&#8221;3.27.4&#8243; background_size=&#8221;initial&#8221; background_position=&#8221;top_left&#8221; background_repeat=&#8221;repeat&#8221; use_border_color=&#8221;off&#8221; border_color=&#8221;#ffffff&#8221; border_style=&#8221;solid&#8221;]<a href=\"https:\/\/acmconcerts.com\/en\/?ddownload=1079\" title=\"Download BIO PDF\" rel=\"nofollow\" class=\"ddownload-button button-grey id-1079 ext-pdf\">Download BIO PDF<\/a><br \/>\n[\/et_pb_text][\/et_pb_column][et_pb_column type=&#8221;1_3&#8243; _builder_version=&#8221;3.25&#8243; custom_padding=&#8221;|||&#8221; custom_padding__hover=&#8221;|||&#8221;][et_pb_social_media_follow url_new_window=&#8221;off&#8221; admin_label=&#8221;Seguir en medios sociales&#8221; _builder_version=&#8221;3.0.87&#8243; link_shape=&#8221;rounded_rectangle&#8221;][et_pb_social_media_follow_network social_network=&#8221;facebook&#8221; url=&#8221;https:\/\/www.facebook.com\/Cristina-Bay%C3%B3n-114618818610174\/&#8221; _builder_version=&#8221;3.0.74&#8243; background_color=&#8221;#3b5998&#8243; bg_color=&#8221;#3b5998&#8243; link_shape=&#8221;rounded_rectangle&#8221; follow_button=&#8221;off&#8221; url_new_window=&#8221;off&#8221;] Facebook [\/et_pb_social_media_follow_network][\/et_pb_social_media_follow][et_pb_code admin_label=&#8221;C\u00f3digo&#8221; _builder_version=&#8221;4.4.8&#8243; hover_enabled=&#8221;0&#8243;]<iframe width=\"650\" height=\"450\" src=\"https:\/\/www.youtube-nocookie.com\/embed\/videoseries?list=PL6Y2Eo22D_lVk4qTSIbWtI9FF0NQrwhPS\" frameborder=\"0\" allow=\"accelerometer; autoplay; encrypted-media; gyroscope; picture-in-picture\" allowfullscreen><\/iframe>[\/et_pb_code][\/et_pb_column][\/et_pb_row][\/et_pb_section]<\/p>\n","protected":false},"excerpt":{"rendered":"<p>Cristina Bay\u00f3n, soprano She was born in Seville. She graduates with honours in Singing Bachelor Degree at the Music Conservatory&nbsp; in Seville and courses in Historic Singing and Chamber Music in &nbsp;Staatliche Hochschule f\u00fcr Musik Trossingen (Germany). Cristina has been involved in a wide range of concerts, cooperating with the Seville Barroque Orchestra, \u201cSilva de [&hellip;]<\/p>\n","protected":false},"author":2,"featured_media":1513,"parent":796,"menu_order":0,"comment_status":"closed","ping_status":"closed","template":"","meta":{"_et_pb_use_builder":"on","_et_pb_old_content":"","_et_gb_content_width":"","_monsterinsights_skip_tracking":false,"_monsterinsights_sitenote_active":false,"_monsterinsights_sitenote_note":"","_monsterinsights_sitenote_category":0,"_ayudawp_aiss_exclude":false,"footnotes":""},"class_list":["post-1084","page","type-page","status-publish","has-post-thumbnail","hentry"],"yoast_head":"<!-- This site is optimized with the Yoast SEO Premium plugin v27.2 (Yoast SEO v27.2) - https:\/\/yoast.com\/product\/yoast-seo-premium-wordpress\/ -->\n<title>Cristina Bayo\u0301n - ACM Concerts<\/title>\n<meta name=\"description\" content=\"She was born in Seville. She graduates with honours in Singing Bachelor Degree at the Music Conservatory in Seville and courses in Historic Singing and ...\" \/>\n<meta name=\"robots\" content=\"index, follow, max-snippet:-1, max-image-preview:large, max-video-preview:-1\" \/>\n<link rel=\"canonical\" href=\"https:\/\/acmconcerts.com\/en\/artists\/singers\/soprano\/cristina-bayon\/\" \/>\n<meta property=\"og:locale\" content=\"en_US\" \/>\n<meta property=\"og:type\" content=\"article\" \/>\n<meta property=\"og:title\" content=\"Cristina Bayo\u0301n\" \/>\n<meta property=\"og:url\" content=\"https:\/\/acmconcerts.com\/en\/artists\/singers\/soprano\/cristina-bayon\/\" \/>\n<meta property=\"og:site_name\" content=\"ACM Concerts\" \/>\n<meta property=\"article:publisher\" content=\"https:\/\/www.facebook.com\/ACM-Concerts-819784831388420\/\" \/>\n<meta property=\"article:modified_time\" content=\"2020-06-05T16:11:56+00:00\" \/>\n<meta property=\"og:image\" content=\"https:\/\/acmconcerts.com\/wp-content\/uploads\/2016\/01\/cristina_bayon01.jpg\" \/>\n\t<meta property=\"og:image:width\" content=\"917\" \/>\n\t<meta property=\"og:image:height\" content=\"910\" \/>\n\t<meta property=\"og:image:type\" content=\"image\/jpeg\" \/>\n<meta name=\"twitter:card\" content=\"summary_large_image\" \/>\n<meta name=\"twitter:site\" content=\"@acmconcerts\" \/>\n<script type=\"application\/ld+json\" class=\"yoast-schema-graph\">{\"@context\":\"https:\/\/schema.org\",\"@graph\":[{\"@type\":\"WebPage\",\"@id\":\"https:\/\/acmconcerts.com\/en\/artists\/singers\/soprano\/cristina-bayon\/\",\"url\":\"https:\/\/acmconcerts.com\/en\/artists\/singers\/soprano\/cristina-bayon\/\",\"name\":\"Cristina Bayo\u0301n - ACM Concerts\",\"isPartOf\":{\"@id\":\"https:\/\/acmconcerts.com\/#website\"},\"primaryImageOfPage\":{\"@id\":\"https:\/\/acmconcerts.com\/en\/artists\/singers\/soprano\/cristina-bayon\/#primaryimage\"},\"image\":{\"@id\":\"https:\/\/acmconcerts.com\/en\/artists\/singers\/soprano\/cristina-bayon\/#primaryimage\"},\"thumbnailUrl\":\"https:\/\/acmconcerts.com\/wp-content\/uploads\/2016\/01\/cristina_bayon01.jpg\",\"datePublished\":\"2016-01-27T10:42:37+00:00\",\"dateModified\":\"2020-06-05T16:11:56+00:00\",\"description\":\"She was born in Seville. She graduates with honours in Singing Bachelor Degree at the Music Conservatory in Seville and courses in Historic Singing and ...\",\"breadcrumb\":{\"@id\":\"https:\/\/acmconcerts.com\/en\/artists\/singers\/soprano\/cristina-bayon\/#breadcrumb\"},\"inLanguage\":\"en-US\",\"potentialAction\":[{\"@type\":\"ReadAction\",\"target\":[\"https:\/\/acmconcerts.com\/en\/artists\/singers\/soprano\/cristina-bayon\/\"]}]},{\"@type\":\"ImageObject\",\"inLanguage\":\"en-US\",\"@id\":\"https:\/\/acmconcerts.com\/en\/artists\/singers\/soprano\/cristina-bayon\/#primaryimage\",\"url\":\"https:\/\/acmconcerts.com\/wp-content\/uploads\/2016\/01\/cristina_bayon01.jpg\",\"contentUrl\":\"https:\/\/acmconcerts.com\/wp-content\/uploads\/2016\/01\/cristina_bayon01.jpg\",\"width\":917,\"height\":910},{\"@type\":\"BreadcrumbList\",\"@id\":\"https:\/\/acmconcerts.com\/en\/artists\/singers\/soprano\/cristina-bayon\/#breadcrumb\",\"itemListElement\":[{\"@type\":\"ListItem\",\"position\":1,\"name\":\"Portada\",\"item\":\"https:\/\/acmconcerts.com\/en\/\"},{\"@type\":\"ListItem\",\"position\":2,\"name\":\"Artists\",\"item\":\"https:\/\/acmconcerts.com\/en\/artists\/\"},{\"@type\":\"ListItem\",\"position\":3,\"name\":\"Singers\",\"item\":\"https:\/\/acmconcerts.com\/en\/artists\/singers\/\"},{\"@type\":\"ListItem\",\"position\":4,\"name\":\"Soprano\",\"item\":\"https:\/\/acmconcerts.com\/en\/artists\/singers\/soprano\/\"},{\"@type\":\"ListItem\",\"position\":5,\"name\":\"Cristina Bayo\u0301n\"}]},{\"@type\":\"WebSite\",\"@id\":\"https:\/\/acmconcerts.com\/#website\",\"url\":\"https:\/\/acmconcerts.com\/\",\"name\":\"ACM Concerts\",\"description\":\"Agencia art\u00edstica\",\"publisher\":{\"@id\":\"https:\/\/acmconcerts.com\/#organization\"},\"potentialAction\":[{\"@type\":\"SearchAction\",\"target\":{\"@type\":\"EntryPoint\",\"urlTemplate\":\"https:\/\/acmconcerts.com\/?s={search_term_string}\"},\"query-input\":{\"@type\":\"PropertyValueSpecification\",\"valueRequired\":true,\"valueName\":\"search_term_string\"}}],\"inLanguage\":\"en-US\"},{\"@type\":\"Organization\",\"@id\":\"https:\/\/acmconcerts.com\/#organization\",\"name\":\"ACM Concerts\",\"url\":\"https:\/\/acmconcerts.com\/\",\"logo\":{\"@type\":\"ImageObject\",\"inLanguage\":\"en-US\",\"@id\":\"https:\/\/acmconcerts.com\/#\/schema\/logo\/image\/\",\"url\":\"https:\/\/acmconcerts.com\/wp-content\/uploads\/2015\/11\/logo-ACM-grande-e1447756158188.jpg\",\"contentUrl\":\"https:\/\/acmconcerts.com\/wp-content\/uploads\/2015\/11\/logo-ACM-grande-e1447756158188.jpg\",\"width\":600,\"height\":146,\"caption\":\"ACM Concerts\"},\"image\":{\"@id\":\"https:\/\/acmconcerts.com\/#\/schema\/logo\/image\/\"},\"sameAs\":[\"https:\/\/www.facebook.com\/ACM-Concerts-819784831388420\/\",\"https:\/\/x.com\/acmconcerts\",\"https:\/\/www.youtube.com\/user\/acmconcerts\"]}]}<\/script>\n<!-- \/ Yoast SEO Premium plugin. -->","yoast_head_json":{"title":"Cristina Bayo\u0301n - ACM Concerts","description":"She was born in Seville. She graduates with honours in Singing Bachelor Degree at the Music Conservatory in Seville and courses in Historic Singing and ...","robots":{"index":"index","follow":"follow","max-snippet":"max-snippet:-1","max-image-preview":"max-image-preview:large","max-video-preview":"max-video-preview:-1"},"canonical":"https:\/\/acmconcerts.com\/en\/artists\/singers\/soprano\/cristina-bayon\/","og_locale":"en_US","og_type":"article","og_title":"Cristina Bayo\u0301n","og_url":"https:\/\/acmconcerts.com\/en\/artists\/singers\/soprano\/cristina-bayon\/","og_site_name":"ACM Concerts","article_publisher":"https:\/\/www.facebook.com\/ACM-Concerts-819784831388420\/","article_modified_time":"2020-06-05T16:11:56+00:00","og_image":[{"width":917,"height":910,"url":"https:\/\/acmconcerts.com\/wp-content\/uploads\/2016\/01\/cristina_bayon01.jpg","type":"image\/jpeg"}],"twitter_card":"summary_large_image","twitter_site":"@acmconcerts","schema":{"@context":"https:\/\/schema.org","@graph":[{"@type":"WebPage","@id":"https:\/\/acmconcerts.com\/en\/artists\/singers\/soprano\/cristina-bayon\/","url":"https:\/\/acmconcerts.com\/en\/artists\/singers\/soprano\/cristina-bayon\/","name":"Cristina Bayo\u0301n - ACM Concerts","isPartOf":{"@id":"https:\/\/acmconcerts.com\/#website"},"primaryImageOfPage":{"@id":"https:\/\/acmconcerts.com\/en\/artists\/singers\/soprano\/cristina-bayon\/#primaryimage"},"image":{"@id":"https:\/\/acmconcerts.com\/en\/artists\/singers\/soprano\/cristina-bayon\/#primaryimage"},"thumbnailUrl":"https:\/\/acmconcerts.com\/wp-content\/uploads\/2016\/01\/cristina_bayon01.jpg","datePublished":"2016-01-27T10:42:37+00:00","dateModified":"2020-06-05T16:11:56+00:00","description":"She was born in Seville. She graduates with honours in Singing Bachelor Degree at the Music Conservatory in Seville and courses in Historic Singing and ...","breadcrumb":{"@id":"https:\/\/acmconcerts.com\/en\/artists\/singers\/soprano\/cristina-bayon\/#breadcrumb"},"inLanguage":"en-US","potentialAction":[{"@type":"ReadAction","target":["https:\/\/acmconcerts.com\/en\/artists\/singers\/soprano\/cristina-bayon\/"]}]},{"@type":"ImageObject","inLanguage":"en-US","@id":"https:\/\/acmconcerts.com\/en\/artists\/singers\/soprano\/cristina-bayon\/#primaryimage","url":"https:\/\/acmconcerts.com\/wp-content\/uploads\/2016\/01\/cristina_bayon01.jpg","contentUrl":"https:\/\/acmconcerts.com\/wp-content\/uploads\/2016\/01\/cristina_bayon01.jpg","width":917,"height":910},{"@type":"BreadcrumbList","@id":"https:\/\/acmconcerts.com\/en\/artists\/singers\/soprano\/cristina-bayon\/#breadcrumb","itemListElement":[{"@type":"ListItem","position":1,"name":"Portada","item":"https:\/\/acmconcerts.com\/en\/"},{"@type":"ListItem","position":2,"name":"Artists","item":"https:\/\/acmconcerts.com\/en\/artists\/"},{"@type":"ListItem","position":3,"name":"Singers","item":"https:\/\/acmconcerts.com\/en\/artists\/singers\/"},{"@type":"ListItem","position":4,"name":"Soprano","item":"https:\/\/acmconcerts.com\/en\/artists\/singers\/soprano\/"},{"@type":"ListItem","position":5,"name":"Cristina Bayo\u0301n"}]},{"@type":"WebSite","@id":"https:\/\/acmconcerts.com\/#website","url":"https:\/\/acmconcerts.com\/","name":"ACM Concerts","description":"Agencia art\u00edstica","publisher":{"@id":"https:\/\/acmconcerts.com\/#organization"},"potentialAction":[{"@type":"SearchAction","target":{"@type":"EntryPoint","urlTemplate":"https:\/\/acmconcerts.com\/?s={search_term_string}"},"query-input":{"@type":"PropertyValueSpecification","valueRequired":true,"valueName":"search_term_string"}}],"inLanguage":"en-US"},{"@type":"Organization","@id":"https:\/\/acmconcerts.com\/#organization","name":"ACM Concerts","url":"https:\/\/acmconcerts.com\/","logo":{"@type":"ImageObject","inLanguage":"en-US","@id":"https:\/\/acmconcerts.com\/#\/schema\/logo\/image\/","url":"https:\/\/acmconcerts.com\/wp-content\/uploads\/2015\/11\/logo-ACM-grande-e1447756158188.jpg","contentUrl":"https:\/\/acmconcerts.com\/wp-content\/uploads\/2015\/11\/logo-ACM-grande-e1447756158188.jpg","width":600,"height":146,"caption":"ACM Concerts"},"image":{"@id":"https:\/\/acmconcerts.com\/#\/schema\/logo\/image\/"},"sameAs":["https:\/\/www.facebook.com\/ACM-Concerts-819784831388420\/","https:\/\/x.com\/acmconcerts","https:\/\/www.youtube.com\/user\/acmconcerts"]}]}},"_links":{"self":[{"href":"https:\/\/acmconcerts.com\/en\/wp-json\/wp\/v2\/pages\/1084","targetHints":{"allow":["GET"]}}],"collection":[{"href":"https:\/\/acmconcerts.com\/en\/wp-json\/wp\/v2\/pages"}],"about":[{"href":"https:\/\/acmconcerts.com\/en\/wp-json\/wp\/v2\/types\/page"}],"author":[{"embeddable":true,"href":"https:\/\/acmconcerts.com\/en\/wp-json\/wp\/v2\/users\/2"}],"replies":[{"embeddable":true,"href":"https:\/\/acmconcerts.com\/en\/wp-json\/wp\/v2\/comments?post=1084"}],"version-history":[{"count":0,"href":"https:\/\/acmconcerts.com\/en\/wp-json\/wp\/v2\/pages\/1084\/revisions"}],"up":[{"embeddable":true,"href":"https:\/\/acmconcerts.com\/en\/wp-json\/wp\/v2\/pages\/796"}],"wp:featuredmedia":[{"embeddable":true,"href":"https:\/\/acmconcerts.com\/en\/wp-json\/wp\/v2\/media\/1513"}],"wp:attachment":[{"href":"https:\/\/acmconcerts.com\/en\/wp-json\/wp\/v2\/media?parent=1084"}],"curies":[{"name":"wp","href":"https:\/\/api.w.org\/{rel}","templated":true}]}}