{"id":1058,"date":"2016-01-27T18:37:49","date_gmt":"2016-01-27T17:37:49","guid":{"rendered":"http:\/\/acmconcerts.com\/en\/artists\/chamber-music\/trio-arriaga\/"},"modified":"2020-06-04T19:44:28","modified_gmt":"2020-06-04T17:44:28","slug":"trio-arriaga","status":"publish","type":"page","link":"https:\/\/acmconcerts.com\/en\/artists\/chamber-music\/trio-arriaga\/","title":{"rendered":"Tri\u0301o Arriaga"},"content":{"rendered":"<p>[et_pb_section fb_built=&#8221;1&#8243; fullwidth=&#8221;on&#8221; _builder_version=&#8221;3.22&#8243;][et_pb_fullwidth_image src=&#8221;https:\/\/acmconcerts.com\/wp-content\/uploads\/2018\/03\/trio_arriaga.jpg&#8221; _builder_version=&#8221;3.0.105&#8243; animation_style=&#8221;fade&#8221; animation_duration=&#8221;500ms&#8221; use_border_color=&#8221;off&#8221;][\/et_pb_fullwidth_image][\/et_pb_section][et_pb_section fb_built=&#8221;1&#8243; _builder_version=&#8221;3.22&#8243;][et_pb_row column_structure=&#8221;2_3,1_3&#8243; _builder_version=&#8221;3.25&#8243; background_size=&#8221;initial&#8221; background_position=&#8221;top_left&#8221; background_repeat=&#8221;repeat&#8221;][et_pb_column type=&#8221;2_3&#8243; _builder_version=&#8221;3.25&#8243; custom_padding=&#8221;|||&#8221; custom_padding__hover=&#8221;|||&#8221;][et_pb_text _builder_version=&#8221;3.27.4&#8243; background_size=&#8221;initial&#8221; background_position=&#8221;top_left&#8221; background_repeat=&#8221;repeat&#8221; use_border_color=&#8221;off&#8221; border_color=&#8221;#ffffff&#8221; border_style=&#8221;solid&#8221;]<\/p>\n<h2 style=\"text-align: justify;\"><span style=\"color: #000000;\">Tr\u00edo Arriaga<\/span><\/h2>\n<p>&nbsp;<\/p>\n<p style=\"text-align: justify;\"><span style=\"color: #000000;\">Considered by the critics as a reference of their generation, the members of the Arriaga Trio have appeared at the most relevant Festivals and Music Halls of Europe, Asia and America. Their soloistic\u00a0 careers took them to perform with Orchestras in Spain and overseas:<\/span><\/p>\n<p style=\"text-align: justify;\"><span style=\"color: #000000;\">The Gulbenkian Symphony Orchestra (Lisbon, Portugal), The Royal Philharmonic Orchestra of Seville, the Valencia Symphony Orchestra, the City of Granada Symphony Orchestra, the Ensemble Orchestrale de Lyon, the National Symphony Orchestra of Honduras, the Leos Janacek Chamber Orchestra, the Barcelona Symphony Orchestra, the Spanish Radio-Television Orchestra, the Galicia Royal Philarmonic Orchestra, etc.<\/span><\/p>\n<p style=\"text-align: justify;\"><span style=\"color: #000000;\">They also have performed together with the most prestigious soloists, music ensembles and conductors of the international panorama, such as Y. Menuhin, R. Schmidt, G. Causs\u00e9, N. Chumachenco, the\u00a0 Brodsky\u00a0 Quartet, the Gewandhause Leipzig Quartet, the Casals Quartet , the Prague Quartet,\u00a0 J. L. Garc\u00eda Asensio,\u00a0 J. Pons, P. Halffter, etc.\u00a0\u00a0<\/span><\/p>\n<p style=\"text-align: justify;\"><span style=\"color: #000000;\">Altogether, they have recorded more than 25 cd\u2019s as a soloists and along with renowned musicians and chamber music groups for labels such as Naxos, Sony, Col-legno, R.N.E, SGAE, Verso, etc.<\/span><\/p>\n<p style=\"text-align: justify;\"><span style=\"color: #000000;\">The members of the Arriaga Trio have been awarded at many national and international Music Competitions, such as the Tibor Varga International Violin Competition, the Joaqu\u00edn Rodrigo International Violin Competition, the Kendall Taylor Beethoven Piano Prize, the Quilter International Piano Competition, etc.In addition, they all have won the 1<sup>st<\/sup> Prize at the \u201cJuventudes Musicales\u201d National Music Competition (Spain), in the soloist category.<\/span><\/p>\n<p style=\"text-align: justify;\"><span style=\"color: #000000;\">Educated along various countries including France, England and Germany they have been encouraged\u00a0 by the wise advices of great artists such as M. Vengerov, P. Zukermann, B. Canino, B. Greenhouse( Beaux Arts Trio), M. Pressler( Beaux Arts Trio), P. Farulli (Quartetto Italiano), F. Helmerson, B. Pergamenchihov, N. Gutman, V. Repin, M. Kopelmann, among others.<\/span><\/p>\n<p style=\"text-align: justify;\"><span style=\"color: #000000;\">Future engagements include appearances at Festivals in Lisbon, Murcia, Valladolid, San Sebasti\u00e1n,\u00a0 Armagnac (France), Puerto Rico (Pau Casals Festival) etc. They actually combine their performances with regular jobs at well-known Music Institutions such as the City of Birmingham Symphony Orchestra, the Arag\u00f3n National Music Conservatoire, the Barcelona Liceu High School of Music and the Gulbenkian Symphony Orchestra (Leader).<\/span><\/p>\n<p>[\/et_pb_text][et_pb_text _builder_version=&#8221;3.27.4&#8243; background_size=&#8221;initial&#8221; background_position=&#8221;top_left&#8221; background_repeat=&#8221;repeat&#8221; use_border_color=&#8221;off&#8221; border_color=&#8221;#ffffff&#8221; border_style=&#8221;solid&#8221;] <a href=\"https:\/\/acmconcerts.com\/en\/?ddownload=1055\" title=\"Descargar BIO en PDF\" rel=\"nofollow\" class=\"ddownload-button button-grey id-1055 ext-pdf\">Descargar BIO en PDF<\/a> [\/et_pb_text][et_pb_text _builder_version=&#8221;3.27.4&#8243; background_size=&#8221;initial&#8221; background_position=&#8221;top_left&#8221; background_repeat=&#8221;repeat&#8221; use_border_color=&#8221;off&#8221; border_color=&#8221;#ffffff&#8221; border_style=&#8221;solid&#8221;] <a href=\"https:\/\/acmconcerts.com\/en\/?ddownload=1056\" title=\"Download BIO PDF\" rel=\"nofollow\" class=\"ddownload-button button-grey id-1056 ext-pdf\">Download BIO PDF<\/a> [\/et_pb_text][\/et_pb_column][et_pb_column type=&#8221;1_3&#8243; _builder_version=&#8221;3.25&#8243; custom_padding=&#8221;|||&#8221; custom_padding__hover=&#8221;|||&#8221;][et_pb_text _builder_version=&#8221;3.27.4&#8243; background_size=&#8221;initial&#8221; background_position=&#8221;top_left&#8221; background_repeat=&#8221;repeat&#8221; use_border_color=&#8221;off&#8221; border_color=&#8221;#ffffff&#8221; border_style=&#8221;solid&#8221;]<\/p>\n<p>Web: <a href=\"http:\/\/www.trioarriaga.com\">www.trioarriaga.com<\/a><\/p>\n<p>[\/et_pb_text][et_pb_code _builder_version=&#8221;4.4.7&#8243; hover_enabled=&#8221;0&#8243;]<iframe width=\"650\" height=\"450\" src=\"https:\/\/www.youtube-nocookie.com\/embed\/videoseries?list=PL6Y2Eo22D_lXDwtYJb8eAjY3n5KHJDMbg\" frameborder=\"0\" allow=\"accelerometer; autoplay; encrypted-media; gyroscope; picture-in-picture\" allowfullscreen><\/iframe>[\/et_pb_code][\/et_pb_column][\/et_pb_row][\/et_pb_section]<\/p>\n","protected":false},"excerpt":{"rendered":"<p>Tr\u00edo Arriaga &nbsp; Considered by the critics as a reference of their generation, the members of the Arriaga Trio have appeared at the most relevant Festivals and Music Halls of Europe, Asia and America. Their soloistic\u00a0 careers took them to perform with Orchestras in Spain and overseas: The Gulbenkian Symphony Orchestra (Lisbon, Portugal), The Royal [&hellip;]<\/p>\n","protected":false},"author":2,"featured_media":5829,"parent":792,"menu_order":0,"comment_status":"closed","ping_status":"closed","template":"","meta":{"_et_pb_use_builder":"on","_et_pb_old_content":"","_et_gb_content_width":"","_monsterinsights_skip_tracking":false,"_monsterinsights_sitenote_active":false,"_monsterinsights_sitenote_note":"","_monsterinsights_sitenote_category":0,"_ayudawp_aiss_exclude":false,"footnotes":""},"class_list":["post-1058","page","type-page","status-publish","has-post-thumbnail","hentry"],"yoast_head":"<!-- This site is optimized with the Yoast SEO Premium plugin v27.2 (Yoast SEO v27.2) - https:\/\/yoast.com\/product\/yoast-seo-premium-wordpress\/ -->\n<title>Tri\u0301o Arriaga - ACM Concerts<\/title>\n<meta name=\"description\" content=\"Considered by the critics as a reference of their generation, the members of the Arriaga Trio have appeared at the most relevant Festivals and Music ...\" \/>\n<meta name=\"robots\" content=\"index, follow, max-snippet:-1, max-image-preview:large, max-video-preview:-1\" \/>\n<link rel=\"canonical\" href=\"https:\/\/acmconcerts.com\/en\/artists\/chamber-music\/trio-arriaga\/\" \/>\n<meta property=\"og:locale\" content=\"en_US\" \/>\n<meta property=\"og:type\" content=\"article\" \/>\n<meta property=\"og:title\" content=\"Tri\u0301o Arriaga\" \/>\n<meta property=\"og:url\" content=\"https:\/\/acmconcerts.com\/en\/artists\/chamber-music\/trio-arriaga\/\" \/>\n<meta property=\"og:site_name\" content=\"ACM Concerts\" \/>\n<meta property=\"article:publisher\" content=\"https:\/\/www.facebook.com\/ACM-Concerts-819784831388420\/\" \/>\n<meta property=\"article:modified_time\" content=\"2020-06-04T17:44:28+00:00\" \/>\n<meta property=\"og:image\" content=\"https:\/\/acmconcerts.com\/wp-content\/uploads\/2018\/03\/trio_arriaga05.jpg\" \/>\n\t<meta property=\"og:image:width\" content=\"1920\" \/>\n\t<meta property=\"og:image:height\" content=\"1280\" \/>\n\t<meta property=\"og:image:type\" content=\"image\/jpeg\" \/>\n<meta name=\"twitter:card\" content=\"summary_large_image\" \/>\n<meta name=\"twitter:site\" content=\"@acmconcerts\" \/>\n<script type=\"application\/ld+json\" class=\"yoast-schema-graph\">{\"@context\":\"https:\/\/schema.org\",\"@graph\":[{\"@type\":\"WebPage\",\"@id\":\"https:\/\/acmconcerts.com\/en\/artists\/chamber-music\/trio-arriaga\/\",\"url\":\"https:\/\/acmconcerts.com\/en\/artists\/chamber-music\/trio-arriaga\/\",\"name\":\"Tri\u0301o Arriaga - ACM Concerts\",\"isPartOf\":{\"@id\":\"https:\/\/acmconcerts.com\/#website\"},\"primaryImageOfPage\":{\"@id\":\"https:\/\/acmconcerts.com\/en\/artists\/chamber-music\/trio-arriaga\/#primaryimage\"},\"image\":{\"@id\":\"https:\/\/acmconcerts.com\/en\/artists\/chamber-music\/trio-arriaga\/#primaryimage\"},\"thumbnailUrl\":\"https:\/\/acmconcerts.com\/wp-content\/uploads\/2018\/03\/trio_arriaga05.jpg\",\"datePublished\":\"2016-01-27T17:37:49+00:00\",\"dateModified\":\"2020-06-04T17:44:28+00:00\",\"description\":\"Considered by the critics as a reference of their generation, the members of the Arriaga Trio have appeared at the most relevant Festivals and Music ...\",\"breadcrumb\":{\"@id\":\"https:\/\/acmconcerts.com\/en\/artists\/chamber-music\/trio-arriaga\/#breadcrumb\"},\"inLanguage\":\"en-US\",\"potentialAction\":[{\"@type\":\"ReadAction\",\"target\":[\"https:\/\/acmconcerts.com\/en\/artists\/chamber-music\/trio-arriaga\/\"]}]},{\"@type\":\"ImageObject\",\"inLanguage\":\"en-US\",\"@id\":\"https:\/\/acmconcerts.com\/en\/artists\/chamber-music\/trio-arriaga\/#primaryimage\",\"url\":\"https:\/\/acmconcerts.com\/wp-content\/uploads\/2018\/03\/trio_arriaga05.jpg\",\"contentUrl\":\"https:\/\/acmconcerts.com\/wp-content\/uploads\/2018\/03\/trio_arriaga05.jpg\",\"width\":1920,\"height\":1280,\"caption\":\"Tr\u00edo Arriaga Filarm\u00f3nica M\u00e1laga Max Vald\u00e9s\"},{\"@type\":\"BreadcrumbList\",\"@id\":\"https:\/\/acmconcerts.com\/en\/artists\/chamber-music\/trio-arriaga\/#breadcrumb\",\"itemListElement\":[{\"@type\":\"ListItem\",\"position\":1,\"name\":\"Portada\",\"item\":\"https:\/\/acmconcerts.com\/en\/\"},{\"@type\":\"ListItem\",\"position\":2,\"name\":\"Artists\",\"item\":\"https:\/\/acmconcerts.com\/en\/artists\/\"},{\"@type\":\"ListItem\",\"position\":3,\"name\":\"Chamber Music\",\"item\":\"https:\/\/acmconcerts.com\/en\/artists\/chamber-music\/\"},{\"@type\":\"ListItem\",\"position\":4,\"name\":\"Tri\u0301o Arriaga\"}]},{\"@type\":\"WebSite\",\"@id\":\"https:\/\/acmconcerts.com\/#website\",\"url\":\"https:\/\/acmconcerts.com\/\",\"name\":\"ACM Concerts\",\"description\":\"Agencia art\u00edstica\",\"publisher\":{\"@id\":\"https:\/\/acmconcerts.com\/#organization\"},\"potentialAction\":[{\"@type\":\"SearchAction\",\"target\":{\"@type\":\"EntryPoint\",\"urlTemplate\":\"https:\/\/acmconcerts.com\/?s={search_term_string}\"},\"query-input\":{\"@type\":\"PropertyValueSpecification\",\"valueRequired\":true,\"valueName\":\"search_term_string\"}}],\"inLanguage\":\"en-US\"},{\"@type\":\"Organization\",\"@id\":\"https:\/\/acmconcerts.com\/#organization\",\"name\":\"ACM Concerts\",\"url\":\"https:\/\/acmconcerts.com\/\",\"logo\":{\"@type\":\"ImageObject\",\"inLanguage\":\"en-US\",\"@id\":\"https:\/\/acmconcerts.com\/#\/schema\/logo\/image\/\",\"url\":\"https:\/\/acmconcerts.com\/wp-content\/uploads\/2015\/11\/logo-ACM-grande-e1447756158188.jpg\",\"contentUrl\":\"https:\/\/acmconcerts.com\/wp-content\/uploads\/2015\/11\/logo-ACM-grande-e1447756158188.jpg\",\"width\":600,\"height\":146,\"caption\":\"ACM Concerts\"},\"image\":{\"@id\":\"https:\/\/acmconcerts.com\/#\/schema\/logo\/image\/\"},\"sameAs\":[\"https:\/\/www.facebook.com\/ACM-Concerts-819784831388420\/\",\"https:\/\/x.com\/acmconcerts\",\"https:\/\/www.youtube.com\/user\/acmconcerts\"]}]}<\/script>\n<!-- \/ Yoast SEO Premium plugin. -->","yoast_head_json":{"title":"Tri\u0301o Arriaga - ACM Concerts","description":"Considered by the critics as a reference of their generation, the members of the Arriaga Trio have appeared at the most relevant Festivals and Music ...","robots":{"index":"index","follow":"follow","max-snippet":"max-snippet:-1","max-image-preview":"max-image-preview:large","max-video-preview":"max-video-preview:-1"},"canonical":"https:\/\/acmconcerts.com\/en\/artists\/chamber-music\/trio-arriaga\/","og_locale":"en_US","og_type":"article","og_title":"Tri\u0301o Arriaga","og_url":"https:\/\/acmconcerts.com\/en\/artists\/chamber-music\/trio-arriaga\/","og_site_name":"ACM Concerts","article_publisher":"https:\/\/www.facebook.com\/ACM-Concerts-819784831388420\/","article_modified_time":"2020-06-04T17:44:28+00:00","og_image":[{"width":1920,"height":1280,"url":"https:\/\/acmconcerts.com\/wp-content\/uploads\/2018\/03\/trio_arriaga05.jpg","type":"image\/jpeg"}],"twitter_card":"summary_large_image","twitter_site":"@acmconcerts","schema":{"@context":"https:\/\/schema.org","@graph":[{"@type":"WebPage","@id":"https:\/\/acmconcerts.com\/en\/artists\/chamber-music\/trio-arriaga\/","url":"https:\/\/acmconcerts.com\/en\/artists\/chamber-music\/trio-arriaga\/","name":"Tri\u0301o Arriaga - ACM Concerts","isPartOf":{"@id":"https:\/\/acmconcerts.com\/#website"},"primaryImageOfPage":{"@id":"https:\/\/acmconcerts.com\/en\/artists\/chamber-music\/trio-arriaga\/#primaryimage"},"image":{"@id":"https:\/\/acmconcerts.com\/en\/artists\/chamber-music\/trio-arriaga\/#primaryimage"},"thumbnailUrl":"https:\/\/acmconcerts.com\/wp-content\/uploads\/2018\/03\/trio_arriaga05.jpg","datePublished":"2016-01-27T17:37:49+00:00","dateModified":"2020-06-04T17:44:28+00:00","description":"Considered by the critics as a reference of their generation, the members of the Arriaga Trio have appeared at the most relevant Festivals and Music ...","breadcrumb":{"@id":"https:\/\/acmconcerts.com\/en\/artists\/chamber-music\/trio-arriaga\/#breadcrumb"},"inLanguage":"en-US","potentialAction":[{"@type":"ReadAction","target":["https:\/\/acmconcerts.com\/en\/artists\/chamber-music\/trio-arriaga\/"]}]},{"@type":"ImageObject","inLanguage":"en-US","@id":"https:\/\/acmconcerts.com\/en\/artists\/chamber-music\/trio-arriaga\/#primaryimage","url":"https:\/\/acmconcerts.com\/wp-content\/uploads\/2018\/03\/trio_arriaga05.jpg","contentUrl":"https:\/\/acmconcerts.com\/wp-content\/uploads\/2018\/03\/trio_arriaga05.jpg","width":1920,"height":1280,"caption":"Tr\u00edo Arriaga Filarm\u00f3nica M\u00e1laga Max Vald\u00e9s"},{"@type":"BreadcrumbList","@id":"https:\/\/acmconcerts.com\/en\/artists\/chamber-music\/trio-arriaga\/#breadcrumb","itemListElement":[{"@type":"ListItem","position":1,"name":"Portada","item":"https:\/\/acmconcerts.com\/en\/"},{"@type":"ListItem","position":2,"name":"Artists","item":"https:\/\/acmconcerts.com\/en\/artists\/"},{"@type":"ListItem","position":3,"name":"Chamber Music","item":"https:\/\/acmconcerts.com\/en\/artists\/chamber-music\/"},{"@type":"ListItem","position":4,"name":"Tri\u0301o Arriaga"}]},{"@type":"WebSite","@id":"https:\/\/acmconcerts.com\/#website","url":"https:\/\/acmconcerts.com\/","name":"ACM Concerts","description":"Agencia art\u00edstica","publisher":{"@id":"https:\/\/acmconcerts.com\/#organization"},"potentialAction":[{"@type":"SearchAction","target":{"@type":"EntryPoint","urlTemplate":"https:\/\/acmconcerts.com\/?s={search_term_string}"},"query-input":{"@type":"PropertyValueSpecification","valueRequired":true,"valueName":"search_term_string"}}],"inLanguage":"en-US"},{"@type":"Organization","@id":"https:\/\/acmconcerts.com\/#organization","name":"ACM Concerts","url":"https:\/\/acmconcerts.com\/","logo":{"@type":"ImageObject","inLanguage":"en-US","@id":"https:\/\/acmconcerts.com\/#\/schema\/logo\/image\/","url":"https:\/\/acmconcerts.com\/wp-content\/uploads\/2015\/11\/logo-ACM-grande-e1447756158188.jpg","contentUrl":"https:\/\/acmconcerts.com\/wp-content\/uploads\/2015\/11\/logo-ACM-grande-e1447756158188.jpg","width":600,"height":146,"caption":"ACM Concerts"},"image":{"@id":"https:\/\/acmconcerts.com\/#\/schema\/logo\/image\/"},"sameAs":["https:\/\/www.facebook.com\/ACM-Concerts-819784831388420\/","https:\/\/x.com\/acmconcerts","https:\/\/www.youtube.com\/user\/acmconcerts"]}]}},"_links":{"self":[{"href":"https:\/\/acmconcerts.com\/en\/wp-json\/wp\/v2\/pages\/1058","targetHints":{"allow":["GET"]}}],"collection":[{"href":"https:\/\/acmconcerts.com\/en\/wp-json\/wp\/v2\/pages"}],"about":[{"href":"https:\/\/acmconcerts.com\/en\/wp-json\/wp\/v2\/types\/page"}],"author":[{"embeddable":true,"href":"https:\/\/acmconcerts.com\/en\/wp-json\/wp\/v2\/users\/2"}],"replies":[{"embeddable":true,"href":"https:\/\/acmconcerts.com\/en\/wp-json\/wp\/v2\/comments?post=1058"}],"version-history":[{"count":0,"href":"https:\/\/acmconcerts.com\/en\/wp-json\/wp\/v2\/pages\/1058\/revisions"}],"up":[{"embeddable":true,"href":"https:\/\/acmconcerts.com\/en\/wp-json\/wp\/v2\/pages\/792"}],"wp:featuredmedia":[{"embeddable":true,"href":"https:\/\/acmconcerts.com\/en\/wp-json\/wp\/v2\/media\/5829"}],"wp:attachment":[{"href":"https:\/\/acmconcerts.com\/en\/wp-json\/wp\/v2\/media?parent=1058"}],"curies":[{"name":"wp","href":"https:\/\/api.w.org\/{rel}","templated":true}]}}