{"id":1048,"date":"2016-01-27T18:47:07","date_gmt":"2016-01-27T17:47:07","guid":{"rendered":"http:\/\/acmconcerts.com\/en\/artists\/chamber-music\/cuarteto-debussy\/"},"modified":"2020-06-04T19:35:37","modified_gmt":"2020-06-04T17:35:37","slug":"cuarteto-debussy","status":"publish","type":"page","link":"https:\/\/acmconcerts.com\/en\/artists\/chamber-music\/cuarteto-debussy\/","title":{"rendered":"Cuarteto Debussy"},"content":{"rendered":"<p>[et_pb_section fb_built=&#8221;1&#8243; fullwidth=&#8221;on&#8221; admin_label=&#8221;Secci\u00f3n&#8221; _builder_version=&#8221;3.22&#8243;][et_pb_fullwidth_image src=&#8221;https:\/\/acmconcerts.com\/wp-content\/uploads\/2016\/01\/quatuor_debussy_op.jpg&#8221; admin_label=&#8221;Imagen de anchura completa&#8221; _builder_version=&#8221;3.0.87&#8243; animation_style=&#8221;fade&#8221; animation_duration=&#8221;500ms&#8221; use_border_color=&#8221;off&#8221; border_color=&#8221;#ffffff&#8221; border_style=&#8221;solid&#8221; animation=&#8221;fade_in&#8221;][\/et_pb_fullwidth_image][\/et_pb_section][et_pb_section fb_built=&#8221;1&#8243; admin_label=&#8221;Secci\u00f3n&#8221; _builder_version=&#8221;3.22&#8243;][et_pb_row column_structure=&#8221;2_3,1_3&#8243; admin_label=&#8221;Fila&#8221; _builder_version=&#8221;3.25&#8243; background_size=&#8221;initial&#8221; background_position=&#8221;top_left&#8221; background_repeat=&#8221;repeat&#8221;][et_pb_column type=&#8221;2_3&#8243; _builder_version=&#8221;3.25&#8243; custom_padding=&#8221;|||&#8221; custom_padding__hover=&#8221;|||&#8221;][et_pb_text admin_label=&#8221;Texto&#8221; _builder_version=&#8221;3.27.4&#8243; background_size=&#8221;initial&#8221; background_position=&#8221;top_left&#8221; background_repeat=&#8221;repeat&#8221; use_border_color=&#8221;off&#8221; border_color=&#8221;#ffffff&#8221; border_style=&#8221;solid&#8221;]<\/p>\n<h2 style=\"text-align: justify;\"><span style=\"color: #000000;\">Cuarteto Debussy<\/span><\/h2>\n<p><\/p>\n<p style=\"text-align: justify;\"><span style=\"color: #000000;\">Through its passionate commitment to speak in a unique voice, eschewing the creation of an international quartet sound, the Debussy Quartet has established its reputation as one of the finest quartets touring and recording today. Formed in 1990 by a group of young musicians studying at the Conservatoire de Lyon, France, the quartet has gained international renown for its exciting performances and award-winning&nbsp;recordings. In major concert halls from New York to Tokyo they perform a wide range of works,&nbsp;and are perhaps most well known for their devotion to the French repertoire. The quartet\u2019s performances of the Ravel, Debussy and Faur\u00e9 quartets are legendary, and these four musicians continue to create new audiences for works of their countrymen such as Lalo, Lekeu, Milhaud and the late romantic composer Ermand Bonnal.<\/span><\/p>\n<p style=\"text-align: justify;\"><span style=\"color: #000000;\">Winners of the Evian International String Quartet Competition, the Debussy Quartet performs about 80 concerts a year in Europe, Asia, and North America. They are regular guests at distinguished concert halls (Concertgebouw in Amsterdam, Auditorio Nacional de Musica in Madrid, Grand Theatre in Geneva, Konzerthaus in Berlin, Th\u00e9\u00e2tre du <em>Ch\u00e2telet<\/em>, Mus\u00e9e du Louvre in Paris) and are also heard at many of Europe\u2019s finest festivals. In addition to mixed chamber music with renowned colleagues, the quartet has embarked on an adventurous collaboration with the famed modern dance ensemble, <em>Compagnie K\u00e4fig <\/em>(choreographer Mourad Merzouki), for a new project in which they are incorporated as choreographed elements while performing on their respective instruments in concert with the dancers.<\/span><\/p>\n<p style=\"text-align: justify;\"><span style=\"color: #000000;\">The Debussy Quartet\u2019s extensive discography includes the acclaimed Decca label release of the landmark Mozart Requiem recording, in the 1802 transcription by Peter Lichtenthal (about which a documentary film has also been made). The Arion label produced several volumes in the \u201cFrench Music\u201d collection (Bonnal, Ravel, Faur\u00e9, Witkowski, Lekeu) and the complete Shostakovich Quartets, among other works. The quartet\u2019s mixed chamber music repertoire includes its highly regarded CD of the Brahms and Weber clarinet quintets with clarinetist Jean Francois Verdier and a highly acclaimed collaboration with the pianist Fran\u00e7ois Chaplin in several Mozart piano concertos. In addition, their discography includes the complete works of Webern for string quartet (for Harmonia Mundi), which received the coveted \u00ab&nbsp;Choc&nbsp;\u00bb award of <em>Le Monde de la Musique.<\/em><\/span><\/p>\n<p style=\"text-align: justify;\"><span style=\"color: #000000;\">The Debussy Quartet is based in Lyon, France. Its members are the founders of \u201cLes Cordes en Ballade\u201d a chamber music festival and an academy of chamber music in the South of France, where they perform and teach each summer.<\/span><\/p>\n<p>[\/et_pb_text][et_pb_text admin_label=&#8221;Texto&#8221; _builder_version=&#8221;3.27.4&#8243; background_size=&#8221;initial&#8221; background_position=&#8221;top_left&#8221; background_repeat=&#8221;repeat&#8221; use_border_color=&#8221;off&#8221; border_color=&#8221;#ffffff&#8221; border_style=&#8221;solid&#8221;]<a href=\"https:\/\/acmconcerts.com\/en\/?ddownload=1044\" title=\"Descargar BIO en PDF\" rel=\"nofollow\" class=\"ddownload-button button-grey id-1044 ext-pdf\">Descargar BIO en PDF<\/a><br \/>\n[\/et_pb_text][et_pb_text admin_label=&#8221;Texto&#8221; _builder_version=&#8221;3.27.4&#8243; background_size=&#8221;initial&#8221; background_position=&#8221;top_left&#8221; background_repeat=&#8221;repeat&#8221; use_border_color=&#8221;off&#8221; border_color=&#8221;#ffffff&#8221; border_style=&#8221;solid&#8221;]<a href=\"https:\/\/acmconcerts.com\/en\/?ddownload=1045\" title=\"Download BIO PDF\" rel=\"nofollow\" class=\"ddownload-button button-grey id-1045 ext-pdf\">Download BIO PDF<\/a><br \/>\n[\/et_pb_text][\/et_pb_column][et_pb_column type=&#8221;1_3&#8243; _builder_version=&#8221;3.25&#8243; custom_padding=&#8221;|||&#8221; custom_padding__hover=&#8221;|||&#8221;][et_pb_social_media_follow url_new_window=&#8221;off&#8221; admin_label=&#8221;Seguir en medios sociales&#8221; _builder_version=&#8221;3.0.87&#8243; link_shape=&#8221;rounded_rectangle&#8221;][et_pb_social_media_follow_network social_network=&#8221;facebook&#8221; url=&#8221;https:\/\/www.facebook.com\/quatuordebussy?fref=ts&#8221; _builder_version=&#8221;3.0.74&#8243; background_color=&#8221;#3b5998&#8243; bg_color=&#8221;#3b5998&#8243; link_shape=&#8221;rounded_rectangle&#8221; follow_button=&#8221;off&#8221; url_new_window=&#8221;off&#8221;] Facebook [\/et_pb_social_media_follow_network][\/et_pb_social_media_follow][et_pb_text admin_label=&#8221;Texto&#8221; _builder_version=&#8221;3.27.4&#8243; background_size=&#8221;initial&#8221; background_position=&#8221;top_left&#8221; background_repeat=&#8221;repeat&#8221; use_border_color=&#8221;off&#8221; border_color=&#8221;#ffffff&#8221; border_style=&#8221;solid&#8221;]Web:\u00a0<a href=\"http:\/\/www.quatuordebussy.com\/\" target=\"_blank\" rel=\"noopener noreferrer\">http:\/\/www.quatuordebussy.com\/<\/a><br \/>\n[\/et_pb_text][et_pb_code admin_label=&#8221;C\u00f3digo&#8221; _builder_version=&#8221;4.4.7&#8243; hover_enabled=&#8221;0&#8243;]<iframe width=\"650\" height=\"450\" src=\"https:\/\/www.youtube-nocookie.com\/embed\/videoseries?list=PL6Y2Eo22D_lW0I1NJTLytSguBam5WQxE5\" frameborder=\"0\" allow=\"accelerometer; autoplay; encrypted-media; gyroscope; picture-in-picture\" allowfullscreen><\/iframe>[\/et_pb_code][\/et_pb_column][\/et_pb_row][\/et_pb_section]<\/p>\n","protected":false},"excerpt":{"rendered":"<p>Cuarteto Debussy Through its passionate commitment to speak in a unique voice, eschewing the creation of an international quartet sound, the Debussy Quartet has established its reputation as one of the finest quartets touring and recording today. Formed in 1990 by a group of young musicians studying at the Conservatoire de Lyon, France, the quartet [&hellip;]<\/p>\n","protected":false},"author":2,"featured_media":1041,"parent":792,"menu_order":0,"comment_status":"closed","ping_status":"closed","template":"","meta":{"_et_pb_use_builder":"on","_et_pb_old_content":"","_et_gb_content_width":"","_monsterinsights_skip_tracking":false,"_monsterinsights_sitenote_active":false,"_monsterinsights_sitenote_note":"","_monsterinsights_sitenote_category":0,"_ayudawp_aiss_exclude":false,"footnotes":""},"class_list":["post-1048","page","type-page","status-publish","has-post-thumbnail","hentry"],"yoast_head":"<!-- This site is optimized with the Yoast SEO Premium plugin v27.2 (Yoast SEO v27.2) - https:\/\/yoast.com\/product\/yoast-seo-premium-wordpress\/ -->\n<title>Cuarteto Debussy - ACM Concerts<\/title>\n<meta name=\"description\" content=\"Through its passionate commitment to speak in a unique voice, eschewing the creation of an international quartet sound, the Debussy Quartet has ...\" \/>\n<meta name=\"robots\" content=\"index, follow, max-snippet:-1, max-image-preview:large, max-video-preview:-1\" \/>\n<link rel=\"canonical\" href=\"https:\/\/acmconcerts.com\/en\/artists\/chamber-music\/cuarteto-debussy\/\" \/>\n<meta property=\"og:locale\" content=\"en_US\" \/>\n<meta property=\"og:type\" content=\"article\" \/>\n<meta property=\"og:title\" content=\"Cuarteto Debussy\" \/>\n<meta property=\"og:url\" content=\"https:\/\/acmconcerts.com\/en\/artists\/chamber-music\/cuarteto-debussy\/\" \/>\n<meta property=\"og:site_name\" content=\"ACM Concerts\" \/>\n<meta property=\"article:publisher\" content=\"https:\/\/www.facebook.com\/ACM-Concerts-819784831388420\/\" \/>\n<meta property=\"article:modified_time\" content=\"2020-06-04T17:35:37+00:00\" \/>\n<meta property=\"og:image\" content=\"https:\/\/acmconcerts.com\/wp-content\/uploads\/2016\/01\/quatuor_debussy02-1.jpg\" \/>\n\t<meta property=\"og:image:width\" content=\"1024\" \/>\n\t<meta property=\"og:image:height\" content=\"681\" \/>\n\t<meta property=\"og:image:type\" content=\"image\/jpeg\" \/>\n<meta name=\"twitter:card\" content=\"summary_large_image\" \/>\n<meta name=\"twitter:site\" content=\"@acmconcerts\" \/>\n<script type=\"application\/ld+json\" class=\"yoast-schema-graph\">{\"@context\":\"https:\/\/schema.org\",\"@graph\":[{\"@type\":\"WebPage\",\"@id\":\"https:\/\/acmconcerts.com\/en\/artists\/chamber-music\/cuarteto-debussy\/\",\"url\":\"https:\/\/acmconcerts.com\/en\/artists\/chamber-music\/cuarteto-debussy\/\",\"name\":\"Cuarteto Debussy - ACM Concerts\",\"isPartOf\":{\"@id\":\"https:\/\/acmconcerts.com\/#website\"},\"primaryImageOfPage\":{\"@id\":\"https:\/\/acmconcerts.com\/en\/artists\/chamber-music\/cuarteto-debussy\/#primaryimage\"},\"image\":{\"@id\":\"https:\/\/acmconcerts.com\/en\/artists\/chamber-music\/cuarteto-debussy\/#primaryimage\"},\"thumbnailUrl\":\"https:\/\/acmconcerts.com\/wp-content\/uploads\/2016\/01\/quatuor_debussy02-1.jpg\",\"datePublished\":\"2016-01-27T17:47:07+00:00\",\"dateModified\":\"2020-06-04T17:35:37+00:00\",\"description\":\"Through its passionate commitment to speak in a unique voice, eschewing the creation of an international quartet sound, the Debussy Quartet has ...\",\"breadcrumb\":{\"@id\":\"https:\/\/acmconcerts.com\/en\/artists\/chamber-music\/cuarteto-debussy\/#breadcrumb\"},\"inLanguage\":\"en-US\",\"potentialAction\":[{\"@type\":\"ReadAction\",\"target\":[\"https:\/\/acmconcerts.com\/en\/artists\/chamber-music\/cuarteto-debussy\/\"]}]},{\"@type\":\"ImageObject\",\"inLanguage\":\"en-US\",\"@id\":\"https:\/\/acmconcerts.com\/en\/artists\/chamber-music\/cuarteto-debussy\/#primaryimage\",\"url\":\"https:\/\/acmconcerts.com\/wp-content\/uploads\/2016\/01\/quatuor_debussy02-1.jpg\",\"contentUrl\":\"https:\/\/acmconcerts.com\/wp-content\/uploads\/2016\/01\/quatuor_debussy02-1.jpg\",\"width\":1024,\"height\":681},{\"@type\":\"BreadcrumbList\",\"@id\":\"https:\/\/acmconcerts.com\/en\/artists\/chamber-music\/cuarteto-debussy\/#breadcrumb\",\"itemListElement\":[{\"@type\":\"ListItem\",\"position\":1,\"name\":\"Portada\",\"item\":\"https:\/\/acmconcerts.com\/en\/\"},{\"@type\":\"ListItem\",\"position\":2,\"name\":\"Artists\",\"item\":\"https:\/\/acmconcerts.com\/en\/artists\/\"},{\"@type\":\"ListItem\",\"position\":3,\"name\":\"Chamber Music\",\"item\":\"https:\/\/acmconcerts.com\/en\/artists\/chamber-music\/\"},{\"@type\":\"ListItem\",\"position\":4,\"name\":\"Cuarteto Debussy\"}]},{\"@type\":\"WebSite\",\"@id\":\"https:\/\/acmconcerts.com\/#website\",\"url\":\"https:\/\/acmconcerts.com\/\",\"name\":\"ACM Concerts\",\"description\":\"Agencia art\u00edstica\",\"publisher\":{\"@id\":\"https:\/\/acmconcerts.com\/#organization\"},\"potentialAction\":[{\"@type\":\"SearchAction\",\"target\":{\"@type\":\"EntryPoint\",\"urlTemplate\":\"https:\/\/acmconcerts.com\/?s={search_term_string}\"},\"query-input\":{\"@type\":\"PropertyValueSpecification\",\"valueRequired\":true,\"valueName\":\"search_term_string\"}}],\"inLanguage\":\"en-US\"},{\"@type\":\"Organization\",\"@id\":\"https:\/\/acmconcerts.com\/#organization\",\"name\":\"ACM Concerts\",\"url\":\"https:\/\/acmconcerts.com\/\",\"logo\":{\"@type\":\"ImageObject\",\"inLanguage\":\"en-US\",\"@id\":\"https:\/\/acmconcerts.com\/#\/schema\/logo\/image\/\",\"url\":\"https:\/\/acmconcerts.com\/wp-content\/uploads\/2015\/11\/logo-ACM-grande-e1447756158188.jpg\",\"contentUrl\":\"https:\/\/acmconcerts.com\/wp-content\/uploads\/2015\/11\/logo-ACM-grande-e1447756158188.jpg\",\"width\":600,\"height\":146,\"caption\":\"ACM Concerts\"},\"image\":{\"@id\":\"https:\/\/acmconcerts.com\/#\/schema\/logo\/image\/\"},\"sameAs\":[\"https:\/\/www.facebook.com\/ACM-Concerts-819784831388420\/\",\"https:\/\/x.com\/acmconcerts\",\"https:\/\/www.youtube.com\/user\/acmconcerts\"]}]}<\/script>\n<!-- \/ Yoast SEO Premium plugin. -->","yoast_head_json":{"title":"Cuarteto Debussy - ACM Concerts","description":"Through its passionate commitment to speak in a unique voice, eschewing the creation of an international quartet sound, the Debussy Quartet has ...","robots":{"index":"index","follow":"follow","max-snippet":"max-snippet:-1","max-image-preview":"max-image-preview:large","max-video-preview":"max-video-preview:-1"},"canonical":"https:\/\/acmconcerts.com\/en\/artists\/chamber-music\/cuarteto-debussy\/","og_locale":"en_US","og_type":"article","og_title":"Cuarteto Debussy","og_url":"https:\/\/acmconcerts.com\/en\/artists\/chamber-music\/cuarteto-debussy\/","og_site_name":"ACM Concerts","article_publisher":"https:\/\/www.facebook.com\/ACM-Concerts-819784831388420\/","article_modified_time":"2020-06-04T17:35:37+00:00","og_image":[{"width":1024,"height":681,"url":"https:\/\/acmconcerts.com\/wp-content\/uploads\/2016\/01\/quatuor_debussy02-1.jpg","type":"image\/jpeg"}],"twitter_card":"summary_large_image","twitter_site":"@acmconcerts","schema":{"@context":"https:\/\/schema.org","@graph":[{"@type":"WebPage","@id":"https:\/\/acmconcerts.com\/en\/artists\/chamber-music\/cuarteto-debussy\/","url":"https:\/\/acmconcerts.com\/en\/artists\/chamber-music\/cuarteto-debussy\/","name":"Cuarteto Debussy - ACM Concerts","isPartOf":{"@id":"https:\/\/acmconcerts.com\/#website"},"primaryImageOfPage":{"@id":"https:\/\/acmconcerts.com\/en\/artists\/chamber-music\/cuarteto-debussy\/#primaryimage"},"image":{"@id":"https:\/\/acmconcerts.com\/en\/artists\/chamber-music\/cuarteto-debussy\/#primaryimage"},"thumbnailUrl":"https:\/\/acmconcerts.com\/wp-content\/uploads\/2016\/01\/quatuor_debussy02-1.jpg","datePublished":"2016-01-27T17:47:07+00:00","dateModified":"2020-06-04T17:35:37+00:00","description":"Through its passionate commitment to speak in a unique voice, eschewing the creation of an international quartet sound, the Debussy Quartet has ...","breadcrumb":{"@id":"https:\/\/acmconcerts.com\/en\/artists\/chamber-music\/cuarteto-debussy\/#breadcrumb"},"inLanguage":"en-US","potentialAction":[{"@type":"ReadAction","target":["https:\/\/acmconcerts.com\/en\/artists\/chamber-music\/cuarteto-debussy\/"]}]},{"@type":"ImageObject","inLanguage":"en-US","@id":"https:\/\/acmconcerts.com\/en\/artists\/chamber-music\/cuarteto-debussy\/#primaryimage","url":"https:\/\/acmconcerts.com\/wp-content\/uploads\/2016\/01\/quatuor_debussy02-1.jpg","contentUrl":"https:\/\/acmconcerts.com\/wp-content\/uploads\/2016\/01\/quatuor_debussy02-1.jpg","width":1024,"height":681},{"@type":"BreadcrumbList","@id":"https:\/\/acmconcerts.com\/en\/artists\/chamber-music\/cuarteto-debussy\/#breadcrumb","itemListElement":[{"@type":"ListItem","position":1,"name":"Portada","item":"https:\/\/acmconcerts.com\/en\/"},{"@type":"ListItem","position":2,"name":"Artists","item":"https:\/\/acmconcerts.com\/en\/artists\/"},{"@type":"ListItem","position":3,"name":"Chamber Music","item":"https:\/\/acmconcerts.com\/en\/artists\/chamber-music\/"},{"@type":"ListItem","position":4,"name":"Cuarteto Debussy"}]},{"@type":"WebSite","@id":"https:\/\/acmconcerts.com\/#website","url":"https:\/\/acmconcerts.com\/","name":"ACM Concerts","description":"Agencia art\u00edstica","publisher":{"@id":"https:\/\/acmconcerts.com\/#organization"},"potentialAction":[{"@type":"SearchAction","target":{"@type":"EntryPoint","urlTemplate":"https:\/\/acmconcerts.com\/?s={search_term_string}"},"query-input":{"@type":"PropertyValueSpecification","valueRequired":true,"valueName":"search_term_string"}}],"inLanguage":"en-US"},{"@type":"Organization","@id":"https:\/\/acmconcerts.com\/#organization","name":"ACM Concerts","url":"https:\/\/acmconcerts.com\/","logo":{"@type":"ImageObject","inLanguage":"en-US","@id":"https:\/\/acmconcerts.com\/#\/schema\/logo\/image\/","url":"https:\/\/acmconcerts.com\/wp-content\/uploads\/2015\/11\/logo-ACM-grande-e1447756158188.jpg","contentUrl":"https:\/\/acmconcerts.com\/wp-content\/uploads\/2015\/11\/logo-ACM-grande-e1447756158188.jpg","width":600,"height":146,"caption":"ACM Concerts"},"image":{"@id":"https:\/\/acmconcerts.com\/#\/schema\/logo\/image\/"},"sameAs":["https:\/\/www.facebook.com\/ACM-Concerts-819784831388420\/","https:\/\/x.com\/acmconcerts","https:\/\/www.youtube.com\/user\/acmconcerts"]}]}},"_links":{"self":[{"href":"https:\/\/acmconcerts.com\/en\/wp-json\/wp\/v2\/pages\/1048","targetHints":{"allow":["GET"]}}],"collection":[{"href":"https:\/\/acmconcerts.com\/en\/wp-json\/wp\/v2\/pages"}],"about":[{"href":"https:\/\/acmconcerts.com\/en\/wp-json\/wp\/v2\/types\/page"}],"author":[{"embeddable":true,"href":"https:\/\/acmconcerts.com\/en\/wp-json\/wp\/v2\/users\/2"}],"replies":[{"embeddable":true,"href":"https:\/\/acmconcerts.com\/en\/wp-json\/wp\/v2\/comments?post=1048"}],"version-history":[{"count":0,"href":"https:\/\/acmconcerts.com\/en\/wp-json\/wp\/v2\/pages\/1048\/revisions"}],"up":[{"embeddable":true,"href":"https:\/\/acmconcerts.com\/en\/wp-json\/wp\/v2\/pages\/792"}],"wp:featuredmedia":[{"embeddable":true,"href":"https:\/\/acmconcerts.com\/en\/wp-json\/wp\/v2\/media\/1041"}],"wp:attachment":[{"href":"https:\/\/acmconcerts.com\/en\/wp-json\/wp\/v2\/media?parent=1048"}],"curies":[{"name":"wp","href":"https:\/\/api.w.org\/{rel}","templated":true}]}}