{"id":1036,"date":"2016-01-27T18:23:53","date_gmt":"2016-01-27T17:23:53","guid":{"rendered":"http:\/\/acmconcerts.com\/en\/artists\/chamber-music\/cuarteto-breton\/"},"modified":"2020-06-04T19:37:49","modified_gmt":"2020-06-04T17:37:49","slug":"breton-string-quartet","status":"publish","type":"page","link":"https:\/\/acmconcerts.com\/en\/artists\/chamber-music\/breton-string-quartet\/","title":{"rendered":"Breton String Quartet"},"content":{"rendered":"<p>[et_pb_section fb_built=&#8221;1&#8243; fullwidth=&#8221;on&#8221; _builder_version=&#8221;3.22&#8243;][et_pb_fullwidth_image src=&#8221;https:\/\/acmconcerts.com\/wp-content\/uploads\/2017\/12\/cuarteto_breton_2.jpg&#8221; _builder_version=&#8221;3.0.92&#8243; animation_style=&#8221;fade&#8221; animation_duration=&#8221;500ms&#8221; use_border_color=&#8221;off&#8221;][\/et_pb_fullwidth_image][\/et_pb_section][et_pb_section fb_built=&#8221;1&#8243; _builder_version=&#8221;3.22&#8243;][et_pb_row column_structure=&#8221;2_3,1_3&#8243; _builder_version=&#8221;3.25&#8243; background_size=&#8221;initial&#8221; background_position=&#8221;top_left&#8221; background_repeat=&#8221;repeat&#8221;][et_pb_column type=&#8221;2_3&#8243; _builder_version=&#8221;3.25&#8243; custom_padding=&#8221;|||&#8221; custom_padding__hover=&#8221;|||&#8221;][et_pb_text _builder_version=&#8221;3.27.4&#8243; background_size=&#8221;initial&#8221; background_position=&#8221;top_left&#8221; background_repeat=&#8221;repeat&#8221; use_border_color=&#8221;off&#8221; border_color=&#8221;#ffffff&#8221; border_style=&#8221;solid&#8221;]<\/p>\n<h2 style=\"text-align: justify;\"><span style=\"color: #000000;\">Bret\u00f3n String Quartet<\/span><\/h2>\n<p>&nbsp;<\/p>\n<p style=\"text-align: justify;\"><span style=\"color: #000000;\">The Breton String Quartet was formed in 2003 when four musicians with extensive experience in various chamber music ensembles and sharing a passion for string quartets and Spanish composers, decided to go beyond the repertoire that is most routinely programmed, to delve into this Spanish repertoire from the past to present day.<\/span><\/p>\n<p style=\"text-align: justify;\"><span style=\"color: #000000;\">Since then, the Breton String Quartet has been invited to the principal halls, Festivals and chamber music series in Spain. They have put a strong emphasis on composers such as Ernesto and Rodolfo Halffter, Jes\u00fas Guridi, Juli\u00e1n Bautista, Jes\u00fas Garc\u00eda Le\u00f3z, Tom\u00e1s Bret\u00f3n, Juli\u00e1n Orb\u00f3n, Joaqu\u00edn Turina or Julio G\u00f3mez, as well as on modern composers such as Agust\u00edn Charles, Alfredo Aracil, Tom\u00e1s Marco, Jos\u00e9 Luis Greco, Mario Carro or Cristobal Halffter, and, of course, are as well dedicated to the standard repertoire, from Mozart and Haydn, to Debussy, Shostakovich or Szymanowsky, including Beethoven, Schubert, Mendelssohn, Schumann, Brahms, Borodin, Lalo, etc. The composers Mario Carro, Juanjo Colomer, Alfredo Aracil, Jos\u00e9 Luis Greco, V\u00edctor Padilla and Gabriel Loidi have dedicated works to the BSQ.<\/span><\/p>\n<p style=\"text-align: justify;\"><span style=\"color: #000000;\">Recent highlights have been the absolute premiere of Juanjo Colomer\u2019s two String Quartets in Bremen (Germany),\u00a0the absolute premiere of Conrado del Campo\u2019s 8<sup>th<\/sup> String Quartet in the new critical edition by the Breton String Quartet itself, as well as concerts in the most important Festivals and Halls in Spain: Festival de Granada, Quincena Musical Donostiarra, Semana de M\u00fasica Religiosa de Cuenca, Ciclo de M\u00fasica Contempor\u00e1nea de C\u00f3rdoba, Fundaci\u00f3n Juan March, Auditorio Nacional de Madrid, Sala 400 (Reina Sofia Mueum), etc.<\/span><\/p>\n<p style=\"text-align: justify;\"><span style=\"color: #000000;\">The BSQ have recorded Rodolfo Halffter\u2019s Complete String Quartets (NAXOS, Vol. III of Rodolfo Halffter\u2019s Complete Chamber Music) and Alfredo Aracil\u2019s Complete String Quartets (VERSO). During 2013, there will be many new releases such as the double CD of Father Antonio Soler\u2019s Complete Piano String Quintets, with pianist Rosa Torres Pardo (COLUMNA), Jes\u00fas Guridi\u2019s Complete String Quartets (NAXOS), followed by a double CD of Tom\u00e1s Bret\u00f3n\u2019s Complete String Quartets (NAXOS). As part of the BSQ\u2019s ambitious project of the recuperation of Spanish repertoire, they are currently working on the critical edition and recording of the Complete String Quartets (14) of Conrado del Campo: the most important collection of string quartets in the History of Spanish music.<\/span><\/p>\n<p>[\/et_pb_text][et_pb_text _builder_version=&#8221;3.27.4&#8243; background_size=&#8221;initial&#8221; background_position=&#8221;top_left&#8221; background_repeat=&#8221;repeat&#8221; use_border_color=&#8221;off&#8221; border_color=&#8221;#ffffff&#8221; border_style=&#8221;solid&#8221;] <a href=\"https:\/\/acmconcerts.com\/en\/?ddownload=1031\" title=\"Descargar BIO en PDF\" rel=\"nofollow\" class=\"ddownload-button button-grey id-1031 ext-pdf\">Descargar BIO en PDF<\/a> [\/et_pb_text][et_pb_text _builder_version=&#8221;3.27.4&#8243; background_size=&#8221;initial&#8221; background_position=&#8221;top_left&#8221; background_repeat=&#8221;repeat&#8221; use_border_color=&#8221;off&#8221; border_color=&#8221;#ffffff&#8221; border_style=&#8221;solid&#8221;] <a href=\"https:\/\/acmconcerts.com\/en\/?ddownload=1033\" title=\"Download BIO PDF\" rel=\"nofollow\" class=\"ddownload-button button-grey id-1033 ext-pdf\">Download BIO PDF<\/a> [\/et_pb_text][\/et_pb_column][et_pb_column type=&#8221;1_3&#8243; _builder_version=&#8221;3.25&#8243; custom_padding=&#8221;|||&#8221; custom_padding__hover=&#8221;|||&#8221;][et_pb_social_media_follow url_new_window=&#8221;off&#8221; _builder_version=&#8221;3.0.87&#8243; link_shape=&#8221;rounded_rectangle&#8221;][et_pb_social_media_follow_network social_network=&#8221;facebook&#8221; url=&#8221;https:\/\/www.facebook.com\/CuartetoBreton\/?fref=ts&#8221; _builder_version=&#8221;3.0.74&#8243; background_color=&#8221;#3b5998&#8243; bg_color=&#8221;#3b5998&#8243; link_shape=&#8221;rounded_rectangle&#8221; follow_button=&#8221;off&#8221; url_new_window=&#8221;off&#8221;] Facebook [\/et_pb_social_media_follow_network][\/et_pb_social_media_follow][et_pb_text _builder_version=&#8221;3.27.4&#8243; background_size=&#8221;initial&#8221; background_position=&#8221;top_left&#8221; background_repeat=&#8221;repeat&#8221; use_border_color=&#8221;off&#8221; border_color=&#8221;#ffffff&#8221; border_style=&#8221;solid&#8221;]<\/p>\n<p><span style=\"font-size: 10pt;\">Web: <a href=\"https:\/\/bretonstringquartet.wordpress.com\">https:\/\/bretonstringquartet.wordpress.com<\/a><\/span><\/p>\n<p>[\/et_pb_text][et_pb_code _builder_version=&#8221;4.4.7&#8243; hover_enabled=&#8221;0&#8243;]<iframe width=\"650\" height=\"450\" src=\"https:\/\/www.youtube-nocookie.com\/embed\/videoseries?list=PL6Y2Eo22D_lUgRglZsPmWRVMCPj8WxdRw\" frameborder=\"0\" allow=\"accelerometer; autoplay; encrypted-media; gyroscope; picture-in-picture\" allowfullscreen><\/iframe>[\/et_pb_code][\/et_pb_column][\/et_pb_row][\/et_pb_section]<\/p>\n","protected":false},"excerpt":{"rendered":"<p>Bret\u00f3n String Quartet &nbsp; The Breton String Quartet was formed in 2003 when four musicians with extensive experience in various chamber music ensembles and sharing a passion for string quartets and Spanish composers, decided to go beyond the repertoire that is most routinely programmed, to delve into this Spanish repertoire from the past to present [&hellip;]<\/p>\n","protected":false},"author":2,"featured_media":1032,"parent":792,"menu_order":0,"comment_status":"closed","ping_status":"closed","template":"","meta":{"_et_pb_use_builder":"on","_et_pb_old_content":"","_et_gb_content_width":"","_monsterinsights_skip_tracking":false,"_monsterinsights_sitenote_active":false,"_monsterinsights_sitenote_note":"","_monsterinsights_sitenote_category":0,"_ayudawp_aiss_exclude":false,"footnotes":""},"class_list":["post-1036","page","type-page","status-publish","has-post-thumbnail","hentry"],"yoast_head":"<!-- This site is optimized with the Yoast SEO Premium plugin v27.2 (Yoast SEO v27.2) - https:\/\/yoast.com\/product\/yoast-seo-premium-wordpress\/ -->\n<title>Breton String Quartet - ACM Concerts<\/title>\n<meta name=\"description\" content=\"The Breton String Quartet was formed in 2003 when four musicians with extensive experience in various chamber music ensembles and sharing a passion ...\" \/>\n<meta name=\"robots\" content=\"index, follow, max-snippet:-1, max-image-preview:large, max-video-preview:-1\" \/>\n<link rel=\"canonical\" href=\"https:\/\/acmconcerts.com\/en\/artists\/chamber-music\/breton-string-quartet\/\" \/>\n<meta property=\"og:locale\" content=\"en_US\" \/>\n<meta property=\"og:type\" content=\"article\" \/>\n<meta property=\"og:title\" content=\"Breton String Quartet\" \/>\n<meta property=\"og:url\" content=\"https:\/\/acmconcerts.com\/en\/artists\/chamber-music\/breton-string-quartet\/\" \/>\n<meta property=\"og:site_name\" content=\"ACM Concerts\" \/>\n<meta property=\"article:publisher\" content=\"https:\/\/www.facebook.com\/ACM-Concerts-819784831388420\/\" \/>\n<meta property=\"article:modified_time\" content=\"2020-06-04T17:37:49+00:00\" \/>\n<meta property=\"og:image\" content=\"https:\/\/acmconcerts.com\/wp-content\/uploads\/2016\/01\/cuarteto_breton03_op-1.jpg\" \/>\n\t<meta property=\"og:image:width\" content=\"1024\" \/>\n\t<meta property=\"og:image:height\" content=\"865\" \/>\n\t<meta property=\"og:image:type\" content=\"image\/jpeg\" \/>\n<meta name=\"twitter:card\" content=\"summary_large_image\" \/>\n<meta name=\"twitter:site\" content=\"@acmconcerts\" \/>\n<script type=\"application\/ld+json\" class=\"yoast-schema-graph\">{\"@context\":\"https:\/\/schema.org\",\"@graph\":[{\"@type\":\"WebPage\",\"@id\":\"https:\/\/acmconcerts.com\/en\/artists\/chamber-music\/breton-string-quartet\/\",\"url\":\"https:\/\/acmconcerts.com\/en\/artists\/chamber-music\/breton-string-quartet\/\",\"name\":\"Breton String Quartet - ACM Concerts\",\"isPartOf\":{\"@id\":\"https:\/\/acmconcerts.com\/#website\"},\"primaryImageOfPage\":{\"@id\":\"https:\/\/acmconcerts.com\/en\/artists\/chamber-music\/breton-string-quartet\/#primaryimage\"},\"image\":{\"@id\":\"https:\/\/acmconcerts.com\/en\/artists\/chamber-music\/breton-string-quartet\/#primaryimage\"},\"thumbnailUrl\":\"https:\/\/acmconcerts.com\/wp-content\/uploads\/2016\/01\/cuarteto_breton03_op-1.jpg\",\"datePublished\":\"2016-01-27T17:23:53+00:00\",\"dateModified\":\"2020-06-04T17:37:49+00:00\",\"description\":\"The Breton String Quartet was formed in 2003 when four musicians with extensive experience in various chamber music ensembles and sharing a passion ...\",\"breadcrumb\":{\"@id\":\"https:\/\/acmconcerts.com\/en\/artists\/chamber-music\/breton-string-quartet\/#breadcrumb\"},\"inLanguage\":\"en-US\",\"potentialAction\":[{\"@type\":\"ReadAction\",\"target\":[\"https:\/\/acmconcerts.com\/en\/artists\/chamber-music\/breton-string-quartet\/\"]}]},{\"@type\":\"ImageObject\",\"inLanguage\":\"en-US\",\"@id\":\"https:\/\/acmconcerts.com\/en\/artists\/chamber-music\/breton-string-quartet\/#primaryimage\",\"url\":\"https:\/\/acmconcerts.com\/wp-content\/uploads\/2016\/01\/cuarteto_breton03_op-1.jpg\",\"contentUrl\":\"https:\/\/acmconcerts.com\/wp-content\/uploads\/2016\/01\/cuarteto_breton03_op-1.jpg\",\"width\":1024,\"height\":865},{\"@type\":\"BreadcrumbList\",\"@id\":\"https:\/\/acmconcerts.com\/en\/artists\/chamber-music\/breton-string-quartet\/#breadcrumb\",\"itemListElement\":[{\"@type\":\"ListItem\",\"position\":1,\"name\":\"Portada\",\"item\":\"https:\/\/acmconcerts.com\/en\/\"},{\"@type\":\"ListItem\",\"position\":2,\"name\":\"Artists\",\"item\":\"https:\/\/acmconcerts.com\/en\/artists\/\"},{\"@type\":\"ListItem\",\"position\":3,\"name\":\"Chamber Music\",\"item\":\"https:\/\/acmconcerts.com\/en\/artists\/chamber-music\/\"},{\"@type\":\"ListItem\",\"position\":4,\"name\":\"Breton String Quartet\"}]},{\"@type\":\"WebSite\",\"@id\":\"https:\/\/acmconcerts.com\/#website\",\"url\":\"https:\/\/acmconcerts.com\/\",\"name\":\"ACM Concerts\",\"description\":\"Agencia art\u00edstica\",\"publisher\":{\"@id\":\"https:\/\/acmconcerts.com\/#organization\"},\"potentialAction\":[{\"@type\":\"SearchAction\",\"target\":{\"@type\":\"EntryPoint\",\"urlTemplate\":\"https:\/\/acmconcerts.com\/?s={search_term_string}\"},\"query-input\":{\"@type\":\"PropertyValueSpecification\",\"valueRequired\":true,\"valueName\":\"search_term_string\"}}],\"inLanguage\":\"en-US\"},{\"@type\":\"Organization\",\"@id\":\"https:\/\/acmconcerts.com\/#organization\",\"name\":\"ACM Concerts\",\"url\":\"https:\/\/acmconcerts.com\/\",\"logo\":{\"@type\":\"ImageObject\",\"inLanguage\":\"en-US\",\"@id\":\"https:\/\/acmconcerts.com\/#\/schema\/logo\/image\/\",\"url\":\"https:\/\/acmconcerts.com\/wp-content\/uploads\/2015\/11\/logo-ACM-grande-e1447756158188.jpg\",\"contentUrl\":\"https:\/\/acmconcerts.com\/wp-content\/uploads\/2015\/11\/logo-ACM-grande-e1447756158188.jpg\",\"width\":600,\"height\":146,\"caption\":\"ACM Concerts\"},\"image\":{\"@id\":\"https:\/\/acmconcerts.com\/#\/schema\/logo\/image\/\"},\"sameAs\":[\"https:\/\/www.facebook.com\/ACM-Concerts-819784831388420\/\",\"https:\/\/x.com\/acmconcerts\",\"https:\/\/www.youtube.com\/user\/acmconcerts\"]}]}<\/script>\n<!-- \/ Yoast SEO Premium plugin. -->","yoast_head_json":{"title":"Breton String Quartet - ACM Concerts","description":"The Breton String Quartet was formed in 2003 when four musicians with extensive experience in various chamber music ensembles and sharing a passion ...","robots":{"index":"index","follow":"follow","max-snippet":"max-snippet:-1","max-image-preview":"max-image-preview:large","max-video-preview":"max-video-preview:-1"},"canonical":"https:\/\/acmconcerts.com\/en\/artists\/chamber-music\/breton-string-quartet\/","og_locale":"en_US","og_type":"article","og_title":"Breton String Quartet","og_url":"https:\/\/acmconcerts.com\/en\/artists\/chamber-music\/breton-string-quartet\/","og_site_name":"ACM Concerts","article_publisher":"https:\/\/www.facebook.com\/ACM-Concerts-819784831388420\/","article_modified_time":"2020-06-04T17:37:49+00:00","og_image":[{"width":1024,"height":865,"url":"https:\/\/acmconcerts.com\/wp-content\/uploads\/2016\/01\/cuarteto_breton03_op-1.jpg","type":"image\/jpeg"}],"twitter_card":"summary_large_image","twitter_site":"@acmconcerts","schema":{"@context":"https:\/\/schema.org","@graph":[{"@type":"WebPage","@id":"https:\/\/acmconcerts.com\/en\/artists\/chamber-music\/breton-string-quartet\/","url":"https:\/\/acmconcerts.com\/en\/artists\/chamber-music\/breton-string-quartet\/","name":"Breton String Quartet - ACM Concerts","isPartOf":{"@id":"https:\/\/acmconcerts.com\/#website"},"primaryImageOfPage":{"@id":"https:\/\/acmconcerts.com\/en\/artists\/chamber-music\/breton-string-quartet\/#primaryimage"},"image":{"@id":"https:\/\/acmconcerts.com\/en\/artists\/chamber-music\/breton-string-quartet\/#primaryimage"},"thumbnailUrl":"https:\/\/acmconcerts.com\/wp-content\/uploads\/2016\/01\/cuarteto_breton03_op-1.jpg","datePublished":"2016-01-27T17:23:53+00:00","dateModified":"2020-06-04T17:37:49+00:00","description":"The Breton String Quartet was formed in 2003 when four musicians with extensive experience in various chamber music ensembles and sharing a passion ...","breadcrumb":{"@id":"https:\/\/acmconcerts.com\/en\/artists\/chamber-music\/breton-string-quartet\/#breadcrumb"},"inLanguage":"en-US","potentialAction":[{"@type":"ReadAction","target":["https:\/\/acmconcerts.com\/en\/artists\/chamber-music\/breton-string-quartet\/"]}]},{"@type":"ImageObject","inLanguage":"en-US","@id":"https:\/\/acmconcerts.com\/en\/artists\/chamber-music\/breton-string-quartet\/#primaryimage","url":"https:\/\/acmconcerts.com\/wp-content\/uploads\/2016\/01\/cuarteto_breton03_op-1.jpg","contentUrl":"https:\/\/acmconcerts.com\/wp-content\/uploads\/2016\/01\/cuarteto_breton03_op-1.jpg","width":1024,"height":865},{"@type":"BreadcrumbList","@id":"https:\/\/acmconcerts.com\/en\/artists\/chamber-music\/breton-string-quartet\/#breadcrumb","itemListElement":[{"@type":"ListItem","position":1,"name":"Portada","item":"https:\/\/acmconcerts.com\/en\/"},{"@type":"ListItem","position":2,"name":"Artists","item":"https:\/\/acmconcerts.com\/en\/artists\/"},{"@type":"ListItem","position":3,"name":"Chamber Music","item":"https:\/\/acmconcerts.com\/en\/artists\/chamber-music\/"},{"@type":"ListItem","position":4,"name":"Breton String Quartet"}]},{"@type":"WebSite","@id":"https:\/\/acmconcerts.com\/#website","url":"https:\/\/acmconcerts.com\/","name":"ACM Concerts","description":"Agencia art\u00edstica","publisher":{"@id":"https:\/\/acmconcerts.com\/#organization"},"potentialAction":[{"@type":"SearchAction","target":{"@type":"EntryPoint","urlTemplate":"https:\/\/acmconcerts.com\/?s={search_term_string}"},"query-input":{"@type":"PropertyValueSpecification","valueRequired":true,"valueName":"search_term_string"}}],"inLanguage":"en-US"},{"@type":"Organization","@id":"https:\/\/acmconcerts.com\/#organization","name":"ACM Concerts","url":"https:\/\/acmconcerts.com\/","logo":{"@type":"ImageObject","inLanguage":"en-US","@id":"https:\/\/acmconcerts.com\/#\/schema\/logo\/image\/","url":"https:\/\/acmconcerts.com\/wp-content\/uploads\/2015\/11\/logo-ACM-grande-e1447756158188.jpg","contentUrl":"https:\/\/acmconcerts.com\/wp-content\/uploads\/2015\/11\/logo-ACM-grande-e1447756158188.jpg","width":600,"height":146,"caption":"ACM Concerts"},"image":{"@id":"https:\/\/acmconcerts.com\/#\/schema\/logo\/image\/"},"sameAs":["https:\/\/www.facebook.com\/ACM-Concerts-819784831388420\/","https:\/\/x.com\/acmconcerts","https:\/\/www.youtube.com\/user\/acmconcerts"]}]}},"_links":{"self":[{"href":"https:\/\/acmconcerts.com\/en\/wp-json\/wp\/v2\/pages\/1036","targetHints":{"allow":["GET"]}}],"collection":[{"href":"https:\/\/acmconcerts.com\/en\/wp-json\/wp\/v2\/pages"}],"about":[{"href":"https:\/\/acmconcerts.com\/en\/wp-json\/wp\/v2\/types\/page"}],"author":[{"embeddable":true,"href":"https:\/\/acmconcerts.com\/en\/wp-json\/wp\/v2\/users\/2"}],"replies":[{"embeddable":true,"href":"https:\/\/acmconcerts.com\/en\/wp-json\/wp\/v2\/comments?post=1036"}],"version-history":[{"count":0,"href":"https:\/\/acmconcerts.com\/en\/wp-json\/wp\/v2\/pages\/1036\/revisions"}],"up":[{"embeddable":true,"href":"https:\/\/acmconcerts.com\/en\/wp-json\/wp\/v2\/pages\/792"}],"wp:featuredmedia":[{"embeddable":true,"href":"https:\/\/acmconcerts.com\/en\/wp-json\/wp\/v2\/media\/1032"}],"wp:attachment":[{"href":"https:\/\/acmconcerts.com\/en\/wp-json\/wp\/v2\/media?parent=1036"}],"curies":[{"name":"wp","href":"https:\/\/api.w.org\/{rel}","templated":true}]}}