{"id":1013,"date":"2016-01-27T20:28:48","date_gmt":"2016-01-27T19:28:48","guid":{"rendered":"http:\/\/acmconcerts.com\/en\/artists\/violin\/svetlin-roussev\/"},"modified":"2021-03-24T14:07:52","modified_gmt":"2021-03-24T12:07:52","slug":"svetlin-roussev","status":"publish","type":"page","link":"https:\/\/acmconcerts.com\/en\/artists\/violin\/svetlin-roussev\/","title":{"rendered":"Svetlin Roussev"},"content":{"rendered":"<p>[et_pb_section fb_built=&#8221;1&#8243; fullwidth=&#8221;on&#8221; admin_label=&#8221;Secci\u00f3n&#8221; _builder_version=&#8221;3.22&#8243;][et_pb_fullwidth_image src=&#8221;https:\/\/acmconcerts.com\/wp-content\/uploads\/2016\/01\/svetlin_roussev.jpg&#8221; admin_label=&#8221;Imagen de anchura completa&#8221; _builder_version=&#8221;3.0.87&#8243; animation_style=&#8221;fade&#8221; animation_duration=&#8221;500ms&#8221; use_border_color=&#8221;off&#8221; border_color=&#8221;#ffffff&#8221; border_style=&#8221;solid&#8221; animation=&#8221;fade_in&#8221;][\/et_pb_fullwidth_image][\/et_pb_section][et_pb_section fb_built=&#8221;1&#8243; admin_label=&#8221;Secci\u00f3n&#8221; _builder_version=&#8221;3.22&#8243;][et_pb_row column_structure=&#8221;2_3,1_3&#8243; admin_label=&#8221;Fila&#8221; _builder_version=&#8221;3.25&#8243; background_size=&#8221;initial&#8221; background_position=&#8221;top_left&#8221; background_repeat=&#8221;repeat&#8221;][et_pb_column type=&#8221;2_3&#8243; _builder_version=&#8221;3.25&#8243; custom_padding=&#8221;|||&#8221; custom_padding__hover=&#8221;|||&#8221;][et_pb_text admin_label=&#8221;Texto&#8221; _builder_version=&#8221;4.9.2&#8243; background_size=&#8221;initial&#8221; background_position=&#8221;top_left&#8221; background_repeat=&#8221;repeat&#8221; hover_enabled=&#8221;0&#8243; use_border_color=&#8221;off&#8221; border_color=&#8221;#ffffff&#8221; border_style=&#8221;solid&#8221; sticky_enabled=&#8221;0&#8243;]<\/p>\n<h2 style=\"text-align: justify;\"><span style=\"color: #000000;\">Svetlin Roussev, violinist<\/span><\/h2>\n<p style=\"text-align: justify;\"><span style=\"color: #000000;\">Since winning the first prize at the widely acclaimed first Sendai International Competition in May 2001,\u00a0the charismatic violin virtuoso Svetlin Roussev enjoys a prestigious international career\u00a0in many of the world\u2019s major concert halls, including the Bolshoi Theatre and Tchaikovsky Hall in Moscow, Suntory Hal in\u00a0Tokyo, Seoul Arts Center, Salle Pleyel, UNESCO, Th\u00e9\u00e2tre des Champs Elys\u00e9es, Th\u00e9\u00e2tre du Ch\u00e2telet, Cit\u00e9 de la Musique, Th\u00e9\u00e2tre de la Ville in Paris, Bulgaria National Concert Hall, Budapest\u2019s B\u00e9la Bart\u00f3k\u00a0National Concert Hall, Frankfurt\u2019s Alte Oper, Konzerhaus in Berlin, Centro Cultural Kirchner\u00a0in Buenos Aires, Palais des Beaux Arts de Bruxelles and the Palais of the United Nations in Geneva.<\/span><\/p>\n<p style=\"text-align: justify;\"><span style=\"color: #000000;\">Roussev is a regular guest soloist with various orchestras such as the Orchestre National de France, Orchestre Philharmonique de Radio France,\u00a0 Seoul Philharmonic Orchestra, Tokyo Philharmonic Orchestra, Indianapolis Symphony Orchestra, George Enescu Philharmonic Orchestra (Bucharest), Romanian National Radio Orchestra, Cremerata Baltica, Bulgarian National Radio among others. In the USA, Latin America, Asia and Europe he has performed under the baton of conductors such as Myung-Whun Chung, Leon Fleisher, Yehudi Menuhin, Yuzo Toyama, Marek Janowski, Emmanuel Krivine, Fran\u00e7ois-Xavier Roth, Jean-Jacques Kantorow, Denis Russel-Davies, Lionel Bringuier and Emil Tabakov. Svetlin has been leading and conducting various ensembles and orchestras since 2000 in Bulgaria, France, Poland, Korea, Japan and Sweden.<\/span><\/p>\n<p style=\"text-align: justify;\"><span style=\"color: #000000;\">Roussev shares his love for music with an ever-widening public through his chamber music performances, playing with partners such as Myung-Whun Chung, Jean-Yves Thibaudet, Yeol-Eum Son, Peter Frankl, Ralph Gothoni, Jean-Marc Luisada, Bertrand Chamayou, Jean-Philippe Collard, Antoine Tamestit, Maxim Rysanov, Gary Hoffman, Gautier Capu\u00e7on, Jian Wang, Fran\u00e7ois Leleux, Paul Meyer, Nikolaj Znaider, Ning Feng. He is a founding member of the Roussev-Salque-Rozanova Trio.<\/span><\/p>\n<p style=\"text-align: justify;\"><span style=\"color: #000000;\">With remarkable virtuosity and intensity, Svetlin performs a broad repertoire ranging from the baroque to the contemporary. He is renowned for his renditions of Slavic compositions and keenly promotes Bulgarian music. Acclaimed Bulgarian Musician of the Year in 2006, his home country honoured him again in 2007 and 2016 with the Cristal Lyra distinction awarded by the Ministry of Culture. In 2018, Mr Roussev became an Honorary Citizen of his hometown Ruse, along with the Nobel Prize of literature Elias Canetti.<\/span><\/p>\n<p style=\"text-align: justify;\"><span style=\"color: #000000;\">Following his successful CD recording of pieces by Pancho Vladigerov with the pianist Elena Rozanova (Ambroisie) Roussev brought out his recording of Karl Amadeus Hartmann\u2019s Concerto Fun\u00e8bre with the Orchestre d\u2019Auvergne, sonatas by Grieg and Medtner with pianist Fr\u00e9d\u00e9ric D\u2019Oria-Nicolas, &#8220;Fire and Ice&#8221; with the Sibelius and Vladigerov n1 violin concertos conducted by Emil Tabakov and the Bulgarian National Radio Symphony Orchestra under the French labels Integral and Fondamenta. In 2016, DECCA released the piano trios by Mendelssohn n1 and Dvorak &#8220;Dumky&#8221; with Elena Rozanova and Fran\u00e7ois Salque followed by works by Ysa\u00ffe for violin and orchestra (Musique en Wallonie) and Lalo Symphonie Espagnole under the baton of Jean-Jacques Kantorow.<\/span><\/p>\n<p style=\"text-align: justify;\"><span style=\"color: #000000;\">Roussev is a professor at his alma mater at the prestigious Haute \u00c9cole de Musique in Geneva after 10 years being a professor at the Conservatoire National Sup\u00e9rieur de Musique et de Danse de Paris. He has been giving violin and chamber music masterclass around the world. He is also the artistic advisor and artist in residence of the March Music Days International Festival in his hometown Ruse after serving as artistic director and artist in residence of the Sofia Philharmonic Orchestra.<\/span><\/p>\n<p style=\"text-align: justify;\"><span style=\"color: #000000;\">Svetlin Roussev has won numerous prizes at many international competitions, including Indianapolis, Long-Thibaud and Melbourne. At the Sendai International Music Competition he also garnered the audience prize and the Best Bach concerto performance. He began his musical education at a very young age, studying under his mother, a professor at the music school in his home town of Ruse, Bulgaria. At the age of 15, he was accepted to the Conservatoire National Sup\u00e9rieur de Musique et de Danse de Paris where he studied under G\u00e9rard Poulet, Devy Erlih and Jean-Jacques Kantorow. Three years later, the jury unanimously awarded him the first prize for violin and chamber music. Subsequently he entered the postgraduate program.<\/span><\/p>\n<p style=\"text-align: justify;\"><span style=\"color: #000000;\">Svetlin Roussev performs on the Stradivarius 1710 Camposelice violin kindly loaned by the Nippon Music Foundation.<\/span><\/p>\n<p>[\/et_pb_text][et_pb_text admin_label=&#8221;Texto&#8221; _builder_version=&#8221;3.27.4&#8243; background_size=&#8221;initial&#8221; background_position=&#8221;top_left&#8221; background_repeat=&#8221;repeat&#8221; use_border_color=&#8221;off&#8221; border_color=&#8221;#ffffff&#8221; border_style=&#8221;solid&#8221;]<a href=\"https:\/\/acmconcerts.com\/en\/?ddownload=519\" title=\"Descargar BIO (PDF)\" rel=\"nofollow\" class=\"ddownload-button button-grey id-519 ext-pdf\">Descargar BIO (PDF)<\/a><br \/>\n[\/et_pb_text][et_pb_text admin_label=&#8221;Texto&#8221; _builder_version=&#8221;3.27.4&#8243; background_size=&#8221;initial&#8221; background_position=&#8221;top_left&#8221; background_repeat=&#8221;repeat&#8221; use_border_color=&#8221;off&#8221; border_color=&#8221;#ffffff&#8221; border_style=&#8221;solid&#8221;]<a href=\"https:\/\/acmconcerts.com\/en\/?ddownload=520\" title=\"Download BIO (PDF)\" rel=\"nofollow\" class=\"ddownload-button button-grey id-520 ext-pdf\">Download BIO (PDF)<\/a><br \/>\n[\/et_pb_text][\/et_pb_column][et_pb_column type=&#8221;1_3&#8243; _builder_version=&#8221;3.25&#8243; custom_padding=&#8221;|||&#8221; custom_padding__hover=&#8221;|||&#8221;][et_pb_social_media_follow url_new_window=&#8221;off&#8221; admin_label=&#8221;Seguir en medios sociales&#8221; _builder_version=&#8221;3.0.87&#8243; link_shape=&#8221;rounded_rectangle&#8221;][et_pb_social_media_follow_network social_network=&#8221;facebook&#8221; url=&#8221;https:\/\/www.facebook.com\/svetlin.roussev.9?fref=ts&#8221; _builder_version=&#8221;3.0.74&#8243; background_color=&#8221;#3b5998&#8243; bg_color=&#8221;#3b5998&#8243; link_shape=&#8221;rounded_rectangle&#8221; follow_button=&#8221;off&#8221; url_new_window=&#8221;off&#8221;] Facebook [\/et_pb_social_media_follow_network][\/et_pb_social_media_follow][et_pb_text admin_label=&#8221;Texto&#8221; _builder_version=&#8221;3.27.4&#8243; background_size=&#8221;initial&#8221; background_position=&#8221;top_left&#8221; background_repeat=&#8221;repeat&#8221; use_border_color=&#8221;off&#8221; border_color=&#8221;#ffffff&#8221; border_style=&#8221;solid&#8221;]Web:\u00a0<a href=\"http:\/\/svetlinroussev.com\" target=\"_blank\" rel=\"noopener noreferrer\">http:\/\/svetlinroussev.com<\/a><br \/>\n[\/et_pb_text][et_pb_code admin_label=&#8221;C\u00f3digo&#8221; _builder_version=&#8221;4.4.8&#8243;]<iframe width=\"650\" height=\"450\" src=\"https:\/\/www.youtube-nocookie.com\/embed\/videoseries?list=PL6Y2Eo22D_lWp5A1nnAxvBN1ivhF7ONp5\" frameborder=\"0\" allow=\"accelerometer; autoplay; encrypted-media; gyroscope; picture-in-picture\" allowfullscreen><\/iframe>[\/et_pb_code][\/et_pb_column][\/et_pb_row][\/et_pb_section]<\/p>\n","protected":false},"excerpt":{"rendered":"<p>Svetlin Roussev, violinist Since winning the first prize at the widely acclaimed first Sendai International Competition in May 2001,\u00a0the charismatic violin virtuoso Svetlin Roussev enjoys a prestigious international career\u00a0in many of the world\u2019s major concert halls, including the Bolshoi Theatre and Tchaikovsky Hall in Moscow, Suntory Hal in\u00a0Tokyo, Seoul Arts Center, Salle Pleyel, UNESCO, Th\u00e9\u00e2tre [&hellip;]<\/p>\n","protected":false},"author":2,"featured_media":1011,"parent":788,"menu_order":0,"comment_status":"closed","ping_status":"closed","template":"","meta":{"_et_pb_use_builder":"on","_et_pb_old_content":"","_et_gb_content_width":"","_monsterinsights_skip_tracking":false,"_monsterinsights_sitenote_active":false,"_monsterinsights_sitenote_note":"","_monsterinsights_sitenote_category":0,"_ayudawp_aiss_exclude":false,"footnotes":""},"class_list":["post-1013","page","type-page","status-publish","has-post-thumbnail","hentry"],"yoast_head":"<!-- This site is optimized with the Yoast SEO Premium plugin v27.2 (Yoast SEO v27.2) - https:\/\/yoast.com\/product\/yoast-seo-premium-wordpress\/ -->\n<title>Svetlin Roussev - ACM Concerts<\/title>\n<meta name=\"description\" content=\"Since winning the first prize at the widely acclaimed first Sendai International Competition in May 2001, the charismatic violin virtuoso Svetlin Roussev ...\" \/>\n<meta name=\"robots\" content=\"index, follow, max-snippet:-1, max-image-preview:large, max-video-preview:-1\" \/>\n<link rel=\"canonical\" href=\"https:\/\/acmconcerts.com\/en\/artists\/violin\/svetlin-roussev\/\" \/>\n<meta property=\"og:locale\" content=\"en_US\" \/>\n<meta property=\"og:type\" content=\"article\" \/>\n<meta property=\"og:title\" content=\"Svetlin Roussev\" \/>\n<meta property=\"og:url\" content=\"https:\/\/acmconcerts.com\/en\/artists\/violin\/svetlin-roussev\/\" \/>\n<meta property=\"og:site_name\" content=\"ACM Concerts\" \/>\n<meta property=\"article:publisher\" content=\"https:\/\/www.facebook.com\/ACM-Concerts-819784831388420\/\" \/>\n<meta property=\"article:modified_time\" content=\"2021-03-24T12:07:52+00:00\" \/>\n<meta property=\"og:image\" content=\"https:\/\/acmconcerts.com\/wp-content\/uploads\/2016\/01\/svetlin_Roussev02_op.jpg\" \/>\n\t<meta property=\"og:image:width\" content=\"1024\" \/>\n\t<meta property=\"og:image:height\" content=\"683\" \/>\n\t<meta property=\"og:image:type\" content=\"image\/jpeg\" \/>\n<meta name=\"twitter:card\" content=\"summary_large_image\" \/>\n<meta name=\"twitter:site\" content=\"@acmconcerts\" \/>\n<script type=\"application\/ld+json\" class=\"yoast-schema-graph\">{\"@context\":\"https:\/\/schema.org\",\"@graph\":[{\"@type\":\"WebPage\",\"@id\":\"https:\/\/acmconcerts.com\/en\/artists\/violin\/svetlin-roussev\/\",\"url\":\"https:\/\/acmconcerts.com\/en\/artists\/violin\/svetlin-roussev\/\",\"name\":\"Svetlin Roussev - ACM Concerts\",\"isPartOf\":{\"@id\":\"https:\/\/acmconcerts.com\/#website\"},\"primaryImageOfPage\":{\"@id\":\"https:\/\/acmconcerts.com\/en\/artists\/violin\/svetlin-roussev\/#primaryimage\"},\"image\":{\"@id\":\"https:\/\/acmconcerts.com\/en\/artists\/violin\/svetlin-roussev\/#primaryimage\"},\"thumbnailUrl\":\"https:\/\/acmconcerts.com\/wp-content\/uploads\/2016\/01\/svetlin_Roussev02_op.jpg\",\"datePublished\":\"2016-01-27T19:28:48+00:00\",\"dateModified\":\"2021-03-24T12:07:52+00:00\",\"description\":\"Since winning the first prize at the widely acclaimed first Sendai International Competition in May 2001, the charismatic violin virtuoso Svetlin Roussev ...\",\"breadcrumb\":{\"@id\":\"https:\/\/acmconcerts.com\/en\/artists\/violin\/svetlin-roussev\/#breadcrumb\"},\"inLanguage\":\"en-US\",\"potentialAction\":[{\"@type\":\"ReadAction\",\"target\":[\"https:\/\/acmconcerts.com\/en\/artists\/violin\/svetlin-roussev\/\"]}]},{\"@type\":\"ImageObject\",\"inLanguage\":\"en-US\",\"@id\":\"https:\/\/acmconcerts.com\/en\/artists\/violin\/svetlin-roussev\/#primaryimage\",\"url\":\"https:\/\/acmconcerts.com\/wp-content\/uploads\/2016\/01\/svetlin_Roussev02_op.jpg\",\"contentUrl\":\"https:\/\/acmconcerts.com\/wp-content\/uploads\/2016\/01\/svetlin_Roussev02_op.jpg\",\"width\":1024,\"height\":683},{\"@type\":\"BreadcrumbList\",\"@id\":\"https:\/\/acmconcerts.com\/en\/artists\/violin\/svetlin-roussev\/#breadcrumb\",\"itemListElement\":[{\"@type\":\"ListItem\",\"position\":1,\"name\":\"Portada\",\"item\":\"https:\/\/acmconcerts.com\/en\/\"},{\"@type\":\"ListItem\",\"position\":2,\"name\":\"Artists\",\"item\":\"https:\/\/acmconcerts.com\/en\/artists\/\"},{\"@type\":\"ListItem\",\"position\":3,\"name\":\"Violin\",\"item\":\"https:\/\/acmconcerts.com\/en\/artists\/violin\/\"},{\"@type\":\"ListItem\",\"position\":4,\"name\":\"Svetlin Roussev\"}]},{\"@type\":\"WebSite\",\"@id\":\"https:\/\/acmconcerts.com\/#website\",\"url\":\"https:\/\/acmconcerts.com\/\",\"name\":\"ACM Concerts\",\"description\":\"Agencia art\u00edstica\",\"publisher\":{\"@id\":\"https:\/\/acmconcerts.com\/#organization\"},\"potentialAction\":[{\"@type\":\"SearchAction\",\"target\":{\"@type\":\"EntryPoint\",\"urlTemplate\":\"https:\/\/acmconcerts.com\/?s={search_term_string}\"},\"query-input\":{\"@type\":\"PropertyValueSpecification\",\"valueRequired\":true,\"valueName\":\"search_term_string\"}}],\"inLanguage\":\"en-US\"},{\"@type\":\"Organization\",\"@id\":\"https:\/\/acmconcerts.com\/#organization\",\"name\":\"ACM Concerts\",\"url\":\"https:\/\/acmconcerts.com\/\",\"logo\":{\"@type\":\"ImageObject\",\"inLanguage\":\"en-US\",\"@id\":\"https:\/\/acmconcerts.com\/#\/schema\/logo\/image\/\",\"url\":\"https:\/\/acmconcerts.com\/wp-content\/uploads\/2015\/11\/logo-ACM-grande-e1447756158188.jpg\",\"contentUrl\":\"https:\/\/acmconcerts.com\/wp-content\/uploads\/2015\/11\/logo-ACM-grande-e1447756158188.jpg\",\"width\":600,\"height\":146,\"caption\":\"ACM Concerts\"},\"image\":{\"@id\":\"https:\/\/acmconcerts.com\/#\/schema\/logo\/image\/\"},\"sameAs\":[\"https:\/\/www.facebook.com\/ACM-Concerts-819784831388420\/\",\"https:\/\/x.com\/acmconcerts\",\"https:\/\/www.youtube.com\/user\/acmconcerts\"]}]}<\/script>\n<!-- \/ Yoast SEO Premium plugin. -->","yoast_head_json":{"title":"Svetlin Roussev - ACM Concerts","description":"Since winning the first prize at the widely acclaimed first Sendai International Competition in May 2001, the charismatic violin virtuoso Svetlin Roussev ...","robots":{"index":"index","follow":"follow","max-snippet":"max-snippet:-1","max-image-preview":"max-image-preview:large","max-video-preview":"max-video-preview:-1"},"canonical":"https:\/\/acmconcerts.com\/en\/artists\/violin\/svetlin-roussev\/","og_locale":"en_US","og_type":"article","og_title":"Svetlin Roussev","og_url":"https:\/\/acmconcerts.com\/en\/artists\/violin\/svetlin-roussev\/","og_site_name":"ACM Concerts","article_publisher":"https:\/\/www.facebook.com\/ACM-Concerts-819784831388420\/","article_modified_time":"2021-03-24T12:07:52+00:00","og_image":[{"width":1024,"height":683,"url":"https:\/\/acmconcerts.com\/wp-content\/uploads\/2016\/01\/svetlin_Roussev02_op.jpg","type":"image\/jpeg"}],"twitter_card":"summary_large_image","twitter_site":"@acmconcerts","schema":{"@context":"https:\/\/schema.org","@graph":[{"@type":"WebPage","@id":"https:\/\/acmconcerts.com\/en\/artists\/violin\/svetlin-roussev\/","url":"https:\/\/acmconcerts.com\/en\/artists\/violin\/svetlin-roussev\/","name":"Svetlin Roussev - ACM Concerts","isPartOf":{"@id":"https:\/\/acmconcerts.com\/#website"},"primaryImageOfPage":{"@id":"https:\/\/acmconcerts.com\/en\/artists\/violin\/svetlin-roussev\/#primaryimage"},"image":{"@id":"https:\/\/acmconcerts.com\/en\/artists\/violin\/svetlin-roussev\/#primaryimage"},"thumbnailUrl":"https:\/\/acmconcerts.com\/wp-content\/uploads\/2016\/01\/svetlin_Roussev02_op.jpg","datePublished":"2016-01-27T19:28:48+00:00","dateModified":"2021-03-24T12:07:52+00:00","description":"Since winning the first prize at the widely acclaimed first Sendai International Competition in May 2001, the charismatic violin virtuoso Svetlin Roussev ...","breadcrumb":{"@id":"https:\/\/acmconcerts.com\/en\/artists\/violin\/svetlin-roussev\/#breadcrumb"},"inLanguage":"en-US","potentialAction":[{"@type":"ReadAction","target":["https:\/\/acmconcerts.com\/en\/artists\/violin\/svetlin-roussev\/"]}]},{"@type":"ImageObject","inLanguage":"en-US","@id":"https:\/\/acmconcerts.com\/en\/artists\/violin\/svetlin-roussev\/#primaryimage","url":"https:\/\/acmconcerts.com\/wp-content\/uploads\/2016\/01\/svetlin_Roussev02_op.jpg","contentUrl":"https:\/\/acmconcerts.com\/wp-content\/uploads\/2016\/01\/svetlin_Roussev02_op.jpg","width":1024,"height":683},{"@type":"BreadcrumbList","@id":"https:\/\/acmconcerts.com\/en\/artists\/violin\/svetlin-roussev\/#breadcrumb","itemListElement":[{"@type":"ListItem","position":1,"name":"Portada","item":"https:\/\/acmconcerts.com\/en\/"},{"@type":"ListItem","position":2,"name":"Artists","item":"https:\/\/acmconcerts.com\/en\/artists\/"},{"@type":"ListItem","position":3,"name":"Violin","item":"https:\/\/acmconcerts.com\/en\/artists\/violin\/"},{"@type":"ListItem","position":4,"name":"Svetlin Roussev"}]},{"@type":"WebSite","@id":"https:\/\/acmconcerts.com\/#website","url":"https:\/\/acmconcerts.com\/","name":"ACM Concerts","description":"Agencia art\u00edstica","publisher":{"@id":"https:\/\/acmconcerts.com\/#organization"},"potentialAction":[{"@type":"SearchAction","target":{"@type":"EntryPoint","urlTemplate":"https:\/\/acmconcerts.com\/?s={search_term_string}"},"query-input":{"@type":"PropertyValueSpecification","valueRequired":true,"valueName":"search_term_string"}}],"inLanguage":"en-US"},{"@type":"Organization","@id":"https:\/\/acmconcerts.com\/#organization","name":"ACM Concerts","url":"https:\/\/acmconcerts.com\/","logo":{"@type":"ImageObject","inLanguage":"en-US","@id":"https:\/\/acmconcerts.com\/#\/schema\/logo\/image\/","url":"https:\/\/acmconcerts.com\/wp-content\/uploads\/2015\/11\/logo-ACM-grande-e1447756158188.jpg","contentUrl":"https:\/\/acmconcerts.com\/wp-content\/uploads\/2015\/11\/logo-ACM-grande-e1447756158188.jpg","width":600,"height":146,"caption":"ACM Concerts"},"image":{"@id":"https:\/\/acmconcerts.com\/#\/schema\/logo\/image\/"},"sameAs":["https:\/\/www.facebook.com\/ACM-Concerts-819784831388420\/","https:\/\/x.com\/acmconcerts","https:\/\/www.youtube.com\/user\/acmconcerts"]}]}},"_links":{"self":[{"href":"https:\/\/acmconcerts.com\/en\/wp-json\/wp\/v2\/pages\/1013","targetHints":{"allow":["GET"]}}],"collection":[{"href":"https:\/\/acmconcerts.com\/en\/wp-json\/wp\/v2\/pages"}],"about":[{"href":"https:\/\/acmconcerts.com\/en\/wp-json\/wp\/v2\/types\/page"}],"author":[{"embeddable":true,"href":"https:\/\/acmconcerts.com\/en\/wp-json\/wp\/v2\/users\/2"}],"replies":[{"embeddable":true,"href":"https:\/\/acmconcerts.com\/en\/wp-json\/wp\/v2\/comments?post=1013"}],"version-history":[{"count":0,"href":"https:\/\/acmconcerts.com\/en\/wp-json\/wp\/v2\/pages\/1013\/revisions"}],"up":[{"embeddable":true,"href":"https:\/\/acmconcerts.com\/en\/wp-json\/wp\/v2\/pages\/788"}],"wp:featuredmedia":[{"embeddable":true,"href":"https:\/\/acmconcerts.com\/en\/wp-json\/wp\/v2\/media\/1011"}],"wp:attachment":[{"href":"https:\/\/acmconcerts.com\/en\/wp-json\/wp\/v2\/media?parent=1013"}],"curies":[{"name":"wp","href":"https:\/\/api.w.org\/{rel}","templated":true}]}}